{"id":9724,"date":"2025-10-10T14:36:30","date_gmt":"2025-10-10T12:36:30","guid":{"rendered":"https:\/\/flexpictureebook.eu\/?page_id=9724"},"modified":"2025-10-10T14:36:30","modified_gmt":"2025-10-10T12:36:30","slug":"erickson","status":"publish","type":"page","link":"https:\/\/flexpictureebook.eu\/lt\/erickson\/","title":{"rendered":"Erickson"},"content":{"rendered":"<p data-start=\"41\" data-end=\"242\">Leidykla \u201eErickson\u201c, bendradarbiaudama su \u201eAbilNova\u201c ir Robert Hollman fondu, suk\u016br\u0117 knyg\u0173 serij\u0105 pavadinimu <em data-start=\"150\" data-end=\"171\">\u201eUn cuscino a pois\u201c<\/em>, kuri prieinama tiek spausdinta forma, tiek skaitmeniniu EPUB formatu.<\/p>\n<p data-start=\"41\" data-end=\"242\"><img loading=\"lazy\" decoding=\"async\" class=\"alignnone  wp-image-9526\" src=\"https:\/\/flexpictureebook.eu\/wp-content\/uploads\/2025\/09\/Erickson-300x90.png\" alt=\"Photos de couvertures des 4 ouvrages cit\u00e9es\" width=\"613\" height=\"184\" srcset=\"https:\/\/flexpictureebook.eu\/wp-content\/uploads\/2025\/09\/Erickson-300x90.png 300w, https:\/\/flexpictureebook.eu\/wp-content\/uploads\/2025\/09\/Erickson-1024x307.png 1024w, https:\/\/flexpictureebook.eu\/wp-content\/uploads\/2025\/09\/Erickson-768x230.png 768w, https:\/\/flexpictureebook.eu\/wp-content\/uploads\/2025\/09\/Erickson-500x150.png 500w, https:\/\/flexpictureebook.eu\/wp-content\/uploads\/2025\/09\/Erickson.png 1307w\" sizes=\"auto, (max-width: 613px) 100vw, 613px\" \/><\/p>\n<p data-start=\"244\" data-end=\"274\">Serij\u0105 sudaro keturios knygos:<\/p>\n<ul data-start=\"276\" data-end=\"499\">\n<li data-start=\"276\" data-end=\"335\">\n<p data-start=\"278\" data-end=\"335\"><em data-start=\"278\" data-end=\"306\">Fede e le Cose dimenticate<\/em> (Fede ir pamir\u0161ti dalykai)<\/p>\n<\/li>\n<li data-start=\"336\" data-end=\"401\">\n<p data-start=\"338\" data-end=\"401\"><em data-start=\"338\" data-end=\"366\">Milo nel Paese dei piumoni<\/em> (Milo p\u016bkini\u0173 antklod\u017ei\u0173 \u0161alyje)<\/p>\n<\/li>\n<li data-start=\"402\" data-end=\"456\">\n<p data-start=\"404\" data-end=\"456\"><em data-start=\"404\" data-end=\"429\">Cora nella citt\u00e0 dritta<\/em> (Cora tiesiajame mieste)<\/p>\n<\/li>\n<li data-start=\"457\" data-end=\"499\">\n<p data-start=\"459\" data-end=\"499\"><em data-start=\"459\" data-end=\"479\">Una foto per Brett<\/em> (Nuotrauka Brettui)<\/p>\n<\/li>\n<\/ul>\n<p data-start=\"501\" data-end=\"598\">Daugiau informacijos arba nor\u0117dami \u012fsigyti itali\u0161kas knygas, apsilankykite \u201e<a href=\"https:\/\/www.erickson.it\/it\/una-foto-per-brett\" target=\"_blank\" rel=\"noopener\">Erickson<\/a>\u201c svetain\u0117je.<\/p>\n","protected":false},"excerpt":{"rendered":"<p>Leidykla \u201eErickson\u201c, bendradarbiaudama su \u201eAbilNova\u201c ir Robert Hollman fondu, suk\u016br\u0117 knyg\u0173 serij\u0105 pavadinimu \u201eUn cuscino a pois\u201c, kuri prieinama tiek spausdinta forma, tiek skaitmeniniu EPUB formatu. Serij\u0105 sudaro keturios knygos: Fede e le Cose dimenticate (Fede ir pamir\u0161ti dalykai) Milo nel Paese dei piumoni (Milo p\u016bkini\u0173 antklod\u017ei\u0173 \u0161alyje) Cora nella citt\u00e0 dritta (Cora tiesiajame mieste) [&hellip;]<\/p>\n","protected":false},"author":7,"featured_media":0,"parent":0,"menu_order":3,"comment_status":"closed","ping_status":"closed","template":"","meta":{"_acf_changed":false,"footnotes":""},"class_list":["post-9724","page","type-page","status-publish","hentry","clearfix"],"acf":[],"yoast_head":"<!-- This site is optimized with the Yoast SEO plugin v27.3 - https:\/\/yoast.com\/product\/yoast-seo-wordpress\/ -->\n<title>Erickson - Flex Picture Ebook<\/title>\n<meta name=\"description\" content=\"Depuis plus de 20 ans, le concours international de livres tactiles illustr\u00e9s, Typho&amp;Tactus fait d\u00e9couvrir des maquettes tactiles du monde entier et est un lieu d&#039;\u00e9changes et de partage incroyable. D\u00e9j\u00e0 21 pays participants! Artistes, enseignants, associations, rejoignez-nous !\" \/>\n<meta name=\"robots\" content=\"index, follow, max-snippet:-1, max-image-preview:large, max-video-preview:-1\" \/>\n<link rel=\"canonical\" href=\"https:\/\/flexpictureebook.eu\/lt\/erickson\/\" \/>\n<meta property=\"og:locale\" content=\"lt_LT\" \/>\n<meta property=\"og:type\" content=\"article\" \/>\n<meta property=\"og:title\" content=\"Erickson - Flex Picture Ebook\" \/>\n<meta property=\"og:description\" content=\"Depuis plus de 20 ans, le concours international de livres tactiles illustr\u00e9s, Typho&amp;Tactus fait d\u00e9couvrir des maquettes tactiles du monde entier et est un lieu d&#039;\u00e9changes et de partage incroyable. D\u00e9j\u00e0 21 pays participants! Artistes, enseignants, associations, rejoignez-nous !\" \/>\n<meta property=\"og:url\" content=\"https:\/\/flexpictureebook.eu\/lt\/erickson\/\" \/>\n<meta property=\"og:site_name\" content=\"Flex Picture Ebook\" \/>\n<meta property=\"article:publisher\" content=\"https:\/\/www.facebook.com\/lesdoigtsquirevent\/\" \/>\n<meta property=\"og:image\" content=\"https:\/\/flexpictureebook.eu\/wp-content\/uploads\/2025\/09\/Erickson.png\" \/>\n\t<meta property=\"og:image:width\" content=\"1307\" \/>\n\t<meta property=\"og:image:height\" content=\"392\" \/>\n\t<meta property=\"og:image:type\" content=\"image\/png\" \/>\n<meta name=\"twitter:card\" content=\"summary_large_image\" \/>\n<meta name=\"twitter:site\" content=\"@EditionsLDQR\" \/>\n<script type=\"application\/ld+json\" class=\"yoast-schema-graph\">{\"@context\":\"https:\\\/\\\/schema.org\",\"@graph\":[{\"@type\":\"WebPage\",\"@id\":\"https:\\\/\\\/flexpictureebook.eu\\\/lt\\\/erickson\\\/\",\"url\":\"https:\\\/\\\/flexpictureebook.eu\\\/lt\\\/erickson\\\/\",\"name\":\"Erickson - Flex Picture Ebook\",\"isPartOf\":{\"@id\":\"https:\\\/\\\/flexpictureebook.eu\\\/#website\"},\"primaryImageOfPage\":{\"@id\":\"https:\\\/\\\/flexpictureebook.eu\\\/lt\\\/erickson\\\/#primaryimage\"},\"image\":{\"@id\":\"https:\\\/\\\/flexpictureebook.eu\\\/lt\\\/erickson\\\/#primaryimage\"},\"thumbnailUrl\":\"https:\\\/\\\/flexpictureebook.eu\\\/wp-content\\\/uploads\\\/2025\\\/09\\\/Erickson-300x90.png\",\"datePublished\":\"2025-10-10T12:36:30+00:00\",\"description\":\"Depuis plus de 20 ans, le concours international de livres tactiles illustr\u00e9s, Typho&Tactus fait d\u00e9couvrir des maquettes tactiles du monde entier et est un lieu d'\u00e9changes et de partage incroyable. D\u00e9j\u00e0 21 pays participants! Artistes, enseignants, associations, rejoignez-nous !\",\"breadcrumb\":{\"@id\":\"https:\\\/\\\/flexpictureebook.eu\\\/lt\\\/erickson\\\/#breadcrumb\"},\"inLanguage\":\"lt-LT\",\"potentialAction\":[{\"@type\":\"ReadAction\",\"target\":[\"https:\\\/\\\/flexpictureebook.eu\\\/lt\\\/erickson\\\/\"]}]},{\"@type\":\"ImageObject\",\"inLanguage\":\"lt-LT\",\"@id\":\"https:\\\/\\\/flexpictureebook.eu\\\/lt\\\/erickson\\\/#primaryimage\",\"url\":\"https:\\\/\\\/flexpictureebook.eu\\\/wp-content\\\/uploads\\\/2025\\\/09\\\/Erickson-300x90.png\",\"contentUrl\":\"https:\\\/\\\/flexpictureebook.eu\\\/wp-content\\\/uploads\\\/2025\\\/09\\\/Erickson-300x90.png\"},{\"@type\":\"BreadcrumbList\",\"@id\":\"https:\\\/\\\/flexpictureebook.eu\\\/lt\\\/erickson\\\/#breadcrumb\",\"itemListElement\":[{\"@type\":\"ListItem\",\"position\":1,\"name\":\"Accueil\",\"item\":\"https:\\\/\\\/flexpictureebook.eu\\\/lt\\\/\"},{\"@type\":\"ListItem\",\"position\":2,\"name\":\"Erickson\"}]},{\"@type\":\"WebSite\",\"@id\":\"https:\\\/\\\/flexpictureebook.eu\\\/#website\",\"url\":\"https:\\\/\\\/flexpictureebook.eu\\\/\",\"name\":\"Flex Picture Ebook\",\"description\":\"Un livre num\u00e9rique pour un apprentissage inclusif\",\"publisher\":{\"@id\":\"https:\\\/\\\/flexpictureebook.eu\\\/#organization\"},\"potentialAction\":[{\"@type\":\"SearchAction\",\"target\":{\"@type\":\"EntryPoint\",\"urlTemplate\":\"https:\\\/\\\/flexpictureebook.eu\\\/?s={search_term_string}\"},\"query-input\":{\"@type\":\"PropertyValueSpecification\",\"valueRequired\":true,\"valueName\":\"search_term_string\"}}],\"inLanguage\":\"lt-LT\"},{\"@type\":\"Organization\",\"@id\":\"https:\\\/\\\/flexpictureebook.eu\\\/#organization\",\"name\":\"Flex Picture Ebook\",\"url\":\"https:\\\/\\\/flexpictureebook.eu\\\/\",\"logo\":{\"@type\":\"ImageObject\",\"inLanguage\":\"lt-LT\",\"@id\":\"https:\\\/\\\/flexpictureebook.eu\\\/#\\\/schema\\\/logo\\\/image\\\/\",\"url\":\"https:\\\/\\\/flexpictureebook.eu\\\/wp-content\\\/uploads\\\/2023\\\/06\\\/cropped-cropped-logo-ebook-512.png\",\"contentUrl\":\"https:\\\/\\\/flexpictureebook.eu\\\/wp-content\\\/uploads\\\/2023\\\/06\\\/cropped-cropped-logo-ebook-512.png\",\"width\":512,\"height\":282,\"caption\":\"Flex Picture Ebook\"},\"image\":{\"@id\":\"https:\\\/\\\/flexpictureebook.eu\\\/#\\\/schema\\\/logo\\\/image\\\/\"},\"sameAs\":[\"https:\\\/\\\/www.facebook.com\\\/lesdoigtsquirevent\\\/\",\"https:\\\/\\\/x.com\\\/EditionsLDQR\"]}]}<\/script>\n<!-- \/ Yoast SEO plugin. -->","yoast_head_json":{"title":"Erickson - Flex Picture Ebook","description":"Depuis plus de 20 ans, le concours international de livres tactiles illustr\u00e9s, Typho&Tactus fait d\u00e9couvrir des maquettes tactiles du monde entier et est un lieu d'\u00e9changes et de partage incroyable. D\u00e9j\u00e0 21 pays participants! Artistes, enseignants, associations, rejoignez-nous !","robots":{"index":"index","follow":"follow","max-snippet":"max-snippet:-1","max-image-preview":"max-image-preview:large","max-video-preview":"max-video-preview:-1"},"canonical":"https:\/\/flexpictureebook.eu\/lt\/erickson\/","og_locale":"lt_LT","og_type":"article","og_title":"Erickson - Flex Picture Ebook","og_description":"Depuis plus de 20 ans, le concours international de livres tactiles illustr\u00e9s, Typho&Tactus fait d\u00e9couvrir des maquettes tactiles du monde entier et est un lieu d'\u00e9changes et de partage incroyable. D\u00e9j\u00e0 21 pays participants! Artistes, enseignants, associations, rejoignez-nous !","og_url":"https:\/\/flexpictureebook.eu\/lt\/erickson\/","og_site_name":"Flex Picture Ebook","article_publisher":"https:\/\/www.facebook.com\/lesdoigtsquirevent\/","og_image":[{"width":1307,"height":392,"url":"https:\/\/flexpictureebook.eu\/wp-content\/uploads\/2025\/09\/Erickson.png","type":"image\/png"}],"twitter_card":"summary_large_image","twitter_site":"@EditionsLDQR","schema":{"@context":"https:\/\/schema.org","@graph":[{"@type":"WebPage","@id":"https:\/\/flexpictureebook.eu\/lt\/erickson\/","url":"https:\/\/flexpictureebook.eu\/lt\/erickson\/","name":"Erickson - Flex Picture Ebook","isPartOf":{"@id":"https:\/\/flexpictureebook.eu\/#website"},"primaryImageOfPage":{"@id":"https:\/\/flexpictureebook.eu\/lt\/erickson\/#primaryimage"},"image":{"@id":"https:\/\/flexpictureebook.eu\/lt\/erickson\/#primaryimage"},"thumbnailUrl":"https:\/\/flexpictureebook.eu\/wp-content\/uploads\/2025\/09\/Erickson-300x90.png","datePublished":"2025-10-10T12:36:30+00:00","description":"Depuis plus de 20 ans, le concours international de livres tactiles illustr\u00e9s, Typho&Tactus fait d\u00e9couvrir des maquettes tactiles du monde entier et est un lieu d'\u00e9changes et de partage incroyable. D\u00e9j\u00e0 21 pays participants! Artistes, enseignants, associations, rejoignez-nous !","breadcrumb":{"@id":"https:\/\/flexpictureebook.eu\/lt\/erickson\/#breadcrumb"},"inLanguage":"lt-LT","potentialAction":[{"@type":"ReadAction","target":["https:\/\/flexpictureebook.eu\/lt\/erickson\/"]}]},{"@type":"ImageObject","inLanguage":"lt-LT","@id":"https:\/\/flexpictureebook.eu\/lt\/erickson\/#primaryimage","url":"https:\/\/flexpictureebook.eu\/wp-content\/uploads\/2025\/09\/Erickson-300x90.png","contentUrl":"https:\/\/flexpictureebook.eu\/wp-content\/uploads\/2025\/09\/Erickson-300x90.png"},{"@type":"BreadcrumbList","@id":"https:\/\/flexpictureebook.eu\/lt\/erickson\/#breadcrumb","itemListElement":[{"@type":"ListItem","position":1,"name":"Accueil","item":"https:\/\/flexpictureebook.eu\/lt\/"},{"@type":"ListItem","position":2,"name":"Erickson"}]},{"@type":"WebSite","@id":"https:\/\/flexpictureebook.eu\/#website","url":"https:\/\/flexpictureebook.eu\/","name":"Flex Picture Ebook","description":"Un livre num\u00e9rique pour un apprentissage inclusif","publisher":{"@id":"https:\/\/flexpictureebook.eu\/#organization"},"potentialAction":[{"@type":"SearchAction","target":{"@type":"EntryPoint","urlTemplate":"https:\/\/flexpictureebook.eu\/?s={search_term_string}"},"query-input":{"@type":"PropertyValueSpecification","valueRequired":true,"valueName":"search_term_string"}}],"inLanguage":"lt-LT"},{"@type":"Organization","@id":"https:\/\/flexpictureebook.eu\/#organization","name":"Flex Picture Ebook","url":"https:\/\/flexpictureebook.eu\/","logo":{"@type":"ImageObject","inLanguage":"lt-LT","@id":"https:\/\/flexpictureebook.eu\/#\/schema\/logo\/image\/","url":"https:\/\/flexpictureebook.eu\/wp-content\/uploads\/2023\/06\/cropped-cropped-logo-ebook-512.png","contentUrl":"https:\/\/flexpictureebook.eu\/wp-content\/uploads\/2023\/06\/cropped-cropped-logo-ebook-512.png","width":512,"height":282,"caption":"Flex Picture Ebook"},"image":{"@id":"https:\/\/flexpictureebook.eu\/#\/schema\/logo\/image\/"},"sameAs":["https:\/\/www.facebook.com\/lesdoigtsquirevent\/","https:\/\/x.com\/EditionsLDQR"]}]}},"_links":{"self":[{"href":"https:\/\/flexpictureebook.eu\/lt\/wp-json\/wp\/v2\/pages\/9724","targetHints":{"allow":["GET"]}}],"collection":[{"href":"https:\/\/flexpictureebook.eu\/lt\/wp-json\/wp\/v2\/pages"}],"about":[{"href":"https:\/\/flexpictureebook.eu\/lt\/wp-json\/wp\/v2\/types\/page"}],"author":[{"embeddable":true,"href":"https:\/\/flexpictureebook.eu\/lt\/wp-json\/wp\/v2\/users\/7"}],"replies":[{"embeddable":true,"href":"https:\/\/flexpictureebook.eu\/lt\/wp-json\/wp\/v2\/comments?post=9724"}],"version-history":[{"count":1,"href":"https:\/\/flexpictureebook.eu\/lt\/wp-json\/wp\/v2\/pages\/9724\/revisions"}],"predecessor-version":[{"id":9725,"href":"https:\/\/flexpictureebook.eu\/lt\/wp-json\/wp\/v2\/pages\/9724\/revisions\/9725"}],"wp:attachment":[{"href":"https:\/\/flexpictureebook.eu\/lt\/wp-json\/wp\/v2\/media?parent=9724"}],"curies":[{"name":"wp","href":"https:\/\/api.w.org\/{rel}","templated":true}]}}