{"id":6882,"date":"2023-07-03T10:12:54","date_gmt":"2023-07-03T08:12:54","guid":{"rendered":"https:\/\/flexpictureebook.eu\/presse\/"},"modified":"2023-11-20T14:43:24","modified_gmt":"2023-11-20T13:43:24","slug":"presse","status":"publish","type":"page","link":"https:\/\/flexpictureebook.eu\/lt\/presse\/","title":{"rendered":"paspauskite"},"content":{"rendered":"<div id=\"Content\">\n<div id=\"bannerR\">\n<h2><strong>&#8222;TROPH\u00c9ES DE L&#8217;\u00c9DITION LIVRE HEBDO 2023: TROPH\u00c9E &#8222;ENGAGEMENT SOLIDAIRE&#8221; <\/strong>(Pranc\u016bzija)<\/h2>\n<p>2023 m. baland\u017eio m\u0117n. &#8222;Troph\u00e9es de l&#8217;\u00e9dition Livre Hebdo 2023&#8221; ceremonijoje &#8222;Les Doigts Qui R\u00eavent&#8221; apdovanojo epub3 &#8222;Emile veut une chauve-souris&#8221; &#8222;Troph\u00e9e de l&#8217;engagement solidaire&#8221;. \u0160ios kategorijos projektai rodo leid\u0117j\u0173 \u012fsipareigojim\u0105 savo skaitytojams, darbuotojams ir visuomenei apskritai. \u0160ios operacijos gali \u012ftraukti autorius ir sutelkti darbuotojus bei knyg\u0173 prekybos grandin\u0119, siekiant teigiamo poveikio visuomenei ir pa\u010diai \u012fmonei.<\/p>\n<p><img loading=\"lazy\" decoding=\"async\" class=\"alignnone wp-image-11502 size-full\" src=\"https:\/\/ldqr.org\/wp-content\/uploads\/2022\/04\/image002.png\" alt=\"Troph\u00e9es de l'\u00e9dition Livre Hebdo 2023\" width=\"454\" height=\"80\" \/><\/p>\n<h2><strong>LIVRES HEBDO N\u00b031, MAY 2023, F.G.<\/strong> (Pranc\u016bzija)<\/h2>\n<p><strong>VISION D&#8217;AVENIR: Kaip m\u0117gautis teksto iliustracijomis, kai turite reg\u0117jimo negali\u0105?<\/strong><\/p>\n<p><em>Les Doigts qui R\u00eavent leidykla \u0117m\u0117si \u0161io i\u0161\u0161\u016bkio ir si\u016blo skaitytojams naudotis paveiksl\u0117li\u0173 galia, skatinan\u010dia smalsum\u0105 ir padedan\u010dia suprasti tekst\u0105. 1994 m. \u012fkurta leidykla Les Doigts qui R\u00eavent yra taktilini\u0173 knyg\u0173 pradinink\u0117 (jomis prekiauja Pranc\u016bzijoje, taip pat Nyderlanduose, Vokietijoje ir Jungtin\u0117se Amerikos Valstijose) ir suk\u016br\u0117 skaitmenines knygas, kurias vaikai gali pritaikyti prie savo reg\u0117jimo. Kad geriau matyt\u0173 iliustracij\u0105, jie gali sutrumpinti linij\u0105 ir pa\u0161alinti neesmines aplinkos ar perspektyvos detales. Tai taip pat naudinga, pavyzd\u017eiui, dispraksija sergantiems jaunuoliams, kai jie negali kontroliuoti savo judesi\u0173.<\/em><\/p>\n<p><em>Aklieji vaikai gali prid\u0117ti garso efekt\u0173 ir reguliuoti garso atk\u016brimo greit\u012f. Disleksij\u0105 turintiems vaikams bus ypa\u010d smagu keisti teksto i\u0161vaizd\u0105 (\u0161rifto tip\u0105; tarpus tarp raid\u017ei\u0173, \u017eod\u017ei\u0173 ir eilu\u010di\u0173; fono spalv\u0105 ir t. t.).<\/em><\/p>\n<p><em>Pirm\u0105j\u0105 knyg\u0105 \u201e\u00c9mile veut une chauve-souris\u201c i\u0161leido \u201eGallimard jeunesse\u201c. Iliustracijos \u0161iek tiek supaprastintos, o kai kurios gali b\u016bti animuotos (kai \u017einduolis skrenda). Per artimiausius 18 m\u0117nesi\u0173 tikimasi adaptuoti keturis vaikams skirtus leidinius, tarp j\u0173 Alain Broutin ir Frederic Srehr \u201eCalinours\u201c ir Claude Ponti \u201eMa Vall\u00e9e\u201c. Keturiose \u0161alyse ir \u0161e\u0161iuose universitetuose vykdomas \u201eErasmus+\u201c projektas, kuris apima bandymus klas\u0117se ir leid\u0117j\u0173 mokymus, \u2013 sako Sophie Blain, \u201eLes Doigts qui R\u00eavent\u201c direktor\u0117.<\/em><\/p>\n<p><em>Siekiant paskatinti knyg\u0173 leid\u0117jus naudoti \u0161\u012f format\u0105, jiems bus parengtas metodinis vadovas. R\u00e9seau Canop\u00e9 Hauts-de-France suk\u016br\u0117 skaitmenin\u0119 s\u0105saj\u0105, kuri susieja iliustratoriaus darb\u0105 su skaitmenin\u0117s knygos k\u016br\u0117jo darbu. Taip pat dalyvauja praktikai, mokytojai, edukologai ir grafikos dizaineriai. Daug \u017eadantis projektas.<\/em><\/p>\n<\/div>\n<\/div>\n","protected":false},"excerpt":{"rendered":"<p>&#8222;TROPH\u00c9ES DE L&#8217;\u00c9DITION LIVRE HEBDO 2023: TROPH\u00c9E &#8222;ENGAGEMENT SOLIDAIRE&#8221; (Pranc\u016bzija) 2023 m. baland\u017eio m\u0117n. &#8222;Troph\u00e9es de l&#8217;\u00e9dition Livre Hebdo 2023&#8221; ceremonijoje &#8222;Les Doigts Qui R\u00eavent&#8221; apdovanojo epub3 &#8222;Emile veut une chauve-souris&#8221; &#8222;Troph\u00e9e de l&#8217;engagement solidaire&#8221;. \u0160ios kategorijos projektai rodo leid\u0117j\u0173 \u012fsipareigojim\u0105 savo skaitytojams, darbuotojams ir visuomenei apskritai. \u0160ios operacijos gali \u012ftraukti autorius ir sutelkti darbuotojus [&hellip;]<\/p>\n","protected":false},"author":1,"featured_media":0,"parent":0,"menu_order":68,"comment_status":"closed","ping_status":"closed","template":"","meta":{"_acf_changed":false,"footnotes":""},"class_list":["post-6882","page","type-page","status-publish","hentry","clearfix"],"acf":[],"yoast_head":"<!-- This site is optimized with the Yoast SEO plugin v27.3 - https:\/\/yoast.com\/product\/yoast-seo-wordpress\/ -->\n<title>paspauskite - Flex Picture Ebook<\/title>\n<meta name=\"description\" content=\"Depuis plus de 20 ans, le concours international de livres tactiles illustr\u00e9s, Typho&amp;Tactus fait d\u00e9couvrir des maquettes tactiles du monde entier et est un lieu d&#039;\u00e9changes et de partage incroyable. D\u00e9j\u00e0 21 pays participants! Artistes, enseignants, associations, rejoignez-nous !\" \/>\n<meta name=\"robots\" content=\"index, follow, max-snippet:-1, max-image-preview:large, max-video-preview:-1\" \/>\n<link rel=\"canonical\" href=\"https:\/\/flexpictureebook.eu\/lt\/presse\/\" \/>\n<meta property=\"og:locale\" content=\"lt_LT\" \/>\n<meta property=\"og:type\" content=\"article\" \/>\n<meta property=\"og:title\" content=\"paspauskite - Flex Picture Ebook\" \/>\n<meta property=\"og:description\" content=\"Depuis plus de 20 ans, le concours international de livres tactiles illustr\u00e9s, Typho&amp;Tactus fait d\u00e9couvrir des maquettes tactiles du monde entier et est un lieu d&#039;\u00e9changes et de partage incroyable. D\u00e9j\u00e0 21 pays participants! Artistes, enseignants, associations, rejoignez-nous !\" \/>\n<meta property=\"og:url\" content=\"https:\/\/flexpictureebook.eu\/lt\/presse\/\" \/>\n<meta property=\"og:site_name\" content=\"Flex Picture Ebook\" \/>\n<meta property=\"article:publisher\" content=\"https:\/\/www.facebook.com\/lesdoigtsquirevent\/\" \/>\n<meta property=\"article:modified_time\" content=\"2023-11-20T13:43:24+00:00\" \/>\n<meta property=\"og:image\" content=\"https:\/\/ldqr.org\/wp-content\/uploads\/2022\/04\/image002.png\" \/>\n<meta name=\"twitter:card\" content=\"summary_large_image\" \/>\n<meta name=\"twitter:site\" content=\"@EditionsLDQR\" \/>\n<meta name=\"twitter:label1\" content=\"Est. reading time\" \/>\n\t<meta name=\"twitter:data1\" content=\"2 minut\u0117s\" \/>\n<script type=\"application\/ld+json\" class=\"yoast-schema-graph\">{\"@context\":\"https:\\\/\\\/schema.org\",\"@graph\":[{\"@type\":\"WebPage\",\"@id\":\"https:\\\/\\\/flexpictureebook.eu\\\/lt\\\/presse\\\/\",\"url\":\"https:\\\/\\\/flexpictureebook.eu\\\/lt\\\/presse\\\/\",\"name\":\"paspauskite - Flex Picture Ebook\",\"isPartOf\":{\"@id\":\"https:\\\/\\\/flexpictureebook.eu\\\/#website\"},\"primaryImageOfPage\":{\"@id\":\"https:\\\/\\\/flexpictureebook.eu\\\/lt\\\/presse\\\/#primaryimage\"},\"image\":{\"@id\":\"https:\\\/\\\/flexpictureebook.eu\\\/lt\\\/presse\\\/#primaryimage\"},\"thumbnailUrl\":\"https:\\\/\\\/ldqr.org\\\/wp-content\\\/uploads\\\/2022\\\/04\\\/image002.png\",\"datePublished\":\"2023-07-03T08:12:54+00:00\",\"dateModified\":\"2023-11-20T13:43:24+00:00\",\"description\":\"Depuis plus de 20 ans, le concours international de livres tactiles illustr\u00e9s, Typho&Tactus fait d\u00e9couvrir des maquettes tactiles du monde entier et est un lieu d'\u00e9changes et de partage incroyable. D\u00e9j\u00e0 21 pays participants! Artistes, enseignants, associations, rejoignez-nous !\",\"breadcrumb\":{\"@id\":\"https:\\\/\\\/flexpictureebook.eu\\\/lt\\\/presse\\\/#breadcrumb\"},\"inLanguage\":\"lt-LT\",\"potentialAction\":[{\"@type\":\"ReadAction\",\"target\":[\"https:\\\/\\\/flexpictureebook.eu\\\/lt\\\/presse\\\/\"]}]},{\"@type\":\"ImageObject\",\"inLanguage\":\"lt-LT\",\"@id\":\"https:\\\/\\\/flexpictureebook.eu\\\/lt\\\/presse\\\/#primaryimage\",\"url\":\"https:\\\/\\\/ldqr.org\\\/wp-content\\\/uploads\\\/2022\\\/04\\\/image002.png\",\"contentUrl\":\"https:\\\/\\\/ldqr.org\\\/wp-content\\\/uploads\\\/2022\\\/04\\\/image002.png\"},{\"@type\":\"BreadcrumbList\",\"@id\":\"https:\\\/\\\/flexpictureebook.eu\\\/lt\\\/presse\\\/#breadcrumb\",\"itemListElement\":[{\"@type\":\"ListItem\",\"position\":1,\"name\":\"Accueil\",\"item\":\"https:\\\/\\\/flexpictureebook.eu\\\/lt\\\/\"},{\"@type\":\"ListItem\",\"position\":2,\"name\":\"paspauskite\"}]},{\"@type\":\"WebSite\",\"@id\":\"https:\\\/\\\/flexpictureebook.eu\\\/#website\",\"url\":\"https:\\\/\\\/flexpictureebook.eu\\\/\",\"name\":\"Flex Picture Ebook\",\"description\":\"Un livre num\u00e9rique pour un apprentissage inclusif\",\"publisher\":{\"@id\":\"https:\\\/\\\/flexpictureebook.eu\\\/#organization\"},\"potentialAction\":[{\"@type\":\"SearchAction\",\"target\":{\"@type\":\"EntryPoint\",\"urlTemplate\":\"https:\\\/\\\/flexpictureebook.eu\\\/?s={search_term_string}\"},\"query-input\":{\"@type\":\"PropertyValueSpecification\",\"valueRequired\":true,\"valueName\":\"search_term_string\"}}],\"inLanguage\":\"lt-LT\"},{\"@type\":\"Organization\",\"@id\":\"https:\\\/\\\/flexpictureebook.eu\\\/#organization\",\"name\":\"Flex Picture Ebook\",\"url\":\"https:\\\/\\\/flexpictureebook.eu\\\/\",\"logo\":{\"@type\":\"ImageObject\",\"inLanguage\":\"lt-LT\",\"@id\":\"https:\\\/\\\/flexpictureebook.eu\\\/#\\\/schema\\\/logo\\\/image\\\/\",\"url\":\"https:\\\/\\\/flexpictureebook.eu\\\/wp-content\\\/uploads\\\/2023\\\/06\\\/cropped-cropped-logo-ebook-512.png\",\"contentUrl\":\"https:\\\/\\\/flexpictureebook.eu\\\/wp-content\\\/uploads\\\/2023\\\/06\\\/cropped-cropped-logo-ebook-512.png\",\"width\":512,\"height\":282,\"caption\":\"Flex Picture Ebook\"},\"image\":{\"@id\":\"https:\\\/\\\/flexpictureebook.eu\\\/#\\\/schema\\\/logo\\\/image\\\/\"},\"sameAs\":[\"https:\\\/\\\/www.facebook.com\\\/lesdoigtsquirevent\\\/\",\"https:\\\/\\\/x.com\\\/EditionsLDQR\"]}]}<\/script>\n<!-- \/ Yoast SEO plugin. -->","yoast_head_json":{"title":"paspauskite - Flex Picture Ebook","description":"Depuis plus de 20 ans, le concours international de livres tactiles illustr\u00e9s, Typho&Tactus fait d\u00e9couvrir des maquettes tactiles du monde entier et est un lieu d'\u00e9changes et de partage incroyable. D\u00e9j\u00e0 21 pays participants! Artistes, enseignants, associations, rejoignez-nous !","robots":{"index":"index","follow":"follow","max-snippet":"max-snippet:-1","max-image-preview":"max-image-preview:large","max-video-preview":"max-video-preview:-1"},"canonical":"https:\/\/flexpictureebook.eu\/lt\/presse\/","og_locale":"lt_LT","og_type":"article","og_title":"paspauskite - Flex Picture Ebook","og_description":"Depuis plus de 20 ans, le concours international de livres tactiles illustr\u00e9s, Typho&Tactus fait d\u00e9couvrir des maquettes tactiles du monde entier et est un lieu d'\u00e9changes et de partage incroyable. D\u00e9j\u00e0 21 pays participants! Artistes, enseignants, associations, rejoignez-nous !","og_url":"https:\/\/flexpictureebook.eu\/lt\/presse\/","og_site_name":"Flex Picture Ebook","article_publisher":"https:\/\/www.facebook.com\/lesdoigtsquirevent\/","article_modified_time":"2023-11-20T13:43:24+00:00","og_image":[{"url":"https:\/\/ldqr.org\/wp-content\/uploads\/2022\/04\/image002.png","type":"","width":"","height":""}],"twitter_card":"summary_large_image","twitter_site":"@EditionsLDQR","twitter_misc":{"Est. reading time":"2 minut\u0117s"},"schema":{"@context":"https:\/\/schema.org","@graph":[{"@type":"WebPage","@id":"https:\/\/flexpictureebook.eu\/lt\/presse\/","url":"https:\/\/flexpictureebook.eu\/lt\/presse\/","name":"paspauskite - Flex Picture Ebook","isPartOf":{"@id":"https:\/\/flexpictureebook.eu\/#website"},"primaryImageOfPage":{"@id":"https:\/\/flexpictureebook.eu\/lt\/presse\/#primaryimage"},"image":{"@id":"https:\/\/flexpictureebook.eu\/lt\/presse\/#primaryimage"},"thumbnailUrl":"https:\/\/ldqr.org\/wp-content\/uploads\/2022\/04\/image002.png","datePublished":"2023-07-03T08:12:54+00:00","dateModified":"2023-11-20T13:43:24+00:00","description":"Depuis plus de 20 ans, le concours international de livres tactiles illustr\u00e9s, Typho&Tactus fait d\u00e9couvrir des maquettes tactiles du monde entier et est un lieu d'\u00e9changes et de partage incroyable. D\u00e9j\u00e0 21 pays participants! Artistes, enseignants, associations, rejoignez-nous !","breadcrumb":{"@id":"https:\/\/flexpictureebook.eu\/lt\/presse\/#breadcrumb"},"inLanguage":"lt-LT","potentialAction":[{"@type":"ReadAction","target":["https:\/\/flexpictureebook.eu\/lt\/presse\/"]}]},{"@type":"ImageObject","inLanguage":"lt-LT","@id":"https:\/\/flexpictureebook.eu\/lt\/presse\/#primaryimage","url":"https:\/\/ldqr.org\/wp-content\/uploads\/2022\/04\/image002.png","contentUrl":"https:\/\/ldqr.org\/wp-content\/uploads\/2022\/04\/image002.png"},{"@type":"BreadcrumbList","@id":"https:\/\/flexpictureebook.eu\/lt\/presse\/#breadcrumb","itemListElement":[{"@type":"ListItem","position":1,"name":"Accueil","item":"https:\/\/flexpictureebook.eu\/lt\/"},{"@type":"ListItem","position":2,"name":"paspauskite"}]},{"@type":"WebSite","@id":"https:\/\/flexpictureebook.eu\/#website","url":"https:\/\/flexpictureebook.eu\/","name":"Flex Picture Ebook","description":"Un livre num\u00e9rique pour un apprentissage inclusif","publisher":{"@id":"https:\/\/flexpictureebook.eu\/#organization"},"potentialAction":[{"@type":"SearchAction","target":{"@type":"EntryPoint","urlTemplate":"https:\/\/flexpictureebook.eu\/?s={search_term_string}"},"query-input":{"@type":"PropertyValueSpecification","valueRequired":true,"valueName":"search_term_string"}}],"inLanguage":"lt-LT"},{"@type":"Organization","@id":"https:\/\/flexpictureebook.eu\/#organization","name":"Flex Picture Ebook","url":"https:\/\/flexpictureebook.eu\/","logo":{"@type":"ImageObject","inLanguage":"lt-LT","@id":"https:\/\/flexpictureebook.eu\/#\/schema\/logo\/image\/","url":"https:\/\/flexpictureebook.eu\/wp-content\/uploads\/2023\/06\/cropped-cropped-logo-ebook-512.png","contentUrl":"https:\/\/flexpictureebook.eu\/wp-content\/uploads\/2023\/06\/cropped-cropped-logo-ebook-512.png","width":512,"height":282,"caption":"Flex Picture Ebook"},"image":{"@id":"https:\/\/flexpictureebook.eu\/#\/schema\/logo\/image\/"},"sameAs":["https:\/\/www.facebook.com\/lesdoigtsquirevent\/","https:\/\/x.com\/EditionsLDQR"]}]}},"_links":{"self":[{"href":"https:\/\/flexpictureebook.eu\/lt\/wp-json\/wp\/v2\/pages\/6882","targetHints":{"allow":["GET"]}}],"collection":[{"href":"https:\/\/flexpictureebook.eu\/lt\/wp-json\/wp\/v2\/pages"}],"about":[{"href":"https:\/\/flexpictureebook.eu\/lt\/wp-json\/wp\/v2\/types\/page"}],"author":[{"embeddable":true,"href":"https:\/\/flexpictureebook.eu\/lt\/wp-json\/wp\/v2\/users\/1"}],"replies":[{"embeddable":true,"href":"https:\/\/flexpictureebook.eu\/lt\/wp-json\/wp\/v2\/comments?post=6882"}],"version-history":[{"count":2,"href":"https:\/\/flexpictureebook.eu\/lt\/wp-json\/wp\/v2\/pages\/6882\/revisions"}],"predecessor-version":[{"id":6884,"href":"https:\/\/flexpictureebook.eu\/lt\/wp-json\/wp\/v2\/pages\/6882\/revisions\/6884"}],"wp:attachment":[{"href":"https:\/\/flexpictureebook.eu\/lt\/wp-json\/wp\/v2\/media?parent=6882"}],"curies":[{"name":"wp","href":"https:\/\/api.w.org\/{rel}","templated":true}]}}