{"id":6869,"date":"2023-07-03T10:12:12","date_gmt":"2023-07-03T08:12:12","guid":{"rendered":"https:\/\/flexpictureebook.eu\/epub3-disponible\/se-procurer-le-livre\/"},"modified":"2024-03-13T16:36:49","modified_gmt":"2024-03-13T15:36:49","slug":"se-procurer-le-livre","status":"publish","type":"page","link":"https:\/\/flexpictureebook.eu\/lt\/epub3-disponible\/se-procurer-le-livre\/","title":{"rendered":"Gauti knygas"},"content":{"rendered":"<h2>Kaip skaityti i\u0161trauk\u0105 i\u0161 m\u016bs\u0173 EPUB3?<\/h2>\n<p>Toliau pateikt\u0105 i\u0161trauk\u0105 galite atsisi\u0173sti ir skaityti kompiuteryje arba plan\u0161etiniame kompiuteryje naudodami \u0161i\u0105 nemokam\u0105 skaitymo programin\u0119 \u012frang\u0105:<\/p>\n<p>Ipad \/ MAC:\u00a0 <a href=\"https:\/\/apps.apple.com\/fr\/app\/apple-books\/id364709193\">Books <\/a>programa<br \/>\nAndroid: <a href=\"https:\/\/play.google.com\/store\/apps\/details?id=com.gmail.jxlab.app.reasily&amp;hl=fr&amp;gl=US\">Reasily<\/a>\u00a0\/\u00a0<a href=\"https:\/\/github.com\/readium\/awesome-readium#apps-based-on-readium-mobile\">Readium Mobile<\/a> programa<br \/>\nKompiuteryje: <a href=\"https:\/\/apps.microsoft.com\/store\/detail\/thorium-reader\/9NFZP1G7M2SC?hl=fr-fr&amp;gl=fr\">Thorium<\/a> programa<\/p>\n<h2>Nor\u0117dami atsisi\u0173sti i\u0161trauk\u0105 i\u0161 m\u016bs\u0173 EPUB3<\/h2>\n<h3>Lietuvi\u0173 kalba:<\/h3>\n<p>Atsisi\u0173sti i\u0161trauk\u0105 i\u0161 EPUB3 &#8222;<a href=\"https:\/\/flexpictureebook.eu\/wp-content\/uploads\/2024\/03\/lit_extraits.epub_.zip\">Emilis nori \u0161ik\u0161nosparnio&#8221; (i\u0161trauka)<\/a><\/p>\n<h3>Pranc\u016bz\u0173 kalba:<\/h3>\n<p>Atsisi\u0173sti i\u0161trauk\u0105 i\u0161 EPUB3 <a href=\"https:\/\/flexpictureebook.eu\/wp-content\/uploads\/2024\/03\/fr_extraits.epub_.zip\">&#8222;\u00c9mile veut une chauve-souris&#8221; (extrait)<\/a>.<br \/>\nVis\u0105 pranc\u016bzi\u0161k\u0105 versij\u0105 i\u0161leido leidykla <a href=\"https:\/\/ldqr.org\/catalogue\/emile-epub3\/\">Les Doigts Qui R\u00eavent<\/a>, o internetiniams knygynams j\u0105 platina &#8222;Immat\u00e9riel&#8221;.<\/p>\n<h3>Angl\u0173 kalba:<\/h3>\n<p>Atsisi\u0173sti i\u0161trauk\u0105 i\u0161 EPUB3 &#8222;<a href=\"https:\/\/flexpictureebook.eu\/wp-content\/uploads\/2024\/03\/en_extraits.epub_.zip\">Ben wants a bat&#8221; (extract)<\/a><\/p>\n<h3>Vokie\u010di\u0173 kalba:<\/h3>\n<p>Atsisi\u0173sti i\u0161trauk\u0105 i\u0161 EPUB3 &#8222;<a href=\"https:\/\/flexpictureebook.eu\/wp-content\/uploads\/2024\/03\/ger_extraits.epub_.zip\">Ben will eine Fledermaus&#8221; (auszug) <\/a><\/p>\n<h3>Ital\u0173 kalba:<\/h3>\n<p>Atsisi\u0173sti i\u0161trauk\u0105 i\u0161 EPUB3 &#8222;<a href=\"https:\/\/flexpictureebook.eu\/wp-content\/uploads\/2024\/03\/it_extraits.epub_.zip\">Leo vuole un pipistrello&#8221; (estratto)<\/a><\/p>\n<p>&nbsp;<\/p>\n<p>&nbsp;<\/p>\n<p>&nbsp;<\/p>\n","protected":false},"excerpt":{"rendered":"<p>Kaip skaityti i\u0161trauk\u0105 i\u0161 m\u016bs\u0173 EPUB3? Toliau pateikt\u0105 i\u0161trauk\u0105 galite atsisi\u0173sti ir skaityti kompiuteryje arba plan\u0161etiniame kompiuteryje naudodami \u0161i\u0105 nemokam\u0105 skaitymo programin\u0119 \u012frang\u0105: Ipad \/ MAC:\u00a0 Books programa Android: Reasily\u00a0\/\u00a0Readium Mobile programa Kompiuteryje: Thorium programa Nor\u0117dami atsisi\u0173sti i\u0161trauk\u0105 i\u0161 m\u016bs\u0173 EPUB3 Lietuvi\u0173 kalba: Atsisi\u0173sti i\u0161trauk\u0105 i\u0161 EPUB3 &#8222;Emilis nori \u0161ik\u0161nosparnio&#8221; (i\u0161trauka) Pranc\u016bz\u0173 kalba: Atsisi\u0173sti i\u0161trauk\u0105 [&hellip;]<\/p>\n","protected":false},"author":1,"featured_media":0,"parent":6861,"menu_order":50,"comment_status":"closed","ping_status":"closed","template":"","meta":{"_acf_changed":false,"footnotes":""},"class_list":["post-6869","page","type-page","status-publish","hentry","clearfix"],"acf":[],"yoast_head":"<!-- This site is optimized with the Yoast SEO plugin v27.4 - https:\/\/yoast.com\/product\/yoast-seo-wordpress\/ -->\n<title>Gauti knygas - Flex Picture Ebook<\/title>\n<meta name=\"description\" content=\"Depuis plus de 20 ans, le concours international de livres tactiles illustr\u00e9s, Typho&amp;Tactus fait d\u00e9couvrir des maquettes tactiles du monde entier et est un lieu d&#039;\u00e9changes et de partage incroyable. D\u00e9j\u00e0 21 pays participants! Artistes, enseignants, associations, rejoignez-nous !\" \/>\n<meta name=\"robots\" content=\"index, follow, max-snippet:-1, max-image-preview:large, max-video-preview:-1\" \/>\n<link rel=\"canonical\" href=\"https:\/\/flexpictureebook.eu\/lt\/epub3-disponible\/se-procurer-le-livre\/\" \/>\n<meta property=\"og:locale\" content=\"lt_LT\" \/>\n<meta property=\"og:type\" content=\"article\" \/>\n<meta property=\"og:title\" content=\"Gauti knygas - Flex Picture Ebook\" \/>\n<meta property=\"og:description\" content=\"Depuis plus de 20 ans, le concours international de livres tactiles illustr\u00e9s, Typho&amp;Tactus fait d\u00e9couvrir des maquettes tactiles du monde entier et est un lieu d&#039;\u00e9changes et de partage incroyable. D\u00e9j\u00e0 21 pays participants! Artistes, enseignants, associations, rejoignez-nous !\" \/>\n<meta property=\"og:url\" content=\"https:\/\/flexpictureebook.eu\/lt\/epub3-disponible\/se-procurer-le-livre\/\" \/>\n<meta property=\"og:site_name\" content=\"Flex Picture Ebook\" \/>\n<meta property=\"article:publisher\" content=\"https:\/\/www.facebook.com\/lesdoigtsquirevent\/\" \/>\n<meta property=\"article:modified_time\" content=\"2024-03-13T15:36:49+00:00\" \/>\n<meta name=\"twitter:card\" content=\"summary_large_image\" \/>\n<meta name=\"twitter:site\" content=\"@EditionsLDQR\" \/>\n<meta name=\"twitter:label1\" content=\"Est. reading time\" \/>\n\t<meta name=\"twitter:data1\" content=\"1 minut\u0117\" \/>\n<script type=\"application\/ld+json\" class=\"yoast-schema-graph\">{\"@context\":\"https:\\\/\\\/schema.org\",\"@graph\":[{\"@type\":\"WebPage\",\"@id\":\"https:\\\/\\\/flexpictureebook.eu\\\/lt\\\/epub3-disponible\\\/se-procurer-le-livre\\\/\",\"url\":\"https:\\\/\\\/flexpictureebook.eu\\\/lt\\\/epub3-disponible\\\/se-procurer-le-livre\\\/\",\"name\":\"Gauti knygas - Flex Picture Ebook\",\"isPartOf\":{\"@id\":\"https:\\\/\\\/flexpictureebook.eu\\\/#website\"},\"datePublished\":\"2023-07-03T08:12:12+00:00\",\"dateModified\":\"2024-03-13T15:36:49+00:00\",\"description\":\"Depuis plus de 20 ans, le concours international de livres tactiles illustr\u00e9s, Typho&Tactus fait d\u00e9couvrir des maquettes tactiles du monde entier et est un lieu d'\u00e9changes et de partage incroyable. D\u00e9j\u00e0 21 pays participants! Artistes, enseignants, associations, rejoignez-nous !\",\"breadcrumb\":{\"@id\":\"https:\\\/\\\/flexpictureebook.eu\\\/lt\\\/epub3-disponible\\\/se-procurer-le-livre\\\/#breadcrumb\"},\"inLanguage\":\"lt-LT\",\"potentialAction\":[{\"@type\":\"ReadAction\",\"target\":[\"https:\\\/\\\/flexpictureebook.eu\\\/lt\\\/epub3-disponible\\\/se-procurer-le-livre\\\/\"]}]},{\"@type\":\"BreadcrumbList\",\"@id\":\"https:\\\/\\\/flexpictureebook.eu\\\/lt\\\/epub3-disponible\\\/se-procurer-le-livre\\\/#breadcrumb\",\"itemListElement\":[{\"@type\":\"ListItem\",\"position\":1,\"name\":\"Accueil\",\"item\":\"https:\\\/\\\/flexpictureebook.eu\\\/lt\\\/\"},{\"@type\":\"ListItem\",\"position\":2,\"name\":\"Epub3 prieinamumas\",\"item\":\"https:\\\/\\\/flexpictureebook.eu\\\/lt\\\/epub3-disponible\\\/\"},{\"@type\":\"ListItem\",\"position\":3,\"name\":\"Gauti knygas\"}]},{\"@type\":\"WebSite\",\"@id\":\"https:\\\/\\\/flexpictureebook.eu\\\/#website\",\"url\":\"https:\\\/\\\/flexpictureebook.eu\\\/\",\"name\":\"Flex Picture Ebook\",\"description\":\"Un livre num\u00e9rique pour un apprentissage inclusif\",\"publisher\":{\"@id\":\"https:\\\/\\\/flexpictureebook.eu\\\/#organization\"},\"potentialAction\":[{\"@type\":\"SearchAction\",\"target\":{\"@type\":\"EntryPoint\",\"urlTemplate\":\"https:\\\/\\\/flexpictureebook.eu\\\/?s={search_term_string}\"},\"query-input\":{\"@type\":\"PropertyValueSpecification\",\"valueRequired\":true,\"valueName\":\"search_term_string\"}}],\"inLanguage\":\"lt-LT\"},{\"@type\":\"Organization\",\"@id\":\"https:\\\/\\\/flexpictureebook.eu\\\/#organization\",\"name\":\"Flex Picture Ebook\",\"url\":\"https:\\\/\\\/flexpictureebook.eu\\\/\",\"logo\":{\"@type\":\"ImageObject\",\"inLanguage\":\"lt-LT\",\"@id\":\"https:\\\/\\\/flexpictureebook.eu\\\/#\\\/schema\\\/logo\\\/image\\\/\",\"url\":\"https:\\\/\\\/flexpictureebook.eu\\\/wp-content\\\/uploads\\\/2023\\\/06\\\/cropped-cropped-logo-ebook-512.png\",\"contentUrl\":\"https:\\\/\\\/flexpictureebook.eu\\\/wp-content\\\/uploads\\\/2023\\\/06\\\/cropped-cropped-logo-ebook-512.png\",\"width\":512,\"height\":282,\"caption\":\"Flex Picture Ebook\"},\"image\":{\"@id\":\"https:\\\/\\\/flexpictureebook.eu\\\/#\\\/schema\\\/logo\\\/image\\\/\"},\"sameAs\":[\"https:\\\/\\\/www.facebook.com\\\/lesdoigtsquirevent\\\/\",\"https:\\\/\\\/x.com\\\/EditionsLDQR\"]}]}<\/script>\n<!-- \/ Yoast SEO plugin. -->","yoast_head_json":{"title":"Gauti knygas - Flex Picture Ebook","description":"Depuis plus de 20 ans, le concours international de livres tactiles illustr\u00e9s, Typho&Tactus fait d\u00e9couvrir des maquettes tactiles du monde entier et est un lieu d'\u00e9changes et de partage incroyable. D\u00e9j\u00e0 21 pays participants! Artistes, enseignants, associations, rejoignez-nous !","robots":{"index":"index","follow":"follow","max-snippet":"max-snippet:-1","max-image-preview":"max-image-preview:large","max-video-preview":"max-video-preview:-1"},"canonical":"https:\/\/flexpictureebook.eu\/lt\/epub3-disponible\/se-procurer-le-livre\/","og_locale":"lt_LT","og_type":"article","og_title":"Gauti knygas - Flex Picture Ebook","og_description":"Depuis plus de 20 ans, le concours international de livres tactiles illustr\u00e9s, Typho&Tactus fait d\u00e9couvrir des maquettes tactiles du monde entier et est un lieu d'\u00e9changes et de partage incroyable. D\u00e9j\u00e0 21 pays participants! Artistes, enseignants, associations, rejoignez-nous !","og_url":"https:\/\/flexpictureebook.eu\/lt\/epub3-disponible\/se-procurer-le-livre\/","og_site_name":"Flex Picture Ebook","article_publisher":"https:\/\/www.facebook.com\/lesdoigtsquirevent\/","article_modified_time":"2024-03-13T15:36:49+00:00","twitter_card":"summary_large_image","twitter_site":"@EditionsLDQR","twitter_misc":{"Est. reading time":"1 minut\u0117"},"schema":{"@context":"https:\/\/schema.org","@graph":[{"@type":"WebPage","@id":"https:\/\/flexpictureebook.eu\/lt\/epub3-disponible\/se-procurer-le-livre\/","url":"https:\/\/flexpictureebook.eu\/lt\/epub3-disponible\/se-procurer-le-livre\/","name":"Gauti knygas - Flex Picture Ebook","isPartOf":{"@id":"https:\/\/flexpictureebook.eu\/#website"},"datePublished":"2023-07-03T08:12:12+00:00","dateModified":"2024-03-13T15:36:49+00:00","description":"Depuis plus de 20 ans, le concours international de livres tactiles illustr\u00e9s, Typho&Tactus fait d\u00e9couvrir des maquettes tactiles du monde entier et est un lieu d'\u00e9changes et de partage incroyable. D\u00e9j\u00e0 21 pays participants! Artistes, enseignants, associations, rejoignez-nous !","breadcrumb":{"@id":"https:\/\/flexpictureebook.eu\/lt\/epub3-disponible\/se-procurer-le-livre\/#breadcrumb"},"inLanguage":"lt-LT","potentialAction":[{"@type":"ReadAction","target":["https:\/\/flexpictureebook.eu\/lt\/epub3-disponible\/se-procurer-le-livre\/"]}]},{"@type":"BreadcrumbList","@id":"https:\/\/flexpictureebook.eu\/lt\/epub3-disponible\/se-procurer-le-livre\/#breadcrumb","itemListElement":[{"@type":"ListItem","position":1,"name":"Accueil","item":"https:\/\/flexpictureebook.eu\/lt\/"},{"@type":"ListItem","position":2,"name":"Epub3 prieinamumas","item":"https:\/\/flexpictureebook.eu\/lt\/epub3-disponible\/"},{"@type":"ListItem","position":3,"name":"Gauti knygas"}]},{"@type":"WebSite","@id":"https:\/\/flexpictureebook.eu\/#website","url":"https:\/\/flexpictureebook.eu\/","name":"Flex Picture Ebook","description":"Un livre num\u00e9rique pour un apprentissage inclusif","publisher":{"@id":"https:\/\/flexpictureebook.eu\/#organization"},"potentialAction":[{"@type":"SearchAction","target":{"@type":"EntryPoint","urlTemplate":"https:\/\/flexpictureebook.eu\/?s={search_term_string}"},"query-input":{"@type":"PropertyValueSpecification","valueRequired":true,"valueName":"search_term_string"}}],"inLanguage":"lt-LT"},{"@type":"Organization","@id":"https:\/\/flexpictureebook.eu\/#organization","name":"Flex Picture Ebook","url":"https:\/\/flexpictureebook.eu\/","logo":{"@type":"ImageObject","inLanguage":"lt-LT","@id":"https:\/\/flexpictureebook.eu\/#\/schema\/logo\/image\/","url":"https:\/\/flexpictureebook.eu\/wp-content\/uploads\/2023\/06\/cropped-cropped-logo-ebook-512.png","contentUrl":"https:\/\/flexpictureebook.eu\/wp-content\/uploads\/2023\/06\/cropped-cropped-logo-ebook-512.png","width":512,"height":282,"caption":"Flex Picture Ebook"},"image":{"@id":"https:\/\/flexpictureebook.eu\/#\/schema\/logo\/image\/"},"sameAs":["https:\/\/www.facebook.com\/lesdoigtsquirevent\/","https:\/\/x.com\/EditionsLDQR"]}]}},"_links":{"self":[{"href":"https:\/\/flexpictureebook.eu\/lt\/wp-json\/wp\/v2\/pages\/6869","targetHints":{"allow":["GET"]}}],"collection":[{"href":"https:\/\/flexpictureebook.eu\/lt\/wp-json\/wp\/v2\/pages"}],"about":[{"href":"https:\/\/flexpictureebook.eu\/lt\/wp-json\/wp\/v2\/types\/page"}],"author":[{"embeddable":true,"href":"https:\/\/flexpictureebook.eu\/lt\/wp-json\/wp\/v2\/users\/1"}],"replies":[{"embeddable":true,"href":"https:\/\/flexpictureebook.eu\/lt\/wp-json\/wp\/v2\/comments?post=6869"}],"version-history":[{"count":3,"href":"https:\/\/flexpictureebook.eu\/lt\/wp-json\/wp\/v2\/pages\/6869\/revisions"}],"predecessor-version":[{"id":7648,"href":"https:\/\/flexpictureebook.eu\/lt\/wp-json\/wp\/v2\/pages\/6869\/revisions\/7648"}],"up":[{"embeddable":true,"href":"https:\/\/flexpictureebook.eu\/lt\/wp-json\/wp\/v2\/pages\/6861"}],"wp:attachment":[{"href":"https:\/\/flexpictureebook.eu\/lt\/wp-json\/wp\/v2\/media?parent=6869"}],"curies":[{"name":"wp","href":"https:\/\/api.w.org\/{rel}","templated":true}]}}