{"id":6865,"date":"2023-07-03T10:11:51","date_gmt":"2023-07-03T08:11:51","guid":{"rendered":"https:\/\/flexpictureebook.eu\/epub3-disponible\/emile-veut-une-chauve-souris\/"},"modified":"2025-11-20T11:06:59","modified_gmt":"2025-11-20T10:06:59","slug":"emile-veut-une-chauve-souris","status":"publish","type":"page","link":"https:\/\/flexpictureebook.eu\/lt\/epub3-disponible\/emile-veut-une-chauve-souris\/","title":{"rendered":"\u201eEmilis nori \u0161ik\u0161nosparnio&#8221;"},"content":{"rendered":"<h1>EEPUB3<\/h1>\n<h2>(Vincent Cuvellier ir Ronan Badel)<\/h2>\n<p><strong>\u201eEmilis nori \u0161ik\u0161nosparnio\u201d. Taip. Taip ir ne kitaip. Taip yra ir viskas. Emilis nori \u0161ik\u0161nosparnio. Tikro. Tokio, kuris skraido nakt\u012f. O Emilis n\u0117ra u\u017esispyr\u0119s: jis labai, labai, labai u\u017esispyr\u0119s.<\/strong><\/p>\n<p>\u0160ioje naujovi\u0161koje skaitmenin\u0117je adaptacijoje, kuri\u0105 suk\u016br\u0117 LDQR, vaikai gali pasirinkti teksto ir iliustracij\u0173 rodymo b\u016bd\u0105! Tai knyga, kuri prisitaiko prie kiekvieno vaiko pagal jo poreikius, kad b\u016bt\u0173 patogiau skaityti ir visi\u0161kai savaranki\u0161kai patirti iliustruoto albumo skaitymo malonum\u0105.<\/p>\n<h3>SPIE\u0160INIAI \/ ANIMACIJOS<\/h3>\n<ul>\n<li>5 kiekvienos iliustracijos detalumo lygiai<\/li>\n<li>\u201eRodymo&#8221; funkcija kiekvienam elementui i\u0161skirti<\/li>\n<li>kiekvieno elemento \u201epriartinimo&#8221; funkcija<\/li>\n<li>juodai balta galimyb\u0117<\/li>\n<li>13 vaizdini\u0173 animacij\u0173<\/li>\n<\/ul>\n<h3>TEKSTAS<\/h3>\n<ul>\n<li>6 \u0161rift\u0173 pasirinkimai<\/li>\n<li>4 fono spalvos<\/li>\n<\/ul>\n<h3>GARSAS<\/h3>\n<ul>\n<li>galimyb\u0117 \u012fjungti arba i\u0161jungti aktoriaus skaitom\u0105 istorij\u0105<\/li>\n<li>galimyb\u0117 pasirinkti skaitymo greit\u012f<\/li>\n<li>garso efektai ir aplinka<\/li>\n<\/ul>\n<p>Ipad \/ MAC: Books programa <a href=\"https:\/\/apps.apple.com\/fr\/app\/apple-books\/id364709193\">Books programa<\/a><br \/>\nAndroid: <a href=\"https:\/\/play.google.com\/store\/apps\/details?id=com.gmail.jxlab.app.reasily&amp;hl=fr&amp;gl=US\">Reasily<\/a>\u00a0\/\u00a0<a href=\"https:\/\/github.com\/readium\/awesome-readium#apps-based-on-readium-mobile\">Readium Mobile <\/a>programa<br \/>\nPC: <a href=\"https:\/\/apps.microsoft.com\/store\/detail\/thorium-reader\/9NFZP1G7M2SC?hl=fr-fr&amp;gl=fr\">Thorium<\/a> programa<\/p>\n<p>Patvirtinta \u201eAce by DAISY 1.1.4&#8243; ir \u201ePagina EPUB-Checker&#8221; (EPUBCheck 4.2.6)<\/p>\n<p><a href=\"https:\/\/flexpictureebook.eu\/wp-content\/uploads\/2025\/11\/EPUB_LT_v9.0.epub\">Per scaricare l\u2019EPUB, clicca qui.<\/a><\/p>\n","protected":false},"excerpt":{"rendered":"<p>EEPUB3 (Vincent Cuvellier ir Ronan Badel) \u201eEmilis nori \u0161ik\u0161nosparnio\u201d. Taip. Taip ir ne kitaip. Taip yra ir viskas. Emilis nori \u0161ik\u0161nosparnio. Tikro. Tokio, kuris skraido nakt\u012f. O Emilis n\u0117ra u\u017esispyr\u0119s: jis labai, labai, labai u\u017esispyr\u0119s. \u0160ioje naujovi\u0161koje skaitmenin\u0117je adaptacijoje, kuri\u0105 suk\u016br\u0117 LDQR, vaikai gali pasirinkti teksto ir iliustracij\u0173 rodymo b\u016bd\u0105! Tai knyga, kuri prisitaiko prie [&hellip;]<\/p>\n","protected":false},"author":1,"featured_media":0,"parent":6861,"menu_order":45,"comment_status":"closed","ping_status":"closed","template":"","meta":{"_acf_changed":false,"footnotes":""},"class_list":["post-6865","page","type-page","status-publish","hentry","clearfix"],"acf":[],"yoast_head":"<!-- This site is optimized with the Yoast SEO plugin v27.4 - https:\/\/yoast.com\/product\/yoast-seo-wordpress\/ -->\n<title>\u201eEmilis nori \u0161ik\u0161nosparnio&quot; - Flex Picture Ebook<\/title>\n<meta name=\"description\" content=\"Depuis plus de 20 ans, le concours international de livres tactiles illustr\u00e9s, Typho&amp;Tactus fait d\u00e9couvrir des maquettes tactiles du monde entier et est un lieu d&#039;\u00e9changes et de partage incroyable. D\u00e9j\u00e0 21 pays participants! Artistes, enseignants, associations, rejoignez-nous !\" \/>\n<meta name=\"robots\" content=\"index, follow, max-snippet:-1, max-image-preview:large, max-video-preview:-1\" \/>\n<link rel=\"canonical\" href=\"https:\/\/flexpictureebook.eu\/lt\/epub3-disponible\/emile-veut-une-chauve-souris\/\" \/>\n<meta property=\"og:locale\" content=\"lt_LT\" \/>\n<meta property=\"og:type\" content=\"article\" \/>\n<meta property=\"og:title\" content=\"\u201eEmilis nori \u0161ik\u0161nosparnio&quot; - Flex Picture Ebook\" \/>\n<meta property=\"og:description\" content=\"Depuis plus de 20 ans, le concours international de livres tactiles illustr\u00e9s, Typho&amp;Tactus fait d\u00e9couvrir des maquettes tactiles du monde entier et est un lieu d&#039;\u00e9changes et de partage incroyable. D\u00e9j\u00e0 21 pays participants! Artistes, enseignants, associations, rejoignez-nous !\" \/>\n<meta property=\"og:url\" content=\"https:\/\/flexpictureebook.eu\/lt\/epub3-disponible\/emile-veut-une-chauve-souris\/\" \/>\n<meta property=\"og:site_name\" content=\"Flex Picture Ebook\" \/>\n<meta property=\"article:publisher\" content=\"https:\/\/www.facebook.com\/lesdoigtsquirevent\/\" \/>\n<meta property=\"article:modified_time\" content=\"2025-11-20T10:06:59+00:00\" \/>\n<meta name=\"twitter:card\" content=\"summary_large_image\" \/>\n<meta name=\"twitter:site\" content=\"@EditionsLDQR\" \/>\n<meta name=\"twitter:label1\" content=\"Est. reading time\" \/>\n\t<meta name=\"twitter:data1\" content=\"1 minut\u0117\" \/>\n<script type=\"application\/ld+json\" class=\"yoast-schema-graph\">{\"@context\":\"https:\\\/\\\/schema.org\",\"@graph\":[{\"@type\":\"WebPage\",\"@id\":\"https:\\\/\\\/flexpictureebook.eu\\\/lt\\\/epub3-disponible\\\/emile-veut-une-chauve-souris\\\/\",\"url\":\"https:\\\/\\\/flexpictureebook.eu\\\/lt\\\/epub3-disponible\\\/emile-veut-une-chauve-souris\\\/\",\"name\":\"\u201eEmilis nori \u0161ik\u0161nosparnio\\\" - Flex Picture Ebook\",\"isPartOf\":{\"@id\":\"https:\\\/\\\/flexpictureebook.eu\\\/#website\"},\"datePublished\":\"2023-07-03T08:11:51+00:00\",\"dateModified\":\"2025-11-20T10:06:59+00:00\",\"description\":\"Depuis plus de 20 ans, le concours international de livres tactiles illustr\u00e9s, Typho&Tactus fait d\u00e9couvrir des maquettes tactiles du monde entier et est un lieu d'\u00e9changes et de partage incroyable. D\u00e9j\u00e0 21 pays participants! Artistes, enseignants, associations, rejoignez-nous !\",\"breadcrumb\":{\"@id\":\"https:\\\/\\\/flexpictureebook.eu\\\/lt\\\/epub3-disponible\\\/emile-veut-une-chauve-souris\\\/#breadcrumb\"},\"inLanguage\":\"lt-LT\",\"potentialAction\":[{\"@type\":\"ReadAction\",\"target\":[\"https:\\\/\\\/flexpictureebook.eu\\\/lt\\\/epub3-disponible\\\/emile-veut-une-chauve-souris\\\/\"]}]},{\"@type\":\"BreadcrumbList\",\"@id\":\"https:\\\/\\\/flexpictureebook.eu\\\/lt\\\/epub3-disponible\\\/emile-veut-une-chauve-souris\\\/#breadcrumb\",\"itemListElement\":[{\"@type\":\"ListItem\",\"position\":1,\"name\":\"Accueil\",\"item\":\"https:\\\/\\\/flexpictureebook.eu\\\/lt\\\/\"},{\"@type\":\"ListItem\",\"position\":2,\"name\":\"Epub3 prieinamumas\",\"item\":\"https:\\\/\\\/flexpictureebook.eu\\\/lt\\\/epub3-disponible\\\/\"},{\"@type\":\"ListItem\",\"position\":3,\"name\":\"\u201eEmilis nori \u0161ik\u0161nosparnio\u00a0\u00bb\"}]},{\"@type\":\"WebSite\",\"@id\":\"https:\\\/\\\/flexpictureebook.eu\\\/#website\",\"url\":\"https:\\\/\\\/flexpictureebook.eu\\\/\",\"name\":\"Flex Picture Ebook\",\"description\":\"Un livre num\u00e9rique pour un apprentissage inclusif\",\"publisher\":{\"@id\":\"https:\\\/\\\/flexpictureebook.eu\\\/#organization\"},\"potentialAction\":[{\"@type\":\"SearchAction\",\"target\":{\"@type\":\"EntryPoint\",\"urlTemplate\":\"https:\\\/\\\/flexpictureebook.eu\\\/?s={search_term_string}\"},\"query-input\":{\"@type\":\"PropertyValueSpecification\",\"valueRequired\":true,\"valueName\":\"search_term_string\"}}],\"inLanguage\":\"lt-LT\"},{\"@type\":\"Organization\",\"@id\":\"https:\\\/\\\/flexpictureebook.eu\\\/#organization\",\"name\":\"Flex Picture Ebook\",\"url\":\"https:\\\/\\\/flexpictureebook.eu\\\/\",\"logo\":{\"@type\":\"ImageObject\",\"inLanguage\":\"lt-LT\",\"@id\":\"https:\\\/\\\/flexpictureebook.eu\\\/#\\\/schema\\\/logo\\\/image\\\/\",\"url\":\"https:\\\/\\\/flexpictureebook.eu\\\/wp-content\\\/uploads\\\/2023\\\/06\\\/cropped-cropped-logo-ebook-512.png\",\"contentUrl\":\"https:\\\/\\\/flexpictureebook.eu\\\/wp-content\\\/uploads\\\/2023\\\/06\\\/cropped-cropped-logo-ebook-512.png\",\"width\":512,\"height\":282,\"caption\":\"Flex Picture Ebook\"},\"image\":{\"@id\":\"https:\\\/\\\/flexpictureebook.eu\\\/#\\\/schema\\\/logo\\\/image\\\/\"},\"sameAs\":[\"https:\\\/\\\/www.facebook.com\\\/lesdoigtsquirevent\\\/\",\"https:\\\/\\\/x.com\\\/EditionsLDQR\"]}]}<\/script>\n<!-- \/ Yoast SEO plugin. -->","yoast_head_json":{"title":"\u201eEmilis nori \u0161ik\u0161nosparnio\" - Flex Picture Ebook","description":"Depuis plus de 20 ans, le concours international de livres tactiles illustr\u00e9s, Typho&Tactus fait d\u00e9couvrir des maquettes tactiles du monde entier et est un lieu d'\u00e9changes et de partage incroyable. D\u00e9j\u00e0 21 pays participants! Artistes, enseignants, associations, rejoignez-nous !","robots":{"index":"index","follow":"follow","max-snippet":"max-snippet:-1","max-image-preview":"max-image-preview:large","max-video-preview":"max-video-preview:-1"},"canonical":"https:\/\/flexpictureebook.eu\/lt\/epub3-disponible\/emile-veut-une-chauve-souris\/","og_locale":"lt_LT","og_type":"article","og_title":"\u201eEmilis nori \u0161ik\u0161nosparnio\" - Flex Picture Ebook","og_description":"Depuis plus de 20 ans, le concours international de livres tactiles illustr\u00e9s, Typho&Tactus fait d\u00e9couvrir des maquettes tactiles du monde entier et est un lieu d'\u00e9changes et de partage incroyable. D\u00e9j\u00e0 21 pays participants! Artistes, enseignants, associations, rejoignez-nous !","og_url":"https:\/\/flexpictureebook.eu\/lt\/epub3-disponible\/emile-veut-une-chauve-souris\/","og_site_name":"Flex Picture Ebook","article_publisher":"https:\/\/www.facebook.com\/lesdoigtsquirevent\/","article_modified_time":"2025-11-20T10:06:59+00:00","twitter_card":"summary_large_image","twitter_site":"@EditionsLDQR","twitter_misc":{"Est. reading time":"1 minut\u0117"},"schema":{"@context":"https:\/\/schema.org","@graph":[{"@type":"WebPage","@id":"https:\/\/flexpictureebook.eu\/lt\/epub3-disponible\/emile-veut-une-chauve-souris\/","url":"https:\/\/flexpictureebook.eu\/lt\/epub3-disponible\/emile-veut-une-chauve-souris\/","name":"\u201eEmilis nori \u0161ik\u0161nosparnio\" - Flex Picture Ebook","isPartOf":{"@id":"https:\/\/flexpictureebook.eu\/#website"},"datePublished":"2023-07-03T08:11:51+00:00","dateModified":"2025-11-20T10:06:59+00:00","description":"Depuis plus de 20 ans, le concours international de livres tactiles illustr\u00e9s, Typho&Tactus fait d\u00e9couvrir des maquettes tactiles du monde entier et est un lieu d'\u00e9changes et de partage incroyable. D\u00e9j\u00e0 21 pays participants! Artistes, enseignants, associations, rejoignez-nous !","breadcrumb":{"@id":"https:\/\/flexpictureebook.eu\/lt\/epub3-disponible\/emile-veut-une-chauve-souris\/#breadcrumb"},"inLanguage":"lt-LT","potentialAction":[{"@type":"ReadAction","target":["https:\/\/flexpictureebook.eu\/lt\/epub3-disponible\/emile-veut-une-chauve-souris\/"]}]},{"@type":"BreadcrumbList","@id":"https:\/\/flexpictureebook.eu\/lt\/epub3-disponible\/emile-veut-une-chauve-souris\/#breadcrumb","itemListElement":[{"@type":"ListItem","position":1,"name":"Accueil","item":"https:\/\/flexpictureebook.eu\/lt\/"},{"@type":"ListItem","position":2,"name":"Epub3 prieinamumas","item":"https:\/\/flexpictureebook.eu\/lt\/epub3-disponible\/"},{"@type":"ListItem","position":3,"name":"\u201eEmilis nori \u0161ik\u0161nosparnio\u00a0\u00bb"}]},{"@type":"WebSite","@id":"https:\/\/flexpictureebook.eu\/#website","url":"https:\/\/flexpictureebook.eu\/","name":"Flex Picture Ebook","description":"Un livre num\u00e9rique pour un apprentissage inclusif","publisher":{"@id":"https:\/\/flexpictureebook.eu\/#organization"},"potentialAction":[{"@type":"SearchAction","target":{"@type":"EntryPoint","urlTemplate":"https:\/\/flexpictureebook.eu\/?s={search_term_string}"},"query-input":{"@type":"PropertyValueSpecification","valueRequired":true,"valueName":"search_term_string"}}],"inLanguage":"lt-LT"},{"@type":"Organization","@id":"https:\/\/flexpictureebook.eu\/#organization","name":"Flex Picture Ebook","url":"https:\/\/flexpictureebook.eu\/","logo":{"@type":"ImageObject","inLanguage":"lt-LT","@id":"https:\/\/flexpictureebook.eu\/#\/schema\/logo\/image\/","url":"https:\/\/flexpictureebook.eu\/wp-content\/uploads\/2023\/06\/cropped-cropped-logo-ebook-512.png","contentUrl":"https:\/\/flexpictureebook.eu\/wp-content\/uploads\/2023\/06\/cropped-cropped-logo-ebook-512.png","width":512,"height":282,"caption":"Flex Picture Ebook"},"image":{"@id":"https:\/\/flexpictureebook.eu\/#\/schema\/logo\/image\/"},"sameAs":["https:\/\/www.facebook.com\/lesdoigtsquirevent\/","https:\/\/x.com\/EditionsLDQR"]}]}},"_links":{"self":[{"href":"https:\/\/flexpictureebook.eu\/lt\/wp-json\/wp\/v2\/pages\/6865","targetHints":{"allow":["GET"]}}],"collection":[{"href":"https:\/\/flexpictureebook.eu\/lt\/wp-json\/wp\/v2\/pages"}],"about":[{"href":"https:\/\/flexpictureebook.eu\/lt\/wp-json\/wp\/v2\/types\/page"}],"author":[{"embeddable":true,"href":"https:\/\/flexpictureebook.eu\/lt\/wp-json\/wp\/v2\/users\/1"}],"replies":[{"embeddable":true,"href":"https:\/\/flexpictureebook.eu\/lt\/wp-json\/wp\/v2\/comments?post=6865"}],"version-history":[{"count":4,"href":"https:\/\/flexpictureebook.eu\/lt\/wp-json\/wp\/v2\/pages\/6865\/revisions"}],"predecessor-version":[{"id":9884,"href":"https:\/\/flexpictureebook.eu\/lt\/wp-json\/wp\/v2\/pages\/6865\/revisions\/9884"}],"up":[{"embeddable":true,"href":"https:\/\/flexpictureebook.eu\/lt\/wp-json\/wp\/v2\/pages\/6861"}],"wp:attachment":[{"href":"https:\/\/flexpictureebook.eu\/lt\/wp-json\/wp\/v2\/media?parent=6865"}],"curies":[{"name":"wp","href":"https:\/\/api.w.org\/{rel}","templated":true}]}}