{"id":6850,"date":"2023-07-03T10:11:04","date_gmt":"2023-07-03T08:11:04","guid":{"rendered":"https:\/\/flexpictureebook.eu\/partenaires\/"},"modified":"2025-06-04T10:28:03","modified_gmt":"2025-06-04T08:28:03","slug":"partenaires","status":"publish","type":"page","link":"https:\/\/flexpictureebook.eu\/lt\/partenaires\/","title":{"rendered":"Partneriai"},"content":{"rendered":"<h2>\u201eEuropos projektas<\/h2>\n<p>The Flex Picture Ebook\u201c \u2013 tai \u201eErasmus+\u201c projektas, kuriame dalyvauja 7 strukt\u016bros i\u0161 4 Europos \u0161ali\u0173:<\/p>\n<h3><a id=\"france\"><\/a>Pranc\u016bzija \u2013<\/h3>\n<h4>\u201eLes Doigts Qui R\u00eavent\u201c<\/h4>\n<p>(asociacija, inicijavusi projekt\u0105):<\/p>\n<p><span style=\"font-weight: 400;\">Prie\u0161 30 met\u0173 \u012fkurta ne pelno siekianti leidykla, kurios tikslas \u2013 u\u017etikrinti, kad visi regos negali\u0105 turintys vaikai Pranc\u016bzijoje ir kitose \u0161alyse gal\u0117t\u0173 naudotis knygomis ir skaityti. \u201eLes Doigts Qui R\u00eavent\u201c yra tikras informacijos centras, si\u016blantis seminarus jaunimui, padedan\u010dius didinti informuotum\u0105 ir supratim\u0105, taip pat daugyb\u0119 mokymo kurs\u0173 regos sutrikim\u0173 srities specialistams.<\/span><\/p>\n<p><a href=\"https:\/\/ldqr.org\/\">https:\/\/ldqr.org\/<\/a><br \/>\n(+33) 03 80 59 22 88<br \/>\nSophie Blain<br \/>\ncontact@ldqr.org<\/p>\n<h4>Institut des Jeunes Aveugles de Toulouse (Tul\u016bzos jaun\u0173j\u0173 akl\u0173j\u0173 institutas, toliau \u2013 IJA).<\/h4>\n<p><span style=\"font-weight: 400;\">1866 m. \u012fsteigta medicinos ir socialin\u0117 \u012fstaiga, teikianti \u0161vietimo ir profesinio mokymo paslaugas regos negali\u0105 turintiems vaikams ir suaugusiesiems. Kasmet IJA priima daugiau kaip 550 reg\u0117jimo negali\u0105 turin\u010di\u0173 vartotoj\u0173, turin\u010di\u0173 ar neturin\u010di\u0173 gretutini\u0173 sutrikim\u0173, ir teikia param\u0105 mokantis bendrojo lavinimo mokykloje arba specializuotose instituto klas\u0117se.<\/span><span style=\"font-weight: 400;\"><br \/>\n<\/span><\/p>\n<p><img loading=\"lazy\" decoding=\"async\" class=\"alignnone size-medium wp-image-6801\" src=\"https:\/\/flexpictureebook.eu\/wp-content\/uploads\/2023\/10\/20210922_091249-300x225.jpg\" alt=\"photo d'ateliers jeunesse \u00e0 l'IJA de Toulouse\" width=\"300\" height=\"225\" srcset=\"https:\/\/flexpictureebook.eu\/wp-content\/uploads\/2023\/10\/20210922_091249-300x225.jpg 300w, https:\/\/flexpictureebook.eu\/wp-content\/uploads\/2023\/10\/20210922_091249-1024x768.jpg 1024w, https:\/\/flexpictureebook.eu\/wp-content\/uploads\/2023\/10\/20210922_091249-768x576.jpg 768w, https:\/\/flexpictureebook.eu\/wp-content\/uploads\/2023\/10\/20210922_091249-1536x1152.jpg 1536w, https:\/\/flexpictureebook.eu\/wp-content\/uploads\/2023\/10\/20210922_091249-2048x1536.jpg 2048w, https:\/\/flexpictureebook.eu\/wp-content\/uploads\/2023\/10\/20210922_091249-200x150.jpg 200w\" sizes=\"auto, (max-width: 300px) 100vw, 300px\" \/><\/p>\n<p>&nbsp;<\/p>\n<h4>Ludosens :<\/h4>\n<p><span style=\"font-weight: 400;\">\u201eM\u016bs\u0173 tikslas \u2013 pakeisti \u017emoni\u0173 po\u017ei\u016br\u012f \u012f nematomus skirtumus ir pad\u0117ti netipinio profilio jaunuoliams patekti \u012f socialin\u012f ir profesin\u012f gyvenim\u0105. Diegiame \u012fvairius novatori\u0161kus integracijos sprendimus, skirtus \u017emon\u0117ms su diagnozuotais sutrikimais. Skatiname keisti m\u0105stym\u0105 apie skirtumus paradigm\u0105. Ilg\u0105 laik\u0105 \u012f nematom\u0105 negali\u0105 (autizmo spektro, d\u0117mesio ir aktyvumo sutrikimus bei disleksij\u0105) \u017ei\u016br\u0117jome per patologijos prizm\u0119, o dabar juos vertiname kaip kvietim\u0105 kurti kitoki\u0105 visuomen\u0119.\u201c<\/span><\/p>\n<p>&nbsp;<\/p>\n<p>\u0160is projektas buvo \u012fgyvendintas glaud\u017eiai bendradarbiaujant su Ludovic Bal i\u0161 R\u00e9seau Canop\u00e9, Hauts-de-France (Pranc\u016bzija), kuris yra epub3 failo, naudoto kaip modelis vis\u0105 Flex Picture Ebook k\u016brimo laikotarp\u012f, informatikos k\u016br\u0117jas.<\/p>\n<h3><a id=\"autriche\"><\/a>Austrija \u2013<\/h3>\n<h4>Johaneso Keplerio Linco universitetas (JKU)<\/h4>\n<p><span style=\"font-weight: 400;\">yra regioninis universitetas, turintis didel\u012f paveld\u0105 ir orientuotas \u012f tarptautin\u0119 veikl\u0105. JKU turi daugiau kaip 23 000 registruot\u0173 student\u0173 ir 175 d\u0117stytojus, j\u012f sudaro keturios mokyklos ir si\u016blo daugiau kaip 1 000 kurs\u0173. Institut Integriert Studieren (IIS) \u2013 tai student\u0173 paramos ir mokslini\u0173 tyrim\u0173 institutas, kuris daugiausia d\u0117mesio skiria socialinei integracijai, e. prieinamumui ir \u012ftraukiajam \u0161vietimui. Jis remia daugiau kaip 100 negali\u0105 turin\u010di\u0173 student\u0173 ir vykdo mokslini\u0173 tyrim\u0173 projektus vietos ir tarptautiniu lygmeniu. Jis taip pat yra pagrindinis Tarptautin\u0117s konferencijos apie kompiuterius, padedan\u010dius ne\u012fgaliesiems (ICCHP), kuri yra pasaulin\u0117 lyder\u0117 skaitmenin\u0117s \u012ftraukties srityje, organizatorius.<\/span><\/p>\n<p><a href=\"https:\/\/www.jku.at\/institut-integriert-studieren\/forschung\/projekte\/laufende-projekte\/flex-picture-ebook\/\">https:\/\/www.jku.at\/institut-integriert-studieren\/forschung\/projekte\/laufende-projekte\/flex-picture-ebook\/<\/a><br \/>\n(+43) 732 2468 3764<br \/>\nValentin Salinas-L\u00f3pez MSc.<br \/>\nvalentin.salinas_lopez@jku.at<\/p>\n<h3><a id=\"italie\"><\/a>Italija \u2013<\/h3>\n<h4>Roberto Holmano fondas (Robert Hollman Foundation):<\/h4>\n<p><span style=\"font-weight: 400;\">Nyderland\u0173 privati organizacija, teikianti nemokamas konsultacijas ir param\u0105 vystymuisi regos sutrikim\u0173 turintiems vaikams ir j\u0173 \u0161eimoms bei bendradarbiaujanti su vietos specialistais, medicinos, mokslo ir socialin\u0117mis bendruomen\u0117mis, kad kartu tobulint\u0173 klinikin\u0119 praktik\u0105 ir mokslinius tyrimus, mokymus ir kult\u016bros skatinim\u0105.<\/span><\/p>\n<p><a href=\"https:\/\/fondazioneroberthollman.it\/\">https:\/\/fondazioneroberthollman.it\/<\/a><br \/>\n(+39) 328 3912562<br \/>\nEnrica Polato<br \/>\ne.polato@fondazioneroberthollman.it<\/p>\n<p><img loading=\"lazy\" decoding=\"async\" class=\"alignnone size-medium wp-image-6828\" src=\"https:\/\/flexpictureebook.eu\/wp-content\/uploads\/2023\/11\/FondationRobertHollman-300x199.jpg\" alt=\"&quot;In the picture appears on the right the outline of a child's face looking spellbound at the beam of bright coloured fibre optics that the therapist holds in front of her eyes. The Robert Hollman Foundation has chosen to present itself through one of the many moments of work done with children in one of its two Centres (Padua and Cannero Riviera), where rehabilitation is achieved through relationships, play and sometimes amazement&quot;.\" width=\"300\" height=\"199\" srcset=\"https:\/\/flexpictureebook.eu\/wp-content\/uploads\/2023\/11\/FondationRobertHollman-300x199.jpg 300w, https:\/\/flexpictureebook.eu\/wp-content\/uploads\/2023\/11\/FondationRobertHollman-1024x680.jpg 1024w, https:\/\/flexpictureebook.eu\/wp-content\/uploads\/2023\/11\/FondationRobertHollman-768x510.jpg 768w, https:\/\/flexpictureebook.eu\/wp-content\/uploads\/2023\/11\/FondationRobertHollman-226x150.jpg 226w, https:\/\/flexpictureebook.eu\/wp-content\/uploads\/2023\/11\/FondationRobertHollman.jpg 1317w\" sizes=\"auto, (max-width: 300px) 100vw, 300px\" \/><\/p>\n<h4>AbilNova<\/h4>\n<p><span style=\"font-weight: 400;\">Regos ir klausos negali\u0105 turin\u010di\u0173 asmen\u0173 \u012fstaigos, teikian\u010dios \u012fvairias asmenines paslaugas, vykdan\u010dios informavimo ir s\u0105moningumo didinimo veikl\u0105 visiems gyventojams, siekdamos prisid\u0117ti prie i\u0161 ties\u0173 \u012ftraukios visuomen\u0117s, susijusios su jutimo, regos ir klausos negalia, k\u016brimo.<\/span><\/p>\n<p><a href=\"https:\/\/www.abilnova.it\/\"> https:\/\/www.abilnova.it\/<\/a><br \/>\nRoberta Zumiani<\/p>\n<p><img loading=\"lazy\" decoding=\"async\" class=\"alignnone size-medium wp-image-7009\" src=\"https:\/\/flexpictureebook.eu\/wp-content\/uploads\/2023\/11\/abilnova-300x297.jpg\" alt=\"The picture shows an AbilNova rehabilitator working with a blind child on the development of tactile skills, necessary for harmonious development. The skills the child learns at AbilNova are then transferred to the kindergarten with the help of the specialised AbilNova educator, who is present at the school. The child and the rehabilitator are in the AbilNova gymnasium, there are materials for psychomotricity and a small table, suitable for kindergarten children. The girl and the rehabilitator are using wooden geometric shape games, made by AbilNova, to stimulate tactile recognition of shapes, size and thickness. The wooden toys have saturated colours, which also facilitate visual recognition by visually impaired children. \" width=\"300\" height=\"297\" srcset=\"https:\/\/flexpictureebook.eu\/wp-content\/uploads\/2023\/11\/abilnova-300x297.jpg 300w, https:\/\/flexpictureebook.eu\/wp-content\/uploads\/2023\/11\/abilnova-1024x1015.jpg 1024w, https:\/\/flexpictureebook.eu\/wp-content\/uploads\/2023\/11\/abilnova-150x150.jpg 150w, https:\/\/flexpictureebook.eu\/wp-content\/uploads\/2023\/11\/abilnova-768x762.jpg 768w, https:\/\/flexpictureebook.eu\/wp-content\/uploads\/2023\/11\/abilnova-1536x1523.jpg 1536w, https:\/\/flexpictureebook.eu\/wp-content\/uploads\/2023\/11\/abilnova-2048x2031.jpg 2048w, https:\/\/flexpictureebook.eu\/wp-content\/uploads\/2023\/11\/abilnova-60x60.jpg 60w, https:\/\/flexpictureebook.eu\/wp-content\/uploads\/2023\/11\/abilnova-151x150.jpg 151w\" sizes=\"auto, (max-width: 300px) 100vw, 300px\" \/><\/p>\n<h3><a id=\"lituanie\"><\/a>Lietuva \u2013<\/h3>\n<h4>LASUC (Lietuvos akl\u0173j\u0173 ir silpnaregi\u0173 ugdymo centras) \u2013<\/h4>\n<p><span style=\"font-weight: 400;\">biud\u017eetin\u0117 \u012fstaiga, valstybin\u0117 mokykla, kurioje mokosi regos sutrikim\u0173 ir kit\u0173 kompleksini\u0173 negali\u0173 turintys vaikai. Jo misija \u2013 teikti pedagogin\u0119 pagalb\u0105 \u0161alies bendrojo ugdymo mokykloms \u012fgyvendinant \u012ftrauk\u0173j\u012f ugdym\u0105 ir ugdyti k\u016brybing\u0105, atvir\u0105 bendruomenei, atsaking\u0105 u\u017e savo brand\u0105 ir pasirengus\u012f savaranki\u0161kam gyvenimui vaik\u0105.<\/span><\/p>\n<p><span style=\"font-weight: 400;\"><img loading=\"lazy\" decoding=\"async\" class=\"alignnone size-medium wp-image-6823\" src=\"https:\/\/flexpictureebook.eu\/wp-content\/uploads\/2023\/11\/Lasuc-300x200.jpg\" alt=\" Front entrance of the Lithuanian Blind and Visually Impaired Education Center\" width=\"300\" height=\"200\" srcset=\"https:\/\/flexpictureebook.eu\/wp-content\/uploads\/2023\/11\/Lasuc-300x200.jpg 300w, https:\/\/flexpictureebook.eu\/wp-content\/uploads\/2023\/11\/Lasuc-1024x683.jpg 1024w, https:\/\/flexpictureebook.eu\/wp-content\/uploads\/2023\/11\/Lasuc-768x512.jpg 768w, https:\/\/flexpictureebook.eu\/wp-content\/uploads\/2023\/11\/Lasuc-1536x1024.jpg 1536w, https:\/\/flexpictureebook.eu\/wp-content\/uploads\/2023\/11\/Lasuc-2048x1365.jpg 2048w, https:\/\/flexpictureebook.eu\/wp-content\/uploads\/2023\/11\/Lasuc-225x150.jpg 225w\" sizes=\"auto, (max-width: 300px) 100vw, 300px\" \/><br \/>\n<\/span><span style=\"font-weight: 400;\">\u00a0<\/span><\/p>\n","protected":false},"excerpt":{"rendered":"<p>\u201eEuropos projektas The Flex Picture Ebook\u201c \u2013 tai \u201eErasmus+\u201c projektas, kuriame dalyvauja 7 strukt\u016bros i\u0161 4 Europos \u0161ali\u0173: Pranc\u016bzija \u2013 \u201eLes Doigts Qui R\u00eavent\u201c (asociacija, inicijavusi projekt\u0105): Prie\u0161 30 met\u0173 \u012fkurta ne pelno siekianti leidykla, kurios tikslas \u2013 u\u017etikrinti, kad visi regos negali\u0105 turintys vaikai Pranc\u016bzijoje ir kitose \u0161alyse gal\u0117t\u0173 naudotis knygomis ir skaityti. \u201eLes [&hellip;]<\/p>\n","protected":false},"author":1,"featured_media":0,"parent":0,"menu_order":34,"comment_status":"closed","ping_status":"closed","template":"","meta":{"_acf_changed":false,"footnotes":""},"class_list":["post-6850","page","type-page","status-publish","hentry","clearfix"],"acf":[],"yoast_head":"<!-- This site is optimized with the Yoast SEO plugin v27.4 - https:\/\/yoast.com\/product\/yoast-seo-wordpress\/ -->\n<title>Partneriai - Flex Picture Ebook<\/title>\n<meta name=\"description\" content=\"Depuis plus de 20 ans, le concours international de livres tactiles illustr\u00e9s, Typho&amp;Tactus fait d\u00e9couvrir des maquettes tactiles du monde entier et est un lieu d&#039;\u00e9changes et de partage incroyable. D\u00e9j\u00e0 21 pays participants! Artistes, enseignants, associations, rejoignez-nous !\" \/>\n<meta name=\"robots\" content=\"index, follow, max-snippet:-1, max-image-preview:large, max-video-preview:-1\" \/>\n<link rel=\"canonical\" href=\"https:\/\/flexpictureebook.eu\/lt\/partenaires\/\" \/>\n<meta property=\"og:locale\" content=\"lt_LT\" \/>\n<meta property=\"og:type\" content=\"article\" \/>\n<meta property=\"og:title\" content=\"Partneriai - Flex Picture Ebook\" \/>\n<meta property=\"og:description\" content=\"Depuis plus de 20 ans, le concours international de livres tactiles illustr\u00e9s, Typho&amp;Tactus fait d\u00e9couvrir des maquettes tactiles du monde entier et est un lieu d&#039;\u00e9changes et de partage incroyable. D\u00e9j\u00e0 21 pays participants! Artistes, enseignants, associations, rejoignez-nous !\" \/>\n<meta property=\"og:url\" content=\"https:\/\/flexpictureebook.eu\/lt\/partenaires\/\" \/>\n<meta property=\"og:site_name\" content=\"Flex Picture Ebook\" \/>\n<meta property=\"article:publisher\" content=\"https:\/\/www.facebook.com\/lesdoigtsquirevent\/\" \/>\n<meta property=\"article:modified_time\" content=\"2025-06-04T08:28:03+00:00\" \/>\n<meta property=\"og:image\" content=\"https:\/\/flexpictureebook.eu\/wp-content\/uploads\/2023\/10\/20210922_091249-scaled.jpg\" \/>\n\t<meta property=\"og:image:width\" content=\"2560\" \/>\n\t<meta property=\"og:image:height\" content=\"1920\" \/>\n\t<meta property=\"og:image:type\" content=\"image\/jpeg\" \/>\n<meta name=\"twitter:card\" content=\"summary_large_image\" \/>\n<meta name=\"twitter:site\" content=\"@EditionsLDQR\" \/>\n<meta name=\"twitter:label1\" content=\"Est. reading time\" \/>\n\t<meta name=\"twitter:data1\" content=\"3 minut\u0117s\" \/>\n<script type=\"application\/ld+json\" class=\"yoast-schema-graph\">{\"@context\":\"https:\\\/\\\/schema.org\",\"@graph\":[{\"@type\":\"WebPage\",\"@id\":\"https:\\\/\\\/flexpictureebook.eu\\\/lt\\\/partenaires\\\/\",\"url\":\"https:\\\/\\\/flexpictureebook.eu\\\/lt\\\/partenaires\\\/\",\"name\":\"Partneriai - Flex Picture Ebook\",\"isPartOf\":{\"@id\":\"https:\\\/\\\/flexpictureebook.eu\\\/#website\"},\"primaryImageOfPage\":{\"@id\":\"https:\\\/\\\/flexpictureebook.eu\\\/lt\\\/partenaires\\\/#primaryimage\"},\"image\":{\"@id\":\"https:\\\/\\\/flexpictureebook.eu\\\/lt\\\/partenaires\\\/#primaryimage\"},\"thumbnailUrl\":\"https:\\\/\\\/flexpictureebook.eu\\\/wp-content\\\/uploads\\\/2023\\\/10\\\/20210922_091249-300x225.jpg\",\"datePublished\":\"2023-07-03T08:11:04+00:00\",\"dateModified\":\"2025-06-04T08:28:03+00:00\",\"description\":\"Depuis plus de 20 ans, le concours international de livres tactiles illustr\u00e9s, Typho&Tactus fait d\u00e9couvrir des maquettes tactiles du monde entier et est un lieu d'\u00e9changes et de partage incroyable. D\u00e9j\u00e0 21 pays participants! Artistes, enseignants, associations, rejoignez-nous !\",\"breadcrumb\":{\"@id\":\"https:\\\/\\\/flexpictureebook.eu\\\/lt\\\/partenaires\\\/#breadcrumb\"},\"inLanguage\":\"lt-LT\",\"potentialAction\":[{\"@type\":\"ReadAction\",\"target\":[\"https:\\\/\\\/flexpictureebook.eu\\\/lt\\\/partenaires\\\/\"]}]},{\"@type\":\"ImageObject\",\"inLanguage\":\"lt-LT\",\"@id\":\"https:\\\/\\\/flexpictureebook.eu\\\/lt\\\/partenaires\\\/#primaryimage\",\"url\":\"https:\\\/\\\/flexpictureebook.eu\\\/wp-content\\\/uploads\\\/2023\\\/10\\\/20210922_091249-300x225.jpg\",\"contentUrl\":\"https:\\\/\\\/flexpictureebook.eu\\\/wp-content\\\/uploads\\\/2023\\\/10\\\/20210922_091249-300x225.jpg\"},{\"@type\":\"BreadcrumbList\",\"@id\":\"https:\\\/\\\/flexpictureebook.eu\\\/lt\\\/partenaires\\\/#breadcrumb\",\"itemListElement\":[{\"@type\":\"ListItem\",\"position\":1,\"name\":\"Accueil\",\"item\":\"https:\\\/\\\/flexpictureebook.eu\\\/lt\\\/\"},{\"@type\":\"ListItem\",\"position\":2,\"name\":\"Partneriai\"}]},{\"@type\":\"WebSite\",\"@id\":\"https:\\\/\\\/flexpictureebook.eu\\\/#website\",\"url\":\"https:\\\/\\\/flexpictureebook.eu\\\/\",\"name\":\"Flex Picture Ebook\",\"description\":\"Un livre num\u00e9rique pour un apprentissage inclusif\",\"publisher\":{\"@id\":\"https:\\\/\\\/flexpictureebook.eu\\\/#organization\"},\"potentialAction\":[{\"@type\":\"SearchAction\",\"target\":{\"@type\":\"EntryPoint\",\"urlTemplate\":\"https:\\\/\\\/flexpictureebook.eu\\\/?s={search_term_string}\"},\"query-input\":{\"@type\":\"PropertyValueSpecification\",\"valueRequired\":true,\"valueName\":\"search_term_string\"}}],\"inLanguage\":\"lt-LT\"},{\"@type\":\"Organization\",\"@id\":\"https:\\\/\\\/flexpictureebook.eu\\\/#organization\",\"name\":\"Flex Picture Ebook\",\"url\":\"https:\\\/\\\/flexpictureebook.eu\\\/\",\"logo\":{\"@type\":\"ImageObject\",\"inLanguage\":\"lt-LT\",\"@id\":\"https:\\\/\\\/flexpictureebook.eu\\\/#\\\/schema\\\/logo\\\/image\\\/\",\"url\":\"https:\\\/\\\/flexpictureebook.eu\\\/wp-content\\\/uploads\\\/2023\\\/06\\\/cropped-cropped-logo-ebook-512.png\",\"contentUrl\":\"https:\\\/\\\/flexpictureebook.eu\\\/wp-content\\\/uploads\\\/2023\\\/06\\\/cropped-cropped-logo-ebook-512.png\",\"width\":512,\"height\":282,\"caption\":\"Flex Picture Ebook\"},\"image\":{\"@id\":\"https:\\\/\\\/flexpictureebook.eu\\\/#\\\/schema\\\/logo\\\/image\\\/\"},\"sameAs\":[\"https:\\\/\\\/www.facebook.com\\\/lesdoigtsquirevent\\\/\",\"https:\\\/\\\/x.com\\\/EditionsLDQR\"]}]}<\/script>\n<!-- \/ Yoast SEO plugin. -->","yoast_head_json":{"title":"Partneriai - Flex Picture Ebook","description":"Depuis plus de 20 ans, le concours international de livres tactiles illustr\u00e9s, Typho&Tactus fait d\u00e9couvrir des maquettes tactiles du monde entier et est un lieu d'\u00e9changes et de partage incroyable. D\u00e9j\u00e0 21 pays participants! Artistes, enseignants, associations, rejoignez-nous !","robots":{"index":"index","follow":"follow","max-snippet":"max-snippet:-1","max-image-preview":"max-image-preview:large","max-video-preview":"max-video-preview:-1"},"canonical":"https:\/\/flexpictureebook.eu\/lt\/partenaires\/","og_locale":"lt_LT","og_type":"article","og_title":"Partneriai - Flex Picture Ebook","og_description":"Depuis plus de 20 ans, le concours international de livres tactiles illustr\u00e9s, Typho&Tactus fait d\u00e9couvrir des maquettes tactiles du monde entier et est un lieu d'\u00e9changes et de partage incroyable. D\u00e9j\u00e0 21 pays participants! Artistes, enseignants, associations, rejoignez-nous !","og_url":"https:\/\/flexpictureebook.eu\/lt\/partenaires\/","og_site_name":"Flex Picture Ebook","article_publisher":"https:\/\/www.facebook.com\/lesdoigtsquirevent\/","article_modified_time":"2025-06-04T08:28:03+00:00","og_image":[{"width":2560,"height":1920,"url":"https:\/\/flexpictureebook.eu\/wp-content\/uploads\/2023\/10\/20210922_091249-scaled.jpg","type":"image\/jpeg"}],"twitter_card":"summary_large_image","twitter_site":"@EditionsLDQR","twitter_misc":{"Est. reading time":"3 minut\u0117s"},"schema":{"@context":"https:\/\/schema.org","@graph":[{"@type":"WebPage","@id":"https:\/\/flexpictureebook.eu\/lt\/partenaires\/","url":"https:\/\/flexpictureebook.eu\/lt\/partenaires\/","name":"Partneriai - Flex Picture Ebook","isPartOf":{"@id":"https:\/\/flexpictureebook.eu\/#website"},"primaryImageOfPage":{"@id":"https:\/\/flexpictureebook.eu\/lt\/partenaires\/#primaryimage"},"image":{"@id":"https:\/\/flexpictureebook.eu\/lt\/partenaires\/#primaryimage"},"thumbnailUrl":"https:\/\/flexpictureebook.eu\/wp-content\/uploads\/2023\/10\/20210922_091249-300x225.jpg","datePublished":"2023-07-03T08:11:04+00:00","dateModified":"2025-06-04T08:28:03+00:00","description":"Depuis plus de 20 ans, le concours international de livres tactiles illustr\u00e9s, Typho&Tactus fait d\u00e9couvrir des maquettes tactiles du monde entier et est un lieu d'\u00e9changes et de partage incroyable. D\u00e9j\u00e0 21 pays participants! Artistes, enseignants, associations, rejoignez-nous !","breadcrumb":{"@id":"https:\/\/flexpictureebook.eu\/lt\/partenaires\/#breadcrumb"},"inLanguage":"lt-LT","potentialAction":[{"@type":"ReadAction","target":["https:\/\/flexpictureebook.eu\/lt\/partenaires\/"]}]},{"@type":"ImageObject","inLanguage":"lt-LT","@id":"https:\/\/flexpictureebook.eu\/lt\/partenaires\/#primaryimage","url":"https:\/\/flexpictureebook.eu\/wp-content\/uploads\/2023\/10\/20210922_091249-300x225.jpg","contentUrl":"https:\/\/flexpictureebook.eu\/wp-content\/uploads\/2023\/10\/20210922_091249-300x225.jpg"},{"@type":"BreadcrumbList","@id":"https:\/\/flexpictureebook.eu\/lt\/partenaires\/#breadcrumb","itemListElement":[{"@type":"ListItem","position":1,"name":"Accueil","item":"https:\/\/flexpictureebook.eu\/lt\/"},{"@type":"ListItem","position":2,"name":"Partneriai"}]},{"@type":"WebSite","@id":"https:\/\/flexpictureebook.eu\/#website","url":"https:\/\/flexpictureebook.eu\/","name":"Flex Picture Ebook","description":"Un livre num\u00e9rique pour un apprentissage inclusif","publisher":{"@id":"https:\/\/flexpictureebook.eu\/#organization"},"potentialAction":[{"@type":"SearchAction","target":{"@type":"EntryPoint","urlTemplate":"https:\/\/flexpictureebook.eu\/?s={search_term_string}"},"query-input":{"@type":"PropertyValueSpecification","valueRequired":true,"valueName":"search_term_string"}}],"inLanguage":"lt-LT"},{"@type":"Organization","@id":"https:\/\/flexpictureebook.eu\/#organization","name":"Flex Picture Ebook","url":"https:\/\/flexpictureebook.eu\/","logo":{"@type":"ImageObject","inLanguage":"lt-LT","@id":"https:\/\/flexpictureebook.eu\/#\/schema\/logo\/image\/","url":"https:\/\/flexpictureebook.eu\/wp-content\/uploads\/2023\/06\/cropped-cropped-logo-ebook-512.png","contentUrl":"https:\/\/flexpictureebook.eu\/wp-content\/uploads\/2023\/06\/cropped-cropped-logo-ebook-512.png","width":512,"height":282,"caption":"Flex Picture Ebook"},"image":{"@id":"https:\/\/flexpictureebook.eu\/#\/schema\/logo\/image\/"},"sameAs":["https:\/\/www.facebook.com\/lesdoigtsquirevent\/","https:\/\/x.com\/EditionsLDQR"]}]}},"_links":{"self":[{"href":"https:\/\/flexpictureebook.eu\/lt\/wp-json\/wp\/v2\/pages\/6850","targetHints":{"allow":["GET"]}}],"collection":[{"href":"https:\/\/flexpictureebook.eu\/lt\/wp-json\/wp\/v2\/pages"}],"about":[{"href":"https:\/\/flexpictureebook.eu\/lt\/wp-json\/wp\/v2\/types\/page"}],"author":[{"embeddable":true,"href":"https:\/\/flexpictureebook.eu\/lt\/wp-json\/wp\/v2\/users\/1"}],"replies":[{"embeddable":true,"href":"https:\/\/flexpictureebook.eu\/lt\/wp-json\/wp\/v2\/comments?post=6850"}],"version-history":[{"count":7,"href":"https:\/\/flexpictureebook.eu\/lt\/wp-json\/wp\/v2\/pages\/6850\/revisions"}],"predecessor-version":[{"id":9317,"href":"https:\/\/flexpictureebook.eu\/lt\/wp-json\/wp\/v2\/pages\/6850\/revisions\/9317"}],"wp:attachment":[{"href":"https:\/\/flexpictureebook.eu\/lt\/wp-json\/wp\/v2\/media?parent=6850"}],"curies":[{"name":"wp","href":"https:\/\/api.w.org\/{rel}","templated":true}]}}