{"id":6843,"date":"2023-07-03T10:08:13","date_gmt":"2023-07-03T08:08:13","guid":{"rendered":"https:\/\/flexpictureebook.eu\/le-projet\/"},"modified":"2025-12-19T15:02:31","modified_gmt":"2025-12-19T14:02:31","slug":"le-projet","status":"publish","type":"page","link":"https:\/\/flexpictureebook.eu\/lt\/a-propos\/le-projet\/","title":{"rendered":"Projektas"},"content":{"rendered":"<h2>Skaitmenin\u0117 \u012ftraukiojo mokymosi knyga<\/h2>\n<h3>PROJEKTO TIKSLAS<\/h3>\n<p>Projektas \u201eEuropean Flex Picture Ebook\u201c \u2013 tai septyni\u0173 Europos organizacij\u0173, kurios specializuojasi regos, klausos ir kognityvini\u0173 sutrikim\u0173, skaitmeninio prieinamumo ir specializuotos leidybos srityse, bendro darbo rezultatas. Visi \u0161ie partneriai susivienijo siekdami bendro tikslo: sukurti iliustruotas knygas prieinamas vaikams su negalia, pateikiant jas patobulintoje skaitmenin\u0117je versijoje standartiniu EPUB3 formatu, siekiant lygios galimyb\u0117s savaranki\u0161ko ar bendro skaitymo metu bei sustiprintos vaik\u0173 \u012ftraukties \u0161vietime.<\/p>\n<p>Pastaruoju metu prieinamos skaitmenin\u0117s leidybos srityje daugiausia d\u0117mesio skiriama teksto prieinamumui. \u0160iuo atveju projektas \u201eFlex Picture Ebook\u201c pritaiko iliustracijas, kurios labai svarbios ne tik tam, kad tekstas tapt\u0173 patrauklus vaikams, bet ir tam, kad pad\u0117t\u0173 jiems j\u012f geriau suprasti ir \u012fsiminti. Tikslas \u2013 padaryti skaitym\u0105 dar prieinamesn\u012f, kad visi vaikai gal\u0117t\u0173 m\u0117gautis skaitymu.<\/p>\n<p>\u0160\u012f bendr\u0105 tiksl\u0105 galima suskirstyti \u012f 4 ma\u017eesnius tikslus:<\/p>\n<ul>\n<li>Sudaryti s\u0105lygas daugeliui speciali\u0173j\u0173 ugdymosi poreiki\u0173 turin\u010di\u0173 vaik\u0173 skaityti t\u0105 pa\u010di\u0105 knyg\u0105 tuo pa\u010diu metu kartu su kitais bendraam\u017eiais klas\u0117je.<\/li>\n<li>Prisid\u0117ti prie lygiaverti\u0161kesnio ugdymo ir bendros vis\u0173 vaik\u0173 kult\u016bros.<\/li>\n<li>Suteikti pagalb\u0105 ugdytojams, ypa\u010d mokytojams nespecialistams, kad jie gal\u0117t\u0173 geriau suprast\u0173 negali\u0105 ir skaitmenin\u012f prieinamum\u0105 ir pad\u0117t\u0173 jiems geriau \u012fvertinti, k\u0105 mato j\u0173 vaikai \/ mokiniai ir koki\u0173 konkre\u010di\u0173 poreiki\u0173 jie d\u0117l to turi.<\/li>\n<li>Skatinti leidybos praktikos raid\u0105, kad Europoje ir kitur b\u016bt\u0173 prieinam\u0173 iliustruot\u0173 knyg\u0173 asortimentas &#8211; tiek kiekyb\u0117s, tiek kokyb\u0117s po\u017ei\u016briu.<\/li>\n<\/ul>\n<h3>5 ILIUSTRACIJ\u0172 SKAITYMO LYGIAI<\/h3>\n<p>Tikra naujov\u0117 &#8211; skaitmenin\u0117s iliustruotos knygos \u201eFlex Picture Ebook&#8221; koncepcija, kuri\u0105 vaikai gali visi\u0161kai pritaikyti savo poreikiams.<\/p>\n<p>Kiekviena iliustracija buvo perdaryta pagal 5 skaitymo lygius \u2013 nuo detaliausios iki ma\u017eiausiai detali\u0173 turin\u010dios, kartu stengiantis i\u0161laikyti esminius elementus, reikalingus supratimui:<\/p>\n<ol>\n<li>Artima originalui, kartu stengiantis i\u0161ry\u0161kinti kontrastus;<\/li>\n<li>pa\u0161alintos detal\u0117s, kurios n\u0117ra esmin\u0117s tekste;<\/li>\n<li>simboli\u0173 supaprastinimas ir perspektyvos panaikinimas;<\/li>\n<li>dekoravimo element\u0173 pa\u0161alinimas, kad likt\u0173 tik simboliai;<\/li>\n<li>pagrindinio veik\u0117jo supaprastinimas;<\/li>\n<\/ol>\n<p>iliustracij\u0173 papildymas vaizdo ir garso animacija, kuri padeda suprasti tekst\u0105.<\/p>\n<p>Galiausiai, vaikai gali intuityviai \u012fjungti ir reguliuoti visas \u0161ias funkcijas.<\/p>\n<p>Prototip\u0105 Pranc\u016bzijoje suk\u016br\u0117 asociacija \u201eLes Doigts Qui R\u00eavent\u201c, remiama Pranc\u016bzijos \u0161vietimo ministerijos ir Bourgogne-Franche-Comt\u00e9 regiono, o u\u017e jo suk\u016brim\u0105 moksli\u0161kai atsakingi Dannyelle Valente, Anna Rita Galiano ir Maureen Cosnard i\u0161 DIPHE (Development, Individual, Process, Disability and Education) laboratorijos Liumjer\u0173 Liono 2 universitete ir \u00c9douard Gentaz, Lola Chennaz ir Alexandre Kalonji i\u0161 SMAS (Sensory-Motor-Affective-Social Development) laboratorijos \u017denevos universitete. Pirmasis \u0161io projekto leidinys yra \u201eEmilis nori \u0161ik\u0161nosparnio\u201c (V. Cuvellier tekstas ir R. Badel iliustracijos). Nor\u0117tume pad\u0117koti pranc\u016bz\u0173 leidyklai \u201eGallimard jeunesse\u201c u\u017e leidim\u0105 i\u0161versti \u0161\u012f tekst\u0105 \u012f kiekvieno projekto partnerio kalb\u0105.<\/p>\n<h3>INFORMACIJA APIE PROJEKTO ETAPUS<\/h3>\n<p>Projekt\u0105 sudaro 4 pagrindiniai komponentai:<\/p>\n<ol>\n<li>Prototipas Flex Picture Ebook \u201eEmilis nori \u0161ik\u0161nosparnio&#8221; (V. Cuvellier tekstas ir R. Badelio iliustracijos) 5 kalbomis:\n<ul>\n<li>angl\u0173 kalba<\/li>\n<li>pranc\u016bz\u0173 kalba<\/li>\n<li>vokie\u010di\u0173 kalba<\/li>\n<li>ital\u0173 kalba<\/li>\n<li>lietuvi\u0173 kalba<\/li>\n<\/ul>\n<\/li>\n<li>Sukurti pedagoginiai scenarijai, kaip naudoti \u201eFlex Picture Ebook&#8221; prototip\u0105 klas\u0117je:\n<ul>\n<li>suteikti mokytojams galimyb\u0119 klas\u0117je naudoti vaik\u0173 literat\u016br\u0105 ir tuo pa\u010diu metu siekti bendr\u0173 ugdymo tiksl\u0173 visiems mokiniams<\/li>\n<li>pl\u0117sti mokytoj\u0173 nespecialist\u0173 \u017einias apie negali\u0105 ir skaitmenin\u012f prieinamum\u0105 bei jo panaudojim\u0105.<\/li>\n<\/ul>\n<\/li>\n<li>Priemon\u0117s ir gair\u0117s, skirtos pagerinti knyg\u0173 k\u016brim\u0105 pagal <em>\u201eFlex Picture Ebook&#8221;<\/em> koncepcij\u0105:\n<ul>\n<li>Iliustracij\u0173 pritaikymo vaikams, turintiems dideli\u0173 regos sutrikim\u0173 ir mokymosi sunkum\u0173, gair\u0117s<\/li>\n<li>Knyg\u0173 pritaikymo metodikos ir programin\u0117s \u012frangos priemoni\u0173 specifikacija<\/li>\n<li>Elektronini\u0173 knyg\u0173 pritaikymo mokymo med\u017eiaga<\/li>\n<\/ul>\n<\/li>\n<li>Mokymai turinio gamintojams, skirti skatinti knyg\u0173 leidyb\u0105 pagal <em>\u201eFlex Picture Ebook&#8221;<\/em> koncepcij\u0105:\n<ul>\n<li>Mokytoj\u0173, leid\u0117j\u0173, transkribuotoj\u0173, t\u0117v\u0173 ir bibliotekinink\u0173 informavimas apie prieinam\u0173 iliustruot\u0173 skaitmenini\u0173 i\u0161tekli\u0173, skirt\u0173 kokybi\u0161kesniam ir \u012ftraukesniam mokymuisi, egzistavim\u0105.<\/li>\n<li>\u012etikinti mokytojus, leid\u0117jus ir transkribuotojus naudoti m\u016bs\u0173 metod\u0105 ir prakti\u0161kai i\u0161bandytas darbo priemones.<\/li>\n<li>mokyti mokytojus, leid\u0117jus ir transkribuotojus naudotis m\u016bs\u0173 metodu ir darbo priemon\u0117mis.<\/li>\n<\/ul>\n<\/li>\n<\/ol>\n<p>\u0160is projektas buvo \u012fgyvendintas glaud\u017eiai bendradarbiaujant su Ludovic Bal i\u0161 R\u00e9seau Canop\u00e9, Hauts-de-France (Pranc\u016bzija), kuris yra epub3 failo, naudoto kaip modelis vis\u0105 Flex Picture Ebook k\u016brimo laikotarp\u012f, informatikos k\u016br\u0117jas.<\/p>\n<h3 data-start=\"0\" data-end=\"23\">Projekto rezultatai<\/h3>\n<p data-start=\"25\" data-end=\"308\">D\u017eiaugiam\u0117s gal\u0117dami prane\u0161ti, kad m\u016bs\u0173 Europos projektas <em data-start=\"83\" data-end=\"103\">Flex Picture Ebook<\/em> buvo \u012fvertintas \u201eErasmus+\u201c agent\u016bros pagal Europos Komisijos nustatytus kriterijus, susijusius su projekto aktualumu, kokybe, poveikiu ir rezultat\u0173 sklaida. Projektas gavo labai auk\u0161t\u0105 kokyb\u0117s \u012fvertinim\u0105.<\/p>\n<p data-start=\"310\" data-end=\"492\" data-is-last-node=\"\" data-is-only-node=\"\">Pripa\u017e\u012fstant projekto \u012fgyvendinim\u0105 ir jo rezultatus, mums buvo suteiktas <strong data-start=\"383\" data-end=\"407\">\u201eGerosios praktikos\u201c<\/strong> \u017eenklas, patvirtinantis m\u016bs\u0173 \u012fsipareigojim\u0105 ir \u0161io projekto institucin\u012f pripa\u017einim\u0105.<\/p>\n<p data-start=\"310\" data-end=\"492\" data-is-last-node=\"\" data-is-only-node=\"\"><img loading=\"lazy\" decoding=\"async\" class=\"alignnone size-medium wp-image-9896\" src=\"https:\/\/flexpictureebook.eu\/wp-content\/uploads\/2025\/12\/grand_logo_bonne_pratique_1690791518-300x286.png\" alt=\"Bonne pratique Erasmus +\" width=\"300\" height=\"286\" srcset=\"https:\/\/flexpictureebook.eu\/wp-content\/uploads\/2025\/12\/grand_logo_bonne_pratique_1690791518-300x286.png 300w, https:\/\/flexpictureebook.eu\/wp-content\/uploads\/2025\/12\/grand_logo_bonne_pratique_1690791518-1024x976.png 1024w, https:\/\/flexpictureebook.eu\/wp-content\/uploads\/2025\/12\/grand_logo_bonne_pratique_1690791518-768x732.png 768w, https:\/\/flexpictureebook.eu\/wp-content\/uploads\/2025\/12\/grand_logo_bonne_pratique_1690791518-1536x1464.png 1536w, https:\/\/flexpictureebook.eu\/wp-content\/uploads\/2025\/12\/grand_logo_bonne_pratique_1690791518-2048x1951.png 2048w, https:\/\/flexpictureebook.eu\/wp-content\/uploads\/2025\/12\/grand_logo_bonne_pratique_1690791518-157x150.png 157w\" sizes=\"auto, (max-width: 300px) 100vw, 300px\" \/><\/p>\n","protected":false},"excerpt":{"rendered":"<p>Skaitmenin\u0117 \u012ftraukiojo mokymosi knyga PROJEKTO TIKSLAS Projektas \u201eEuropean Flex Picture Ebook\u201c \u2013 tai septyni\u0173 Europos organizacij\u0173, kurios specializuojasi regos, klausos ir kognityvini\u0173 sutrikim\u0173, skaitmeninio prieinamumo ir specializuotos leidybos srityse, bendro darbo rezultatas. Visi \u0161ie partneriai susivienijo siekdami bendro tikslo: sukurti iliustruotas knygas prieinamas vaikams su negalia, pateikiant jas patobulintoje skaitmenin\u0117je versijoje standartiniu EPUB3 formatu, siekiant [&hellip;]<\/p>\n","protected":false},"author":1,"featured_media":6844,"parent":6853,"menu_order":24,"comment_status":"closed","ping_status":"closed","template":"","meta":{"_acf_changed":false,"footnotes":""},"class_list":["post-6843","page","type-page","status-publish","has-post-thumbnail","hentry","clearfix"],"acf":[],"yoast_head":"<!-- This site is optimized with the Yoast SEO plugin v27.3 - https:\/\/yoast.com\/product\/yoast-seo-wordpress\/ -->\n<title>Projektas - Flex Picture Ebook<\/title>\n<meta name=\"description\" content=\"Depuis plus de 20 ans, le concours international de livres tactiles illustr\u00e9s, Typho&amp;Tactus fait d\u00e9couvrir des maquettes tactiles du monde entier et est un lieu d&#039;\u00e9changes et de partage incroyable. D\u00e9j\u00e0 21 pays participants! Artistes, enseignants, associations, rejoignez-nous !\" \/>\n<meta name=\"robots\" content=\"index, follow, max-snippet:-1, max-image-preview:large, max-video-preview:-1\" \/>\n<link rel=\"canonical\" href=\"https:\/\/flexpictureebook.eu\/lt\/a-propos\/le-projet\/\" \/>\n<meta property=\"og:locale\" content=\"lt_LT\" \/>\n<meta property=\"og:type\" content=\"article\" \/>\n<meta property=\"og:title\" content=\"Projektas - Flex Picture Ebook\" \/>\n<meta property=\"og:description\" content=\"Depuis plus de 20 ans, le concours international de livres tactiles illustr\u00e9s, Typho&amp;Tactus fait d\u00e9couvrir des maquettes tactiles du monde entier et est un lieu d&#039;\u00e9changes et de partage incroyable. D\u00e9j\u00e0 21 pays participants! Artistes, enseignants, associations, rejoignez-nous !\" \/>\n<meta property=\"og:url\" content=\"https:\/\/flexpictureebook.eu\/lt\/a-propos\/le-projet\/\" \/>\n<meta property=\"og:site_name\" content=\"Flex Picture Ebook\" \/>\n<meta property=\"article:publisher\" content=\"https:\/\/www.facebook.com\/lesdoigtsquirevent\/\" \/>\n<meta property=\"article:modified_time\" content=\"2025-12-19T14:02:31+00:00\" \/>\n<meta property=\"og:image\" content=\"https:\/\/flexpictureebook.eu\/wp-content\/uploads\/2023\/05\/pexels-julia-m-cameron-4145077-scaled.jpg\" \/>\n\t<meta property=\"og:image:width\" content=\"2560\" \/>\n\t<meta property=\"og:image:height\" content=\"1708\" \/>\n\t<meta property=\"og:image:type\" content=\"image\/jpeg\" \/>\n<meta name=\"twitter:card\" content=\"summary_large_image\" \/>\n<meta name=\"twitter:site\" content=\"@EditionsLDQR\" \/>\n<meta name=\"twitter:label1\" content=\"Est. reading time\" \/>\n\t<meta name=\"twitter:data1\" content=\"4 minut\u0117s\" \/>\n<script type=\"application\/ld+json\" class=\"yoast-schema-graph\">{\"@context\":\"https:\\\/\\\/schema.org\",\"@graph\":[{\"@type\":\"WebPage\",\"@id\":\"https:\\\/\\\/flexpictureebook.eu\\\/lt\\\/a-propos\\\/le-projet\\\/\",\"url\":\"https:\\\/\\\/flexpictureebook.eu\\\/lt\\\/a-propos\\\/le-projet\\\/\",\"name\":\"Projektas - Flex Picture Ebook\",\"isPartOf\":{\"@id\":\"https:\\\/\\\/flexpictureebook.eu\\\/#website\"},\"primaryImageOfPage\":{\"@id\":\"https:\\\/\\\/flexpictureebook.eu\\\/lt\\\/a-propos\\\/le-projet\\\/#primaryimage\"},\"image\":{\"@id\":\"https:\\\/\\\/flexpictureebook.eu\\\/lt\\\/a-propos\\\/le-projet\\\/#primaryimage\"},\"thumbnailUrl\":\"https:\\\/\\\/flexpictureebook.eu\\\/wp-content\\\/uploads\\\/2023\\\/05\\\/pexels-julia-m-cameron-4145077-scaled.jpg\",\"datePublished\":\"2023-07-03T08:08:13+00:00\",\"dateModified\":\"2025-12-19T14:02:31+00:00\",\"description\":\"Depuis plus de 20 ans, le concours international de livres tactiles illustr\u00e9s, Typho&Tactus fait d\u00e9couvrir des maquettes tactiles du monde entier et est un lieu d'\u00e9changes et de partage incroyable. D\u00e9j\u00e0 21 pays participants! Artistes, enseignants, associations, rejoignez-nous !\",\"breadcrumb\":{\"@id\":\"https:\\\/\\\/flexpictureebook.eu\\\/lt\\\/a-propos\\\/le-projet\\\/#breadcrumb\"},\"inLanguage\":\"lt-LT\",\"potentialAction\":[{\"@type\":\"ReadAction\",\"target\":[\"https:\\\/\\\/flexpictureebook.eu\\\/lt\\\/a-propos\\\/le-projet\\\/\"]}]},{\"@type\":\"ImageObject\",\"inLanguage\":\"lt-LT\",\"@id\":\"https:\\\/\\\/flexpictureebook.eu\\\/lt\\\/a-propos\\\/le-projet\\\/#primaryimage\",\"url\":\"https:\\\/\\\/flexpictureebook.eu\\\/wp-content\\\/uploads\\\/2023\\\/05\\\/pexels-julia-m-cameron-4145077-scaled.jpg\",\"contentUrl\":\"https:\\\/\\\/flexpictureebook.eu\\\/wp-content\\\/uploads\\\/2023\\\/05\\\/pexels-julia-m-cameron-4145077-scaled.jpg\",\"width\":2560,\"height\":1708},{\"@type\":\"BreadcrumbList\",\"@id\":\"https:\\\/\\\/flexpictureebook.eu\\\/lt\\\/a-propos\\\/le-projet\\\/#breadcrumb\",\"itemListElement\":[{\"@type\":\"ListItem\",\"position\":1,\"name\":\"Accueil\",\"item\":\"https:\\\/\\\/flexpictureebook.eu\\\/lt\\\/\"},{\"@type\":\"ListItem\",\"position\":2,\"name\":\"Apie projekt\u0105\",\"item\":\"https:\\\/\\\/flexpictureebook.eu\\\/lt\\\/a-propos\\\/\"},{\"@type\":\"ListItem\",\"position\":3,\"name\":\"Projektas\"}]},{\"@type\":\"WebSite\",\"@id\":\"https:\\\/\\\/flexpictureebook.eu\\\/#website\",\"url\":\"https:\\\/\\\/flexpictureebook.eu\\\/\",\"name\":\"Flex Picture Ebook\",\"description\":\"Un livre num\u00e9rique pour un apprentissage inclusif\",\"publisher\":{\"@id\":\"https:\\\/\\\/flexpictureebook.eu\\\/#organization\"},\"potentialAction\":[{\"@type\":\"SearchAction\",\"target\":{\"@type\":\"EntryPoint\",\"urlTemplate\":\"https:\\\/\\\/flexpictureebook.eu\\\/?s={search_term_string}\"},\"query-input\":{\"@type\":\"PropertyValueSpecification\",\"valueRequired\":true,\"valueName\":\"search_term_string\"}}],\"inLanguage\":\"lt-LT\"},{\"@type\":\"Organization\",\"@id\":\"https:\\\/\\\/flexpictureebook.eu\\\/#organization\",\"name\":\"Flex Picture Ebook\",\"url\":\"https:\\\/\\\/flexpictureebook.eu\\\/\",\"logo\":{\"@type\":\"ImageObject\",\"inLanguage\":\"lt-LT\",\"@id\":\"https:\\\/\\\/flexpictureebook.eu\\\/#\\\/schema\\\/logo\\\/image\\\/\",\"url\":\"https:\\\/\\\/flexpictureebook.eu\\\/wp-content\\\/uploads\\\/2023\\\/06\\\/cropped-cropped-logo-ebook-512.png\",\"contentUrl\":\"https:\\\/\\\/flexpictureebook.eu\\\/wp-content\\\/uploads\\\/2023\\\/06\\\/cropped-cropped-logo-ebook-512.png\",\"width\":512,\"height\":282,\"caption\":\"Flex Picture Ebook\"},\"image\":{\"@id\":\"https:\\\/\\\/flexpictureebook.eu\\\/#\\\/schema\\\/logo\\\/image\\\/\"},\"sameAs\":[\"https:\\\/\\\/www.facebook.com\\\/lesdoigtsquirevent\\\/\",\"https:\\\/\\\/x.com\\\/EditionsLDQR\"]}]}<\/script>\n<!-- \/ Yoast SEO plugin. -->","yoast_head_json":{"title":"Projektas - Flex Picture Ebook","description":"Depuis plus de 20 ans, le concours international de livres tactiles illustr\u00e9s, Typho&Tactus fait d\u00e9couvrir des maquettes tactiles du monde entier et est un lieu d'\u00e9changes et de partage incroyable. D\u00e9j\u00e0 21 pays participants! Artistes, enseignants, associations, rejoignez-nous !","robots":{"index":"index","follow":"follow","max-snippet":"max-snippet:-1","max-image-preview":"max-image-preview:large","max-video-preview":"max-video-preview:-1"},"canonical":"https:\/\/flexpictureebook.eu\/lt\/a-propos\/le-projet\/","og_locale":"lt_LT","og_type":"article","og_title":"Projektas - Flex Picture Ebook","og_description":"Depuis plus de 20 ans, le concours international de livres tactiles illustr\u00e9s, Typho&Tactus fait d\u00e9couvrir des maquettes tactiles du monde entier et est un lieu d'\u00e9changes et de partage incroyable. D\u00e9j\u00e0 21 pays participants! Artistes, enseignants, associations, rejoignez-nous !","og_url":"https:\/\/flexpictureebook.eu\/lt\/a-propos\/le-projet\/","og_site_name":"Flex Picture Ebook","article_publisher":"https:\/\/www.facebook.com\/lesdoigtsquirevent\/","article_modified_time":"2025-12-19T14:02:31+00:00","og_image":[{"width":2560,"height":1708,"url":"https:\/\/flexpictureebook.eu\/wp-content\/uploads\/2023\/05\/pexels-julia-m-cameron-4145077-scaled.jpg","type":"image\/jpeg"}],"twitter_card":"summary_large_image","twitter_site":"@EditionsLDQR","twitter_misc":{"Est. reading time":"4 minut\u0117s"},"schema":{"@context":"https:\/\/schema.org","@graph":[{"@type":"WebPage","@id":"https:\/\/flexpictureebook.eu\/lt\/a-propos\/le-projet\/","url":"https:\/\/flexpictureebook.eu\/lt\/a-propos\/le-projet\/","name":"Projektas - Flex Picture Ebook","isPartOf":{"@id":"https:\/\/flexpictureebook.eu\/#website"},"primaryImageOfPage":{"@id":"https:\/\/flexpictureebook.eu\/lt\/a-propos\/le-projet\/#primaryimage"},"image":{"@id":"https:\/\/flexpictureebook.eu\/lt\/a-propos\/le-projet\/#primaryimage"},"thumbnailUrl":"https:\/\/flexpictureebook.eu\/wp-content\/uploads\/2023\/05\/pexels-julia-m-cameron-4145077-scaled.jpg","datePublished":"2023-07-03T08:08:13+00:00","dateModified":"2025-12-19T14:02:31+00:00","description":"Depuis plus de 20 ans, le concours international de livres tactiles illustr\u00e9s, Typho&Tactus fait d\u00e9couvrir des maquettes tactiles du monde entier et est un lieu d'\u00e9changes et de partage incroyable. D\u00e9j\u00e0 21 pays participants! Artistes, enseignants, associations, rejoignez-nous !","breadcrumb":{"@id":"https:\/\/flexpictureebook.eu\/lt\/a-propos\/le-projet\/#breadcrumb"},"inLanguage":"lt-LT","potentialAction":[{"@type":"ReadAction","target":["https:\/\/flexpictureebook.eu\/lt\/a-propos\/le-projet\/"]}]},{"@type":"ImageObject","inLanguage":"lt-LT","@id":"https:\/\/flexpictureebook.eu\/lt\/a-propos\/le-projet\/#primaryimage","url":"https:\/\/flexpictureebook.eu\/wp-content\/uploads\/2023\/05\/pexels-julia-m-cameron-4145077-scaled.jpg","contentUrl":"https:\/\/flexpictureebook.eu\/wp-content\/uploads\/2023\/05\/pexels-julia-m-cameron-4145077-scaled.jpg","width":2560,"height":1708},{"@type":"BreadcrumbList","@id":"https:\/\/flexpictureebook.eu\/lt\/a-propos\/le-projet\/#breadcrumb","itemListElement":[{"@type":"ListItem","position":1,"name":"Accueil","item":"https:\/\/flexpictureebook.eu\/lt\/"},{"@type":"ListItem","position":2,"name":"Apie projekt\u0105","item":"https:\/\/flexpictureebook.eu\/lt\/a-propos\/"},{"@type":"ListItem","position":3,"name":"Projektas"}]},{"@type":"WebSite","@id":"https:\/\/flexpictureebook.eu\/#website","url":"https:\/\/flexpictureebook.eu\/","name":"Flex Picture Ebook","description":"Un livre num\u00e9rique pour un apprentissage inclusif","publisher":{"@id":"https:\/\/flexpictureebook.eu\/#organization"},"potentialAction":[{"@type":"SearchAction","target":{"@type":"EntryPoint","urlTemplate":"https:\/\/flexpictureebook.eu\/?s={search_term_string}"},"query-input":{"@type":"PropertyValueSpecification","valueRequired":true,"valueName":"search_term_string"}}],"inLanguage":"lt-LT"},{"@type":"Organization","@id":"https:\/\/flexpictureebook.eu\/#organization","name":"Flex Picture Ebook","url":"https:\/\/flexpictureebook.eu\/","logo":{"@type":"ImageObject","inLanguage":"lt-LT","@id":"https:\/\/flexpictureebook.eu\/#\/schema\/logo\/image\/","url":"https:\/\/flexpictureebook.eu\/wp-content\/uploads\/2023\/06\/cropped-cropped-logo-ebook-512.png","contentUrl":"https:\/\/flexpictureebook.eu\/wp-content\/uploads\/2023\/06\/cropped-cropped-logo-ebook-512.png","width":512,"height":282,"caption":"Flex Picture Ebook"},"image":{"@id":"https:\/\/flexpictureebook.eu\/#\/schema\/logo\/image\/"},"sameAs":["https:\/\/www.facebook.com\/lesdoigtsquirevent\/","https:\/\/x.com\/EditionsLDQR"]}]}},"_links":{"self":[{"href":"https:\/\/flexpictureebook.eu\/lt\/wp-json\/wp\/v2\/pages\/6843","targetHints":{"allow":["GET"]}}],"collection":[{"href":"https:\/\/flexpictureebook.eu\/lt\/wp-json\/wp\/v2\/pages"}],"about":[{"href":"https:\/\/flexpictureebook.eu\/lt\/wp-json\/wp\/v2\/types\/page"}],"author":[{"embeddable":true,"href":"https:\/\/flexpictureebook.eu\/lt\/wp-json\/wp\/v2\/users\/1"}],"replies":[{"embeddable":true,"href":"https:\/\/flexpictureebook.eu\/lt\/wp-json\/wp\/v2\/comments?post=6843"}],"version-history":[{"count":8,"href":"https:\/\/flexpictureebook.eu\/lt\/wp-json\/wp\/v2\/pages\/6843\/revisions"}],"predecessor-version":[{"id":9904,"href":"https:\/\/flexpictureebook.eu\/lt\/wp-json\/wp\/v2\/pages\/6843\/revisions\/9904"}],"up":[{"embeddable":true,"href":"https:\/\/flexpictureebook.eu\/lt\/wp-json\/wp\/v2\/pages\/6853"}],"wp:featuredmedia":[{"embeddable":true,"href":"https:\/\/flexpictureebook.eu\/lt\/wp-json\/wp\/v2\/media\/6844"}],"wp:attachment":[{"href":"https:\/\/flexpictureebook.eu\/lt\/wp-json\/wp\/v2\/media?parent=6843"}],"curies":[{"name":"wp","href":"https:\/\/api.w.org\/{rel}","templated":true}]}}