{"id":7044,"date":"2023-07-03T10:12:12","date_gmt":"2023-07-03T08:12:12","guid":{"rendered":"https:\/\/flexpictureebook.eu\/epub3-disponible\/se-procurer-le-livre\/"},"modified":"2024-03-13T16:40:34","modified_gmt":"2024-03-13T15:40:34","slug":"se-procurer-le-livre","status":"publish","type":"page","link":"https:\/\/flexpictureebook.eu\/it\/epub3-disponible\/se-procurer-le-livre\/","title":{"rendered":"Ottenere i libri"},"content":{"rendered":"<h2>Come si legge un estratto del nostro EPUB3 ?<\/h2>\n<p>Potete scaricare l&#8217;estratto qui sotto e leggerlo sul vostro computer o tablet utilizzando i seguenti software di lettura gratuiti:<\/p>\n<p>Su Ipad \/ MAC : applicazione <a href=\"https:\/\/apps.apple.com\/fr\/app\/apple-books\/id364709193\">BOOKS<\/a><br \/>\nSu Android : applicazione <a href=\"https:\/\/play.google.com\/store\/apps\/details?id=com.gmail.jxlab.app.reasily&amp;hl=fr&amp;gl=US\">Reasily<\/a>\u00a0\/\u00a0<a href=\"https:\/\/github.com\/readium\/awesome-readium#apps-based-on-readium-mobile\">Readium Mobile<\/a><br \/>\nSu PC : applicazione <a href=\"https:\/\/apps.microsoft.com\/store\/detail\/thorium-reader\/9NFZP1G7M2SC?hl=fr-fr&amp;gl=fr\">Thorium<\/a><\/p>\n<h2>Per scaricare un estratto del nostro EPUB3<\/h2>\n<h3>In italiano:<\/h3>\n<p>Scarica un estratto dell&#8217;EPUB3 \u00ab\u00a0<a href=\"https:\/\/flexpictureebook.eu\/wp-content\/uploads\/2024\/03\/it_extraits.epub_.zip\">Leo vuole un pipistrello\u00a0\u00bb (estratto)<\/a><\/p>\n<h3>In francese:<\/h3>\n<p>Scarica un estratto dell&#8217;EPUB3 <a href=\"https:\/\/flexpictureebook.eu\/wp-content\/uploads\/2024\/03\/fr_extraits.epub_.zip\">\u00ab\u00a0\u00c9mile veut une chauve-souris\u00a0\u00bb (extrait)<\/a>.<br \/>\nLa versione francese \u00e8 pubblicata integralmente da <a href=\"https:\/\/ldqr.org\/catalogue\/emile-epub3\/\">Les Doigts Qui R\u00eavent<\/a> e distribuita alle librerie online tramite Immat\u00e9riel.<\/p>\n<h3>In inglese:<\/h3>\n<p>Scarica un estratto dell&#8217;EPUB3 \u00ab\u00a0<a href=\"https:\/\/flexpictureebook.eu\/wp-content\/uploads\/2024\/03\/en_extraits.epub_.zip\">Ben wants a bat\u00a0\u00bb (extract)<\/a><\/p>\n<h3>In tedesco:<\/h3>\n<p>Scarica un estratto dell&#8217;EPUB3 \u00ab\u00a0<a href=\"https:\/\/flexpictureebook.eu\/wp-content\/uploads\/2024\/03\/ger_extraits.epub_.zip\">Ben will eine Fledermaus\u00a0\u00bb (auszug)<\/a><\/p>\n<h3>In lituano:<\/h3>\n<p>Scarica un estratto dell&#8217;EPUB3 \u00ab <a href=\"https:\/\/flexpictureebook.eu\/wp-content\/uploads\/2024\/03\/lit_extraits.epub_.zip\">Emilis nori \u0161ik\u0161nosparnio\u00a0\u00bb (i\u0161trauka)<\/a><\/p>\n<p>&nbsp;<\/p>\n","protected":false},"excerpt":{"rendered":"<p>Come si legge un estratto del nostro EPUB3 ? Potete scaricare l&#8217;estratto qui sotto e leggerlo sul vostro computer o tablet utilizzando i seguenti software di lettura gratuiti: Su Ipad \/ MAC : applicazione BOOKS Su Android : applicazione Reasily\u00a0\/\u00a0Readium Mobile Su PC : applicazione Thorium Per scaricare un estratto del nostro EPUB3 In italiano: [&hellip;]<\/p>\n","protected":false},"author":1,"featured_media":0,"parent":7035,"menu_order":46,"comment_status":"closed","ping_status":"closed","template":"","meta":{"_acf_changed":false,"footnotes":""},"class_list":["post-7044","page","type-page","status-publish","hentry","clearfix"],"acf":[],"yoast_head":"<!-- This site is optimized with the Yoast SEO plugin v27.4 - https:\/\/yoast.com\/product\/yoast-seo-wordpress\/ -->\n<title>Ottenere i libri - Flex Picture Ebook<\/title>\n<meta name=\"description\" content=\"Depuis plus de 20 ans, le concours international de livres tactiles illustr\u00e9s, Typho&amp;Tactus fait d\u00e9couvrir des maquettes tactiles du monde entier et est un lieu d&#039;\u00e9changes et de partage incroyable. D\u00e9j\u00e0 21 pays participants! Artistes, enseignants, associations, rejoignez-nous !\" \/>\n<meta name=\"robots\" content=\"index, follow, max-snippet:-1, max-image-preview:large, max-video-preview:-1\" \/>\n<link rel=\"canonical\" href=\"https:\/\/flexpictureebook.eu\/it\/epub3-disponible\/se-procurer-le-livre\/\" \/>\n<meta property=\"og:locale\" content=\"it_IT\" \/>\n<meta property=\"og:type\" content=\"article\" \/>\n<meta property=\"og:title\" content=\"Ottenere i libri - Flex Picture Ebook\" \/>\n<meta property=\"og:description\" content=\"Depuis plus de 20 ans, le concours international de livres tactiles illustr\u00e9s, Typho&amp;Tactus fait d\u00e9couvrir des maquettes tactiles du monde entier et est un lieu d&#039;\u00e9changes et de partage incroyable. D\u00e9j\u00e0 21 pays participants! Artistes, enseignants, associations, rejoignez-nous !\" \/>\n<meta property=\"og:url\" content=\"https:\/\/flexpictureebook.eu\/it\/epub3-disponible\/se-procurer-le-livre\/\" \/>\n<meta property=\"og:site_name\" content=\"Flex Picture Ebook\" \/>\n<meta property=\"article:publisher\" content=\"https:\/\/www.facebook.com\/lesdoigtsquirevent\/\" \/>\n<meta property=\"article:modified_time\" content=\"2024-03-13T15:40:34+00:00\" \/>\n<meta name=\"twitter:card\" content=\"summary_large_image\" \/>\n<meta name=\"twitter:site\" content=\"@EditionsLDQR\" \/>\n<meta name=\"twitter:label1\" content=\"Tempo di lettura stimato\" \/>\n\t<meta name=\"twitter:data1\" content=\"1 minuto\" \/>\n<script type=\"application\/ld+json\" class=\"yoast-schema-graph\">{\"@context\":\"https:\\\/\\\/schema.org\",\"@graph\":[{\"@type\":\"WebPage\",\"@id\":\"https:\\\/\\\/flexpictureebook.eu\\\/it\\\/epub3-disponible\\\/se-procurer-le-livre\\\/\",\"url\":\"https:\\\/\\\/flexpictureebook.eu\\\/it\\\/epub3-disponible\\\/se-procurer-le-livre\\\/\",\"name\":\"Ottenere i libri - Flex Picture Ebook\",\"isPartOf\":{\"@id\":\"https:\\\/\\\/flexpictureebook.eu\\\/#website\"},\"datePublished\":\"2023-07-03T08:12:12+00:00\",\"dateModified\":\"2024-03-13T15:40:34+00:00\",\"description\":\"Depuis plus de 20 ans, le concours international de livres tactiles illustr\u00e9s, Typho&Tactus fait d\u00e9couvrir des maquettes tactiles du monde entier et est un lieu d'\u00e9changes et de partage incroyable. D\u00e9j\u00e0 21 pays participants! Artistes, enseignants, associations, rejoignez-nous !\",\"breadcrumb\":{\"@id\":\"https:\\\/\\\/flexpictureebook.eu\\\/it\\\/epub3-disponible\\\/se-procurer-le-livre\\\/#breadcrumb\"},\"inLanguage\":\"it-IT\",\"potentialAction\":[{\"@type\":\"ReadAction\",\"target\":[\"https:\\\/\\\/flexpictureebook.eu\\\/it\\\/epub3-disponible\\\/se-procurer-le-livre\\\/\"]}]},{\"@type\":\"BreadcrumbList\",\"@id\":\"https:\\\/\\\/flexpictureebook.eu\\\/it\\\/epub3-disponible\\\/se-procurer-le-livre\\\/#breadcrumb\",\"itemListElement\":[{\"@type\":\"ListItem\",\"position\":1,\"name\":\"Accueil\",\"item\":\"https:\\\/\\\/flexpictureebook.eu\\\/it\\\/\"},{\"@type\":\"ListItem\",\"position\":2,\"name\":\"EPUB3 Disponibile\",\"item\":\"https:\\\/\\\/flexpictureebook.eu\\\/it\\\/epub3-disponible\\\/\"},{\"@type\":\"ListItem\",\"position\":3,\"name\":\"Ottenere i libri\"}]},{\"@type\":\"WebSite\",\"@id\":\"https:\\\/\\\/flexpictureebook.eu\\\/#website\",\"url\":\"https:\\\/\\\/flexpictureebook.eu\\\/\",\"name\":\"Flex Picture Ebook\",\"description\":\"Un livre num\u00e9rique pour un apprentissage inclusif\",\"publisher\":{\"@id\":\"https:\\\/\\\/flexpictureebook.eu\\\/#organization\"},\"potentialAction\":[{\"@type\":\"SearchAction\",\"target\":{\"@type\":\"EntryPoint\",\"urlTemplate\":\"https:\\\/\\\/flexpictureebook.eu\\\/?s={search_term_string}\"},\"query-input\":{\"@type\":\"PropertyValueSpecification\",\"valueRequired\":true,\"valueName\":\"search_term_string\"}}],\"inLanguage\":\"it-IT\"},{\"@type\":\"Organization\",\"@id\":\"https:\\\/\\\/flexpictureebook.eu\\\/#organization\",\"name\":\"Flex Picture Ebook\",\"url\":\"https:\\\/\\\/flexpictureebook.eu\\\/\",\"logo\":{\"@type\":\"ImageObject\",\"inLanguage\":\"it-IT\",\"@id\":\"https:\\\/\\\/flexpictureebook.eu\\\/#\\\/schema\\\/logo\\\/image\\\/\",\"url\":\"https:\\\/\\\/flexpictureebook.eu\\\/wp-content\\\/uploads\\\/2023\\\/06\\\/cropped-cropped-logo-ebook-512.png\",\"contentUrl\":\"https:\\\/\\\/flexpictureebook.eu\\\/wp-content\\\/uploads\\\/2023\\\/06\\\/cropped-cropped-logo-ebook-512.png\",\"width\":512,\"height\":282,\"caption\":\"Flex Picture Ebook\"},\"image\":{\"@id\":\"https:\\\/\\\/flexpictureebook.eu\\\/#\\\/schema\\\/logo\\\/image\\\/\"},\"sameAs\":[\"https:\\\/\\\/www.facebook.com\\\/lesdoigtsquirevent\\\/\",\"https:\\\/\\\/x.com\\\/EditionsLDQR\"]}]}<\/script>\n<!-- \/ Yoast SEO plugin. -->","yoast_head_json":{"title":"Ottenere i libri - Flex Picture Ebook","description":"Depuis plus de 20 ans, le concours international de livres tactiles illustr\u00e9s, Typho&Tactus fait d\u00e9couvrir des maquettes tactiles du monde entier et est un lieu d'\u00e9changes et de partage incroyable. D\u00e9j\u00e0 21 pays participants! Artistes, enseignants, associations, rejoignez-nous !","robots":{"index":"index","follow":"follow","max-snippet":"max-snippet:-1","max-image-preview":"max-image-preview:large","max-video-preview":"max-video-preview:-1"},"canonical":"https:\/\/flexpictureebook.eu\/it\/epub3-disponible\/se-procurer-le-livre\/","og_locale":"it_IT","og_type":"article","og_title":"Ottenere i libri - Flex Picture Ebook","og_description":"Depuis plus de 20 ans, le concours international de livres tactiles illustr\u00e9s, Typho&Tactus fait d\u00e9couvrir des maquettes tactiles du monde entier et est un lieu d'\u00e9changes et de partage incroyable. D\u00e9j\u00e0 21 pays participants! Artistes, enseignants, associations, rejoignez-nous !","og_url":"https:\/\/flexpictureebook.eu\/it\/epub3-disponible\/se-procurer-le-livre\/","og_site_name":"Flex Picture Ebook","article_publisher":"https:\/\/www.facebook.com\/lesdoigtsquirevent\/","article_modified_time":"2024-03-13T15:40:34+00:00","twitter_card":"summary_large_image","twitter_site":"@EditionsLDQR","twitter_misc":{"Tempo di lettura stimato":"1 minuto"},"schema":{"@context":"https:\/\/schema.org","@graph":[{"@type":"WebPage","@id":"https:\/\/flexpictureebook.eu\/it\/epub3-disponible\/se-procurer-le-livre\/","url":"https:\/\/flexpictureebook.eu\/it\/epub3-disponible\/se-procurer-le-livre\/","name":"Ottenere i libri - Flex Picture Ebook","isPartOf":{"@id":"https:\/\/flexpictureebook.eu\/#website"},"datePublished":"2023-07-03T08:12:12+00:00","dateModified":"2024-03-13T15:40:34+00:00","description":"Depuis plus de 20 ans, le concours international de livres tactiles illustr\u00e9s, Typho&Tactus fait d\u00e9couvrir des maquettes tactiles du monde entier et est un lieu d'\u00e9changes et de partage incroyable. D\u00e9j\u00e0 21 pays participants! Artistes, enseignants, associations, rejoignez-nous !","breadcrumb":{"@id":"https:\/\/flexpictureebook.eu\/it\/epub3-disponible\/se-procurer-le-livre\/#breadcrumb"},"inLanguage":"it-IT","potentialAction":[{"@type":"ReadAction","target":["https:\/\/flexpictureebook.eu\/it\/epub3-disponible\/se-procurer-le-livre\/"]}]},{"@type":"BreadcrumbList","@id":"https:\/\/flexpictureebook.eu\/it\/epub3-disponible\/se-procurer-le-livre\/#breadcrumb","itemListElement":[{"@type":"ListItem","position":1,"name":"Accueil","item":"https:\/\/flexpictureebook.eu\/it\/"},{"@type":"ListItem","position":2,"name":"EPUB3 Disponibile","item":"https:\/\/flexpictureebook.eu\/it\/epub3-disponible\/"},{"@type":"ListItem","position":3,"name":"Ottenere i libri"}]},{"@type":"WebSite","@id":"https:\/\/flexpictureebook.eu\/#website","url":"https:\/\/flexpictureebook.eu\/","name":"Flex Picture Ebook","description":"Un livre num\u00e9rique pour un apprentissage inclusif","publisher":{"@id":"https:\/\/flexpictureebook.eu\/#organization"},"potentialAction":[{"@type":"SearchAction","target":{"@type":"EntryPoint","urlTemplate":"https:\/\/flexpictureebook.eu\/?s={search_term_string}"},"query-input":{"@type":"PropertyValueSpecification","valueRequired":true,"valueName":"search_term_string"}}],"inLanguage":"it-IT"},{"@type":"Organization","@id":"https:\/\/flexpictureebook.eu\/#organization","name":"Flex Picture Ebook","url":"https:\/\/flexpictureebook.eu\/","logo":{"@type":"ImageObject","inLanguage":"it-IT","@id":"https:\/\/flexpictureebook.eu\/#\/schema\/logo\/image\/","url":"https:\/\/flexpictureebook.eu\/wp-content\/uploads\/2023\/06\/cropped-cropped-logo-ebook-512.png","contentUrl":"https:\/\/flexpictureebook.eu\/wp-content\/uploads\/2023\/06\/cropped-cropped-logo-ebook-512.png","width":512,"height":282,"caption":"Flex Picture Ebook"},"image":{"@id":"https:\/\/flexpictureebook.eu\/#\/schema\/logo\/image\/"},"sameAs":["https:\/\/www.facebook.com\/lesdoigtsquirevent\/","https:\/\/x.com\/EditionsLDQR"]}]}},"_links":{"self":[{"href":"https:\/\/flexpictureebook.eu\/it\/wp-json\/wp\/v2\/pages\/7044","targetHints":{"allow":["GET"]}}],"collection":[{"href":"https:\/\/flexpictureebook.eu\/it\/wp-json\/wp\/v2\/pages"}],"about":[{"href":"https:\/\/flexpictureebook.eu\/it\/wp-json\/wp\/v2\/types\/page"}],"author":[{"embeddable":true,"href":"https:\/\/flexpictureebook.eu\/it\/wp-json\/wp\/v2\/users\/1"}],"replies":[{"embeddable":true,"href":"https:\/\/flexpictureebook.eu\/it\/wp-json\/wp\/v2\/comments?post=7044"}],"version-history":[{"count":6,"href":"https:\/\/flexpictureebook.eu\/it\/wp-json\/wp\/v2\/pages\/7044\/revisions"}],"predecessor-version":[{"id":7652,"href":"https:\/\/flexpictureebook.eu\/it\/wp-json\/wp\/v2\/pages\/7044\/revisions\/7652"}],"up":[{"embeddable":true,"href":"https:\/\/flexpictureebook.eu\/it\/wp-json\/wp\/v2\/pages\/7035"}],"wp:attachment":[{"href":"https:\/\/flexpictureebook.eu\/it\/wp-json\/wp\/v2\/media?parent=7044"}],"curies":[{"name":"wp","href":"https:\/\/api.w.org\/{rel}","templated":true}]}}