{"id":7039,"date":"2023-07-03T10:11:51","date_gmt":"2023-07-03T08:11:51","guid":{"rendered":"https:\/\/flexpictureebook.eu\/epub3-disponible\/emile-veut-une-chauve-souris\/"},"modified":"2025-11-20T11:05:37","modified_gmt":"2025-11-20T10:05:37","slug":"emile-veut-une-chauve-souris","status":"publish","type":"page","link":"https:\/\/flexpictureebook.eu\/it\/epub3-disponible\/emile-veut-une-chauve-souris\/","title":{"rendered":"Leo vuole un pipistrello"},"content":{"rendered":"<h1>EPUB3 illustrato disponibile<\/h1>\n<h2>Vincent Cuvellier e Ronan Badel<\/h2>\n<p><strong>&#8220;Leo vuole un pipistrello. Cos\u00ec \u00e8. \u00c8 cos\u00ec che stanno le cose! Leo vuole un pipistrello. Uno vero. Uno che vola di notte. E Leo non \u00e8 testardo: \u00e8 molto, molto, molto testardo&#8221;&#8221;.<\/strong><\/p>\n<p>In questo innovativo adattamento digitale sviluppato da LDQR, i bambini possono personalizzare il modo in cui il testo viene visualizzato, cos\u00ec come le illustrazioni! \u00c8 un libro che si adatta a ogni bambino, in base alle sue esigenze, per un maggiore comfort di lettura e un accesso pieno e indipendente al piacere di leggere un libro illustrato.<\/p>\n<h3>IMMAGINI \/ ANIMAZIONI<\/h3>\n<ul>\n<li>5 livelli di dettaglio per ogni illustrazione<\/li>\n<li>Una funzione i &#8220;per isolare singoli elementi&#8221;<\/li>\n<li>Una funzione di &#8220;zoom&#8221; per ingrandire ogni elemento<\/li>\n<li>Opzione colore o bianco e nero<\/li>\n<li>13 animazioni visive<\/li>\n<\/ul>\n<h3>TESTO<\/h3>\n<ul>\n<li>6 font tra cui scegliere<\/li>\n<li>4 colori di sfondo<\/li>\n<\/ul>\n<h3>AUDIO<\/h3>\n<ul>\n<li>Possibilit\u00e0 di attivare o disattivare la storia letta da un attore<\/li>\n<li>Scelta della velocit\u00e0 di lettura<\/li>\n<li>Effetti sonori<\/li>\n<\/ul>\n<p>Su Ipad \/ MAC : applicazione <a href=\"https:\/\/apps.apple.com\/fr\/app\/apple-books\/id364709193\">Libri<\/a><br \/>\nSu Android : applicazione <a href=\"https:\/\/play.google.com\/store\/apps\/details?id=com.gmail.jxlab.app.reasily&amp;hl=fr&amp;gl=US\">Reasily<\/a>\u00a0\/\u00a0<a href=\"https:\/\/github.com\/readium\/awesome-readium#apps-based-on-readium-mobile\">Readium Mobile<\/a><br \/>\nSu PC : applicazione <a href=\"https:\/\/apps.microsoft.com\/store\/detail\/thorium-reader\/9NFZP1G7M2SC?hl=fr-fr&amp;gl=fr\">Thorium<\/a><\/p>\n<p>Convalidato da Ace by DAISY 1.1.4 e Pagina EPUB-Checker (EPUBCheck 4.2.6)<\/p>\n<p><a href=\"https:\/\/flexpictureebook.eu\/wp-content\/uploads\/2025\/11\/EPUB_IT_v9.0.epub\">Per scaricare l\u2019EPUB, clicca qui.<\/a><\/p>\n","protected":false},"excerpt":{"rendered":"<p>EPUB3 illustrato disponibile Vincent Cuvellier e Ronan Badel &#8220;Leo vuole un pipistrello. Cos\u00ec \u00e8. \u00c8 cos\u00ec che stanno le cose! Leo vuole un pipistrello. Uno vero. Uno che vola di notte. E Leo non \u00e8 testardo: \u00e8 molto, molto, molto testardo&#8221;&#8221;. In questo innovativo adattamento digitale sviluppato da LDQR, i bambini possono personalizzare il modo [&hellip;]<\/p>\n","protected":false},"author":1,"featured_media":0,"parent":7035,"menu_order":45,"comment_status":"closed","ping_status":"closed","template":"","meta":{"_acf_changed":false,"footnotes":""},"class_list":["post-7039","page","type-page","status-publish","hentry","clearfix"],"acf":[],"yoast_head":"<!-- This site is optimized with the Yoast SEO plugin v27.4 - https:\/\/yoast.com\/product\/yoast-seo-wordpress\/ -->\n<title>Leo vuole un pipistrello - Flex Picture Ebook<\/title>\n<meta name=\"description\" content=\"Depuis plus de 20 ans, le concours international de livres tactiles illustr\u00e9s, Typho&amp;Tactus fait d\u00e9couvrir des maquettes tactiles du monde entier et est un lieu d&#039;\u00e9changes et de partage incroyable. D\u00e9j\u00e0 21 pays participants! Artistes, enseignants, associations, rejoignez-nous !\" \/>\n<meta name=\"robots\" content=\"index, follow, max-snippet:-1, max-image-preview:large, max-video-preview:-1\" \/>\n<link rel=\"canonical\" href=\"https:\/\/flexpictureebook.eu\/it\/epub3-disponible\/emile-veut-une-chauve-souris\/\" \/>\n<meta property=\"og:locale\" content=\"it_IT\" \/>\n<meta property=\"og:type\" content=\"article\" \/>\n<meta property=\"og:title\" content=\"Leo vuole un pipistrello - Flex Picture Ebook\" \/>\n<meta property=\"og:description\" content=\"Depuis plus de 20 ans, le concours international de livres tactiles illustr\u00e9s, Typho&amp;Tactus fait d\u00e9couvrir des maquettes tactiles du monde entier et est un lieu d&#039;\u00e9changes et de partage incroyable. D\u00e9j\u00e0 21 pays participants! Artistes, enseignants, associations, rejoignez-nous !\" \/>\n<meta property=\"og:url\" content=\"https:\/\/flexpictureebook.eu\/it\/epub3-disponible\/emile-veut-une-chauve-souris\/\" \/>\n<meta property=\"og:site_name\" content=\"Flex Picture Ebook\" \/>\n<meta property=\"article:publisher\" content=\"https:\/\/www.facebook.com\/lesdoigtsquirevent\/\" \/>\n<meta property=\"article:modified_time\" content=\"2025-11-20T10:05:37+00:00\" \/>\n<meta name=\"twitter:card\" content=\"summary_large_image\" \/>\n<meta name=\"twitter:site\" content=\"@EditionsLDQR\" \/>\n<meta name=\"twitter:label1\" content=\"Tempo di lettura stimato\" \/>\n\t<meta name=\"twitter:data1\" content=\"1 minuto\" \/>\n<script type=\"application\/ld+json\" class=\"yoast-schema-graph\">{\"@context\":\"https:\\\/\\\/schema.org\",\"@graph\":[{\"@type\":\"WebPage\",\"@id\":\"https:\\\/\\\/flexpictureebook.eu\\\/it\\\/epub3-disponible\\\/emile-veut-une-chauve-souris\\\/\",\"url\":\"https:\\\/\\\/flexpictureebook.eu\\\/it\\\/epub3-disponible\\\/emile-veut-une-chauve-souris\\\/\",\"name\":\"Leo vuole un pipistrello - Flex Picture Ebook\",\"isPartOf\":{\"@id\":\"https:\\\/\\\/flexpictureebook.eu\\\/#website\"},\"datePublished\":\"2023-07-03T08:11:51+00:00\",\"dateModified\":\"2025-11-20T10:05:37+00:00\",\"description\":\"Depuis plus de 20 ans, le concours international de livres tactiles illustr\u00e9s, Typho&Tactus fait d\u00e9couvrir des maquettes tactiles du monde entier et est un lieu d'\u00e9changes et de partage incroyable. D\u00e9j\u00e0 21 pays participants! Artistes, enseignants, associations, rejoignez-nous !\",\"breadcrumb\":{\"@id\":\"https:\\\/\\\/flexpictureebook.eu\\\/it\\\/epub3-disponible\\\/emile-veut-une-chauve-souris\\\/#breadcrumb\"},\"inLanguage\":\"it-IT\",\"potentialAction\":[{\"@type\":\"ReadAction\",\"target\":[\"https:\\\/\\\/flexpictureebook.eu\\\/it\\\/epub3-disponible\\\/emile-veut-une-chauve-souris\\\/\"]}]},{\"@type\":\"BreadcrumbList\",\"@id\":\"https:\\\/\\\/flexpictureebook.eu\\\/it\\\/epub3-disponible\\\/emile-veut-une-chauve-souris\\\/#breadcrumb\",\"itemListElement\":[{\"@type\":\"ListItem\",\"position\":1,\"name\":\"Accueil\",\"item\":\"https:\\\/\\\/flexpictureebook.eu\\\/it\\\/\"},{\"@type\":\"ListItem\",\"position\":2,\"name\":\"EPUB3 Disponibile\",\"item\":\"https:\\\/\\\/flexpictureebook.eu\\\/it\\\/epub3-disponible\\\/\"},{\"@type\":\"ListItem\",\"position\":3,\"name\":\"Leo vuole un pipistrello\"}]},{\"@type\":\"WebSite\",\"@id\":\"https:\\\/\\\/flexpictureebook.eu\\\/#website\",\"url\":\"https:\\\/\\\/flexpictureebook.eu\\\/\",\"name\":\"Flex Picture Ebook\",\"description\":\"Un livre num\u00e9rique pour un apprentissage inclusif\",\"publisher\":{\"@id\":\"https:\\\/\\\/flexpictureebook.eu\\\/#organization\"},\"potentialAction\":[{\"@type\":\"SearchAction\",\"target\":{\"@type\":\"EntryPoint\",\"urlTemplate\":\"https:\\\/\\\/flexpictureebook.eu\\\/?s={search_term_string}\"},\"query-input\":{\"@type\":\"PropertyValueSpecification\",\"valueRequired\":true,\"valueName\":\"search_term_string\"}}],\"inLanguage\":\"it-IT\"},{\"@type\":\"Organization\",\"@id\":\"https:\\\/\\\/flexpictureebook.eu\\\/#organization\",\"name\":\"Flex Picture Ebook\",\"url\":\"https:\\\/\\\/flexpictureebook.eu\\\/\",\"logo\":{\"@type\":\"ImageObject\",\"inLanguage\":\"it-IT\",\"@id\":\"https:\\\/\\\/flexpictureebook.eu\\\/#\\\/schema\\\/logo\\\/image\\\/\",\"url\":\"https:\\\/\\\/flexpictureebook.eu\\\/wp-content\\\/uploads\\\/2023\\\/06\\\/cropped-cropped-logo-ebook-512.png\",\"contentUrl\":\"https:\\\/\\\/flexpictureebook.eu\\\/wp-content\\\/uploads\\\/2023\\\/06\\\/cropped-cropped-logo-ebook-512.png\",\"width\":512,\"height\":282,\"caption\":\"Flex Picture Ebook\"},\"image\":{\"@id\":\"https:\\\/\\\/flexpictureebook.eu\\\/#\\\/schema\\\/logo\\\/image\\\/\"},\"sameAs\":[\"https:\\\/\\\/www.facebook.com\\\/lesdoigtsquirevent\\\/\",\"https:\\\/\\\/x.com\\\/EditionsLDQR\"]}]}<\/script>\n<!-- \/ Yoast SEO plugin. -->","yoast_head_json":{"title":"Leo vuole un pipistrello - Flex Picture Ebook","description":"Depuis plus de 20 ans, le concours international de livres tactiles illustr\u00e9s, Typho&Tactus fait d\u00e9couvrir des maquettes tactiles du monde entier et est un lieu d'\u00e9changes et de partage incroyable. D\u00e9j\u00e0 21 pays participants! Artistes, enseignants, associations, rejoignez-nous !","robots":{"index":"index","follow":"follow","max-snippet":"max-snippet:-1","max-image-preview":"max-image-preview:large","max-video-preview":"max-video-preview:-1"},"canonical":"https:\/\/flexpictureebook.eu\/it\/epub3-disponible\/emile-veut-une-chauve-souris\/","og_locale":"it_IT","og_type":"article","og_title":"Leo vuole un pipistrello - Flex Picture Ebook","og_description":"Depuis plus de 20 ans, le concours international de livres tactiles illustr\u00e9s, Typho&Tactus fait d\u00e9couvrir des maquettes tactiles du monde entier et est un lieu d'\u00e9changes et de partage incroyable. D\u00e9j\u00e0 21 pays participants! Artistes, enseignants, associations, rejoignez-nous !","og_url":"https:\/\/flexpictureebook.eu\/it\/epub3-disponible\/emile-veut-une-chauve-souris\/","og_site_name":"Flex Picture Ebook","article_publisher":"https:\/\/www.facebook.com\/lesdoigtsquirevent\/","article_modified_time":"2025-11-20T10:05:37+00:00","twitter_card":"summary_large_image","twitter_site":"@EditionsLDQR","twitter_misc":{"Tempo di lettura stimato":"1 minuto"},"schema":{"@context":"https:\/\/schema.org","@graph":[{"@type":"WebPage","@id":"https:\/\/flexpictureebook.eu\/it\/epub3-disponible\/emile-veut-une-chauve-souris\/","url":"https:\/\/flexpictureebook.eu\/it\/epub3-disponible\/emile-veut-une-chauve-souris\/","name":"Leo vuole un pipistrello - Flex Picture Ebook","isPartOf":{"@id":"https:\/\/flexpictureebook.eu\/#website"},"datePublished":"2023-07-03T08:11:51+00:00","dateModified":"2025-11-20T10:05:37+00:00","description":"Depuis plus de 20 ans, le concours international de livres tactiles illustr\u00e9s, Typho&Tactus fait d\u00e9couvrir des maquettes tactiles du monde entier et est un lieu d'\u00e9changes et de partage incroyable. D\u00e9j\u00e0 21 pays participants! Artistes, enseignants, associations, rejoignez-nous !","breadcrumb":{"@id":"https:\/\/flexpictureebook.eu\/it\/epub3-disponible\/emile-veut-une-chauve-souris\/#breadcrumb"},"inLanguage":"it-IT","potentialAction":[{"@type":"ReadAction","target":["https:\/\/flexpictureebook.eu\/it\/epub3-disponible\/emile-veut-une-chauve-souris\/"]}]},{"@type":"BreadcrumbList","@id":"https:\/\/flexpictureebook.eu\/it\/epub3-disponible\/emile-veut-une-chauve-souris\/#breadcrumb","itemListElement":[{"@type":"ListItem","position":1,"name":"Accueil","item":"https:\/\/flexpictureebook.eu\/it\/"},{"@type":"ListItem","position":2,"name":"EPUB3 Disponibile","item":"https:\/\/flexpictureebook.eu\/it\/epub3-disponible\/"},{"@type":"ListItem","position":3,"name":"Leo vuole un pipistrello"}]},{"@type":"WebSite","@id":"https:\/\/flexpictureebook.eu\/#website","url":"https:\/\/flexpictureebook.eu\/","name":"Flex Picture Ebook","description":"Un livre num\u00e9rique pour un apprentissage inclusif","publisher":{"@id":"https:\/\/flexpictureebook.eu\/#organization"},"potentialAction":[{"@type":"SearchAction","target":{"@type":"EntryPoint","urlTemplate":"https:\/\/flexpictureebook.eu\/?s={search_term_string}"},"query-input":{"@type":"PropertyValueSpecification","valueRequired":true,"valueName":"search_term_string"}}],"inLanguage":"it-IT"},{"@type":"Organization","@id":"https:\/\/flexpictureebook.eu\/#organization","name":"Flex Picture Ebook","url":"https:\/\/flexpictureebook.eu\/","logo":{"@type":"ImageObject","inLanguage":"it-IT","@id":"https:\/\/flexpictureebook.eu\/#\/schema\/logo\/image\/","url":"https:\/\/flexpictureebook.eu\/wp-content\/uploads\/2023\/06\/cropped-cropped-logo-ebook-512.png","contentUrl":"https:\/\/flexpictureebook.eu\/wp-content\/uploads\/2023\/06\/cropped-cropped-logo-ebook-512.png","width":512,"height":282,"caption":"Flex Picture Ebook"},"image":{"@id":"https:\/\/flexpictureebook.eu\/#\/schema\/logo\/image\/"},"sameAs":["https:\/\/www.facebook.com\/lesdoigtsquirevent\/","https:\/\/x.com\/EditionsLDQR"]}]}},"_links":{"self":[{"href":"https:\/\/flexpictureebook.eu\/it\/wp-json\/wp\/v2\/pages\/7039","targetHints":{"allow":["GET"]}}],"collection":[{"href":"https:\/\/flexpictureebook.eu\/it\/wp-json\/wp\/v2\/pages"}],"about":[{"href":"https:\/\/flexpictureebook.eu\/it\/wp-json\/wp\/v2\/types\/page"}],"author":[{"embeddable":true,"href":"https:\/\/flexpictureebook.eu\/it\/wp-json\/wp\/v2\/users\/1"}],"replies":[{"embeddable":true,"href":"https:\/\/flexpictureebook.eu\/it\/wp-json\/wp\/v2\/comments?post=7039"}],"version-history":[{"count":3,"href":"https:\/\/flexpictureebook.eu\/it\/wp-json\/wp\/v2\/pages\/7039\/revisions"}],"predecessor-version":[{"id":9878,"href":"https:\/\/flexpictureebook.eu\/it\/wp-json\/wp\/v2\/pages\/7039\/revisions\/9878"}],"up":[{"embeddable":true,"href":"https:\/\/flexpictureebook.eu\/it\/wp-json\/wp\/v2\/pages\/7035"}],"wp:attachment":[{"href":"https:\/\/flexpictureebook.eu\/it\/wp-json\/wp\/v2\/media?parent=7039"}],"curies":[{"name":"wp","href":"https:\/\/api.w.org\/{rel}","templated":true}]}}