{"id":7031,"date":"2023-07-03T10:11:04","date_gmt":"2023-07-03T08:11:04","guid":{"rendered":"https:\/\/flexpictureebook.eu\/partenaires\/"},"modified":"2025-06-04T10:27:41","modified_gmt":"2025-06-04T08:27:41","slug":"partenaires","status":"publish","type":"page","link":"https:\/\/flexpictureebook.eu\/it\/partenaires\/","title":{"rendered":"Partner"},"content":{"rendered":"<h2>Un progetto europeo<\/h2>\n<p>Il progetto Flex Picture Ebook \u00e8 un progetto Erasmus+ che riunisce 7 strutture di 4 Paesi europei :<\/p>\n<h3><a id=\"france\"><\/a>Francia<\/h3>\n<h4>Les Doigts Qui R\u00eavent<\/h4>\n<p>(l&#8217;associazione capofila del progetto) :<\/p>\n<p><span style=\"font-weight: 400;\">Una casa editrice senza scopo di lucro fondata 30 anni fa, il cui obiettivo \u00e8 garantire a tutti i bambini con deficit visivo l&#8217;accesso ai libri e alla lettura, in Francia e altrove. Les Doigts Qui R\u00eavent \u00e8 un vero e proprio centro di risorse, che offre laboratori per i giovani per contribuire alla sensibilizzazione e alla comprensione, oltre a numerosi corsi di formazione per professionisti nel campo della disabilit\u00e0 visiva.\u00a0<\/span><\/p>\n<p><a href=\"https:\/\/ldqr.org\/\">https:\/\/ldqr.org\/<\/a><br \/>\n(+33) 03 80 59 22 88<br \/>\nSophie Blain<br \/>\ncontact@ldqr.org<\/p>\n<h4>Institut des Jeunes Aveugles de Toulouse<\/h4>\n<p><span style=\"font-weight: 400;\">(Istituto dei Giovani Ciechi di Tolosa) : <\/span><\/p>\n<p><span style=\"font-weight: 400;\">Un istituto medico e sociale creato nel 1866 per fornire istruzione e formazione professionale a bambini e adulti ipovedenti. Ogni anno, l&#8217;IJA accoglie pi\u00f9 di 550 utenti ipovedenti, con o senza disabilit\u00e0 associate, e offre supporto per la scolarizzazione in un ambiente tradizionale o in classi specializzate all&#8217;interno dell&#8217;istituto.<\/span><span style=\"font-weight: 400;\"><br \/>\n<\/span><\/p>\n<p><img loading=\"lazy\" decoding=\"async\" class=\"alignnone size-medium wp-image-6801\" src=\"https:\/\/flexpictureebook.eu\/wp-content\/uploads\/2023\/10\/20210922_091249-300x225.jpg\" alt=\"photo d'ateliers jeunesse \u00e0 l'IJA de Toulouse\" width=\"300\" height=\"225\" srcset=\"https:\/\/flexpictureebook.eu\/wp-content\/uploads\/2023\/10\/20210922_091249-300x225.jpg 300w, https:\/\/flexpictureebook.eu\/wp-content\/uploads\/2023\/10\/20210922_091249-1024x768.jpg 1024w, https:\/\/flexpictureebook.eu\/wp-content\/uploads\/2023\/10\/20210922_091249-768x576.jpg 768w, https:\/\/flexpictureebook.eu\/wp-content\/uploads\/2023\/10\/20210922_091249-1536x1152.jpg 1536w, https:\/\/flexpictureebook.eu\/wp-content\/uploads\/2023\/10\/20210922_091249-2048x1536.jpg 2048w, https:\/\/flexpictureebook.eu\/wp-content\/uploads\/2023\/10\/20210922_091249-200x150.jpg 200w\" sizes=\"auto, (max-width: 300px) 100vw, 300px\" \/><\/p>\n<p>&nbsp;<\/p>\n<h4>Ludosens<\/h4>\n<p><span style=\"font-weight: 400;\">Il nostro obiettivo \u00e8 cambiare il modo in cui le persone guardano alle differenze invisibili e aiutare i giovani con profili atipici ad accedere alla vita sociale e professionale. Stiamo mettendo in atto una serie di soluzioni innovative e evolutive per l&#8217;inclusione delle persone con disabilit\u00e0 certificate. Incoraggiamo un cambio di paradigma nel pensare alla differenza. A lungo viste attraverso il prisma della patologia, vediamo le disabilit\u00e0 invisibili (ASD, ADHD, DSA ecc.) come un invito a costruire un diverso tipo di societ\u00e0.<\/span><\/p>\n<p>&nbsp;<\/p>\n<p>Questo progetto \u00e8 stato realizzato in stretta collaborazione con Ludovic Bal di R\u00e9seau Canop\u00e9, Hauts-de-France (Francia), sviluppatore informatico del file epub3 che \u00e8 servito da modello durante tutto lo svolgimento di Flex Picture Ebook.<\/p>\n<h3><a id=\"autriche\"><\/a>Austria<\/h3>\n<h4>Universit\u00e0 Johannes Kepler di Linz (JKU)<\/h4>\n<p><span style=\"font-weight: 400;\">La JKU \u00e8 un&#8217;universit\u00e0 regionale con un forte patrimonio e un orientamento internazionale. Con oltre 23.000 studenti iscritti e 175 professori, comprende quattro scuole e offre oltre 1.000 corsi. L&#8217;Institut Integriert Studieren (IIS) \u00e8 un istituto di supporto agli studenti e di ricerca che si concentra sull&#8217;integrazione sociale, sulla e-accessibilit\u00e0 e sull&#8217;istruzione inclusiva. Sostiene oltre 100 studenti disabili e conduce progetti di ricerca a livello locale e internazionale. \u00c8 anche il principale promotore della Conferenza internazionale sui computer che assistono le persone con disabilit\u00e0 (ICCHP), leader mondiale nel campo dell&#8217;inclusione digitale.<\/span><\/p>\n<p><a href=\"https:\/\/www.jku.at\/institut-integriert-studieren\/forschung\/projekte\/laufende-projekte\/flex-picture-ebook\/\">https:\/\/www.jku.at\/institut-integriert-studieren\/forschung\/projekte\/laufende-projekte\/flex-picture-ebook\/<\/a><br \/>\n(+43) 732 2468 3764<br \/>\nValentin Salinas-L\u00f3pez MSc.<br \/>\nvalentin.salinas_lopez@jku.at<\/p>\n<h3><a id=\"italie\"><\/a>Italia<\/h3>\n<h4>Fondazione Robert Hollman (FRH) :<\/h4>\n<p><span style=\"font-weight: 400;\">Ente privato olandese che offre consulenza e sostegno allo sviluppo di bambini con deficit visivo e alle loro famiglie in regime di gratuit\u00e0. FRH dialoga con i professionisti del territorio e con le comunit\u00e0 mediche, scientifiche e sociali per migliorare insieme la pratica clinica e di ricerca, la formazione e la promozione culturale.<\/span><\/p>\n<p><a href=\"https:\/\/fondazioneroberthollman.it\/\">https:\/\/fondazioneroberthollman.it\/<\/a><br \/>\n(+39) 328 3912562<br \/>\nEnrica Polato<br \/>\ne.polato@fondazioneroberthollman.it<\/p>\n<p><img loading=\"lazy\" decoding=\"async\" class=\"alignnone size-medium wp-image-6828\" src=\"https:\/\/flexpictureebook.eu\/wp-content\/uploads\/2023\/11\/FondationRobertHollman-300x199.jpg\" alt=\"&quot;In the picture appears on the right the outline of a child's face looking spellbound at the beam of bright coloured fibre optics that the therapist holds in front of her eyes. The Robert Hollman Foundation has chosen to present itself through one of the many moments of work done with children in one of its two Centres (Padua and Cannero Riviera), where rehabilitation is achieved through relationships, play and sometimes amazement&quot;.\" width=\"300\" height=\"199\" srcset=\"https:\/\/flexpictureebook.eu\/wp-content\/uploads\/2023\/11\/FondationRobertHollman-300x199.jpg 300w, https:\/\/flexpictureebook.eu\/wp-content\/uploads\/2023\/11\/FondationRobertHollman-1024x680.jpg 1024w, https:\/\/flexpictureebook.eu\/wp-content\/uploads\/2023\/11\/FondationRobertHollman-768x510.jpg 768w, https:\/\/flexpictureebook.eu\/wp-content\/uploads\/2023\/11\/FondationRobertHollman-226x150.jpg 226w, https:\/\/flexpictureebook.eu\/wp-content\/uploads\/2023\/11\/FondationRobertHollman.jpg 1317w\" sizes=\"auto, (max-width: 300px) 100vw, 300px\" \/><\/p>\n<h4>AbilNova<\/h4>\n<p><span style=\"font-weight: 400;\">Polo per la disabilit\u00e0 sensoriale (visivea e uditiva). Attraverso una presa in carico olistica della persona e del sistema famiglia fornisce una serie di servizi alla persona e offre diverse attivit\u00e0 di prevenzione e sensibilizzazione alla popolazione generale, con l&#8217;obiettivo di contribuire alla costruzione di una societ\u00e0 realmente inclusiva per quanto riguarda le disabilit\u00e0 sensoriali, visive e uditive.\u200b<\/span><\/p>\n<p><a href=\"https:\/\/www.abilnova.it\/\"> https:\/\/www.abilnova.it\/<\/a><br \/>\nRoberta Zumiani<\/p>\n<p><img loading=\"lazy\" decoding=\"async\" class=\"alignnone size-medium wp-image-7005\" src=\"https:\/\/flexpictureebook.eu\/wp-content\/uploads\/2023\/11\/abilnova-300x297.jpg\" alt=\"The picture shows an AbilNova rehabilitator working with a blind child on the development of tactile skills, necessary for harmonious development. The skills the child learns at AbilNova are then transferred to the kindergarten with the help of the specialised AbilNova educator, who is present at the school. The child and the rehabilitator are in the AbilNova gymnasium, there are materials for psychomotricity and a small table, suitable for kindergarten children. The girl and the rehabilitator are using wooden geometric shape games, made by AbilNova, to stimulate tactile recognition of shapes, size and thickness. The wooden toys have saturated colours, which also facilitate visual recognition by visually impaired children. \" width=\"300\" height=\"297\" srcset=\"https:\/\/flexpictureebook.eu\/wp-content\/uploads\/2023\/11\/abilnova-300x297.jpg 300w, https:\/\/flexpictureebook.eu\/wp-content\/uploads\/2023\/11\/abilnova-1024x1015.jpg 1024w, https:\/\/flexpictureebook.eu\/wp-content\/uploads\/2023\/11\/abilnova-150x150.jpg 150w, https:\/\/flexpictureebook.eu\/wp-content\/uploads\/2023\/11\/abilnova-768x762.jpg 768w, https:\/\/flexpictureebook.eu\/wp-content\/uploads\/2023\/11\/abilnova-1536x1523.jpg 1536w, https:\/\/flexpictureebook.eu\/wp-content\/uploads\/2023\/11\/abilnova-2048x2031.jpg 2048w, https:\/\/flexpictureebook.eu\/wp-content\/uploads\/2023\/11\/abilnova-60x60.jpg 60w, https:\/\/flexpictureebook.eu\/wp-content\/uploads\/2023\/11\/abilnova-151x150.jpg 151w\" sizes=\"auto, (max-width: 300px) 100vw, 300px\" \/><\/p>\n<h3><a id=\"lituanie\"><\/a>Lituania<\/h3>\n<h4>Lietuvos akluju ir silpnaregiu ugdymo centras<\/h4>\n<p><span style=\"font-weight: 400;\">Il LASUC (Centro educativo lituano per i cieci e gli ipovedenti) \u00e8 una scuola statale dove studiano bambini con disabilit\u00e0 visive e altre disabilit\u00e0 complesse. La sua missione \u00e8 quella di fornire supporto pedagogico alle scuole comuni del Paese per realizzare un&#8217;educazione inclusiva ed educare bambini creativi, aperti alla comunit\u00e0, responsabili della propria maturit\u00e0 e pronti per una vita indipendente.<\/span><\/p>\n<p><span style=\"font-weight: 400;\"><img loading=\"lazy\" decoding=\"async\" class=\"alignnone size-medium wp-image-6823\" src=\"https:\/\/flexpictureebook.eu\/wp-content\/uploads\/2023\/11\/Lasuc-300x200.jpg\" alt=\" Front entrance of the Lithuanian Blind and Visually Impaired Education Center\" width=\"300\" height=\"200\" srcset=\"https:\/\/flexpictureebook.eu\/wp-content\/uploads\/2023\/11\/Lasuc-300x200.jpg 300w, https:\/\/flexpictureebook.eu\/wp-content\/uploads\/2023\/11\/Lasuc-1024x683.jpg 1024w, https:\/\/flexpictureebook.eu\/wp-content\/uploads\/2023\/11\/Lasuc-768x512.jpg 768w, https:\/\/flexpictureebook.eu\/wp-content\/uploads\/2023\/11\/Lasuc-1536x1024.jpg 1536w, https:\/\/flexpictureebook.eu\/wp-content\/uploads\/2023\/11\/Lasuc-2048x1365.jpg 2048w, https:\/\/flexpictureebook.eu\/wp-content\/uploads\/2023\/11\/Lasuc-225x150.jpg 225w\" sizes=\"auto, (max-width: 300px) 100vw, 300px\" \/><br \/>\n<\/span><span style=\"font-weight: 400;\">\u00a0<\/span><\/p>\n","protected":false},"excerpt":{"rendered":"<p>Un progetto europeo Il progetto Flex Picture Ebook \u00e8 un progetto Erasmus+ che riunisce 7 strutture di 4 Paesi europei : Francia Les Doigts Qui R\u00eavent (l&#8217;associazione capofila del progetto) : Una casa editrice senza scopo di lucro fondata 30 anni fa, il cui obiettivo \u00e8 garantire a tutti i bambini con deficit visivo l&#8217;accesso [&hellip;]<\/p>\n","protected":false},"author":1,"featured_media":0,"parent":0,"menu_order":33,"comment_status":"closed","ping_status":"closed","template":"","meta":{"_acf_changed":false,"footnotes":""},"class_list":["post-7031","page","type-page","status-publish","hentry","clearfix"],"acf":[],"yoast_head":"<!-- This site is optimized with the Yoast SEO plugin v27.4 - https:\/\/yoast.com\/product\/yoast-seo-wordpress\/ -->\n<title>Partner - Flex Picture Ebook<\/title>\n<meta name=\"description\" content=\"Depuis plus de 20 ans, le concours international de livres tactiles illustr\u00e9s, Typho&amp;Tactus fait d\u00e9couvrir des maquettes tactiles du monde entier et est un lieu d&#039;\u00e9changes et de partage incroyable. D\u00e9j\u00e0 21 pays participants! Artistes, enseignants, associations, rejoignez-nous !\" \/>\n<meta name=\"robots\" content=\"index, follow, max-snippet:-1, max-image-preview:large, max-video-preview:-1\" \/>\n<link rel=\"canonical\" href=\"https:\/\/flexpictureebook.eu\/it\/partenaires\/\" \/>\n<meta property=\"og:locale\" content=\"it_IT\" \/>\n<meta property=\"og:type\" content=\"article\" \/>\n<meta property=\"og:title\" content=\"Partner - Flex Picture Ebook\" \/>\n<meta property=\"og:description\" content=\"Depuis plus de 20 ans, le concours international de livres tactiles illustr\u00e9s, Typho&amp;Tactus fait d\u00e9couvrir des maquettes tactiles du monde entier et est un lieu d&#039;\u00e9changes et de partage incroyable. D\u00e9j\u00e0 21 pays participants! Artistes, enseignants, associations, rejoignez-nous !\" \/>\n<meta property=\"og:url\" content=\"https:\/\/flexpictureebook.eu\/it\/partenaires\/\" \/>\n<meta property=\"og:site_name\" content=\"Flex Picture Ebook\" \/>\n<meta property=\"article:publisher\" content=\"https:\/\/www.facebook.com\/lesdoigtsquirevent\/\" \/>\n<meta property=\"article:modified_time\" content=\"2025-06-04T08:27:41+00:00\" \/>\n<meta property=\"og:image\" content=\"https:\/\/flexpictureebook.eu\/wp-content\/uploads\/2023\/10\/20210922_091249-scaled.jpg\" \/>\n\t<meta property=\"og:image:width\" content=\"2560\" \/>\n\t<meta property=\"og:image:height\" content=\"1920\" \/>\n\t<meta property=\"og:image:type\" content=\"image\/jpeg\" \/>\n<meta name=\"twitter:card\" content=\"summary_large_image\" \/>\n<meta name=\"twitter:site\" content=\"@EditionsLDQR\" \/>\n<meta name=\"twitter:label1\" content=\"Tempo di lettura stimato\" \/>\n\t<meta name=\"twitter:data1\" content=\"3 minuti\" \/>\n<script type=\"application\/ld+json\" class=\"yoast-schema-graph\">{\"@context\":\"https:\\\/\\\/schema.org\",\"@graph\":[{\"@type\":\"WebPage\",\"@id\":\"https:\\\/\\\/flexpictureebook.eu\\\/it\\\/partenaires\\\/\",\"url\":\"https:\\\/\\\/flexpictureebook.eu\\\/it\\\/partenaires\\\/\",\"name\":\"Partner - Flex Picture Ebook\",\"isPartOf\":{\"@id\":\"https:\\\/\\\/flexpictureebook.eu\\\/#website\"},\"primaryImageOfPage\":{\"@id\":\"https:\\\/\\\/flexpictureebook.eu\\\/it\\\/partenaires\\\/#primaryimage\"},\"image\":{\"@id\":\"https:\\\/\\\/flexpictureebook.eu\\\/it\\\/partenaires\\\/#primaryimage\"},\"thumbnailUrl\":\"https:\\\/\\\/flexpictureebook.eu\\\/wp-content\\\/uploads\\\/2023\\\/10\\\/20210922_091249-300x225.jpg\",\"datePublished\":\"2023-07-03T08:11:04+00:00\",\"dateModified\":\"2025-06-04T08:27:41+00:00\",\"description\":\"Depuis plus de 20 ans, le concours international de livres tactiles illustr\u00e9s, Typho&Tactus fait d\u00e9couvrir des maquettes tactiles du monde entier et est un lieu d'\u00e9changes et de partage incroyable. D\u00e9j\u00e0 21 pays participants! Artistes, enseignants, associations, rejoignez-nous !\",\"breadcrumb\":{\"@id\":\"https:\\\/\\\/flexpictureebook.eu\\\/it\\\/partenaires\\\/#breadcrumb\"},\"inLanguage\":\"it-IT\",\"potentialAction\":[{\"@type\":\"ReadAction\",\"target\":[\"https:\\\/\\\/flexpictureebook.eu\\\/it\\\/partenaires\\\/\"]}]},{\"@type\":\"ImageObject\",\"inLanguage\":\"it-IT\",\"@id\":\"https:\\\/\\\/flexpictureebook.eu\\\/it\\\/partenaires\\\/#primaryimage\",\"url\":\"https:\\\/\\\/flexpictureebook.eu\\\/wp-content\\\/uploads\\\/2023\\\/10\\\/20210922_091249-300x225.jpg\",\"contentUrl\":\"https:\\\/\\\/flexpictureebook.eu\\\/wp-content\\\/uploads\\\/2023\\\/10\\\/20210922_091249-300x225.jpg\"},{\"@type\":\"BreadcrumbList\",\"@id\":\"https:\\\/\\\/flexpictureebook.eu\\\/it\\\/partenaires\\\/#breadcrumb\",\"itemListElement\":[{\"@type\":\"ListItem\",\"position\":1,\"name\":\"Accueil\",\"item\":\"https:\\\/\\\/flexpictureebook.eu\\\/it\\\/\"},{\"@type\":\"ListItem\",\"position\":2,\"name\":\"Partner\"}]},{\"@type\":\"WebSite\",\"@id\":\"https:\\\/\\\/flexpictureebook.eu\\\/#website\",\"url\":\"https:\\\/\\\/flexpictureebook.eu\\\/\",\"name\":\"Flex Picture Ebook\",\"description\":\"Un livre num\u00e9rique pour un apprentissage inclusif\",\"publisher\":{\"@id\":\"https:\\\/\\\/flexpictureebook.eu\\\/#organization\"},\"potentialAction\":[{\"@type\":\"SearchAction\",\"target\":{\"@type\":\"EntryPoint\",\"urlTemplate\":\"https:\\\/\\\/flexpictureebook.eu\\\/?s={search_term_string}\"},\"query-input\":{\"@type\":\"PropertyValueSpecification\",\"valueRequired\":true,\"valueName\":\"search_term_string\"}}],\"inLanguage\":\"it-IT\"},{\"@type\":\"Organization\",\"@id\":\"https:\\\/\\\/flexpictureebook.eu\\\/#organization\",\"name\":\"Flex Picture Ebook\",\"url\":\"https:\\\/\\\/flexpictureebook.eu\\\/\",\"logo\":{\"@type\":\"ImageObject\",\"inLanguage\":\"it-IT\",\"@id\":\"https:\\\/\\\/flexpictureebook.eu\\\/#\\\/schema\\\/logo\\\/image\\\/\",\"url\":\"https:\\\/\\\/flexpictureebook.eu\\\/wp-content\\\/uploads\\\/2023\\\/06\\\/cropped-cropped-logo-ebook-512.png\",\"contentUrl\":\"https:\\\/\\\/flexpictureebook.eu\\\/wp-content\\\/uploads\\\/2023\\\/06\\\/cropped-cropped-logo-ebook-512.png\",\"width\":512,\"height\":282,\"caption\":\"Flex Picture Ebook\"},\"image\":{\"@id\":\"https:\\\/\\\/flexpictureebook.eu\\\/#\\\/schema\\\/logo\\\/image\\\/\"},\"sameAs\":[\"https:\\\/\\\/www.facebook.com\\\/lesdoigtsquirevent\\\/\",\"https:\\\/\\\/x.com\\\/EditionsLDQR\"]}]}<\/script>\n<!-- \/ Yoast SEO plugin. -->","yoast_head_json":{"title":"Partner - Flex Picture Ebook","description":"Depuis plus de 20 ans, le concours international de livres tactiles illustr\u00e9s, Typho&Tactus fait d\u00e9couvrir des maquettes tactiles du monde entier et est un lieu d'\u00e9changes et de partage incroyable. D\u00e9j\u00e0 21 pays participants! Artistes, enseignants, associations, rejoignez-nous !","robots":{"index":"index","follow":"follow","max-snippet":"max-snippet:-1","max-image-preview":"max-image-preview:large","max-video-preview":"max-video-preview:-1"},"canonical":"https:\/\/flexpictureebook.eu\/it\/partenaires\/","og_locale":"it_IT","og_type":"article","og_title":"Partner - Flex Picture Ebook","og_description":"Depuis plus de 20 ans, le concours international de livres tactiles illustr\u00e9s, Typho&Tactus fait d\u00e9couvrir des maquettes tactiles du monde entier et est un lieu d'\u00e9changes et de partage incroyable. D\u00e9j\u00e0 21 pays participants! Artistes, enseignants, associations, rejoignez-nous !","og_url":"https:\/\/flexpictureebook.eu\/it\/partenaires\/","og_site_name":"Flex Picture Ebook","article_publisher":"https:\/\/www.facebook.com\/lesdoigtsquirevent\/","article_modified_time":"2025-06-04T08:27:41+00:00","og_image":[{"width":2560,"height":1920,"url":"https:\/\/flexpictureebook.eu\/wp-content\/uploads\/2023\/10\/20210922_091249-scaled.jpg","type":"image\/jpeg"}],"twitter_card":"summary_large_image","twitter_site":"@EditionsLDQR","twitter_misc":{"Tempo di lettura stimato":"3 minuti"},"schema":{"@context":"https:\/\/schema.org","@graph":[{"@type":"WebPage","@id":"https:\/\/flexpictureebook.eu\/it\/partenaires\/","url":"https:\/\/flexpictureebook.eu\/it\/partenaires\/","name":"Partner - Flex Picture Ebook","isPartOf":{"@id":"https:\/\/flexpictureebook.eu\/#website"},"primaryImageOfPage":{"@id":"https:\/\/flexpictureebook.eu\/it\/partenaires\/#primaryimage"},"image":{"@id":"https:\/\/flexpictureebook.eu\/it\/partenaires\/#primaryimage"},"thumbnailUrl":"https:\/\/flexpictureebook.eu\/wp-content\/uploads\/2023\/10\/20210922_091249-300x225.jpg","datePublished":"2023-07-03T08:11:04+00:00","dateModified":"2025-06-04T08:27:41+00:00","description":"Depuis plus de 20 ans, le concours international de livres tactiles illustr\u00e9s, Typho&Tactus fait d\u00e9couvrir des maquettes tactiles du monde entier et est un lieu d'\u00e9changes et de partage incroyable. D\u00e9j\u00e0 21 pays participants! Artistes, enseignants, associations, rejoignez-nous !","breadcrumb":{"@id":"https:\/\/flexpictureebook.eu\/it\/partenaires\/#breadcrumb"},"inLanguage":"it-IT","potentialAction":[{"@type":"ReadAction","target":["https:\/\/flexpictureebook.eu\/it\/partenaires\/"]}]},{"@type":"ImageObject","inLanguage":"it-IT","@id":"https:\/\/flexpictureebook.eu\/it\/partenaires\/#primaryimage","url":"https:\/\/flexpictureebook.eu\/wp-content\/uploads\/2023\/10\/20210922_091249-300x225.jpg","contentUrl":"https:\/\/flexpictureebook.eu\/wp-content\/uploads\/2023\/10\/20210922_091249-300x225.jpg"},{"@type":"BreadcrumbList","@id":"https:\/\/flexpictureebook.eu\/it\/partenaires\/#breadcrumb","itemListElement":[{"@type":"ListItem","position":1,"name":"Accueil","item":"https:\/\/flexpictureebook.eu\/it\/"},{"@type":"ListItem","position":2,"name":"Partner"}]},{"@type":"WebSite","@id":"https:\/\/flexpictureebook.eu\/#website","url":"https:\/\/flexpictureebook.eu\/","name":"Flex Picture Ebook","description":"Un livre num\u00e9rique pour un apprentissage inclusif","publisher":{"@id":"https:\/\/flexpictureebook.eu\/#organization"},"potentialAction":[{"@type":"SearchAction","target":{"@type":"EntryPoint","urlTemplate":"https:\/\/flexpictureebook.eu\/?s={search_term_string}"},"query-input":{"@type":"PropertyValueSpecification","valueRequired":true,"valueName":"search_term_string"}}],"inLanguage":"it-IT"},{"@type":"Organization","@id":"https:\/\/flexpictureebook.eu\/#organization","name":"Flex Picture Ebook","url":"https:\/\/flexpictureebook.eu\/","logo":{"@type":"ImageObject","inLanguage":"it-IT","@id":"https:\/\/flexpictureebook.eu\/#\/schema\/logo\/image\/","url":"https:\/\/flexpictureebook.eu\/wp-content\/uploads\/2023\/06\/cropped-cropped-logo-ebook-512.png","contentUrl":"https:\/\/flexpictureebook.eu\/wp-content\/uploads\/2023\/06\/cropped-cropped-logo-ebook-512.png","width":512,"height":282,"caption":"Flex Picture Ebook"},"image":{"@id":"https:\/\/flexpictureebook.eu\/#\/schema\/logo\/image\/"},"sameAs":["https:\/\/www.facebook.com\/lesdoigtsquirevent\/","https:\/\/x.com\/EditionsLDQR"]}]}},"_links":{"self":[{"href":"https:\/\/flexpictureebook.eu\/it\/wp-json\/wp\/v2\/pages\/7031","targetHints":{"allow":["GET"]}}],"collection":[{"href":"https:\/\/flexpictureebook.eu\/it\/wp-json\/wp\/v2\/pages"}],"about":[{"href":"https:\/\/flexpictureebook.eu\/it\/wp-json\/wp\/v2\/types\/page"}],"author":[{"embeddable":true,"href":"https:\/\/flexpictureebook.eu\/it\/wp-json\/wp\/v2\/users\/1"}],"replies":[{"embeddable":true,"href":"https:\/\/flexpictureebook.eu\/it\/wp-json\/wp\/v2\/comments?post=7031"}],"version-history":[{"count":3,"href":"https:\/\/flexpictureebook.eu\/it\/wp-json\/wp\/v2\/pages\/7031\/revisions"}],"predecessor-version":[{"id":9316,"href":"https:\/\/flexpictureebook.eu\/it\/wp-json\/wp\/v2\/pages\/7031\/revisions\/9316"}],"wp:attachment":[{"href":"https:\/\/flexpictureebook.eu\/it\/wp-json\/wp\/v2\/media?parent=7031"}],"curies":[{"name":"wp","href":"https:\/\/api.w.org\/{rel}","templated":true}]}}