{"id":7021,"date":"2023-07-03T10:08:13","date_gmt":"2023-07-03T08:08:13","guid":{"rendered":"https:\/\/flexpictureebook.eu\/a-propos\/le-projet\/"},"modified":"2025-12-19T15:00:30","modified_gmt":"2025-12-19T14:00:30","slug":"le-projet","status":"publish","type":"page","link":"https:\/\/flexpictureebook.eu\/it\/a-propos\/le-projet\/","title":{"rendered":"Il progetto"},"content":{"rendered":"<h2>Un libro digitale per l&#8217;apprendimento inclusivo<\/h2>\n<h3>L&#8217;obiettivo del progetto<\/h3>\n<p>Il progetto europeo Flex Picture Ebook \u00e8 il frutto della collaborazione tra 7 organizzazioni europee specializzate in disabilit\u00e0 visive, uditive e cognitive, nonch\u00e9 in accessibilit\u00e0 digitale ed editoria specializzata. Tutti questi partner lavorano ad un obiettivo comune: rendere i libri illustrati accessibili a tutti i bambini, compresi quelli con disabilit\u00e0, adattandoli in una versione digitale migliorata nel formato standard EPUB3, al fine di promuovre le pari opportunit\u00e0 di accesso al piacere della lettura, sia individuale che condivisa, e di rafforzare i processi inclusivi.<\/p>\n<p>I recenti sviluppi nell&#8217;editoria digitale accessibile si sono concentrati principalmente sull&#8217;accessibilit\u00e0 al testo. In questo caso, il progetto Flex Picture Ebook fornisce anche l&#8217;accessibilit\u00e0 alle illustrazioni, che sono cos\u00ec importanti per rendere un testo attraente per i bambini, ma anche per aiutarli a comprenderlo e a ricordarlo. L&#8217;obiettivo \u00e8 rendere la lettura sempre pi\u00f9 personalizzabile, riducendo al contempo il carico cognitivo e l&#8217;affaticabilit\u00e0 visiva, in modo che tutti i bambini possano semplicemente godersi la storia.<\/p>\n<p>Questo obiettivo generale pu\u00f2 essere suddiviso in 4 sotto-obiettivi :<\/p>\n<ul>\n<li>Consentire ai bambini con bisogni educativi speciali presenti in una classe o in una famiglia di seguire simultaneamente in maggiore autonomia lo stesso libro degli altri bambini<\/li>\n<li>Contribuire a un&#8217;educazione pi\u00f9 egualitaria e a una cultura comune fra tutti i bambini<\/li>\n<li>Sostenere i caregiver affinch\u00e9 abbiano una migliore comprensione della disabilit\u00e0 e delle opportunit\u00e0 offerte dall&#8221;accessibilit\u00e0 digitale. Aiutarli a comprendere meglio ci\u00f2 che i bambini vedono e le esigenze specifiche che ne derivano in termini di leggibilit\u00e0 e comprensione<\/li>\n<li>Far evolvere l&#8217;offerta editoriale in modo che vi sia un&#8217;ampia gamma di libri illustrati accessibili, sia in termini di quantit\u00e0 che di qualit\u00e0, in Europa e altrove<\/li>\n<\/ul>\n<h3>Le illustrazioni declinate in 5 livelli di leggibilit\u00e0<\/h3>\n<p>Il concetto di libro illustrato digitale Flex Picture Ebook consente ad ogni bambino di personalizzare la propria espereinza di lettura: questo rappresenta una vera innovazione.<\/p>\n<p>Ogni illustrazione \u00e8 stata rielaborata in 5 livelli di leggibilit\u00e0, dal pi\u00f9 dettagliato al pi\u00f9 semplificato, avendo cura di mantenere gli elementi essenziali per la comprensione:<\/p>\n<ol>\n<li>il pi\u00f9 vicino possibile all&#8217;originale, avendo cura di rafforzare i contrasti<\/li>\n<li>eliminazione di elementi decorativi non presenti nel testo<\/li>\n<li>semplificazione dei personaggi e rimozione della prospettiva<\/li>\n<li>rimozione di elementi ambientali, non essenziali, per mantenere solo i personaggi<\/li>\n<li>semplificazione del protagonista<\/li>\n<\/ol>\n<p>Le ambientazioni delle illustrazioni sono completate da animazioni visive e sonore che aiutano la comprensione.<\/p>\n<p>Inoltre, i bambini possono attivare e regolare tutte queste funzioni in modo intuitivo.<\/p>\n<p>Il prototipo \u00e8 stato progettato in Francia dall&#8217;associazione Les Doigts Qui R\u00eavent con il sostegno del Ministero dell&#8217;Istruzione francese e della regione Bourgogne-Franche-Comt\u00e9 e sotto la responsabilit\u00e0 scientifica di Dannyelle Valente con Anna Rita Galiano e Maureen Cosnard del Laboratorio DIPHE (Sviluppo, Individuo, Processo, Disabilit\u00e0 ed Educazione) dell&#8217;Universit\u00e9 Lumi\u00e8re Lyon 2 e di \u00c9douard Gentaz, Lola Chennaz e Alexandre Kalonji del Laboratorio SMAS (Sviluppo Sensoriale-Motorio-Affettivo-Sociale) dell&#8217;Universit\u00e0 di Ginevra. Il primo titolo uscito con questo progetto \u00e8 &#8220;\u00c9mile veut une chauve-souris&#8221; (testo di Vincent Cuvellier e illustrazioni di Ronan Badel). Ringraziamo la casa editrice francese Gallimard jeunesse per averci permesso di tradurre questo testo nella lingua dei quattro Paesi partner del progetto.<\/p>\n<h3>Dettagli delle fasi del progetto<\/h3>\n<p>Il progetto si declina in 4 fasi principali :<\/p>\n<ol>\n<li>Realizzazione del prototipo del Flex Picture Ebook &#8220;\u00c9mile veut une chauve-souris&#8221; (testo di V. Cuvellier e illustrazioni di R. Badel) in 5 lingue :\n<ul>\n<li>inglese<\/li>\n<li>francese<\/li>\n<li>tedesco<\/li>\n<li>italiano<\/li>\n<li>lituano<\/li>\n<\/ul>\n<\/li>\n<li>Stesura degli scenari pedagogici testati per l&#8217;utilizzo del prototipo Flex Picture Ebook in classe o individualmente per :\n<ul>\n<li>consentire agli insegnanti di utilizzare la letteratura per l&#8217;infanzia in classe per raggiungere obiettivi didattici ed educativi comuni a tutti gli alunni;<\/li>\n<li>incrementare le conoscenze dei caregiver rispetto alla disabilit\u00e0 e alle opportunit\u00e0 offerte dalla narrativa accessibile digitale e favorirne l&#8217;uso.<\/li>\n<\/ul>\n<\/li>\n<li>\u00a0Ideazione di strumenti e linee guida per migliorare la creazione di libri basati sul concetto di <em>Flex Picture Ebook :<\/em>\n<ul>\n<li>Linee guida per adattare le illustrazioni ai bambini con disabilit\u00e0 visive e\/o cognitive<\/li>\n<li>Specifiche della metodologia e degli strumenti software per l&#8217;adattamento dei libri<\/li>\n<li>Materiale di formazione per l&#8217;adattamento di libri elettronici<\/li>\n<\/ul>\n<\/li>\n<li>\u00a0Erogazione di formazione per scrittori e case editrici al fine di promuovere la pubblicazione di libri che utilizzano il format di <em>Flex Picture Ebook :<\/em>\n<ul>\n<li>Informare insegnanti, editori, trascrittori, genitori e bibliotecari dell&#8217;esistenza di risorse digitali illustrate accessibili per un apprendimento e un&#8217;educazione pi\u00f9 inclusivi.<\/li>\n<li>Invogliare insegnanti, editori e trascrittori a utilizzare il nostro metodo e i nostri strumenti di lavoro testati sul campo.<\/li>\n<li>Formare insegnanti, editori e trascrittori all&#8217;utilizzo del nostro metodo e dei nostri strumenti di lavoro<\/li>\n<\/ul>\n<\/li>\n<\/ol>\n<p>Questo progetto \u00e8 stato realizzato in stretta collaborazione con Ludovic Bal di R\u00e9seau Canop\u00e9, Hauts-de-France (Francia), sviluppatore informatico del file epub3 che \u00e8 servito da modello durante tutto lo svolgimento di Flex Picture Ebook.<\/p>\n<h3 data-start=\"0\" data-end=\"26\"><strong data-start=\"0\" data-end=\"26\">Risultati del progetto<\/strong><\/h3>\n<p data-start=\"28\" data-end=\"345\">Siamo lieti di annunciare che il nostro progetto europeo <em data-start=\"85\" data-end=\"105\">Flex Picture Ebook<\/em> \u00e8 stato valutato dall\u2019Agenzia Erasmus+ secondo i criteri definiti dalla Commissione europea, relativi alla pertinenza, alla qualit\u00e0, all\u2019impatto e alla diffusione dei risultati. Il progetto ha ottenuto una valutazione di altissima qualit\u00e0.<\/p>\n<p data-start=\"347\" data-end=\"552\" data-is-last-node=\"\" data-is-only-node=\"\">In riconoscimento dell\u2019attuazione del progetto e dei suoi risultati, ci \u00e8 stato conferito il <strong data-start=\"440\" data-end=\"467\">marchio \u201cBuona pratica\u201d<\/strong>, che attesta il nostro impegno e il riconoscimento istituzionale di questo progetto.<\/p>\n<p data-start=\"347\" data-end=\"552\" data-is-last-node=\"\" data-is-only-node=\"\"><img loading=\"lazy\" decoding=\"async\" class=\"alignnone size-medium wp-image-9895\" src=\"https:\/\/flexpictureebook.eu\/wp-content\/uploads\/2025\/12\/grand_logo_bonne_pratique_1690791518-300x286.png\" alt=\"Bonne pratique Erasmus +\" width=\"300\" height=\"286\" srcset=\"https:\/\/flexpictureebook.eu\/wp-content\/uploads\/2025\/12\/grand_logo_bonne_pratique_1690791518-300x286.png 300w, https:\/\/flexpictureebook.eu\/wp-content\/uploads\/2025\/12\/grand_logo_bonne_pratique_1690791518-1024x976.png 1024w, https:\/\/flexpictureebook.eu\/wp-content\/uploads\/2025\/12\/grand_logo_bonne_pratique_1690791518-768x732.png 768w, https:\/\/flexpictureebook.eu\/wp-content\/uploads\/2025\/12\/grand_logo_bonne_pratique_1690791518-1536x1464.png 1536w, https:\/\/flexpictureebook.eu\/wp-content\/uploads\/2025\/12\/grand_logo_bonne_pratique_1690791518-2048x1951.png 2048w, https:\/\/flexpictureebook.eu\/wp-content\/uploads\/2025\/12\/grand_logo_bonne_pratique_1690791518-157x150.png 157w\" sizes=\"auto, (max-width: 300px) 100vw, 300px\" \/><\/p>\n","protected":false},"excerpt":{"rendered":"<p>Un libro digitale per l&#8217;apprendimento inclusivo L&#8217;obiettivo del progetto Il progetto europeo Flex Picture Ebook \u00e8 il frutto della collaborazione tra 7 organizzazioni europee specializzate in disabilit\u00e0 visive, uditive e cognitive, nonch\u00e9 in accessibilit\u00e0 digitale ed editoria specializzata. Tutti questi partner lavorano ad un obiettivo comune: rendere i libri illustrati accessibili a tutti i bambini, [&hellip;]<\/p>\n","protected":false},"author":1,"featured_media":7022,"parent":7017,"menu_order":24,"comment_status":"closed","ping_status":"closed","template":"","meta":{"_acf_changed":false,"footnotes":""},"class_list":["post-7021","page","type-page","status-publish","has-post-thumbnail","hentry","clearfix"],"acf":[],"yoast_head":"<!-- This site is optimized with the Yoast SEO plugin v27.4 - https:\/\/yoast.com\/product\/yoast-seo-wordpress\/ -->\n<title>Il progetto - Flex Picture Ebook<\/title>\n<meta name=\"description\" content=\"Depuis plus de 20 ans, le concours international de livres tactiles illustr\u00e9s, Typho&amp;Tactus fait d\u00e9couvrir des maquettes tactiles du monde entier et est un lieu d&#039;\u00e9changes et de partage incroyable. D\u00e9j\u00e0 21 pays participants! Artistes, enseignants, associations, rejoignez-nous !\" \/>\n<meta name=\"robots\" content=\"index, follow, max-snippet:-1, max-image-preview:large, max-video-preview:-1\" \/>\n<link rel=\"canonical\" href=\"https:\/\/flexpictureebook.eu\/it\/a-propos\/le-projet\/\" \/>\n<meta property=\"og:locale\" content=\"it_IT\" \/>\n<meta property=\"og:type\" content=\"article\" \/>\n<meta property=\"og:title\" content=\"Il progetto - Flex Picture Ebook\" \/>\n<meta property=\"og:description\" content=\"Depuis plus de 20 ans, le concours international de livres tactiles illustr\u00e9s, Typho&amp;Tactus fait d\u00e9couvrir des maquettes tactiles du monde entier et est un lieu d&#039;\u00e9changes et de partage incroyable. D\u00e9j\u00e0 21 pays participants! Artistes, enseignants, associations, rejoignez-nous !\" \/>\n<meta property=\"og:url\" content=\"https:\/\/flexpictureebook.eu\/it\/a-propos\/le-projet\/\" \/>\n<meta property=\"og:site_name\" content=\"Flex Picture Ebook\" \/>\n<meta property=\"article:publisher\" content=\"https:\/\/www.facebook.com\/lesdoigtsquirevent\/\" \/>\n<meta property=\"article:modified_time\" content=\"2025-12-19T14:00:30+00:00\" \/>\n<meta property=\"og:image\" content=\"https:\/\/flexpictureebook.eu\/wp-content\/uploads\/2023\/05\/pexels-julia-m-cameron-4145077-scaled.jpg\" \/>\n\t<meta property=\"og:image:width\" content=\"2560\" \/>\n\t<meta property=\"og:image:height\" content=\"1708\" \/>\n\t<meta property=\"og:image:type\" content=\"image\/jpeg\" \/>\n<meta name=\"twitter:card\" content=\"summary_large_image\" \/>\n<meta name=\"twitter:site\" content=\"@EditionsLDQR\" \/>\n<meta name=\"twitter:label1\" content=\"Tempo di lettura stimato\" \/>\n\t<meta name=\"twitter:data1\" content=\"4 minuti\" \/>\n<script type=\"application\/ld+json\" class=\"yoast-schema-graph\">{\"@context\":\"https:\\\/\\\/schema.org\",\"@graph\":[{\"@type\":\"WebPage\",\"@id\":\"https:\\\/\\\/flexpictureebook.eu\\\/it\\\/a-propos\\\/le-projet\\\/\",\"url\":\"https:\\\/\\\/flexpictureebook.eu\\\/it\\\/a-propos\\\/le-projet\\\/\",\"name\":\"Il progetto - Flex Picture Ebook\",\"isPartOf\":{\"@id\":\"https:\\\/\\\/flexpictureebook.eu\\\/#website\"},\"primaryImageOfPage\":{\"@id\":\"https:\\\/\\\/flexpictureebook.eu\\\/it\\\/a-propos\\\/le-projet\\\/#primaryimage\"},\"image\":{\"@id\":\"https:\\\/\\\/flexpictureebook.eu\\\/it\\\/a-propos\\\/le-projet\\\/#primaryimage\"},\"thumbnailUrl\":\"https:\\\/\\\/flexpictureebook.eu\\\/wp-content\\\/uploads\\\/2023\\\/05\\\/pexels-julia-m-cameron-4145077-scaled.jpg\",\"datePublished\":\"2023-07-03T08:08:13+00:00\",\"dateModified\":\"2025-12-19T14:00:30+00:00\",\"description\":\"Depuis plus de 20 ans, le concours international de livres tactiles illustr\u00e9s, Typho&Tactus fait d\u00e9couvrir des maquettes tactiles du monde entier et est un lieu d'\u00e9changes et de partage incroyable. D\u00e9j\u00e0 21 pays participants! Artistes, enseignants, associations, rejoignez-nous !\",\"breadcrumb\":{\"@id\":\"https:\\\/\\\/flexpictureebook.eu\\\/it\\\/a-propos\\\/le-projet\\\/#breadcrumb\"},\"inLanguage\":\"it-IT\",\"potentialAction\":[{\"@type\":\"ReadAction\",\"target\":[\"https:\\\/\\\/flexpictureebook.eu\\\/it\\\/a-propos\\\/le-projet\\\/\"]}]},{\"@type\":\"ImageObject\",\"inLanguage\":\"it-IT\",\"@id\":\"https:\\\/\\\/flexpictureebook.eu\\\/it\\\/a-propos\\\/le-projet\\\/#primaryimage\",\"url\":\"https:\\\/\\\/flexpictureebook.eu\\\/wp-content\\\/uploads\\\/2023\\\/05\\\/pexels-julia-m-cameron-4145077-scaled.jpg\",\"contentUrl\":\"https:\\\/\\\/flexpictureebook.eu\\\/wp-content\\\/uploads\\\/2023\\\/05\\\/pexels-julia-m-cameron-4145077-scaled.jpg\",\"width\":2560,\"height\":1708},{\"@type\":\"BreadcrumbList\",\"@id\":\"https:\\\/\\\/flexpictureebook.eu\\\/it\\\/a-propos\\\/le-projet\\\/#breadcrumb\",\"itemListElement\":[{\"@type\":\"ListItem\",\"position\":1,\"name\":\"Accueil\",\"item\":\"https:\\\/\\\/flexpictureebook.eu\\\/it\\\/\"},{\"@type\":\"ListItem\",\"position\":2,\"name\":\"A proposito\",\"item\":\"https:\\\/\\\/flexpictureebook.eu\\\/it\\\/a-propos\\\/\"},{\"@type\":\"ListItem\",\"position\":3,\"name\":\"Il progetto\"}]},{\"@type\":\"WebSite\",\"@id\":\"https:\\\/\\\/flexpictureebook.eu\\\/#website\",\"url\":\"https:\\\/\\\/flexpictureebook.eu\\\/\",\"name\":\"Flex Picture Ebook\",\"description\":\"Un livre num\u00e9rique pour un apprentissage inclusif\",\"publisher\":{\"@id\":\"https:\\\/\\\/flexpictureebook.eu\\\/#organization\"},\"potentialAction\":[{\"@type\":\"SearchAction\",\"target\":{\"@type\":\"EntryPoint\",\"urlTemplate\":\"https:\\\/\\\/flexpictureebook.eu\\\/?s={search_term_string}\"},\"query-input\":{\"@type\":\"PropertyValueSpecification\",\"valueRequired\":true,\"valueName\":\"search_term_string\"}}],\"inLanguage\":\"it-IT\"},{\"@type\":\"Organization\",\"@id\":\"https:\\\/\\\/flexpictureebook.eu\\\/#organization\",\"name\":\"Flex Picture Ebook\",\"url\":\"https:\\\/\\\/flexpictureebook.eu\\\/\",\"logo\":{\"@type\":\"ImageObject\",\"inLanguage\":\"it-IT\",\"@id\":\"https:\\\/\\\/flexpictureebook.eu\\\/#\\\/schema\\\/logo\\\/image\\\/\",\"url\":\"https:\\\/\\\/flexpictureebook.eu\\\/wp-content\\\/uploads\\\/2023\\\/06\\\/cropped-cropped-logo-ebook-512.png\",\"contentUrl\":\"https:\\\/\\\/flexpictureebook.eu\\\/wp-content\\\/uploads\\\/2023\\\/06\\\/cropped-cropped-logo-ebook-512.png\",\"width\":512,\"height\":282,\"caption\":\"Flex Picture Ebook\"},\"image\":{\"@id\":\"https:\\\/\\\/flexpictureebook.eu\\\/#\\\/schema\\\/logo\\\/image\\\/\"},\"sameAs\":[\"https:\\\/\\\/www.facebook.com\\\/lesdoigtsquirevent\\\/\",\"https:\\\/\\\/x.com\\\/EditionsLDQR\"]}]}<\/script>\n<!-- \/ Yoast SEO plugin. -->","yoast_head_json":{"title":"Il progetto - Flex Picture Ebook","description":"Depuis plus de 20 ans, le concours international de livres tactiles illustr\u00e9s, Typho&Tactus fait d\u00e9couvrir des maquettes tactiles du monde entier et est un lieu d'\u00e9changes et de partage incroyable. D\u00e9j\u00e0 21 pays participants! Artistes, enseignants, associations, rejoignez-nous !","robots":{"index":"index","follow":"follow","max-snippet":"max-snippet:-1","max-image-preview":"max-image-preview:large","max-video-preview":"max-video-preview:-1"},"canonical":"https:\/\/flexpictureebook.eu\/it\/a-propos\/le-projet\/","og_locale":"it_IT","og_type":"article","og_title":"Il progetto - Flex Picture Ebook","og_description":"Depuis plus de 20 ans, le concours international de livres tactiles illustr\u00e9s, Typho&Tactus fait d\u00e9couvrir des maquettes tactiles du monde entier et est un lieu d'\u00e9changes et de partage incroyable. D\u00e9j\u00e0 21 pays participants! Artistes, enseignants, associations, rejoignez-nous !","og_url":"https:\/\/flexpictureebook.eu\/it\/a-propos\/le-projet\/","og_site_name":"Flex Picture Ebook","article_publisher":"https:\/\/www.facebook.com\/lesdoigtsquirevent\/","article_modified_time":"2025-12-19T14:00:30+00:00","og_image":[{"width":2560,"height":1708,"url":"https:\/\/flexpictureebook.eu\/wp-content\/uploads\/2023\/05\/pexels-julia-m-cameron-4145077-scaled.jpg","type":"image\/jpeg"}],"twitter_card":"summary_large_image","twitter_site":"@EditionsLDQR","twitter_misc":{"Tempo di lettura stimato":"4 minuti"},"schema":{"@context":"https:\/\/schema.org","@graph":[{"@type":"WebPage","@id":"https:\/\/flexpictureebook.eu\/it\/a-propos\/le-projet\/","url":"https:\/\/flexpictureebook.eu\/it\/a-propos\/le-projet\/","name":"Il progetto - Flex Picture Ebook","isPartOf":{"@id":"https:\/\/flexpictureebook.eu\/#website"},"primaryImageOfPage":{"@id":"https:\/\/flexpictureebook.eu\/it\/a-propos\/le-projet\/#primaryimage"},"image":{"@id":"https:\/\/flexpictureebook.eu\/it\/a-propos\/le-projet\/#primaryimage"},"thumbnailUrl":"https:\/\/flexpictureebook.eu\/wp-content\/uploads\/2023\/05\/pexels-julia-m-cameron-4145077-scaled.jpg","datePublished":"2023-07-03T08:08:13+00:00","dateModified":"2025-12-19T14:00:30+00:00","description":"Depuis plus de 20 ans, le concours international de livres tactiles illustr\u00e9s, Typho&Tactus fait d\u00e9couvrir des maquettes tactiles du monde entier et est un lieu d'\u00e9changes et de partage incroyable. D\u00e9j\u00e0 21 pays participants! Artistes, enseignants, associations, rejoignez-nous !","breadcrumb":{"@id":"https:\/\/flexpictureebook.eu\/it\/a-propos\/le-projet\/#breadcrumb"},"inLanguage":"it-IT","potentialAction":[{"@type":"ReadAction","target":["https:\/\/flexpictureebook.eu\/it\/a-propos\/le-projet\/"]}]},{"@type":"ImageObject","inLanguage":"it-IT","@id":"https:\/\/flexpictureebook.eu\/it\/a-propos\/le-projet\/#primaryimage","url":"https:\/\/flexpictureebook.eu\/wp-content\/uploads\/2023\/05\/pexels-julia-m-cameron-4145077-scaled.jpg","contentUrl":"https:\/\/flexpictureebook.eu\/wp-content\/uploads\/2023\/05\/pexels-julia-m-cameron-4145077-scaled.jpg","width":2560,"height":1708},{"@type":"BreadcrumbList","@id":"https:\/\/flexpictureebook.eu\/it\/a-propos\/le-projet\/#breadcrumb","itemListElement":[{"@type":"ListItem","position":1,"name":"Accueil","item":"https:\/\/flexpictureebook.eu\/it\/"},{"@type":"ListItem","position":2,"name":"A proposito","item":"https:\/\/flexpictureebook.eu\/it\/a-propos\/"},{"@type":"ListItem","position":3,"name":"Il progetto"}]},{"@type":"WebSite","@id":"https:\/\/flexpictureebook.eu\/#website","url":"https:\/\/flexpictureebook.eu\/","name":"Flex Picture Ebook","description":"Un livre num\u00e9rique pour un apprentissage inclusif","publisher":{"@id":"https:\/\/flexpictureebook.eu\/#organization"},"potentialAction":[{"@type":"SearchAction","target":{"@type":"EntryPoint","urlTemplate":"https:\/\/flexpictureebook.eu\/?s={search_term_string}"},"query-input":{"@type":"PropertyValueSpecification","valueRequired":true,"valueName":"search_term_string"}}],"inLanguage":"it-IT"},{"@type":"Organization","@id":"https:\/\/flexpictureebook.eu\/#organization","name":"Flex Picture Ebook","url":"https:\/\/flexpictureebook.eu\/","logo":{"@type":"ImageObject","inLanguage":"it-IT","@id":"https:\/\/flexpictureebook.eu\/#\/schema\/logo\/image\/","url":"https:\/\/flexpictureebook.eu\/wp-content\/uploads\/2023\/06\/cropped-cropped-logo-ebook-512.png","contentUrl":"https:\/\/flexpictureebook.eu\/wp-content\/uploads\/2023\/06\/cropped-cropped-logo-ebook-512.png","width":512,"height":282,"caption":"Flex Picture Ebook"},"image":{"@id":"https:\/\/flexpictureebook.eu\/#\/schema\/logo\/image\/"},"sameAs":["https:\/\/www.facebook.com\/lesdoigtsquirevent\/","https:\/\/x.com\/EditionsLDQR"]}]}},"_links":{"self":[{"href":"https:\/\/flexpictureebook.eu\/it\/wp-json\/wp\/v2\/pages\/7021","targetHints":{"allow":["GET"]}}],"collection":[{"href":"https:\/\/flexpictureebook.eu\/it\/wp-json\/wp\/v2\/pages"}],"about":[{"href":"https:\/\/flexpictureebook.eu\/it\/wp-json\/wp\/v2\/types\/page"}],"author":[{"embeddable":true,"href":"https:\/\/flexpictureebook.eu\/it\/wp-json\/wp\/v2\/users\/1"}],"replies":[{"embeddable":true,"href":"https:\/\/flexpictureebook.eu\/it\/wp-json\/wp\/v2\/comments?post=7021"}],"version-history":[{"count":7,"href":"https:\/\/flexpictureebook.eu\/it\/wp-json\/wp\/v2\/pages\/7021\/revisions"}],"predecessor-version":[{"id":9902,"href":"https:\/\/flexpictureebook.eu\/it\/wp-json\/wp\/v2\/pages\/7021\/revisions\/9902"}],"up":[{"embeddable":true,"href":"https:\/\/flexpictureebook.eu\/it\/wp-json\/wp\/v2\/pages\/7017"}],"wp:featuredmedia":[{"embeddable":true,"href":"https:\/\/flexpictureebook.eu\/it\/wp-json\/wp\/v2\/media\/7022"}],"wp:attachment":[{"href":"https:\/\/flexpictureebook.eu\/it\/wp-json\/wp\/v2\/media?parent=7021"}],"curies":[{"name":"wp","href":"https:\/\/api.w.org\/{rel}","templated":true}]}}