{"id":6640,"date":"2020-04-28T14:34:01","date_gmt":"2020-04-28T12:34:01","guid":{"rendered":"https:\/\/flexpictureebook.eu\/?page_id=6640"},"modified":"2025-09-29T11:42:43","modified_gmt":"2025-09-29T09:42:43","slug":"accueil","status":"publish","type":"page","link":"https:\/\/flexpictureebook.eu\/it\/","title":{"rendered":"Home"},"content":{"rendered":"","protected":false},"excerpt":{"rendered":"","protected":false},"author":1,"featured_media":0,"parent":0,"menu_order":11,"comment_status":"closed","ping_status":"closed","template":"template-homepage.php","meta":{"_acf_changed":false,"footnotes":""},"class_list":["post-6640","page","type-page","status-publish","hentry","clearfix"],"acf":[],"yoast_head":"<!-- This site is optimized with the Yoast SEO plugin v27.3 - https:\/\/yoast.com\/product\/yoast-seo-wordpress\/ -->\n<title>Home - Flex Picture Ebook<\/title>\n<meta name=\"description\" content=\"Depuis plus de 20 ans, le concours international de livres tactiles illustr\u00e9s, Typho&amp;Tactus fait d\u00e9couvrir des maquettes tactiles du monde entier et est un lieu d&#039;\u00e9changes et de partage incroyable. D\u00e9j\u00e0 21 pays participants! Artistes, enseignants, associations, rejoignez-nous !\" \/>\n<meta name=\"robots\" content=\"index, follow, max-snippet:-1, max-image-preview:large, max-video-preview:-1\" \/>\n<link rel=\"canonical\" href=\"https:\/\/flexpictureebook.eu\/it\/\" \/>\n<meta property=\"og:locale\" content=\"it_IT\" \/>\n<meta property=\"og:type\" content=\"article\" \/>\n<meta property=\"og:title\" content=\"Home - Flex Picture Ebook\" \/>\n<meta property=\"og:description\" content=\"Depuis plus de 20 ans, le concours international de livres tactiles illustr\u00e9s, Typho&amp;Tactus fait d\u00e9couvrir des maquettes tactiles du monde entier et est un lieu d&#039;\u00e9changes et de partage incroyable. D\u00e9j\u00e0 21 pays participants! Artistes, enseignants, associations, rejoignez-nous !\" \/>\n<meta property=\"og:url\" content=\"https:\/\/flexpictureebook.eu\/it\/\" \/>\n<meta property=\"og:site_name\" content=\"Flex Picture Ebook\" \/>\n<meta property=\"article:publisher\" content=\"https:\/\/www.facebook.com\/lesdoigtsquirevent\/\" \/>\n<meta property=\"article:modified_time\" content=\"2025-09-29T09:42:43+00:00\" \/>\n<meta name=\"twitter:card\" content=\"summary_large_image\" \/>\n<meta name=\"twitter:site\" content=\"@EditionsLDQR\" \/>\n<script type=\"application\/ld+json\" class=\"yoast-schema-graph\">{\"@context\":\"https:\\\/\\\/schema.org\",\"@graph\":[{\"@type\":\"WebPage\",\"@id\":\"https:\\\/\\\/flexpictureebook.eu\\\/it\\\/\",\"url\":\"https:\\\/\\\/flexpictureebook.eu\\\/it\\\/\",\"name\":\"Home - Flex Picture Ebook\",\"isPartOf\":{\"@id\":\"https:\\\/\\\/flexpictureebook.eu\\\/#website\"},\"datePublished\":\"2020-04-28T12:34:01+00:00\",\"dateModified\":\"2025-09-29T09:42:43+00:00\",\"description\":\"Depuis plus de 20 ans, le concours international de livres tactiles illustr\u00e9s, Typho&Tactus fait d\u00e9couvrir des maquettes tactiles du monde entier et est un lieu d'\u00e9changes et de partage incroyable. D\u00e9j\u00e0 21 pays participants! Artistes, enseignants, associations, rejoignez-nous !\",\"breadcrumb\":{\"@id\":\"https:\\\/\\\/flexpictureebook.eu\\\/it\\\/#breadcrumb\"},\"inLanguage\":\"it-IT\",\"potentialAction\":[{\"@type\":\"ReadAction\",\"target\":[\"https:\\\/\\\/flexpictureebook.eu\\\/it\\\/\"]}]},{\"@type\":\"BreadcrumbList\",\"@id\":\"https:\\\/\\\/flexpictureebook.eu\\\/it\\\/#breadcrumb\",\"itemListElement\":[{\"@type\":\"ListItem\",\"position\":1,\"name\":\"Accueil\",\"item\":\"https:\\\/\\\/flexpictureebook.eu\\\/it\\\/\"},{\"@type\":\"ListItem\",\"position\":2,\"name\":\"Home\"}]},{\"@type\":\"WebSite\",\"@id\":\"https:\\\/\\\/flexpictureebook.eu\\\/#website\",\"url\":\"https:\\\/\\\/flexpictureebook.eu\\\/\",\"name\":\"Flex Picture Ebook\",\"description\":\"Un livre num\u00e9rique pour un apprentissage inclusif\",\"publisher\":{\"@id\":\"https:\\\/\\\/flexpictureebook.eu\\\/#organization\"},\"potentialAction\":[{\"@type\":\"SearchAction\",\"target\":{\"@type\":\"EntryPoint\",\"urlTemplate\":\"https:\\\/\\\/flexpictureebook.eu\\\/?s={search_term_string}\"},\"query-input\":{\"@type\":\"PropertyValueSpecification\",\"valueRequired\":true,\"valueName\":\"search_term_string\"}}],\"inLanguage\":\"it-IT\"},{\"@type\":\"Organization\",\"@id\":\"https:\\\/\\\/flexpictureebook.eu\\\/#organization\",\"name\":\"Flex Picture Ebook\",\"url\":\"https:\\\/\\\/flexpictureebook.eu\\\/\",\"logo\":{\"@type\":\"ImageObject\",\"inLanguage\":\"it-IT\",\"@id\":\"https:\\\/\\\/flexpictureebook.eu\\\/#\\\/schema\\\/logo\\\/image\\\/\",\"url\":\"https:\\\/\\\/flexpictureebook.eu\\\/wp-content\\\/uploads\\\/2023\\\/06\\\/cropped-cropped-logo-ebook-512.png\",\"contentUrl\":\"https:\\\/\\\/flexpictureebook.eu\\\/wp-content\\\/uploads\\\/2023\\\/06\\\/cropped-cropped-logo-ebook-512.png\",\"width\":512,\"height\":282,\"caption\":\"Flex Picture Ebook\"},\"image\":{\"@id\":\"https:\\\/\\\/flexpictureebook.eu\\\/#\\\/schema\\\/logo\\\/image\\\/\"},\"sameAs\":[\"https:\\\/\\\/www.facebook.com\\\/lesdoigtsquirevent\\\/\",\"https:\\\/\\\/x.com\\\/EditionsLDQR\"]}]}<\/script>\n<!-- \/ Yoast SEO plugin. -->","yoast_head_json":{"title":"Home - Flex Picture Ebook","description":"Depuis plus de 20 ans, le concours international de livres tactiles illustr\u00e9s, Typho&Tactus fait d\u00e9couvrir des maquettes tactiles du monde entier et est un lieu d'\u00e9changes et de partage incroyable. D\u00e9j\u00e0 21 pays participants! Artistes, enseignants, associations, rejoignez-nous !","robots":{"index":"index","follow":"follow","max-snippet":"max-snippet:-1","max-image-preview":"max-image-preview:large","max-video-preview":"max-video-preview:-1"},"canonical":"https:\/\/flexpictureebook.eu\/it\/","og_locale":"it_IT","og_type":"article","og_title":"Home - Flex Picture Ebook","og_description":"Depuis plus de 20 ans, le concours international de livres tactiles illustr\u00e9s, Typho&Tactus fait d\u00e9couvrir des maquettes tactiles du monde entier et est un lieu d'\u00e9changes et de partage incroyable. D\u00e9j\u00e0 21 pays participants! Artistes, enseignants, associations, rejoignez-nous !","og_url":"https:\/\/flexpictureebook.eu\/it\/","og_site_name":"Flex Picture Ebook","article_publisher":"https:\/\/www.facebook.com\/lesdoigtsquirevent\/","article_modified_time":"2025-09-29T09:42:43+00:00","twitter_card":"summary_large_image","twitter_site":"@EditionsLDQR","schema":{"@context":"https:\/\/schema.org","@graph":[{"@type":"WebPage","@id":"https:\/\/flexpictureebook.eu\/it\/","url":"https:\/\/flexpictureebook.eu\/it\/","name":"Home - Flex Picture Ebook","isPartOf":{"@id":"https:\/\/flexpictureebook.eu\/#website"},"datePublished":"2020-04-28T12:34:01+00:00","dateModified":"2025-09-29T09:42:43+00:00","description":"Depuis plus de 20 ans, le concours international de livres tactiles illustr\u00e9s, Typho&Tactus fait d\u00e9couvrir des maquettes tactiles du monde entier et est un lieu d'\u00e9changes et de partage incroyable. D\u00e9j\u00e0 21 pays participants! Artistes, enseignants, associations, rejoignez-nous !","breadcrumb":{"@id":"https:\/\/flexpictureebook.eu\/it\/#breadcrumb"},"inLanguage":"it-IT","potentialAction":[{"@type":"ReadAction","target":["https:\/\/flexpictureebook.eu\/it\/"]}]},{"@type":"BreadcrumbList","@id":"https:\/\/flexpictureebook.eu\/it\/#breadcrumb","itemListElement":[{"@type":"ListItem","position":1,"name":"Accueil","item":"https:\/\/flexpictureebook.eu\/it\/"},{"@type":"ListItem","position":2,"name":"Home"}]},{"@type":"WebSite","@id":"https:\/\/flexpictureebook.eu\/#website","url":"https:\/\/flexpictureebook.eu\/","name":"Flex Picture Ebook","description":"Un livre num\u00e9rique pour un apprentissage inclusif","publisher":{"@id":"https:\/\/flexpictureebook.eu\/#organization"},"potentialAction":[{"@type":"SearchAction","target":{"@type":"EntryPoint","urlTemplate":"https:\/\/flexpictureebook.eu\/?s={search_term_string}"},"query-input":{"@type":"PropertyValueSpecification","valueRequired":true,"valueName":"search_term_string"}}],"inLanguage":"it-IT"},{"@type":"Organization","@id":"https:\/\/flexpictureebook.eu\/#organization","name":"Flex Picture Ebook","url":"https:\/\/flexpictureebook.eu\/","logo":{"@type":"ImageObject","inLanguage":"it-IT","@id":"https:\/\/flexpictureebook.eu\/#\/schema\/logo\/image\/","url":"https:\/\/flexpictureebook.eu\/wp-content\/uploads\/2023\/06\/cropped-cropped-logo-ebook-512.png","contentUrl":"https:\/\/flexpictureebook.eu\/wp-content\/uploads\/2023\/06\/cropped-cropped-logo-ebook-512.png","width":512,"height":282,"caption":"Flex Picture Ebook"},"image":{"@id":"https:\/\/flexpictureebook.eu\/#\/schema\/logo\/image\/"},"sameAs":["https:\/\/www.facebook.com\/lesdoigtsquirevent\/","https:\/\/x.com\/EditionsLDQR"]}]}},"_links":{"self":[{"href":"https:\/\/flexpictureebook.eu\/it\/wp-json\/wp\/v2\/pages\/6640","targetHints":{"allow":["GET"]}}],"collection":[{"href":"https:\/\/flexpictureebook.eu\/it\/wp-json\/wp\/v2\/pages"}],"about":[{"href":"https:\/\/flexpictureebook.eu\/it\/wp-json\/wp\/v2\/types\/page"}],"author":[{"embeddable":true,"href":"https:\/\/flexpictureebook.eu\/it\/wp-json\/wp\/v2\/users\/1"}],"replies":[{"embeddable":true,"href":"https:\/\/flexpictureebook.eu\/it\/wp-json\/wp\/v2\/comments?post=6640"}],"version-history":[{"count":12,"href":"https:\/\/flexpictureebook.eu\/it\/wp-json\/wp\/v2\/pages\/6640\/revisions"}],"predecessor-version":[{"id":9507,"href":"https:\/\/flexpictureebook.eu\/it\/wp-json\/wp\/v2\/pages\/6640\/revisions\/9507"}],"wp:attachment":[{"href":"https:\/\/flexpictureebook.eu\/it\/wp-json\/wp\/v2\/media?parent=6640"}],"curies":[{"name":"wp","href":"https:\/\/api.w.org\/{rel}","templated":true}]}}