{"id":9529,"date":"2025-09-29T12:32:04","date_gmt":"2025-09-29T10:32:04","guid":{"rendered":"https:\/\/flexpictureebook.eu\/calinours-goes-to-school\/"},"modified":"2025-09-29T16:34:17","modified_gmt":"2025-09-29T14:34:17","slug":"calinours-goes-to-school","status":"publish","type":"page","link":"https:\/\/flexpictureebook.eu\/en\/calinours-goes-to-school\/","title":{"rendered":"&#8220;Calinours goes to school&#8221;"},"content":{"rendered":"<h1>EPUB3 illustrated accessible<\/h1>\n<h2 class=\"auteur\">Alain BROUTIN, Fr\u00e9d\u00e9ric STEHR<\/h2>\n<p><strong>&#8220;Calinours goes to school, but on the way he meets Mr. Wild Boar, who teaches him how to paint with his feet, and Mr. Fox, who teaches him how to make a camembert out of modeling clay\u2026&#8221;<\/strong><\/p>\n<p>In this innovative digital adaptation developed by LDQR, the child can personalize not only the text display settings but also the illustrations! The book adapts to each child\u2019s needs, offering greater reading comfort and enabling them to fully and independently enjoy the pleasure of reading an illustrated storybook.<\/p>\n<h3>IMAGES \/ ANIMATIONS<\/h3>\n<ul>\n<li>Several levels of detail for each illustration<\/li>\n<li>A \u201cpointing\u201d function to isolate each element<\/li>\n<li>A \u201czoom\u201d function for each element<\/li>\n<li>Option black and white<\/li>\n<li>Visuals animations<\/li>\n<\/ul>\n<h3>TEXT<\/h3>\n<ul>\n<li>6 font choices<\/li>\n<li>4 background color option<\/li>\n<li>Option to enable highlighting of complex sounds<\/li>\n<\/ul>\n<h3>AUDIO<\/h3>\n<ul>\n<li>Option to enable or disable the story narrated by Natacha Fabry<\/li>\n<li>Choice of reading speed<\/li>\n<li>Sound effects and ambient sounds<\/li>\n<\/ul>\n<p><strong>On Ipad \/ MAC<\/strong> : free app <a href=\"https:\/\/apps.apple.com\/fr\/app\/apple-books\/id364709193\">Livres<\/a><br \/>\n<strong>On Android<\/strong> : free app <a href=\"https:\/\/play.google.com\/store\/apps\/details?id=com.gmail.jxlab.app.reasily&amp;hl=fr&amp;gl=US\">Reasily<\/a> \/ <a href=\"https:\/\/play.google.com\/store\/apps\/details?id=com.cicsoft.NamoeBookReader&amp;hl=fr&amp;pli=1\">Namo Reader<\/a><br \/>\n<strong>On PC<\/strong> : free app <a href=\"https:\/\/apps.microsoft.com\/store\/detail\/thorium-reader\/9NFZP1G7M2SC?hl=fr-fr&amp;gl=fr\">Thorium<\/a><\/p>\n<p>Validated by Ace by DAISY 1.1.4 et Pagina EPUB-Checker (EPUBCheck 4.2.6)<\/p>\n<p><a href=\"https:\/\/ldqr.org\/catalogue\/calinours-ecole-version-numerique-epub3\/\" target=\"_blank\" rel=\"noopener\">To buy the book in French, click here.<\/a><\/p>\n<p>This EPUB was developed manually, without the Flex Picture eBook tool. This pioneering work laid the foundation and directly inspired the creation of the tool, designed to simplify and speed up this kind of project.<\/p>\n<p>&nbsp;<\/p>\n","protected":false},"excerpt":{"rendered":"<p>EPUB3 illustrated accessible Alain BROUTIN, Fr\u00e9d\u00e9ric STEHR &#8220;Calinours goes to school, but on the way he meets Mr. Wild Boar, who teaches him how to paint with his feet, and Mr. Fox, who teaches him how to make a camembert out of modeling clay\u2026&#8221; In this innovative digital adaptation developed by LDQR, the child can [&hellip;]<\/p>\n","protected":false},"author":7,"featured_media":0,"parent":0,"menu_order":7,"comment_status":"closed","ping_status":"closed","template":"","meta":{"_acf_changed":false,"footnotes":""},"class_list":["post-9529","page","type-page","status-publish","hentry","clearfix"],"acf":[],"yoast_head":"<!-- This site is optimized with the Yoast SEO plugin v27.4 - https:\/\/yoast.com\/product\/yoast-seo-wordpress\/ -->\n<title>&quot;Calinours goes to school&quot; - Flex Picture Ebook<\/title>\n<meta name=\"description\" content=\"Depuis plus de 20 ans, le concours international de livres tactiles illustr\u00e9s, Typho&amp;Tactus fait d\u00e9couvrir des maquettes tactiles du monde entier et est un lieu d&#039;\u00e9changes et de partage incroyable. D\u00e9j\u00e0 21 pays participants! Artistes, enseignants, associations, rejoignez-nous !\" \/>\n<meta name=\"robots\" content=\"index, follow, max-snippet:-1, max-image-preview:large, max-video-preview:-1\" \/>\n<link rel=\"canonical\" href=\"https:\/\/flexpictureebook.eu\/en\/calinours-goes-to-school\/\" \/>\n<meta property=\"og:locale\" content=\"en_US\" \/>\n<meta property=\"og:type\" content=\"article\" \/>\n<meta property=\"og:title\" content=\"&quot;Calinours goes to school&quot; - Flex Picture Ebook\" \/>\n<meta property=\"og:description\" content=\"Depuis plus de 20 ans, le concours international de livres tactiles illustr\u00e9s, Typho&amp;Tactus fait d\u00e9couvrir des maquettes tactiles du monde entier et est un lieu d&#039;\u00e9changes et de partage incroyable. D\u00e9j\u00e0 21 pays participants! Artistes, enseignants, associations, rejoignez-nous !\" \/>\n<meta property=\"og:url\" content=\"https:\/\/flexpictureebook.eu\/en\/calinours-goes-to-school\/\" \/>\n<meta property=\"og:site_name\" content=\"Flex Picture Ebook\" \/>\n<meta property=\"article:publisher\" content=\"https:\/\/www.facebook.com\/lesdoigtsquirevent\/\" \/>\n<meta property=\"article:modified_time\" content=\"2025-09-29T14:34:17+00:00\" \/>\n<meta name=\"twitter:card\" content=\"summary_large_image\" \/>\n<meta name=\"twitter:site\" content=\"@EditionsLDQR\" \/>\n<meta name=\"twitter:label1\" content=\"Est. reading time\" \/>\n\t<meta name=\"twitter:data1\" content=\"1 minute\" \/>\n<script type=\"application\/ld+json\" class=\"yoast-schema-graph\">{\"@context\":\"https:\\\/\\\/schema.org\",\"@graph\":[{\"@type\":\"WebPage\",\"@id\":\"https:\\\/\\\/flexpictureebook.eu\\\/en\\\/calinours-goes-to-school\\\/\",\"url\":\"https:\\\/\\\/flexpictureebook.eu\\\/en\\\/calinours-goes-to-school\\\/\",\"name\":\"\\\"Calinours goes to school\\\" - Flex Picture Ebook\",\"isPartOf\":{\"@id\":\"https:\\\/\\\/flexpictureebook.eu\\\/#website\"},\"datePublished\":\"2025-09-29T10:32:04+00:00\",\"dateModified\":\"2025-09-29T14:34:17+00:00\",\"description\":\"Depuis plus de 20 ans, le concours international de livres tactiles illustr\u00e9s, Typho&Tactus fait d\u00e9couvrir des maquettes tactiles du monde entier et est un lieu d'\u00e9changes et de partage incroyable. D\u00e9j\u00e0 21 pays participants! Artistes, enseignants, associations, rejoignez-nous !\",\"breadcrumb\":{\"@id\":\"https:\\\/\\\/flexpictureebook.eu\\\/en\\\/calinours-goes-to-school\\\/#breadcrumb\"},\"inLanguage\":\"en-US\",\"potentialAction\":[{\"@type\":\"ReadAction\",\"target\":[\"https:\\\/\\\/flexpictureebook.eu\\\/en\\\/calinours-goes-to-school\\\/\"]}]},{\"@type\":\"BreadcrumbList\",\"@id\":\"https:\\\/\\\/flexpictureebook.eu\\\/en\\\/calinours-goes-to-school\\\/#breadcrumb\",\"itemListElement\":[{\"@type\":\"ListItem\",\"position\":1,\"name\":\"Accueil\",\"item\":\"https:\\\/\\\/flexpictureebook.eu\\\/en\\\/\"},{\"@type\":\"ListItem\",\"position\":2,\"name\":\"\u00ab\u00a0Calinours goes to school\u00a0\u00bb\"}]},{\"@type\":\"WebSite\",\"@id\":\"https:\\\/\\\/flexpictureebook.eu\\\/#website\",\"url\":\"https:\\\/\\\/flexpictureebook.eu\\\/\",\"name\":\"Flex Picture Ebook\",\"description\":\"Un livre num\u00e9rique pour un apprentissage inclusif\",\"publisher\":{\"@id\":\"https:\\\/\\\/flexpictureebook.eu\\\/#organization\"},\"potentialAction\":[{\"@type\":\"SearchAction\",\"target\":{\"@type\":\"EntryPoint\",\"urlTemplate\":\"https:\\\/\\\/flexpictureebook.eu\\\/?s={search_term_string}\"},\"query-input\":{\"@type\":\"PropertyValueSpecification\",\"valueRequired\":true,\"valueName\":\"search_term_string\"}}],\"inLanguage\":\"en-US\"},{\"@type\":\"Organization\",\"@id\":\"https:\\\/\\\/flexpictureebook.eu\\\/#organization\",\"name\":\"Flex Picture Ebook\",\"url\":\"https:\\\/\\\/flexpictureebook.eu\\\/\",\"logo\":{\"@type\":\"ImageObject\",\"inLanguage\":\"en-US\",\"@id\":\"https:\\\/\\\/flexpictureebook.eu\\\/#\\\/schema\\\/logo\\\/image\\\/\",\"url\":\"https:\\\/\\\/flexpictureebook.eu\\\/wp-content\\\/uploads\\\/2023\\\/06\\\/cropped-cropped-logo-ebook-512.png\",\"contentUrl\":\"https:\\\/\\\/flexpictureebook.eu\\\/wp-content\\\/uploads\\\/2023\\\/06\\\/cropped-cropped-logo-ebook-512.png\",\"width\":512,\"height\":282,\"caption\":\"Flex Picture Ebook\"},\"image\":{\"@id\":\"https:\\\/\\\/flexpictureebook.eu\\\/#\\\/schema\\\/logo\\\/image\\\/\"},\"sameAs\":[\"https:\\\/\\\/www.facebook.com\\\/lesdoigtsquirevent\\\/\",\"https:\\\/\\\/x.com\\\/EditionsLDQR\"]}]}<\/script>\n<!-- \/ Yoast SEO plugin. -->","yoast_head_json":{"title":"\"Calinours goes to school\" - Flex Picture Ebook","description":"Depuis plus de 20 ans, le concours international de livres tactiles illustr\u00e9s, Typho&Tactus fait d\u00e9couvrir des maquettes tactiles du monde entier et est un lieu d'\u00e9changes et de partage incroyable. D\u00e9j\u00e0 21 pays participants! Artistes, enseignants, associations, rejoignez-nous !","robots":{"index":"index","follow":"follow","max-snippet":"max-snippet:-1","max-image-preview":"max-image-preview:large","max-video-preview":"max-video-preview:-1"},"canonical":"https:\/\/flexpictureebook.eu\/en\/calinours-goes-to-school\/","og_locale":"en_US","og_type":"article","og_title":"\"Calinours goes to school\" - Flex Picture Ebook","og_description":"Depuis plus de 20 ans, le concours international de livres tactiles illustr\u00e9s, Typho&Tactus fait d\u00e9couvrir des maquettes tactiles du monde entier et est un lieu d'\u00e9changes et de partage incroyable. D\u00e9j\u00e0 21 pays participants! Artistes, enseignants, associations, rejoignez-nous !","og_url":"https:\/\/flexpictureebook.eu\/en\/calinours-goes-to-school\/","og_site_name":"Flex Picture Ebook","article_publisher":"https:\/\/www.facebook.com\/lesdoigtsquirevent\/","article_modified_time":"2025-09-29T14:34:17+00:00","twitter_card":"summary_large_image","twitter_site":"@EditionsLDQR","twitter_misc":{"Est. reading time":"1 minute"},"schema":{"@context":"https:\/\/schema.org","@graph":[{"@type":"WebPage","@id":"https:\/\/flexpictureebook.eu\/en\/calinours-goes-to-school\/","url":"https:\/\/flexpictureebook.eu\/en\/calinours-goes-to-school\/","name":"\"Calinours goes to school\" - Flex Picture Ebook","isPartOf":{"@id":"https:\/\/flexpictureebook.eu\/#website"},"datePublished":"2025-09-29T10:32:04+00:00","dateModified":"2025-09-29T14:34:17+00:00","description":"Depuis plus de 20 ans, le concours international de livres tactiles illustr\u00e9s, Typho&Tactus fait d\u00e9couvrir des maquettes tactiles du monde entier et est un lieu d'\u00e9changes et de partage incroyable. D\u00e9j\u00e0 21 pays participants! Artistes, enseignants, associations, rejoignez-nous !","breadcrumb":{"@id":"https:\/\/flexpictureebook.eu\/en\/calinours-goes-to-school\/#breadcrumb"},"inLanguage":"en-US","potentialAction":[{"@type":"ReadAction","target":["https:\/\/flexpictureebook.eu\/en\/calinours-goes-to-school\/"]}]},{"@type":"BreadcrumbList","@id":"https:\/\/flexpictureebook.eu\/en\/calinours-goes-to-school\/#breadcrumb","itemListElement":[{"@type":"ListItem","position":1,"name":"Accueil","item":"https:\/\/flexpictureebook.eu\/en\/"},{"@type":"ListItem","position":2,"name":"\u00ab\u00a0Calinours goes to school\u00a0\u00bb"}]},{"@type":"WebSite","@id":"https:\/\/flexpictureebook.eu\/#website","url":"https:\/\/flexpictureebook.eu\/","name":"Flex Picture Ebook","description":"Un livre num\u00e9rique pour un apprentissage inclusif","publisher":{"@id":"https:\/\/flexpictureebook.eu\/#organization"},"potentialAction":[{"@type":"SearchAction","target":{"@type":"EntryPoint","urlTemplate":"https:\/\/flexpictureebook.eu\/?s={search_term_string}"},"query-input":{"@type":"PropertyValueSpecification","valueRequired":true,"valueName":"search_term_string"}}],"inLanguage":"en-US"},{"@type":"Organization","@id":"https:\/\/flexpictureebook.eu\/#organization","name":"Flex Picture Ebook","url":"https:\/\/flexpictureebook.eu\/","logo":{"@type":"ImageObject","inLanguage":"en-US","@id":"https:\/\/flexpictureebook.eu\/#\/schema\/logo\/image\/","url":"https:\/\/flexpictureebook.eu\/wp-content\/uploads\/2023\/06\/cropped-cropped-logo-ebook-512.png","contentUrl":"https:\/\/flexpictureebook.eu\/wp-content\/uploads\/2023\/06\/cropped-cropped-logo-ebook-512.png","width":512,"height":282,"caption":"Flex Picture Ebook"},"image":{"@id":"https:\/\/flexpictureebook.eu\/#\/schema\/logo\/image\/"},"sameAs":["https:\/\/www.facebook.com\/lesdoigtsquirevent\/","https:\/\/x.com\/EditionsLDQR"]}]}},"_links":{"self":[{"href":"https:\/\/flexpictureebook.eu\/en\/wp-json\/wp\/v2\/pages\/9529","targetHints":{"allow":["GET"]}}],"collection":[{"href":"https:\/\/flexpictureebook.eu\/en\/wp-json\/wp\/v2\/pages"}],"about":[{"href":"https:\/\/flexpictureebook.eu\/en\/wp-json\/wp\/v2\/types\/page"}],"author":[{"embeddable":true,"href":"https:\/\/flexpictureebook.eu\/en\/wp-json\/wp\/v2\/users\/7"}],"replies":[{"embeddable":true,"href":"https:\/\/flexpictureebook.eu\/en\/wp-json\/wp\/v2\/comments?post=9529"}],"version-history":[{"count":2,"href":"https:\/\/flexpictureebook.eu\/en\/wp-json\/wp\/v2\/pages\/9529\/revisions"}],"predecessor-version":[{"id":9546,"href":"https:\/\/flexpictureebook.eu\/en\/wp-json\/wp\/v2\/pages\/9529\/revisions\/9546"}],"wp:attachment":[{"href":"https:\/\/flexpictureebook.eu\/en\/wp-json\/wp\/v2\/media?parent=9529"}],"curies":[{"name":"wp","href":"https:\/\/api.w.org\/{rel}","templated":true}]}}