{"id":6578,"date":"2023-09-12T23:04:59","date_gmt":"2023-09-12T21:04:59","guid":{"rendered":"https:\/\/flexpictureebook.eu\/?page_id=6578"},"modified":"2024-03-13T16:39:39","modified_gmt":"2024-03-13T15:39:39","slug":"get-the-book","status":"publish","type":"page","link":"https:\/\/flexpictureebook.eu\/en\/epub3-available\/get-the-book\/","title":{"rendered":"Get the book or an extract"},"content":{"rendered":"<h2>How do I read an extract from our EPUB3?<\/h2>\n<p>You can download the extract below and read it on your computer or tablet using the following free reading software:<\/p>\n<p>On Ipad \/ MAC:\u00a0 <a href=\"https:\/\/apps.apple.com\/fr\/app\/apple-books\/id364709193\">Books application<\/a><br \/>\nOn Android:\u00a0 <a href=\"https:\/\/play.google.com\/store\/apps\/details?id=com.gmail.jxlab.app.reasily&amp;hl=fr&amp;gl=US\">Reasily<\/a>\u00a0\/\u00a0<a href=\"https:\/\/github.com\/readium\/awesome-readium#apps-based-on-readium-mobile\">Readium Mobile application<\/a><br \/>\nOn PC: <a href=\"https:\/\/apps.microsoft.com\/store\/detail\/thorium-reader\/9NFZP1G7M2SC?hl=fr-fr&amp;gl=fr\">Thorium application <\/a><\/p>\n<h2><span data-sheets-value=\"{&quot;1&quot;:2,&quot;2&quot;:&quot;In French: The French version is published by Les Doigts Qui R\u00eavent and distributed by Immat\u00e9riel. You can find it here. \/ In English :Request an extract from \\&quot;Ben wants a bat \\&quot;In German :Request an extract from \\&quot;Ben will eine Fledermaus\\&quot; \/ In Italian :Request an extract from \\&quot;Leo vuole un pipistrello\\&quot; \/ In Lithuanian : Request an extract from \\&quot;Emilis nori \u0161ik\u0161nosparnio\\&quot;.&quot;}\" data-sheets-userformat=\"{&quot;2&quot;:897,&quot;3&quot;:{&quot;1&quot;:0},&quot;10&quot;:0,&quot;11&quot;:4,&quot;12&quot;:0}\">To download an extract from our EPUB3<\/span><\/h2>\n<h3><span data-sheets-value=\"{&quot;1&quot;:2,&quot;2&quot;:&quot;In French: The French version is published by Les Doigts Qui R\u00eavent and distributed by Immat\u00e9riel. You can find it here. \/ In English :Request an extract from \\&quot;Ben wants a bat \\&quot;In German :Request an extract from \\&quot;Ben will eine Fledermaus\\&quot; \/ In Italian :Request an extract from \\&quot;Leo vuole un pipistrello\\&quot; \/ In Lithuanian : Request an extract from \\&quot;Emilis nori \u0161ik\u0161nosparnio\\&quot;.&quot;}\" data-sheets-userformat=\"{&quot;2&quot;:897,&quot;3&quot;:{&quot;1&quot;:0},&quot;10&quot;:0,&quot;11&quot;:4,&quot;12&quot;:0}\">In English:<\/span><\/h3>\n<p><span data-sheets-value=\"{&quot;1&quot;:2,&quot;2&quot;:&quot;In French: The French version is published by Les Doigts Qui R\u00eavent and distributed by Immat\u00e9riel. You can find it here. \/ In English :Request an extract from \\&quot;Ben wants a bat \\&quot;In German :Request an extract from \\&quot;Ben will eine Fledermaus\\&quot; \/ In Italian :Request an extract from \\&quot;Leo vuole un pipistrello\\&quot; \/ In Lithuanian : Request an extract from \\&quot;Emilis nori \u0161ik\u0161nosparnio\\&quot;.&quot;}\" data-sheets-userformat=\"{&quot;2&quot;:897,&quot;3&quot;:{&quot;1&quot;:0},&quot;10&quot;:0,&quot;11&quot;:4,&quot;12&quot;:0}\">Download an extract from EPUB3 &#8220;<a href=\"https:\/\/flexpictureebook.eu\/wp-content\/uploads\/2024\/03\/en_extraits.epub_.zip\">Ben wants a bat&#8221; (extract)<\/a><\/span><\/p>\n<h3>In French:<\/h3>\n<p>Download an extract from EPUB3 <a href=\"https:\/\/flexpictureebook.eu\/wp-content\/uploads\/2024\/03\/fr_extraits.epub_.zip\">&#8220;\u00c9mile veut une chauve-souris&#8221; (extrait)<\/a>.<br \/>\nThe French version is published in full by <a href=\"https:\/\/ldqr.org\/catalogue\/emile-epub3\/\">Les Doigts Qui R\u00eavent<\/a> and distributed to online booksellers via Immat\u00e9riel.<\/p>\n<h3><span data-sheets-value=\"{&quot;1&quot;:2,&quot;2&quot;:&quot;In French: The French version is published by Les Doigts Qui R\u00eavent and distributed by Immat\u00e9riel. You can find it here. \/ In English :Request an extract from \\&quot;Ben wants a bat \\&quot;In German :Request an extract from \\&quot;Ben will eine Fledermaus\\&quot; \/ In Italian :Request an extract from \\&quot;Leo vuole un pipistrello\\&quot; \/ In Lithuanian : Request an extract from \\&quot;Emilis nori \u0161ik\u0161nosparnio\\&quot;.&quot;}\" data-sheets-userformat=\"{&quot;2&quot;:897,&quot;3&quot;:{&quot;1&quot;:0},&quot;10&quot;:0,&quot;11&quot;:4,&quot;12&quot;:0}\">In German:<\/span><\/h3>\n<p><span data-sheets-value=\"{&quot;1&quot;:2,&quot;2&quot;:&quot;In French: The French version is published by Les Doigts Qui R\u00eavent and distributed by Immat\u00e9riel. You can find it here. \/ In English :Request an extract from \\&quot;Ben wants a bat \\&quot;In German :Request an extract from \\&quot;Ben will eine Fledermaus\\&quot; \/ In Italian :Request an extract from \\&quot;Leo vuole un pipistrello\\&quot; \/ In Lithuanian : Request an extract from \\&quot;Emilis nori \u0161ik\u0161nosparnio\\&quot;.&quot;}\" data-sheets-userformat=\"{&quot;2&quot;:897,&quot;3&quot;:{&quot;1&quot;:0},&quot;10&quot;:0,&quot;11&quot;:4,&quot;12&quot;:0}\">Download an extract from EPUB3 &#8220;<a href=\"https:\/\/flexpictureebook.eu\/wp-content\/uploads\/2024\/03\/ger_extraits.epub_.zip\">Ben will eine Fledermaus&#8221; (auszug)<\/a><\/span><\/p>\n<h3><span data-sheets-value=\"{&quot;1&quot;:2,&quot;2&quot;:&quot;In French: The French version is published by Les Doigts Qui R\u00eavent and distributed by Immat\u00e9riel. You can find it here. \/ In English :Request an extract from \\&quot;Ben wants a bat \\&quot;In German :Request an extract from \\&quot;Ben will eine Fledermaus\\&quot; \/ In Italian :Request an extract from \\&quot;Leo vuole un pipistrello\\&quot; \/ In Lithuanian : Request an extract from \\&quot;Emilis nori \u0161ik\u0161nosparnio\\&quot;.&quot;}\" data-sheets-userformat=\"{&quot;2&quot;:897,&quot;3&quot;:{&quot;1&quot;:0},&quot;10&quot;:0,&quot;11&quot;:4,&quot;12&quot;:0}\">In Italian:<\/span><\/h3>\n<p><span data-sheets-value=\"{&quot;1&quot;:2,&quot;2&quot;:&quot;In French: The French version is published by Les Doigts Qui R\u00eavent and distributed by Immat\u00e9riel. You can find it here. \/ In English :Request an extract from \\&quot;Ben wants a bat \\&quot;In German :Request an extract from \\&quot;Ben will eine Fledermaus\\&quot; \/ In Italian :Request an extract from \\&quot;Leo vuole un pipistrello\\&quot; \/ In Lithuanian : Request an extract from \\&quot;Emilis nori \u0161ik\u0161nosparnio\\&quot;.&quot;}\" data-sheets-userformat=\"{&quot;2&quot;:897,&quot;3&quot;:{&quot;1&quot;:0},&quot;10&quot;:0,&quot;11&quot;:4,&quot;12&quot;:0}\">Download an extract from EPUB3 &#8220;<a href=\"https:\/\/flexpictureebook.eu\/wp-content\/uploads\/2024\/03\/it_extraits.epub_.zip\">Leo vuole un pipistrello&#8221; (estratto)<\/a><\/span><\/p>\n<h3><span data-sheets-value=\"{&quot;1&quot;:2,&quot;2&quot;:&quot;In French: The French version is published by Les Doigts Qui R\u00eavent and distributed by Immat\u00e9riel. You can find it here. \/ In English :Request an extract from \\&quot;Ben wants a bat \\&quot;In German :Request an extract from \\&quot;Ben will eine Fledermaus\\&quot; \/ In Italian :Request an extract from \\&quot;Leo vuole un pipistrello\\&quot; \/ In Lithuanian : Request an extract from \\&quot;Emilis nori \u0161ik\u0161nosparnio\\&quot;.&quot;}\" data-sheets-userformat=\"{&quot;2&quot;:897,&quot;3&quot;:{&quot;1&quot;:0},&quot;10&quot;:0,&quot;11&quot;:4,&quot;12&quot;:0}\">In Lithuanian: <\/span><\/h3>\n<p><span data-sheets-value=\"{&quot;1&quot;:2,&quot;2&quot;:&quot;In French: The French version is published by Les Doigts Qui R\u00eavent and distributed by Immat\u00e9riel. You can find it here. \/ In English :Request an extract from \\&quot;Ben wants a bat \\&quot;In German :Request an extract from \\&quot;Ben will eine Fledermaus\\&quot; \/ In Italian :Request an extract from \\&quot;Leo vuole un pipistrello\\&quot; \/ In Lithuanian : Request an extract from \\&quot;Emilis nori \u0161ik\u0161nosparnio\\&quot;.&quot;}\" data-sheets-userformat=\"{&quot;2&quot;:897,&quot;3&quot;:{&quot;1&quot;:0},&quot;10&quot;:0,&quot;11&quot;:4,&quot;12&quot;:0}\">Download an extract from EPUB3 &#8220;<a href=\"https:\/\/flexpictureebook.eu\/wp-content\/uploads\/2024\/03\/lit_extraits.epub_.zip\">Emilis nori \u0161ik\u0161nosparnio&#8221; (i\u0161trauka)<\/a><\/span><\/p>\n<p>&nbsp;<\/p>\n","protected":false},"excerpt":{"rendered":"<p>How do I read an extract from our EPUB3? You can download the extract below and read it on your computer or tablet using the following free reading software: On Ipad \/ MAC:\u00a0 Books application On Android:\u00a0 Reasily\u00a0\/\u00a0Readium Mobile application On PC: Thorium application To download an extract from our EPUB3 In English: Download an [&hellip;]<\/p>\n","protected":false},"author":1,"featured_media":0,"parent":6574,"menu_order":47,"comment_status":"closed","ping_status":"closed","template":"","meta":{"_acf_changed":false,"footnotes":""},"class_list":["post-6578","page","type-page","status-publish","hentry","clearfix"],"acf":[],"yoast_head":"<!-- This site is optimized with the Yoast SEO plugin v27.4 - https:\/\/yoast.com\/product\/yoast-seo-wordpress\/ -->\n<title>Get the book or an extract - Flex Picture Ebook<\/title>\n<meta name=\"description\" content=\"Depuis plus de 20 ans, le concours international de livres tactiles illustr\u00e9s, Typho&amp;Tactus fait d\u00e9couvrir des maquettes tactiles du monde entier et est un lieu d&#039;\u00e9changes et de partage incroyable. D\u00e9j\u00e0 21 pays participants! Artistes, enseignants, associations, rejoignez-nous !\" \/>\n<meta name=\"robots\" content=\"index, follow, max-snippet:-1, max-image-preview:large, max-video-preview:-1\" \/>\n<link rel=\"canonical\" href=\"https:\/\/flexpictureebook.eu\/en\/epub3-available\/get-the-book\/\" \/>\n<meta property=\"og:locale\" content=\"en_US\" \/>\n<meta property=\"og:type\" content=\"article\" \/>\n<meta property=\"og:title\" content=\"Get the book or an extract - Flex Picture Ebook\" \/>\n<meta property=\"og:description\" content=\"Depuis plus de 20 ans, le concours international de livres tactiles illustr\u00e9s, Typho&amp;Tactus fait d\u00e9couvrir des maquettes tactiles du monde entier et est un lieu d&#039;\u00e9changes et de partage incroyable. D\u00e9j\u00e0 21 pays participants! Artistes, enseignants, associations, rejoignez-nous !\" \/>\n<meta property=\"og:url\" content=\"https:\/\/flexpictureebook.eu\/en\/epub3-available\/get-the-book\/\" \/>\n<meta property=\"og:site_name\" content=\"Flex Picture Ebook\" \/>\n<meta property=\"article:publisher\" content=\"https:\/\/www.facebook.com\/lesdoigtsquirevent\/\" \/>\n<meta property=\"article:modified_time\" content=\"2024-03-13T15:39:39+00:00\" \/>\n<meta name=\"twitter:card\" content=\"summary_large_image\" \/>\n<meta name=\"twitter:site\" content=\"@EditionsLDQR\" \/>\n<meta name=\"twitter:label1\" content=\"Est. reading time\" \/>\n\t<meta name=\"twitter:data1\" content=\"1 minute\" \/>\n<script type=\"application\/ld+json\" class=\"yoast-schema-graph\">{\"@context\":\"https:\\\/\\\/schema.org\",\"@graph\":[{\"@type\":\"WebPage\",\"@id\":\"https:\\\/\\\/flexpictureebook.eu\\\/en\\\/epub3-available\\\/get-the-book\\\/\",\"url\":\"https:\\\/\\\/flexpictureebook.eu\\\/en\\\/epub3-available\\\/get-the-book\\\/\",\"name\":\"Get the book or an extract - Flex Picture Ebook\",\"isPartOf\":{\"@id\":\"https:\\\/\\\/flexpictureebook.eu\\\/#website\"},\"datePublished\":\"2023-09-12T21:04:59+00:00\",\"dateModified\":\"2024-03-13T15:39:39+00:00\",\"description\":\"Depuis plus de 20 ans, le concours international de livres tactiles illustr\u00e9s, Typho&Tactus fait d\u00e9couvrir des maquettes tactiles du monde entier et est un lieu d'\u00e9changes et de partage incroyable. D\u00e9j\u00e0 21 pays participants! Artistes, enseignants, associations, rejoignez-nous !\",\"breadcrumb\":{\"@id\":\"https:\\\/\\\/flexpictureebook.eu\\\/en\\\/epub3-available\\\/get-the-book\\\/#breadcrumb\"},\"inLanguage\":\"en-US\",\"potentialAction\":[{\"@type\":\"ReadAction\",\"target\":[\"https:\\\/\\\/flexpictureebook.eu\\\/en\\\/epub3-available\\\/get-the-book\\\/\"]}]},{\"@type\":\"BreadcrumbList\",\"@id\":\"https:\\\/\\\/flexpictureebook.eu\\\/en\\\/epub3-available\\\/get-the-book\\\/#breadcrumb\",\"itemListElement\":[{\"@type\":\"ListItem\",\"position\":1,\"name\":\"Accueil\",\"item\":\"https:\\\/\\\/flexpictureebook.eu\\\/en\\\/\"},{\"@type\":\"ListItem\",\"position\":2,\"name\":\"EPUB3 Available\",\"item\":\"https:\\\/\\\/flexpictureebook.eu\\\/epub3-disponible\\\/\"},{\"@type\":\"ListItem\",\"position\":3,\"name\":\"Get the book or an extract\"}]},{\"@type\":\"WebSite\",\"@id\":\"https:\\\/\\\/flexpictureebook.eu\\\/#website\",\"url\":\"https:\\\/\\\/flexpictureebook.eu\\\/\",\"name\":\"Flex Picture Ebook\",\"description\":\"Un livre num\u00e9rique pour un apprentissage inclusif\",\"publisher\":{\"@id\":\"https:\\\/\\\/flexpictureebook.eu\\\/#organization\"},\"potentialAction\":[{\"@type\":\"SearchAction\",\"target\":{\"@type\":\"EntryPoint\",\"urlTemplate\":\"https:\\\/\\\/flexpictureebook.eu\\\/?s={search_term_string}\"},\"query-input\":{\"@type\":\"PropertyValueSpecification\",\"valueRequired\":true,\"valueName\":\"search_term_string\"}}],\"inLanguage\":\"en-US\"},{\"@type\":\"Organization\",\"@id\":\"https:\\\/\\\/flexpictureebook.eu\\\/#organization\",\"name\":\"Flex Picture Ebook\",\"url\":\"https:\\\/\\\/flexpictureebook.eu\\\/\",\"logo\":{\"@type\":\"ImageObject\",\"inLanguage\":\"en-US\",\"@id\":\"https:\\\/\\\/flexpictureebook.eu\\\/#\\\/schema\\\/logo\\\/image\\\/\",\"url\":\"https:\\\/\\\/flexpictureebook.eu\\\/wp-content\\\/uploads\\\/2023\\\/06\\\/cropped-cropped-logo-ebook-512.png\",\"contentUrl\":\"https:\\\/\\\/flexpictureebook.eu\\\/wp-content\\\/uploads\\\/2023\\\/06\\\/cropped-cropped-logo-ebook-512.png\",\"width\":512,\"height\":282,\"caption\":\"Flex Picture Ebook\"},\"image\":{\"@id\":\"https:\\\/\\\/flexpictureebook.eu\\\/#\\\/schema\\\/logo\\\/image\\\/\"},\"sameAs\":[\"https:\\\/\\\/www.facebook.com\\\/lesdoigtsquirevent\\\/\",\"https:\\\/\\\/x.com\\\/EditionsLDQR\"]}]}<\/script>\n<!-- \/ Yoast SEO plugin. -->","yoast_head_json":{"title":"Get the book or an extract - Flex Picture Ebook","description":"Depuis plus de 20 ans, le concours international de livres tactiles illustr\u00e9s, Typho&Tactus fait d\u00e9couvrir des maquettes tactiles du monde entier et est un lieu d'\u00e9changes et de partage incroyable. D\u00e9j\u00e0 21 pays participants! Artistes, enseignants, associations, rejoignez-nous !","robots":{"index":"index","follow":"follow","max-snippet":"max-snippet:-1","max-image-preview":"max-image-preview:large","max-video-preview":"max-video-preview:-1"},"canonical":"https:\/\/flexpictureebook.eu\/en\/epub3-available\/get-the-book\/","og_locale":"en_US","og_type":"article","og_title":"Get the book or an extract - Flex Picture Ebook","og_description":"Depuis plus de 20 ans, le concours international de livres tactiles illustr\u00e9s, Typho&Tactus fait d\u00e9couvrir des maquettes tactiles du monde entier et est un lieu d'\u00e9changes et de partage incroyable. D\u00e9j\u00e0 21 pays participants! Artistes, enseignants, associations, rejoignez-nous !","og_url":"https:\/\/flexpictureebook.eu\/en\/epub3-available\/get-the-book\/","og_site_name":"Flex Picture Ebook","article_publisher":"https:\/\/www.facebook.com\/lesdoigtsquirevent\/","article_modified_time":"2024-03-13T15:39:39+00:00","twitter_card":"summary_large_image","twitter_site":"@EditionsLDQR","twitter_misc":{"Est. reading time":"1 minute"},"schema":{"@context":"https:\/\/schema.org","@graph":[{"@type":"WebPage","@id":"https:\/\/flexpictureebook.eu\/en\/epub3-available\/get-the-book\/","url":"https:\/\/flexpictureebook.eu\/en\/epub3-available\/get-the-book\/","name":"Get the book or an extract - Flex Picture Ebook","isPartOf":{"@id":"https:\/\/flexpictureebook.eu\/#website"},"datePublished":"2023-09-12T21:04:59+00:00","dateModified":"2024-03-13T15:39:39+00:00","description":"Depuis plus de 20 ans, le concours international de livres tactiles illustr\u00e9s, Typho&Tactus fait d\u00e9couvrir des maquettes tactiles du monde entier et est un lieu d'\u00e9changes et de partage incroyable. D\u00e9j\u00e0 21 pays participants! Artistes, enseignants, associations, rejoignez-nous !","breadcrumb":{"@id":"https:\/\/flexpictureebook.eu\/en\/epub3-available\/get-the-book\/#breadcrumb"},"inLanguage":"en-US","potentialAction":[{"@type":"ReadAction","target":["https:\/\/flexpictureebook.eu\/en\/epub3-available\/get-the-book\/"]}]},{"@type":"BreadcrumbList","@id":"https:\/\/flexpictureebook.eu\/en\/epub3-available\/get-the-book\/#breadcrumb","itemListElement":[{"@type":"ListItem","position":1,"name":"Accueil","item":"https:\/\/flexpictureebook.eu\/en\/"},{"@type":"ListItem","position":2,"name":"EPUB3 Available","item":"https:\/\/flexpictureebook.eu\/epub3-disponible\/"},{"@type":"ListItem","position":3,"name":"Get the book or an extract"}]},{"@type":"WebSite","@id":"https:\/\/flexpictureebook.eu\/#website","url":"https:\/\/flexpictureebook.eu\/","name":"Flex Picture Ebook","description":"Un livre num\u00e9rique pour un apprentissage inclusif","publisher":{"@id":"https:\/\/flexpictureebook.eu\/#organization"},"potentialAction":[{"@type":"SearchAction","target":{"@type":"EntryPoint","urlTemplate":"https:\/\/flexpictureebook.eu\/?s={search_term_string}"},"query-input":{"@type":"PropertyValueSpecification","valueRequired":true,"valueName":"search_term_string"}}],"inLanguage":"en-US"},{"@type":"Organization","@id":"https:\/\/flexpictureebook.eu\/#organization","name":"Flex Picture Ebook","url":"https:\/\/flexpictureebook.eu\/","logo":{"@type":"ImageObject","inLanguage":"en-US","@id":"https:\/\/flexpictureebook.eu\/#\/schema\/logo\/image\/","url":"https:\/\/flexpictureebook.eu\/wp-content\/uploads\/2023\/06\/cropped-cropped-logo-ebook-512.png","contentUrl":"https:\/\/flexpictureebook.eu\/wp-content\/uploads\/2023\/06\/cropped-cropped-logo-ebook-512.png","width":512,"height":282,"caption":"Flex Picture Ebook"},"image":{"@id":"https:\/\/flexpictureebook.eu\/#\/schema\/logo\/image\/"},"sameAs":["https:\/\/www.facebook.com\/lesdoigtsquirevent\/","https:\/\/x.com\/EditionsLDQR"]}]}},"_links":{"self":[{"href":"https:\/\/flexpictureebook.eu\/en\/wp-json\/wp\/v2\/pages\/6578","targetHints":{"allow":["GET"]}}],"collection":[{"href":"https:\/\/flexpictureebook.eu\/en\/wp-json\/wp\/v2\/pages"}],"about":[{"href":"https:\/\/flexpictureebook.eu\/en\/wp-json\/wp\/v2\/types\/page"}],"author":[{"embeddable":true,"href":"https:\/\/flexpictureebook.eu\/en\/wp-json\/wp\/v2\/users\/1"}],"replies":[{"embeddable":true,"href":"https:\/\/flexpictureebook.eu\/en\/wp-json\/wp\/v2\/comments?post=6578"}],"version-history":[{"count":10,"href":"https:\/\/flexpictureebook.eu\/en\/wp-json\/wp\/v2\/pages\/6578\/revisions"}],"predecessor-version":[{"id":7650,"href":"https:\/\/flexpictureebook.eu\/en\/wp-json\/wp\/v2\/pages\/6578\/revisions\/7650"}],"up":[{"embeddable":true,"href":"https:\/\/flexpictureebook.eu\/en\/wp-json\/wp\/v2\/pages\/6574"}],"wp:attachment":[{"href":"https:\/\/flexpictureebook.eu\/en\/wp-json\/wp\/v2\/media?parent=6578"}],"curies":[{"name":"wp","href":"https:\/\/api.w.org\/{rel}","templated":true}]}}