{"id":6576,"date":"2023-09-12T23:04:21","date_gmt":"2023-09-12T21:04:21","guid":{"rendered":"https:\/\/flexpictureebook.eu\/?page_id=6576"},"modified":"2025-11-20T11:04:25","modified_gmt":"2025-11-20T10:04:25","slug":"emile","status":"publish","type":"page","link":"https:\/\/flexpictureebook.eu\/en\/epub3-available\/emile\/","title":{"rendered":"Ben wants a bat"},"content":{"rendered":"<h1>EPUB3 illustrated accessible<\/h1>\n<h2>VINCENT CUVELLIER AND RONAN BADEL<\/h2>\n<p><strong>Ben wants a bat. That&#8217;s that. That&#8217;s the way it is! \u00c9mile wants a bat. A real one. One that flies at night. And \u00c9mile isn&#8217;t stubborn: he&#8217;s very, very, very stubborn.<\/strong><\/p>\n<p>In this innovative digital adaptation developed by LDQR, children can customise the way the text is displayed, as well as the illustrations! It&#8217;s a book that adapts to each child, according to his or her needs, for greater reading comfort and full, independent access to the pleasure of reading an illustrated album.<\/p>\n<h3>PICTURES \/ ANIMATIONS<\/h3>\n<ul>\n<li>5 levels of detail for each illustration<\/li>\n<li>A &#8220;pointing&#8221; function to isolate each element<\/li>\n<li>A &#8220;zoom&#8221; function on each element<\/li>\n<li>Black and white option<\/li>\n<li>13 visual animations<\/li>\n<\/ul>\n<h3>TEXT<\/h3>\n<ul>\n<li>6 font choices<\/li>\n<li>4 background colours<\/li>\n<li>Option to activate highlighting<\/li>\n<\/ul>\n<h3>AUDIO<\/h3>\n<ul>\n<li>Possibility of activating or deactivating the story read by an actor<\/li>\n<li>Choice of reading speed<\/li>\n<li>Sound effects and ambience<\/li>\n<\/ul>\n<p>On Ipad \/ MAC : <a href=\"https:\/\/apps.apple.com\/fr\/app\/apple-books\/id364709193\">Books application<\/a><br \/>\nOn Android : <a href=\"https:\/\/play.google.com\/store\/apps\/details?id=com.gmail.jxlab.app.reasily&amp;hl=fr&amp;gl=US\">Reasily<\/a> \/ <a href=\"https:\/\/github.com\/readium\/awesome-readium#apps-based-on-readium-mobile\">Readium Mobile application<\/a><br \/>\nOn PC: <a href=\"https:\/\/apps.microsoft.com\/store\/detail\/thorium-reader\/9NFZP1G7M2SC?hl=fr-fr&amp;gl=fr\">Thorium application<\/a><\/p>\n<p>Validated by Ace by DAISY 1.1.4 and Pagina EPUB-Checker (EPUBCheck 4.2.6)<\/p>\n<p><a href=\"https:\/\/flexpictureebook.eu\/wp-content\/uploads\/2025\/11\/EPUB_EN_v9.0.epub\">To download the EPUB, click here.<\/a><\/p>\n<p>&nbsp;<\/p>\n","protected":false},"excerpt":{"rendered":"<p>EPUB3 illustrated accessible VINCENT CUVELLIER AND RONAN BADEL Ben wants a bat. That&#8217;s that. That&#8217;s the way it is! \u00c9mile wants a bat. A real one. One that flies at night. And \u00c9mile isn&#8217;t stubborn: he&#8217;s very, very, very stubborn. In this innovative digital adaptation developed by LDQR, children can customise the way the text [&hellip;]<\/p>\n","protected":false},"author":1,"featured_media":0,"parent":6574,"menu_order":45,"comment_status":"closed","ping_status":"closed","template":"","meta":{"_acf_changed":false,"footnotes":""},"class_list":["post-6576","page","type-page","status-publish","hentry","clearfix"],"acf":[],"yoast_head":"<!-- This site is optimized with the Yoast SEO plugin v27.3 - https:\/\/yoast.com\/product\/yoast-seo-wordpress\/ -->\n<title>Ben wants a bat - Flex Picture Ebook<\/title>\n<meta name=\"description\" content=\"Depuis plus de 20 ans, le concours international de livres tactiles illustr\u00e9s, Typho&amp;Tactus fait d\u00e9couvrir des maquettes tactiles du monde entier et est un lieu d&#039;\u00e9changes et de partage incroyable. D\u00e9j\u00e0 21 pays participants! Artistes, enseignants, associations, rejoignez-nous !\" \/>\n<meta name=\"robots\" content=\"index, follow, max-snippet:-1, max-image-preview:large, max-video-preview:-1\" \/>\n<link rel=\"canonical\" href=\"https:\/\/flexpictureebook.eu\/en\/epub3-available\/emile\/\" \/>\n<meta property=\"og:locale\" content=\"en_US\" \/>\n<meta property=\"og:type\" content=\"article\" \/>\n<meta property=\"og:title\" content=\"Ben wants a bat - Flex Picture Ebook\" \/>\n<meta property=\"og:description\" content=\"Depuis plus de 20 ans, le concours international de livres tactiles illustr\u00e9s, Typho&amp;Tactus fait d\u00e9couvrir des maquettes tactiles du monde entier et est un lieu d&#039;\u00e9changes et de partage incroyable. D\u00e9j\u00e0 21 pays participants! Artistes, enseignants, associations, rejoignez-nous !\" \/>\n<meta property=\"og:url\" content=\"https:\/\/flexpictureebook.eu\/en\/epub3-available\/emile\/\" \/>\n<meta property=\"og:site_name\" content=\"Flex Picture Ebook\" \/>\n<meta property=\"article:publisher\" content=\"https:\/\/www.facebook.com\/lesdoigtsquirevent\/\" \/>\n<meta property=\"article:modified_time\" content=\"2025-11-20T10:04:25+00:00\" \/>\n<meta name=\"twitter:card\" content=\"summary_large_image\" \/>\n<meta name=\"twitter:site\" content=\"@EditionsLDQR\" \/>\n<meta name=\"twitter:label1\" content=\"Est. reading time\" \/>\n\t<meta name=\"twitter:data1\" content=\"1 minute\" \/>\n<script type=\"application\/ld+json\" class=\"yoast-schema-graph\">{\"@context\":\"https:\\\/\\\/schema.org\",\"@graph\":[{\"@type\":\"WebPage\",\"@id\":\"https:\\\/\\\/flexpictureebook.eu\\\/en\\\/epub3-available\\\/emile\\\/\",\"url\":\"https:\\\/\\\/flexpictureebook.eu\\\/en\\\/epub3-available\\\/emile\\\/\",\"name\":\"Ben wants a bat - Flex Picture Ebook\",\"isPartOf\":{\"@id\":\"https:\\\/\\\/flexpictureebook.eu\\\/#website\"},\"datePublished\":\"2023-09-12T21:04:21+00:00\",\"dateModified\":\"2025-11-20T10:04:25+00:00\",\"description\":\"Depuis plus de 20 ans, le concours international de livres tactiles illustr\u00e9s, Typho&Tactus fait d\u00e9couvrir des maquettes tactiles du monde entier et est un lieu d'\u00e9changes et de partage incroyable. D\u00e9j\u00e0 21 pays participants! Artistes, enseignants, associations, rejoignez-nous !\",\"breadcrumb\":{\"@id\":\"https:\\\/\\\/flexpictureebook.eu\\\/en\\\/epub3-available\\\/emile\\\/#breadcrumb\"},\"inLanguage\":\"en-US\",\"potentialAction\":[{\"@type\":\"ReadAction\",\"target\":[\"https:\\\/\\\/flexpictureebook.eu\\\/en\\\/epub3-available\\\/emile\\\/\"]}]},{\"@type\":\"BreadcrumbList\",\"@id\":\"https:\\\/\\\/flexpictureebook.eu\\\/en\\\/epub3-available\\\/emile\\\/#breadcrumb\",\"itemListElement\":[{\"@type\":\"ListItem\",\"position\":1,\"name\":\"Accueil\",\"item\":\"https:\\\/\\\/flexpictureebook.eu\\\/en\\\/\"},{\"@type\":\"ListItem\",\"position\":2,\"name\":\"EPUB3 Available\",\"item\":\"https:\\\/\\\/flexpictureebook.eu\\\/epub3-disponible\\\/\"},{\"@type\":\"ListItem\",\"position\":3,\"name\":\"Ben wants a bat\"}]},{\"@type\":\"WebSite\",\"@id\":\"https:\\\/\\\/flexpictureebook.eu\\\/#website\",\"url\":\"https:\\\/\\\/flexpictureebook.eu\\\/\",\"name\":\"Flex Picture Ebook\",\"description\":\"Un livre num\u00e9rique pour un apprentissage inclusif\",\"publisher\":{\"@id\":\"https:\\\/\\\/flexpictureebook.eu\\\/#organization\"},\"potentialAction\":[{\"@type\":\"SearchAction\",\"target\":{\"@type\":\"EntryPoint\",\"urlTemplate\":\"https:\\\/\\\/flexpictureebook.eu\\\/?s={search_term_string}\"},\"query-input\":{\"@type\":\"PropertyValueSpecification\",\"valueRequired\":true,\"valueName\":\"search_term_string\"}}],\"inLanguage\":\"en-US\"},{\"@type\":\"Organization\",\"@id\":\"https:\\\/\\\/flexpictureebook.eu\\\/#organization\",\"name\":\"Flex Picture Ebook\",\"url\":\"https:\\\/\\\/flexpictureebook.eu\\\/\",\"logo\":{\"@type\":\"ImageObject\",\"inLanguage\":\"en-US\",\"@id\":\"https:\\\/\\\/flexpictureebook.eu\\\/#\\\/schema\\\/logo\\\/image\\\/\",\"url\":\"https:\\\/\\\/flexpictureebook.eu\\\/wp-content\\\/uploads\\\/2023\\\/06\\\/cropped-cropped-logo-ebook-512.png\",\"contentUrl\":\"https:\\\/\\\/flexpictureebook.eu\\\/wp-content\\\/uploads\\\/2023\\\/06\\\/cropped-cropped-logo-ebook-512.png\",\"width\":512,\"height\":282,\"caption\":\"Flex Picture Ebook\"},\"image\":{\"@id\":\"https:\\\/\\\/flexpictureebook.eu\\\/#\\\/schema\\\/logo\\\/image\\\/\"},\"sameAs\":[\"https:\\\/\\\/www.facebook.com\\\/lesdoigtsquirevent\\\/\",\"https:\\\/\\\/x.com\\\/EditionsLDQR\"]}]}<\/script>\n<!-- \/ Yoast SEO plugin. -->","yoast_head_json":{"title":"Ben wants a bat - Flex Picture Ebook","description":"Depuis plus de 20 ans, le concours international de livres tactiles illustr\u00e9s, Typho&Tactus fait d\u00e9couvrir des maquettes tactiles du monde entier et est un lieu d'\u00e9changes et de partage incroyable. D\u00e9j\u00e0 21 pays participants! Artistes, enseignants, associations, rejoignez-nous !","robots":{"index":"index","follow":"follow","max-snippet":"max-snippet:-1","max-image-preview":"max-image-preview:large","max-video-preview":"max-video-preview:-1"},"canonical":"https:\/\/flexpictureebook.eu\/en\/epub3-available\/emile\/","og_locale":"en_US","og_type":"article","og_title":"Ben wants a bat - Flex Picture Ebook","og_description":"Depuis plus de 20 ans, le concours international de livres tactiles illustr\u00e9s, Typho&Tactus fait d\u00e9couvrir des maquettes tactiles du monde entier et est un lieu d'\u00e9changes et de partage incroyable. D\u00e9j\u00e0 21 pays participants! Artistes, enseignants, associations, rejoignez-nous !","og_url":"https:\/\/flexpictureebook.eu\/en\/epub3-available\/emile\/","og_site_name":"Flex Picture Ebook","article_publisher":"https:\/\/www.facebook.com\/lesdoigtsquirevent\/","article_modified_time":"2025-11-20T10:04:25+00:00","twitter_card":"summary_large_image","twitter_site":"@EditionsLDQR","twitter_misc":{"Est. reading time":"1 minute"},"schema":{"@context":"https:\/\/schema.org","@graph":[{"@type":"WebPage","@id":"https:\/\/flexpictureebook.eu\/en\/epub3-available\/emile\/","url":"https:\/\/flexpictureebook.eu\/en\/epub3-available\/emile\/","name":"Ben wants a bat - Flex Picture Ebook","isPartOf":{"@id":"https:\/\/flexpictureebook.eu\/#website"},"datePublished":"2023-09-12T21:04:21+00:00","dateModified":"2025-11-20T10:04:25+00:00","description":"Depuis plus de 20 ans, le concours international de livres tactiles illustr\u00e9s, Typho&Tactus fait d\u00e9couvrir des maquettes tactiles du monde entier et est un lieu d'\u00e9changes et de partage incroyable. D\u00e9j\u00e0 21 pays participants! Artistes, enseignants, associations, rejoignez-nous !","breadcrumb":{"@id":"https:\/\/flexpictureebook.eu\/en\/epub3-available\/emile\/#breadcrumb"},"inLanguage":"en-US","potentialAction":[{"@type":"ReadAction","target":["https:\/\/flexpictureebook.eu\/en\/epub3-available\/emile\/"]}]},{"@type":"BreadcrumbList","@id":"https:\/\/flexpictureebook.eu\/en\/epub3-available\/emile\/#breadcrumb","itemListElement":[{"@type":"ListItem","position":1,"name":"Accueil","item":"https:\/\/flexpictureebook.eu\/en\/"},{"@type":"ListItem","position":2,"name":"EPUB3 Available","item":"https:\/\/flexpictureebook.eu\/epub3-disponible\/"},{"@type":"ListItem","position":3,"name":"Ben wants a bat"}]},{"@type":"WebSite","@id":"https:\/\/flexpictureebook.eu\/#website","url":"https:\/\/flexpictureebook.eu\/","name":"Flex Picture Ebook","description":"Un livre num\u00e9rique pour un apprentissage inclusif","publisher":{"@id":"https:\/\/flexpictureebook.eu\/#organization"},"potentialAction":[{"@type":"SearchAction","target":{"@type":"EntryPoint","urlTemplate":"https:\/\/flexpictureebook.eu\/?s={search_term_string}"},"query-input":{"@type":"PropertyValueSpecification","valueRequired":true,"valueName":"search_term_string"}}],"inLanguage":"en-US"},{"@type":"Organization","@id":"https:\/\/flexpictureebook.eu\/#organization","name":"Flex Picture Ebook","url":"https:\/\/flexpictureebook.eu\/","logo":{"@type":"ImageObject","inLanguage":"en-US","@id":"https:\/\/flexpictureebook.eu\/#\/schema\/logo\/image\/","url":"https:\/\/flexpictureebook.eu\/wp-content\/uploads\/2023\/06\/cropped-cropped-logo-ebook-512.png","contentUrl":"https:\/\/flexpictureebook.eu\/wp-content\/uploads\/2023\/06\/cropped-cropped-logo-ebook-512.png","width":512,"height":282,"caption":"Flex Picture Ebook"},"image":{"@id":"https:\/\/flexpictureebook.eu\/#\/schema\/logo\/image\/"},"sameAs":["https:\/\/www.facebook.com\/lesdoigtsquirevent\/","https:\/\/x.com\/EditionsLDQR"]}]}},"_links":{"self":[{"href":"https:\/\/flexpictureebook.eu\/en\/wp-json\/wp\/v2\/pages\/6576","targetHints":{"allow":["GET"]}}],"collection":[{"href":"https:\/\/flexpictureebook.eu\/en\/wp-json\/wp\/v2\/pages"}],"about":[{"href":"https:\/\/flexpictureebook.eu\/en\/wp-json\/wp\/v2\/types\/page"}],"author":[{"embeddable":true,"href":"https:\/\/flexpictureebook.eu\/en\/wp-json\/wp\/v2\/users\/1"}],"replies":[{"embeddable":true,"href":"https:\/\/flexpictureebook.eu\/en\/wp-json\/wp\/v2\/comments?post=6576"}],"version-history":[{"count":16,"href":"https:\/\/flexpictureebook.eu\/en\/wp-json\/wp\/v2\/pages\/6576\/revisions"}],"predecessor-version":[{"id":9872,"href":"https:\/\/flexpictureebook.eu\/en\/wp-json\/wp\/v2\/pages\/6576\/revisions\/9872"}],"up":[{"embeddable":true,"href":"https:\/\/flexpictureebook.eu\/en\/wp-json\/wp\/v2\/pages\/6574"}],"wp:attachment":[{"href":"https:\/\/flexpictureebook.eu\/en\/wp-json\/wp\/v2\/media?parent=6576"}],"curies":[{"name":"wp","href":"https:\/\/api.w.org\/{rel}","templated":true}]}}