{"id":9489,"date":"2025-09-24T16:25:25","date_gmt":"2025-09-24T14:25:25","guid":{"rendered":"https:\/\/flexpictureebook.eu\/?page_id=9489"},"modified":"2025-09-29T16:32:22","modified_gmt":"2025-09-29T14:32:22","slug":"cest-quoi","status":"publish","type":"page","link":"https:\/\/flexpictureebook.eu\/de\/cest-quoi\/","title":{"rendered":"&#8222;C&#8217;est quoi ?&#8220;"},"content":{"rendered":"<h1>EPUB3 illustr\u00e9 accessible<\/h1>\n<h2>Doroth\u00e9e de MONFREID<\/h2>\n<p><strong>&#8222;Qu\u2019est donc ce dr\u00f4le d\u2019objet que nos chers toutous ont re\u00e7u ce matin ? Une balan\u00e7oire ? Une piscine ? Un bateau ?&#8220;<\/strong><\/p>\n<p>Dans cette adaptation num\u00e9rique innovante d\u00e9velopp\u00e9e par LDQR, l\u2019enfant personnalise les param\u00e8tres d\u2019affichage du texte, mais aussi des illustrations! C\u2019est le livre qui s\u2019adapte \u00e0 chaque enfant, en fonction de ses besoins, pour un meilleur confort de lecture et pour acc\u00e9der pleinement et en toute autonomie au plaisir de lire un album illustr\u00e9.<\/p>\n<h3>IMAGES \/ ANIMATIONS<\/h3>\n<ul>\n<li>Plusieurs niveaux de d\u00e9tails de chaque illustration<\/li>\n<li>Une fonction \u00ab pointage \u00bb pour isoler chaque \u00e9l\u00e9ment<\/li>\n<li>Une fonction \u00ab zoom \u00bb sur chaque \u00e9l\u00e9ment<\/li>\n<li>Option noir et blanc<\/li>\n<li>Animations visuelles<\/li>\n<\/ul>\n<h3>TEXTE<\/h3>\n<ul>\n<li>6 choix de polices de caract\u00e8re<\/li>\n<li>4 couleurs de fond<\/li>\n<li>Possibilit\u00e9 d\u2019activer la mise en \u00e9vidence des sons complexes<\/li>\n<\/ul>\n<h3>AUDIO<\/h3>\n<ul>\n<li>Possibilit\u00e9 d\u2019activer ou non l\u2019histoire lue par Natacha Fabry<\/li>\n<li>Choix de la vitesse de lecture<\/li>\n<li>Bruitages et ambiance sonore<\/li>\n<\/ul>\n<p><strong>Sur Ipad \/ MAC<\/strong>\u00a0: application gratuite\u00a0<a href=\"https:\/\/apps.apple.com\/fr\/app\/apple-books\/id364709193\">Livres<\/a><br \/>\n<strong>Sur Android<\/strong>\u00a0: application gratuite\u00a0<a href=\"https:\/\/play.google.com\/store\/apps\/details?id=com.gmail.jxlab.app.reasily&amp;hl=fr&amp;gl=US\">Reasily<\/a>\u00a0\/\u00a0<a href=\"https:\/\/play.google.com\/store\/apps\/details?id=com.cicsoft.NamoeBookReader&amp;hl=fr&amp;pli=1\">Namo Reader<\/a><br \/>\n<strong>Sur PC<\/strong>\u00a0: application gratuite\u00a0<a href=\"https:\/\/apps.microsoft.com\/store\/detail\/thorium-reader\/9NFZP1G7M2SC?hl=fr-fr&amp;gl=fr\">Thorium<\/a><\/p>\n<p>Valid\u00e9 par Ace by DAISY 1.1.4 et Pagina EPUB-Checker (EPUBCheck 4.2.6)<\/p>\n<p><a href=\"https:\/\/ldqr.org\/catalogue\/cest-quoi-epub3\/\" target=\"_blank\" rel=\"noopener\">Pour acheter le livre en fran\u00e7ais, c&#8217;est ici.<\/a><\/p>\n<p>Cet EPUB a \u00e9t\u00e9 d\u00e9velopp\u00e9 manuellement sans l&#8217;outil Flex Picture Ebook. Ce travail pionnier a servi de base et a directement inspir\u00e9 la cr\u00e9ation de l\u2019outil, con\u00e7u pour simplifier et acc\u00e9l\u00e9rer ce type de r\u00e9alisation.<\/p>\n","protected":false},"excerpt":{"rendered":"<p>EPUB3 illustr\u00e9 accessible Doroth\u00e9e de MONFREID &#8222;Qu\u2019est donc ce dr\u00f4le d\u2019objet que nos chers toutous ont re\u00e7u ce matin ? Une balan\u00e7oire ? Une piscine ? Un bateau ?&#8220; Dans cette adaptation num\u00e9rique innovante d\u00e9velopp\u00e9e par LDQR, l\u2019enfant personnalise les param\u00e8tres d\u2019affichage du texte, mais aussi des illustrations! C\u2019est le livre qui s\u2019adapte \u00e0 chaque [&hellip;]<\/p>\n","protected":false},"author":7,"featured_media":0,"parent":0,"menu_order":10,"comment_status":"closed","ping_status":"closed","template":"","meta":{"_acf_changed":false,"footnotes":""},"class_list":["post-9489","page","type-page","status-publish","hentry","clearfix"],"acf":[],"yoast_head":"<!-- This site is optimized with the Yoast SEO plugin v27.3 - https:\/\/yoast.com\/product\/yoast-seo-wordpress\/ -->\n<title>&quot;C&#039;est quoi ?&quot; - Flex Picture Ebook<\/title>\n<meta name=\"description\" content=\"Depuis plus de 20 ans, le concours international de livres tactiles illustr\u00e9s, Typho&amp;Tactus fait d\u00e9couvrir des maquettes tactiles du monde entier et est un lieu d&#039;\u00e9changes et de partage incroyable. D\u00e9j\u00e0 21 pays participants! Artistes, enseignants, associations, rejoignez-nous !\" \/>\n<meta name=\"robots\" content=\"index, follow, max-snippet:-1, max-image-preview:large, max-video-preview:-1\" \/>\n<link rel=\"canonical\" href=\"https:\/\/flexpictureebook.eu\/cest-quoi\/\" \/>\n<meta property=\"og:locale\" content=\"de_DE\" \/>\n<meta property=\"og:type\" content=\"article\" \/>\n<meta property=\"og:title\" content=\"&quot;C&#039;est quoi ?&quot; - Flex Picture Ebook\" \/>\n<meta property=\"og:description\" content=\"Depuis plus de 20 ans, le concours international de livres tactiles illustr\u00e9s, Typho&amp;Tactus fait d\u00e9couvrir des maquettes tactiles du monde entier et est un lieu d&#039;\u00e9changes et de partage incroyable. D\u00e9j\u00e0 21 pays participants! Artistes, enseignants, associations, rejoignez-nous !\" \/>\n<meta property=\"og:url\" content=\"https:\/\/flexpictureebook.eu\/cest-quoi\/\" \/>\n<meta property=\"og:site_name\" content=\"Flex Picture Ebook\" \/>\n<meta property=\"article:publisher\" content=\"https:\/\/www.facebook.com\/lesdoigtsquirevent\/\" \/>\n<meta property=\"article:modified_time\" content=\"2025-09-29T14:32:22+00:00\" \/>\n<meta name=\"twitter:card\" content=\"summary_large_image\" \/>\n<meta name=\"twitter:site\" content=\"@EditionsLDQR\" \/>\n<meta name=\"twitter:label1\" content=\"Gesch\u00e4tzte Lesezeit\" \/>\n\t<meta name=\"twitter:data1\" content=\"1\u00a0Minute\" \/>\n<script type=\"application\/ld+json\" class=\"yoast-schema-graph\">{\"@context\":\"https:\\\/\\\/schema.org\",\"@graph\":[{\"@type\":\"WebPage\",\"@id\":\"https:\\\/\\\/flexpictureebook.eu\\\/cest-quoi\\\/\",\"url\":\"https:\\\/\\\/flexpictureebook.eu\\\/cest-quoi\\\/\",\"name\":\"\\\"C'est quoi ?\\\" - Flex Picture Ebook\",\"isPartOf\":{\"@id\":\"https:\\\/\\\/flexpictureebook.eu\\\/#website\"},\"datePublished\":\"2025-09-24T14:25:25+00:00\",\"dateModified\":\"2025-09-29T14:32:22+00:00\",\"description\":\"Depuis plus de 20 ans, le concours international de livres tactiles illustr\u00e9s, Typho&Tactus fait d\u00e9couvrir des maquettes tactiles du monde entier et est un lieu d'\u00e9changes et de partage incroyable. D\u00e9j\u00e0 21 pays participants! Artistes, enseignants, associations, rejoignez-nous !\",\"breadcrumb\":{\"@id\":\"https:\\\/\\\/flexpictureebook.eu\\\/cest-quoi\\\/#breadcrumb\"},\"inLanguage\":\"de\",\"potentialAction\":[{\"@type\":\"ReadAction\",\"target\":[\"https:\\\/\\\/flexpictureebook.eu\\\/cest-quoi\\\/\"]}]},{\"@type\":\"BreadcrumbList\",\"@id\":\"https:\\\/\\\/flexpictureebook.eu\\\/cest-quoi\\\/#breadcrumb\",\"itemListElement\":[{\"@type\":\"ListItem\",\"position\":1,\"name\":\"Accueil\",\"item\":\"https:\\\/\\\/flexpictureebook.eu\\\/de\\\/\"},{\"@type\":\"ListItem\",\"position\":2,\"name\":\"\u00ab\u00a0C&rsquo;est quoi ?\u00a0\u00bb\"}]},{\"@type\":\"WebSite\",\"@id\":\"https:\\\/\\\/flexpictureebook.eu\\\/#website\",\"url\":\"https:\\\/\\\/flexpictureebook.eu\\\/\",\"name\":\"Flex Picture Ebook\",\"description\":\"Un livre num\u00e9rique pour un apprentissage inclusif\",\"publisher\":{\"@id\":\"https:\\\/\\\/flexpictureebook.eu\\\/#organization\"},\"potentialAction\":[{\"@type\":\"SearchAction\",\"target\":{\"@type\":\"EntryPoint\",\"urlTemplate\":\"https:\\\/\\\/flexpictureebook.eu\\\/?s={search_term_string}\"},\"query-input\":{\"@type\":\"PropertyValueSpecification\",\"valueRequired\":true,\"valueName\":\"search_term_string\"}}],\"inLanguage\":\"de\"},{\"@type\":\"Organization\",\"@id\":\"https:\\\/\\\/flexpictureebook.eu\\\/#organization\",\"name\":\"Flex Picture Ebook\",\"url\":\"https:\\\/\\\/flexpictureebook.eu\\\/\",\"logo\":{\"@type\":\"ImageObject\",\"inLanguage\":\"de\",\"@id\":\"https:\\\/\\\/flexpictureebook.eu\\\/#\\\/schema\\\/logo\\\/image\\\/\",\"url\":\"https:\\\/\\\/flexpictureebook.eu\\\/wp-content\\\/uploads\\\/2023\\\/06\\\/cropped-cropped-logo-ebook-512.png\",\"contentUrl\":\"https:\\\/\\\/flexpictureebook.eu\\\/wp-content\\\/uploads\\\/2023\\\/06\\\/cropped-cropped-logo-ebook-512.png\",\"width\":512,\"height\":282,\"caption\":\"Flex Picture Ebook\"},\"image\":{\"@id\":\"https:\\\/\\\/flexpictureebook.eu\\\/#\\\/schema\\\/logo\\\/image\\\/\"},\"sameAs\":[\"https:\\\/\\\/www.facebook.com\\\/lesdoigtsquirevent\\\/\",\"https:\\\/\\\/x.com\\\/EditionsLDQR\"]}]}<\/script>\n<!-- \/ Yoast SEO plugin. -->","yoast_head_json":{"title":"\"C'est quoi ?\" - Flex Picture Ebook","description":"Depuis plus de 20 ans, le concours international de livres tactiles illustr\u00e9s, Typho&Tactus fait d\u00e9couvrir des maquettes tactiles du monde entier et est un lieu d'\u00e9changes et de partage incroyable. D\u00e9j\u00e0 21 pays participants! Artistes, enseignants, associations, rejoignez-nous !","robots":{"index":"index","follow":"follow","max-snippet":"max-snippet:-1","max-image-preview":"max-image-preview:large","max-video-preview":"max-video-preview:-1"},"canonical":"https:\/\/flexpictureebook.eu\/cest-quoi\/","og_locale":"de_DE","og_type":"article","og_title":"\"C'est quoi ?\" - Flex Picture Ebook","og_description":"Depuis plus de 20 ans, le concours international de livres tactiles illustr\u00e9s, Typho&Tactus fait d\u00e9couvrir des maquettes tactiles du monde entier et est un lieu d'\u00e9changes et de partage incroyable. D\u00e9j\u00e0 21 pays participants! Artistes, enseignants, associations, rejoignez-nous !","og_url":"https:\/\/flexpictureebook.eu\/cest-quoi\/","og_site_name":"Flex Picture Ebook","article_publisher":"https:\/\/www.facebook.com\/lesdoigtsquirevent\/","article_modified_time":"2025-09-29T14:32:22+00:00","twitter_card":"summary_large_image","twitter_site":"@EditionsLDQR","twitter_misc":{"Gesch\u00e4tzte Lesezeit":"1\u00a0Minute"},"schema":{"@context":"https:\/\/schema.org","@graph":[{"@type":"WebPage","@id":"https:\/\/flexpictureebook.eu\/cest-quoi\/","url":"https:\/\/flexpictureebook.eu\/cest-quoi\/","name":"\"C'est quoi ?\" - Flex Picture Ebook","isPartOf":{"@id":"https:\/\/flexpictureebook.eu\/#website"},"datePublished":"2025-09-24T14:25:25+00:00","dateModified":"2025-09-29T14:32:22+00:00","description":"Depuis plus de 20 ans, le concours international de livres tactiles illustr\u00e9s, Typho&Tactus fait d\u00e9couvrir des maquettes tactiles du monde entier et est un lieu d'\u00e9changes et de partage incroyable. D\u00e9j\u00e0 21 pays participants! Artistes, enseignants, associations, rejoignez-nous !","breadcrumb":{"@id":"https:\/\/flexpictureebook.eu\/cest-quoi\/#breadcrumb"},"inLanguage":"de","potentialAction":[{"@type":"ReadAction","target":["https:\/\/flexpictureebook.eu\/cest-quoi\/"]}]},{"@type":"BreadcrumbList","@id":"https:\/\/flexpictureebook.eu\/cest-quoi\/#breadcrumb","itemListElement":[{"@type":"ListItem","position":1,"name":"Accueil","item":"https:\/\/flexpictureebook.eu\/de\/"},{"@type":"ListItem","position":2,"name":"\u00ab\u00a0C&rsquo;est quoi ?\u00a0\u00bb"}]},{"@type":"WebSite","@id":"https:\/\/flexpictureebook.eu\/#website","url":"https:\/\/flexpictureebook.eu\/","name":"Flex Picture Ebook","description":"Un livre num\u00e9rique pour un apprentissage inclusif","publisher":{"@id":"https:\/\/flexpictureebook.eu\/#organization"},"potentialAction":[{"@type":"SearchAction","target":{"@type":"EntryPoint","urlTemplate":"https:\/\/flexpictureebook.eu\/?s={search_term_string}"},"query-input":{"@type":"PropertyValueSpecification","valueRequired":true,"valueName":"search_term_string"}}],"inLanguage":"de"},{"@type":"Organization","@id":"https:\/\/flexpictureebook.eu\/#organization","name":"Flex Picture Ebook","url":"https:\/\/flexpictureebook.eu\/","logo":{"@type":"ImageObject","inLanguage":"de","@id":"https:\/\/flexpictureebook.eu\/#\/schema\/logo\/image\/","url":"https:\/\/flexpictureebook.eu\/wp-content\/uploads\/2023\/06\/cropped-cropped-logo-ebook-512.png","contentUrl":"https:\/\/flexpictureebook.eu\/wp-content\/uploads\/2023\/06\/cropped-cropped-logo-ebook-512.png","width":512,"height":282,"caption":"Flex Picture Ebook"},"image":{"@id":"https:\/\/flexpictureebook.eu\/#\/schema\/logo\/image\/"},"sameAs":["https:\/\/www.facebook.com\/lesdoigtsquirevent\/","https:\/\/x.com\/EditionsLDQR"]}]}},"_links":{"self":[{"href":"https:\/\/flexpictureebook.eu\/de\/wp-json\/wp\/v2\/pages\/9489","targetHints":{"allow":["GET"]}}],"collection":[{"href":"https:\/\/flexpictureebook.eu\/de\/wp-json\/wp\/v2\/pages"}],"about":[{"href":"https:\/\/flexpictureebook.eu\/de\/wp-json\/wp\/v2\/types\/page"}],"author":[{"embeddable":true,"href":"https:\/\/flexpictureebook.eu\/de\/wp-json\/wp\/v2\/users\/7"}],"replies":[{"embeddable":true,"href":"https:\/\/flexpictureebook.eu\/de\/wp-json\/wp\/v2\/comments?post=9489"}],"version-history":[{"count":2,"href":"https:\/\/flexpictureebook.eu\/de\/wp-json\/wp\/v2\/pages\/9489\/revisions"}],"predecessor-version":[{"id":9545,"href":"https:\/\/flexpictureebook.eu\/de\/wp-json\/wp\/v2\/pages\/9489\/revisions\/9545"}],"wp:attachment":[{"href":"https:\/\/flexpictureebook.eu\/de\/wp-json\/wp\/v2\/media?parent=9489"}],"curies":[{"name":"wp","href":"https:\/\/api.w.org\/{rel}","templated":true}]}}