{"id":7090,"date":"2023-07-03T10:12:54","date_gmt":"2023-07-03T08:12:54","guid":{"rendered":"https:\/\/flexpictureebook.eu\/presse\/"},"modified":"2023-12-07T14:18:09","modified_gmt":"2023-12-07T13:18:09","slug":"presse","status":"publish","type":"page","link":"https:\/\/flexpictureebook.eu\/de\/presse\/","title":{"rendered":"Presse"},"content":{"rendered":"<div id=\"Content\">\n<div id=\"bannerR\">\n<h2><strong>&#8222;<\/strong><strong>Troph\u00e9es de l&#8217;\u00e9dition Livre Hebdo<\/strong><strong> 2023 : Troph<\/strong><strong>\u00e4<\/strong><strong>e &#8222;Soziales engagement&#8220; <\/strong>(Frankreich)<\/h2>\n<p>Das EPUB3 &#8222;Emile veut une chauve-souris&#8220; (Emile will eine Fledermaus) wurde im April 2023 von Les Doigts Qui R\u00eavent bei der Veranstaltung &#8222;Les Troph\u00e9es de l&#8217;\u00e9dition Livre Hebdo 2023&#8220; mit dem Troph\u00e9e de l&#8217;engagement solidaire ausgezeichnet. Die Projekte in dieser Kategorie <em>Diese Ma\u00dfnahmen k\u00f6nnen Autoren einbeziehen und Mitarbeiter und die Buchkette mobilisieren, um eine positive Auswirkung auf die Gesellschaft und das Unternehmen selbst zu erzielen.<\/em><\/p>\n<p><img loading=\"lazy\" decoding=\"async\" class=\"alignnone wp-image-11502 size-full\" src=\"https:\/\/ldqr.org\/wp-content\/uploads\/2022\/04\/image002.png\" alt=\"Troph\u00e9es de l'\u00e9dition Livre Hebdo 2023\" width=\"454\" height=\"80\" \/><\/p>\n<h2><strong>Livre Hebdo, Nr. 31, mai 2023 F.G.<\/strong><strong>\u00a0<\/strong>(Frankreich)<\/h2>\n<p><strong>ZUKUNFTSVISION : <\/strong><strong>Wie genie\u00dft man die Illustrationen in einem Text, wenn man sehbehindert ist?<\/strong><\/p>\n<p><em>Der Verlag Les Doigts qui R\u00eavent hat sich dieser Herausforderung gestellt und bietet den Lesern Zugang zur Kraft der Bilder, um die Neugier zu wecken und das Textverst\u00e4ndnis zu f\u00f6rdern. Les Doigts qui R\u00eavent, 1994 gegr\u00fcndet, ist ein Vorreiter im Bereich der taktilen B\u00fccher (sie verkauft sie in Frankreich, den Niederlanden, Deutschland und den Vereinigten Staaten) und hat digitale B\u00fccher entwickelt, die Kinder an ihre Sicht anpassen k\u00f6nnen. Um die Illustration besser sehen zu k\u00f6nnen, k\u00f6nnen sie die Linie verdicken und unwesentliche Details der Umgebung oder der Perspektive entfernen. Dies ist auch f\u00fcr Jugendliche mit Dyspraxie n\u00fctzlich, wenn sie ihre Bewegungen nicht kontrollieren k\u00f6nnen.<\/em><\/p>\n<p><em>Blinde Kinder k\u00f6nnen Soundeffekte hinzuf\u00fcgen und die Abspielgeschwindigkeit des Audios anpassen. Dyslexische Kinder werden es besonders lustig finden, das Aussehen des Textes zu \u00e4ndern (Schriftart, Abstand zwischen Buchstaben, W\u00f6rtern und Zeilen, Hintergrundfarbe usw.).<\/em><\/p>\n<p><em>Der erste Titel, &#8222;\u00c9mile veut une chauve-souris&#8220;, wird von Gallimard jeunesse ver\u00f6ffentlicht. Die Illustrationen sind leicht vereinfacht, und einige k\u00f6nnen animiert werden (wenn das S\u00e4ugetier fliegt). Anpassungen von vier Kinderb\u00fcchern, darunter Calinours von Alain Broutin und Frederic Srehr und Ma Vall\u00e9e von Claude Ponti, werden innerhalb der n\u00e4chsten 18 Monate erwartet. Ein Erasmus+-Projekt wird in 4 L\u00e4ndern mit 6 Universit\u00e4ten durchgef\u00fchrt, &#8222;ein Projekt, das Unterrichtstests und Schulungen f\u00fcr Content-Produzenten beinhaltet&#8220;, so Sophie Blain, die Direktorin von Les Doigts qui R\u00eavent.<\/em><\/p>\n<p><em>Um Content-Produzenten (Verlage, Transkriptoren und Illustratoren) zur Verwendung dieses Formats zu ermutigen, wird ihnen ein methodischer Leitfaden zur Verf\u00fcgung gestellt. Das R\u00e9seau Canop\u00e9 Hauts-de-France hat eine digitale Schnittstelle erstellt, die die Arbeit des Illustrators mit der des Entwicklers digitaler B\u00fccher verkn\u00fcpft. Auch Praktiker, Lehrer, Sonderp\u00e4dagogen und Grafikdesigner-Transkriptoren sind beteiligt. Ein vielversprechendes Projekt.<\/em><\/p>\n<\/div>\n<\/div>\n","protected":false},"excerpt":{"rendered":"<p>&#8222;Troph\u00e9es de l&#8217;\u00e9dition Livre Hebdo 2023 : Troph\u00e4e &#8222;Soziales engagement&#8220; (Frankreich) Das EPUB3 &#8222;Emile veut une chauve-souris&#8220; (Emile will eine Fledermaus) wurde im April 2023 von Les Doigts Qui R\u00eavent bei der Veranstaltung &#8222;Les Troph\u00e9es de l&#8217;\u00e9dition Livre Hebdo 2023&#8220; mit dem Troph\u00e9e de l&#8217;engagement solidaire ausgezeichnet. Die Projekte in dieser Kategorie Diese Ma\u00dfnahmen k\u00f6nnen [&hellip;]<\/p>\n","protected":false},"author":1,"featured_media":0,"parent":0,"menu_order":69,"comment_status":"closed","ping_status":"closed","template":"","meta":{"_acf_changed":false,"footnotes":""},"class_list":["post-7090","page","type-page","status-publish","hentry","clearfix"],"acf":[],"yoast_head":"<!-- This site is optimized with the Yoast SEO plugin v27.4 - https:\/\/yoast.com\/product\/yoast-seo-wordpress\/ -->\n<title>Presse - Flex Picture Ebook<\/title>\n<meta name=\"description\" content=\"Depuis plus de 20 ans, le concours international de livres tactiles illustr\u00e9s, Typho&amp;Tactus fait d\u00e9couvrir des maquettes tactiles du monde entier et est un lieu d&#039;\u00e9changes et de partage incroyable. D\u00e9j\u00e0 21 pays participants! Artistes, enseignants, associations, rejoignez-nous !\" \/>\n<meta name=\"robots\" content=\"index, follow, max-snippet:-1, max-image-preview:large, max-video-preview:-1\" \/>\n<link rel=\"canonical\" href=\"https:\/\/flexpictureebook.eu\/de\/presse\/\" \/>\n<meta property=\"og:locale\" content=\"de_DE\" \/>\n<meta property=\"og:type\" content=\"article\" \/>\n<meta property=\"og:title\" content=\"Presse - Flex Picture Ebook\" \/>\n<meta property=\"og:description\" content=\"Depuis plus de 20 ans, le concours international de livres tactiles illustr\u00e9s, Typho&amp;Tactus fait d\u00e9couvrir des maquettes tactiles du monde entier et est un lieu d&#039;\u00e9changes et de partage incroyable. D\u00e9j\u00e0 21 pays participants! Artistes, enseignants, associations, rejoignez-nous !\" \/>\n<meta property=\"og:url\" content=\"https:\/\/flexpictureebook.eu\/de\/presse\/\" \/>\n<meta property=\"og:site_name\" content=\"Flex Picture Ebook\" \/>\n<meta property=\"article:publisher\" content=\"https:\/\/www.facebook.com\/lesdoigtsquirevent\/\" \/>\n<meta property=\"article:modified_time\" content=\"2023-12-07T13:18:09+00:00\" \/>\n<meta property=\"og:image\" content=\"https:\/\/ldqr.org\/wp-content\/uploads\/2022\/04\/image002.png\" \/>\n<meta name=\"twitter:card\" content=\"summary_large_image\" \/>\n<meta name=\"twitter:site\" content=\"@EditionsLDQR\" \/>\n<meta name=\"twitter:label1\" content=\"Gesch\u00e4tzte Lesezeit\" \/>\n\t<meta name=\"twitter:data1\" content=\"2\u00a0Minuten\" \/>\n<script type=\"application\/ld+json\" class=\"yoast-schema-graph\">{\"@context\":\"https:\\\/\\\/schema.org\",\"@graph\":[{\"@type\":\"WebPage\",\"@id\":\"https:\\\/\\\/flexpictureebook.eu\\\/de\\\/presse\\\/\",\"url\":\"https:\\\/\\\/flexpictureebook.eu\\\/de\\\/presse\\\/\",\"name\":\"Presse - Flex Picture Ebook\",\"isPartOf\":{\"@id\":\"https:\\\/\\\/flexpictureebook.eu\\\/#website\"},\"primaryImageOfPage\":{\"@id\":\"https:\\\/\\\/flexpictureebook.eu\\\/de\\\/presse\\\/#primaryimage\"},\"image\":{\"@id\":\"https:\\\/\\\/flexpictureebook.eu\\\/de\\\/presse\\\/#primaryimage\"},\"thumbnailUrl\":\"https:\\\/\\\/ldqr.org\\\/wp-content\\\/uploads\\\/2022\\\/04\\\/image002.png\",\"datePublished\":\"2023-07-03T08:12:54+00:00\",\"dateModified\":\"2023-12-07T13:18:09+00:00\",\"description\":\"Depuis plus de 20 ans, le concours international de livres tactiles illustr\u00e9s, Typho&Tactus fait d\u00e9couvrir des maquettes tactiles du monde entier et est un lieu d'\u00e9changes et de partage incroyable. D\u00e9j\u00e0 21 pays participants! Artistes, enseignants, associations, rejoignez-nous !\",\"breadcrumb\":{\"@id\":\"https:\\\/\\\/flexpictureebook.eu\\\/de\\\/presse\\\/#breadcrumb\"},\"inLanguage\":\"de\",\"potentialAction\":[{\"@type\":\"ReadAction\",\"target\":[\"https:\\\/\\\/flexpictureebook.eu\\\/de\\\/presse\\\/\"]}]},{\"@type\":\"ImageObject\",\"inLanguage\":\"de\",\"@id\":\"https:\\\/\\\/flexpictureebook.eu\\\/de\\\/presse\\\/#primaryimage\",\"url\":\"https:\\\/\\\/ldqr.org\\\/wp-content\\\/uploads\\\/2022\\\/04\\\/image002.png\",\"contentUrl\":\"https:\\\/\\\/ldqr.org\\\/wp-content\\\/uploads\\\/2022\\\/04\\\/image002.png\"},{\"@type\":\"BreadcrumbList\",\"@id\":\"https:\\\/\\\/flexpictureebook.eu\\\/de\\\/presse\\\/#breadcrumb\",\"itemListElement\":[{\"@type\":\"ListItem\",\"position\":1,\"name\":\"Accueil\",\"item\":\"https:\\\/\\\/flexpictureebook.eu\\\/de\\\/\"},{\"@type\":\"ListItem\",\"position\":2,\"name\":\"Presse\"}]},{\"@type\":\"WebSite\",\"@id\":\"https:\\\/\\\/flexpictureebook.eu\\\/#website\",\"url\":\"https:\\\/\\\/flexpictureebook.eu\\\/\",\"name\":\"Flex Picture Ebook\",\"description\":\"Un livre num\u00e9rique pour un apprentissage inclusif\",\"publisher\":{\"@id\":\"https:\\\/\\\/flexpictureebook.eu\\\/#organization\"},\"potentialAction\":[{\"@type\":\"SearchAction\",\"target\":{\"@type\":\"EntryPoint\",\"urlTemplate\":\"https:\\\/\\\/flexpictureebook.eu\\\/?s={search_term_string}\"},\"query-input\":{\"@type\":\"PropertyValueSpecification\",\"valueRequired\":true,\"valueName\":\"search_term_string\"}}],\"inLanguage\":\"de\"},{\"@type\":\"Organization\",\"@id\":\"https:\\\/\\\/flexpictureebook.eu\\\/#organization\",\"name\":\"Flex Picture Ebook\",\"url\":\"https:\\\/\\\/flexpictureebook.eu\\\/\",\"logo\":{\"@type\":\"ImageObject\",\"inLanguage\":\"de\",\"@id\":\"https:\\\/\\\/flexpictureebook.eu\\\/#\\\/schema\\\/logo\\\/image\\\/\",\"url\":\"https:\\\/\\\/flexpictureebook.eu\\\/wp-content\\\/uploads\\\/2023\\\/06\\\/cropped-cropped-logo-ebook-512.png\",\"contentUrl\":\"https:\\\/\\\/flexpictureebook.eu\\\/wp-content\\\/uploads\\\/2023\\\/06\\\/cropped-cropped-logo-ebook-512.png\",\"width\":512,\"height\":282,\"caption\":\"Flex Picture Ebook\"},\"image\":{\"@id\":\"https:\\\/\\\/flexpictureebook.eu\\\/#\\\/schema\\\/logo\\\/image\\\/\"},\"sameAs\":[\"https:\\\/\\\/www.facebook.com\\\/lesdoigtsquirevent\\\/\",\"https:\\\/\\\/x.com\\\/EditionsLDQR\"]}]}<\/script>\n<!-- \/ Yoast SEO plugin. -->","yoast_head_json":{"title":"Presse - Flex Picture Ebook","description":"Depuis plus de 20 ans, le concours international de livres tactiles illustr\u00e9s, Typho&Tactus fait d\u00e9couvrir des maquettes tactiles du monde entier et est un lieu d'\u00e9changes et de partage incroyable. D\u00e9j\u00e0 21 pays participants! Artistes, enseignants, associations, rejoignez-nous !","robots":{"index":"index","follow":"follow","max-snippet":"max-snippet:-1","max-image-preview":"max-image-preview:large","max-video-preview":"max-video-preview:-1"},"canonical":"https:\/\/flexpictureebook.eu\/de\/presse\/","og_locale":"de_DE","og_type":"article","og_title":"Presse - Flex Picture Ebook","og_description":"Depuis plus de 20 ans, le concours international de livres tactiles illustr\u00e9s, Typho&Tactus fait d\u00e9couvrir des maquettes tactiles du monde entier et est un lieu d'\u00e9changes et de partage incroyable. D\u00e9j\u00e0 21 pays participants! Artistes, enseignants, associations, rejoignez-nous !","og_url":"https:\/\/flexpictureebook.eu\/de\/presse\/","og_site_name":"Flex Picture Ebook","article_publisher":"https:\/\/www.facebook.com\/lesdoigtsquirevent\/","article_modified_time":"2023-12-07T13:18:09+00:00","og_image":[{"url":"https:\/\/ldqr.org\/wp-content\/uploads\/2022\/04\/image002.png","type":"","width":"","height":""}],"twitter_card":"summary_large_image","twitter_site":"@EditionsLDQR","twitter_misc":{"Gesch\u00e4tzte Lesezeit":"2\u00a0Minuten"},"schema":{"@context":"https:\/\/schema.org","@graph":[{"@type":"WebPage","@id":"https:\/\/flexpictureebook.eu\/de\/presse\/","url":"https:\/\/flexpictureebook.eu\/de\/presse\/","name":"Presse - Flex Picture Ebook","isPartOf":{"@id":"https:\/\/flexpictureebook.eu\/#website"},"primaryImageOfPage":{"@id":"https:\/\/flexpictureebook.eu\/de\/presse\/#primaryimage"},"image":{"@id":"https:\/\/flexpictureebook.eu\/de\/presse\/#primaryimage"},"thumbnailUrl":"https:\/\/ldqr.org\/wp-content\/uploads\/2022\/04\/image002.png","datePublished":"2023-07-03T08:12:54+00:00","dateModified":"2023-12-07T13:18:09+00:00","description":"Depuis plus de 20 ans, le concours international de livres tactiles illustr\u00e9s, Typho&Tactus fait d\u00e9couvrir des maquettes tactiles du monde entier et est un lieu d'\u00e9changes et de partage incroyable. D\u00e9j\u00e0 21 pays participants! Artistes, enseignants, associations, rejoignez-nous !","breadcrumb":{"@id":"https:\/\/flexpictureebook.eu\/de\/presse\/#breadcrumb"},"inLanguage":"de","potentialAction":[{"@type":"ReadAction","target":["https:\/\/flexpictureebook.eu\/de\/presse\/"]}]},{"@type":"ImageObject","inLanguage":"de","@id":"https:\/\/flexpictureebook.eu\/de\/presse\/#primaryimage","url":"https:\/\/ldqr.org\/wp-content\/uploads\/2022\/04\/image002.png","contentUrl":"https:\/\/ldqr.org\/wp-content\/uploads\/2022\/04\/image002.png"},{"@type":"BreadcrumbList","@id":"https:\/\/flexpictureebook.eu\/de\/presse\/#breadcrumb","itemListElement":[{"@type":"ListItem","position":1,"name":"Accueil","item":"https:\/\/flexpictureebook.eu\/de\/"},{"@type":"ListItem","position":2,"name":"Presse"}]},{"@type":"WebSite","@id":"https:\/\/flexpictureebook.eu\/#website","url":"https:\/\/flexpictureebook.eu\/","name":"Flex Picture Ebook","description":"Un livre num\u00e9rique pour un apprentissage inclusif","publisher":{"@id":"https:\/\/flexpictureebook.eu\/#organization"},"potentialAction":[{"@type":"SearchAction","target":{"@type":"EntryPoint","urlTemplate":"https:\/\/flexpictureebook.eu\/?s={search_term_string}"},"query-input":{"@type":"PropertyValueSpecification","valueRequired":true,"valueName":"search_term_string"}}],"inLanguage":"de"},{"@type":"Organization","@id":"https:\/\/flexpictureebook.eu\/#organization","name":"Flex Picture Ebook","url":"https:\/\/flexpictureebook.eu\/","logo":{"@type":"ImageObject","inLanguage":"de","@id":"https:\/\/flexpictureebook.eu\/#\/schema\/logo\/image\/","url":"https:\/\/flexpictureebook.eu\/wp-content\/uploads\/2023\/06\/cropped-cropped-logo-ebook-512.png","contentUrl":"https:\/\/flexpictureebook.eu\/wp-content\/uploads\/2023\/06\/cropped-cropped-logo-ebook-512.png","width":512,"height":282,"caption":"Flex Picture Ebook"},"image":{"@id":"https:\/\/flexpictureebook.eu\/#\/schema\/logo\/image\/"},"sameAs":["https:\/\/www.facebook.com\/lesdoigtsquirevent\/","https:\/\/x.com\/EditionsLDQR"]}]}},"_links":{"self":[{"href":"https:\/\/flexpictureebook.eu\/de\/wp-json\/wp\/v2\/pages\/7090","targetHints":{"allow":["GET"]}}],"collection":[{"href":"https:\/\/flexpictureebook.eu\/de\/wp-json\/wp\/v2\/pages"}],"about":[{"href":"https:\/\/flexpictureebook.eu\/de\/wp-json\/wp\/v2\/types\/page"}],"author":[{"embeddable":true,"href":"https:\/\/flexpictureebook.eu\/de\/wp-json\/wp\/v2\/users\/1"}],"replies":[{"embeddable":true,"href":"https:\/\/flexpictureebook.eu\/de\/wp-json\/wp\/v2\/comments?post=7090"}],"version-history":[{"count":2,"href":"https:\/\/flexpictureebook.eu\/de\/wp-json\/wp\/v2\/pages\/7090\/revisions"}],"predecessor-version":[{"id":7092,"href":"https:\/\/flexpictureebook.eu\/de\/wp-json\/wp\/v2\/pages\/7090\/revisions\/7092"}],"wp:attachment":[{"href":"https:\/\/flexpictureebook.eu\/de\/wp-json\/wp\/v2\/media?parent=7090"}],"curies":[{"name":"wp","href":"https:\/\/api.w.org\/{rel}","templated":true}]}}