{"id":6749,"date":"2023-07-03T10:12:12","date_gmt":"2023-07-03T08:12:12","guid":{"rendered":"https:\/\/flexpictureebook.eu\/?page_id=6749"},"modified":"2024-03-13T16:38:55","modified_gmt":"2024-03-13T15:38:55","slug":"se-procurer-le-livre","status":"publish","type":"page","link":"https:\/\/flexpictureebook.eu\/de\/epub3-verfuegbar\/se-procurer-le-livre\/","title":{"rendered":"Die B\u00fccher kaufen"},"content":{"rendered":"<h2>Wie kann ich eine Leseprobe aus unserem EPUB3 lesen?<\/h2>\n<p>Auf Ipad \/ MAC: App <a href=\"https:\/\/apps.apple.com\/fr\/app\/apple-books\/id364709193\">Books<\/a><br \/>\nAuf Android: App <a href=\"https:\/\/play.google.com\/store\/apps\/details?id=com.gmail.jxlab.app.reasily&amp;hl=fr&amp;gl=US\">Reasily<\/a>\u00a0\/\u00a0<a href=\"https:\/\/github.com\/readium\/awesome-readium#apps-based-on-readium-mobile\">Readium Mobile<\/a>.<br \/>\nAuf PC: Anwendung <a href=\"https:\/\/apps.microsoft.com\/store\/detail\/thorium-reader\/9NFZP1G7M2SC?hl=fr-fr&amp;gl=fr\">Thorium<\/a><\/p>\n<h2>Um einen Auszug aus unserem EPUB3 herunterzuladen<\/h2>\n<h3>Auf Deutsch:<\/h3>\n<p>Download eines Auszugs aus EPUB3 <a href=\"https:\/\/flexpictureebook.eu\/wp-content\/uploads\/2024\/03\/ger_extraits.epub_.zip\">&#8222;Ben will eine Fledermaus&#8220; (auszug).<\/a><\/p>\n<h3>Auf Franz\u00f6sisch:<\/h3>\n<p>Download eines Auszugs aus dem EPUB3 &#8220;\u00a0<a href=\"https:\/\/flexpictureebook.eu\/wp-content\/uploads\/2024\/03\/fr_extraits.epub_.zip\">\u00c9mile veut une chauve-souris&#8220; (extrait).<\/a><br \/>\nDie franz\u00f6sische Version wird in ihrer Gesamtheit von <a href=\"https:\/\/ldqr.org\/catalogue\/emile-epub3\/\">Les Doigts Qui R\u00eavent<\/a> ver\u00f6ffentlicht und \u00fcber Immat\u00e9riel an Online-Buchhandlungen vertrieben.<\/p>\n<h3>Auf Englisch:<\/h3>\n<p>Download eines Auszugs aus EPUB3 <a href=\"https:\/\/flexpictureebook.eu\/wp-content\/uploads\/2024\/03\/en_extraits.epub_.zip\">&#8222;Ben wants a bat&#8220; (extract).<\/a><\/p>\n<h3>Auf Italienisch:<\/h3>\n<p>Download eines Auszugs aus EPUB3 <a href=\"https:\/\/flexpictureebook.eu\/wp-content\/uploads\/2024\/03\/it_extraits.epub_.zip\">&#8222;Leo vuole un pipistrello&#8220; (estratto).<\/a><\/p>\n<h3>Auf Litauisch:<\/h3>\n<p>Download eines Auszugs aus EPUB3 <a href=\"https:\/\/flexpictureebook.eu\/wp-content\/uploads\/2024\/03\/lit_extraits.epub_.zip\">&#8222;Emilis nori \u0161ik\u0161nosparnio&#8220; (i\u0161trauka).<\/a><\/p>\n","protected":false},"excerpt":{"rendered":"<p>Wie kann ich eine Leseprobe aus unserem EPUB3 lesen? Auf Ipad \/ MAC: App Books Auf Android: App Reasily\u00a0\/\u00a0Readium Mobile. Auf PC: Anwendung Thorium Um einen Auszug aus unserem EPUB3 herunterzuladen Auf Deutsch: Download eines Auszugs aus EPUB3 &#8222;Ben will eine Fledermaus&#8220; (auszug). Auf Franz\u00f6sisch: Download eines Auszugs aus dem EPUB3 &#8220;\u00a0\u00c9mile veut une chauve-souris&#8220; [&hellip;]<\/p>\n","protected":false},"author":1,"featured_media":0,"parent":6740,"menu_order":49,"comment_status":"closed","ping_status":"closed","template":"","meta":{"_acf_changed":false,"footnotes":""},"class_list":["post-6749","page","type-page","status-publish","hentry","clearfix"],"acf":[],"yoast_head":"<!-- This site is optimized with the Yoast SEO plugin v27.3 - https:\/\/yoast.com\/product\/yoast-seo-wordpress\/ -->\n<title>Die B\u00fccher kaufen - Flex Picture Ebook<\/title>\n<meta name=\"description\" content=\"Depuis plus de 20 ans, le concours international de livres tactiles illustr\u00e9s, Typho&amp;Tactus fait d\u00e9couvrir des maquettes tactiles du monde entier et est un lieu d&#039;\u00e9changes et de partage incroyable. D\u00e9j\u00e0 21 pays participants! Artistes, enseignants, associations, rejoignez-nous !\" \/>\n<meta name=\"robots\" content=\"index, follow, max-snippet:-1, max-image-preview:large, max-video-preview:-1\" \/>\n<link rel=\"canonical\" href=\"https:\/\/flexpictureebook.eu\/de\/epub3-verfuegbar\/se-procurer-le-livre\/\" \/>\n<meta property=\"og:locale\" content=\"de_DE\" \/>\n<meta property=\"og:type\" content=\"article\" \/>\n<meta property=\"og:title\" content=\"Die B\u00fccher kaufen - Flex Picture Ebook\" \/>\n<meta property=\"og:description\" content=\"Depuis plus de 20 ans, le concours international de livres tactiles illustr\u00e9s, Typho&amp;Tactus fait d\u00e9couvrir des maquettes tactiles du monde entier et est un lieu d&#039;\u00e9changes et de partage incroyable. D\u00e9j\u00e0 21 pays participants! Artistes, enseignants, associations, rejoignez-nous !\" \/>\n<meta property=\"og:url\" content=\"https:\/\/flexpictureebook.eu\/de\/epub3-verfuegbar\/se-procurer-le-livre\/\" \/>\n<meta property=\"og:site_name\" content=\"Flex Picture Ebook\" \/>\n<meta property=\"article:publisher\" content=\"https:\/\/www.facebook.com\/lesdoigtsquirevent\/\" \/>\n<meta property=\"article:modified_time\" content=\"2024-03-13T15:38:55+00:00\" \/>\n<meta name=\"twitter:card\" content=\"summary_large_image\" \/>\n<meta name=\"twitter:site\" content=\"@EditionsLDQR\" \/>\n<meta name=\"twitter:label1\" content=\"Gesch\u00e4tzte Lesezeit\" \/>\n\t<meta name=\"twitter:data1\" content=\"1\u00a0Minute\" \/>\n<script type=\"application\/ld+json\" class=\"yoast-schema-graph\">{\"@context\":\"https:\\\/\\\/schema.org\",\"@graph\":[{\"@type\":\"WebPage\",\"@id\":\"https:\\\/\\\/flexpictureebook.eu\\\/de\\\/epub3-verfuegbar\\\/se-procurer-le-livre\\\/\",\"url\":\"https:\\\/\\\/flexpictureebook.eu\\\/de\\\/epub3-verfuegbar\\\/se-procurer-le-livre\\\/\",\"name\":\"Die B\u00fccher kaufen - Flex Picture Ebook\",\"isPartOf\":{\"@id\":\"https:\\\/\\\/flexpictureebook.eu\\\/#website\"},\"datePublished\":\"2023-07-03T08:12:12+00:00\",\"dateModified\":\"2024-03-13T15:38:55+00:00\",\"description\":\"Depuis plus de 20 ans, le concours international de livres tactiles illustr\u00e9s, Typho&Tactus fait d\u00e9couvrir des maquettes tactiles du monde entier et est un lieu d'\u00e9changes et de partage incroyable. D\u00e9j\u00e0 21 pays participants! Artistes, enseignants, associations, rejoignez-nous !\",\"breadcrumb\":{\"@id\":\"https:\\\/\\\/flexpictureebook.eu\\\/de\\\/epub3-verfuegbar\\\/se-procurer-le-livre\\\/#breadcrumb\"},\"inLanguage\":\"de\",\"potentialAction\":[{\"@type\":\"ReadAction\",\"target\":[\"https:\\\/\\\/flexpictureebook.eu\\\/de\\\/epub3-verfuegbar\\\/se-procurer-le-livre\\\/\"]}]},{\"@type\":\"BreadcrumbList\",\"@id\":\"https:\\\/\\\/flexpictureebook.eu\\\/de\\\/epub3-verfuegbar\\\/se-procurer-le-livre\\\/#breadcrumb\",\"itemListElement\":[{\"@type\":\"ListItem\",\"position\":1,\"name\":\"Accueil\",\"item\":\"https:\\\/\\\/flexpictureebook.eu\\\/de\\\/\"},{\"@type\":\"ListItem\",\"position\":2,\"name\":\"EPUB3 verf\u00fcgbar\",\"item\":\"https:\\\/\\\/flexpictureebook.eu\\\/de\\\/epub3-verfuegbar\\\/\"},{\"@type\":\"ListItem\",\"position\":3,\"name\":\"Die B\u00fccher kaufen\"}]},{\"@type\":\"WebSite\",\"@id\":\"https:\\\/\\\/flexpictureebook.eu\\\/#website\",\"url\":\"https:\\\/\\\/flexpictureebook.eu\\\/\",\"name\":\"Flex Picture Ebook\",\"description\":\"Un livre num\u00e9rique pour un apprentissage inclusif\",\"publisher\":{\"@id\":\"https:\\\/\\\/flexpictureebook.eu\\\/#organization\"},\"potentialAction\":[{\"@type\":\"SearchAction\",\"target\":{\"@type\":\"EntryPoint\",\"urlTemplate\":\"https:\\\/\\\/flexpictureebook.eu\\\/?s={search_term_string}\"},\"query-input\":{\"@type\":\"PropertyValueSpecification\",\"valueRequired\":true,\"valueName\":\"search_term_string\"}}],\"inLanguage\":\"de\"},{\"@type\":\"Organization\",\"@id\":\"https:\\\/\\\/flexpictureebook.eu\\\/#organization\",\"name\":\"Flex Picture Ebook\",\"url\":\"https:\\\/\\\/flexpictureebook.eu\\\/\",\"logo\":{\"@type\":\"ImageObject\",\"inLanguage\":\"de\",\"@id\":\"https:\\\/\\\/flexpictureebook.eu\\\/#\\\/schema\\\/logo\\\/image\\\/\",\"url\":\"https:\\\/\\\/flexpictureebook.eu\\\/wp-content\\\/uploads\\\/2023\\\/06\\\/cropped-cropped-logo-ebook-512.png\",\"contentUrl\":\"https:\\\/\\\/flexpictureebook.eu\\\/wp-content\\\/uploads\\\/2023\\\/06\\\/cropped-cropped-logo-ebook-512.png\",\"width\":512,\"height\":282,\"caption\":\"Flex Picture Ebook\"},\"image\":{\"@id\":\"https:\\\/\\\/flexpictureebook.eu\\\/#\\\/schema\\\/logo\\\/image\\\/\"},\"sameAs\":[\"https:\\\/\\\/www.facebook.com\\\/lesdoigtsquirevent\\\/\",\"https:\\\/\\\/x.com\\\/EditionsLDQR\"]}]}<\/script>\n<!-- \/ Yoast SEO plugin. -->","yoast_head_json":{"title":"Die B\u00fccher kaufen - Flex Picture Ebook","description":"Depuis plus de 20 ans, le concours international de livres tactiles illustr\u00e9s, Typho&Tactus fait d\u00e9couvrir des maquettes tactiles du monde entier et est un lieu d'\u00e9changes et de partage incroyable. D\u00e9j\u00e0 21 pays participants! Artistes, enseignants, associations, rejoignez-nous !","robots":{"index":"index","follow":"follow","max-snippet":"max-snippet:-1","max-image-preview":"max-image-preview:large","max-video-preview":"max-video-preview:-1"},"canonical":"https:\/\/flexpictureebook.eu\/de\/epub3-verfuegbar\/se-procurer-le-livre\/","og_locale":"de_DE","og_type":"article","og_title":"Die B\u00fccher kaufen - Flex Picture Ebook","og_description":"Depuis plus de 20 ans, le concours international de livres tactiles illustr\u00e9s, Typho&Tactus fait d\u00e9couvrir des maquettes tactiles du monde entier et est un lieu d'\u00e9changes et de partage incroyable. D\u00e9j\u00e0 21 pays participants! Artistes, enseignants, associations, rejoignez-nous !","og_url":"https:\/\/flexpictureebook.eu\/de\/epub3-verfuegbar\/se-procurer-le-livre\/","og_site_name":"Flex Picture Ebook","article_publisher":"https:\/\/www.facebook.com\/lesdoigtsquirevent\/","article_modified_time":"2024-03-13T15:38:55+00:00","twitter_card":"summary_large_image","twitter_site":"@EditionsLDQR","twitter_misc":{"Gesch\u00e4tzte Lesezeit":"1\u00a0Minute"},"schema":{"@context":"https:\/\/schema.org","@graph":[{"@type":"WebPage","@id":"https:\/\/flexpictureebook.eu\/de\/epub3-verfuegbar\/se-procurer-le-livre\/","url":"https:\/\/flexpictureebook.eu\/de\/epub3-verfuegbar\/se-procurer-le-livre\/","name":"Die B\u00fccher kaufen - Flex Picture Ebook","isPartOf":{"@id":"https:\/\/flexpictureebook.eu\/#website"},"datePublished":"2023-07-03T08:12:12+00:00","dateModified":"2024-03-13T15:38:55+00:00","description":"Depuis plus de 20 ans, le concours international de livres tactiles illustr\u00e9s, Typho&Tactus fait d\u00e9couvrir des maquettes tactiles du monde entier et est un lieu d'\u00e9changes et de partage incroyable. D\u00e9j\u00e0 21 pays participants! Artistes, enseignants, associations, rejoignez-nous !","breadcrumb":{"@id":"https:\/\/flexpictureebook.eu\/de\/epub3-verfuegbar\/se-procurer-le-livre\/#breadcrumb"},"inLanguage":"de","potentialAction":[{"@type":"ReadAction","target":["https:\/\/flexpictureebook.eu\/de\/epub3-verfuegbar\/se-procurer-le-livre\/"]}]},{"@type":"BreadcrumbList","@id":"https:\/\/flexpictureebook.eu\/de\/epub3-verfuegbar\/se-procurer-le-livre\/#breadcrumb","itemListElement":[{"@type":"ListItem","position":1,"name":"Accueil","item":"https:\/\/flexpictureebook.eu\/de\/"},{"@type":"ListItem","position":2,"name":"EPUB3 verf\u00fcgbar","item":"https:\/\/flexpictureebook.eu\/de\/epub3-verfuegbar\/"},{"@type":"ListItem","position":3,"name":"Die B\u00fccher kaufen"}]},{"@type":"WebSite","@id":"https:\/\/flexpictureebook.eu\/#website","url":"https:\/\/flexpictureebook.eu\/","name":"Flex Picture Ebook","description":"Un livre num\u00e9rique pour un apprentissage inclusif","publisher":{"@id":"https:\/\/flexpictureebook.eu\/#organization"},"potentialAction":[{"@type":"SearchAction","target":{"@type":"EntryPoint","urlTemplate":"https:\/\/flexpictureebook.eu\/?s={search_term_string}"},"query-input":{"@type":"PropertyValueSpecification","valueRequired":true,"valueName":"search_term_string"}}],"inLanguage":"de"},{"@type":"Organization","@id":"https:\/\/flexpictureebook.eu\/#organization","name":"Flex Picture Ebook","url":"https:\/\/flexpictureebook.eu\/","logo":{"@type":"ImageObject","inLanguage":"de","@id":"https:\/\/flexpictureebook.eu\/#\/schema\/logo\/image\/","url":"https:\/\/flexpictureebook.eu\/wp-content\/uploads\/2023\/06\/cropped-cropped-logo-ebook-512.png","contentUrl":"https:\/\/flexpictureebook.eu\/wp-content\/uploads\/2023\/06\/cropped-cropped-logo-ebook-512.png","width":512,"height":282,"caption":"Flex Picture Ebook"},"image":{"@id":"https:\/\/flexpictureebook.eu\/#\/schema\/logo\/image\/"},"sameAs":["https:\/\/www.facebook.com\/lesdoigtsquirevent\/","https:\/\/x.com\/EditionsLDQR"]}]}},"_links":{"self":[{"href":"https:\/\/flexpictureebook.eu\/de\/wp-json\/wp\/v2\/pages\/6749","targetHints":{"allow":["GET"]}}],"collection":[{"href":"https:\/\/flexpictureebook.eu\/de\/wp-json\/wp\/v2\/pages"}],"about":[{"href":"https:\/\/flexpictureebook.eu\/de\/wp-json\/wp\/v2\/types\/page"}],"author":[{"embeddable":true,"href":"https:\/\/flexpictureebook.eu\/de\/wp-json\/wp\/v2\/users\/1"}],"replies":[{"embeddable":true,"href":"https:\/\/flexpictureebook.eu\/de\/wp-json\/wp\/v2\/comments?post=6749"}],"version-history":[{"count":7,"href":"https:\/\/flexpictureebook.eu\/de\/wp-json\/wp\/v2\/pages\/6749\/revisions"}],"predecessor-version":[{"id":7649,"href":"https:\/\/flexpictureebook.eu\/de\/wp-json\/wp\/v2\/pages\/6749\/revisions\/7649"}],"up":[{"embeddable":true,"href":"https:\/\/flexpictureebook.eu\/de\/wp-json\/wp\/v2\/pages\/6740"}],"wp:attachment":[{"href":"https:\/\/flexpictureebook.eu\/de\/wp-json\/wp\/v2\/media?parent=6749"}],"curies":[{"name":"wp","href":"https:\/\/api.w.org\/{rel}","templated":true}]}}