{"id":6735,"date":"2023-07-03T10:11:04","date_gmt":"2023-07-03T08:11:04","guid":{"rendered":"https:\/\/flexpictureebook.eu\/?page_id=6735"},"modified":"2025-06-04T10:27:15","modified_gmt":"2025-06-04T08:27:15","slug":"partenaires","status":"publish","type":"page","link":"https:\/\/flexpictureebook.eu\/de\/partenaires\/","title":{"rendered":"Partner"},"content":{"rendered":"<h2>Ein europaweites projekt<\/h2>\n<p>Das Flex Picture Ebook-Projekt ist ein Erasmus+-Projekt, das 7 Strukturen aus 4 europ\u00e4ischen L\u00e4ndern zusammenbringt :<\/p>\n<h3><a id=\"france\"><\/a>Frankreich<\/h3>\n<h4>Les Doigts Qui R\u00eavent<\/h4>\n<p><span style=\"font-weight: 400;\">der Verein hinter dem Projekt.<\/span><\/p>\n<p><span style=\"font-weight: 400;\">Ein gemeinn\u00fctziger Verlag, der vor 30 Jahren gegr\u00fcndet wurde, mit dem Ziel, sicherzustellen, dass alle sehbehinderten Kinder Zugang zu B\u00fcchern und Lesematerial haben, in Frankreich und anderswo. Les Doigts Qui R\u00eavent ist ein echtes Ressourcenzentrum, das Workshops f\u00fcr Jugendliche anbietet, um das Bewusstsein und das Verst\u00e4ndnis zu f\u00f6rdern, sowie zahlreiche Schulungskurse f\u00fcr Fachleute im Bereich der Sehbehinderung.<\/span><\/p>\n<p><a href=\"https:\/\/ldqr.org\/\">https:\/\/ldqr.org\/<\/a><br \/>\n(+33) 03 80 59 22 88<br \/>\nSophie Blain<br \/>\ncontact@ldqr.org<\/p>\n<h4>Institut f\u00fcr junge Blinde in Toulouse<\/h4>\n<p><span style=\"font-weight: 400;\">Eine medizinische und soziale Einrichtung, die 1866 gegr\u00fcndet wurde, um sehbehinderten Kindern und Erwachsenen Bildung und berufliche Ausbildung zu bieten. Jedes Jahr begr\u00fc\u00dft das IJA mehr als 550 sehbehinderte Nutzer, mit oder ohne begleitende Behinderungen, und bietet Unterst\u00fctzung f\u00fcr die Schulbildung in einer Regelschulumgebung oder in spezialisierten Klassen innerhalb des Instituts.<\/span><span style=\"font-weight: 400;\"><br \/>\n<\/span><\/p>\n<p><img loading=\"lazy\" decoding=\"async\" class=\"alignnone size-medium wp-image-6801\" src=\"https:\/\/flexpictureebook.eu\/wp-content\/uploads\/2023\/10\/20210922_091249-300x225.jpg\" alt=\"photo d'ateliers jeunesse \u00e0 l'IJA de Toulouse\" width=\"300\" height=\"225\" srcset=\"https:\/\/flexpictureebook.eu\/wp-content\/uploads\/2023\/10\/20210922_091249-300x225.jpg 300w, https:\/\/flexpictureebook.eu\/wp-content\/uploads\/2023\/10\/20210922_091249-1024x768.jpg 1024w, https:\/\/flexpictureebook.eu\/wp-content\/uploads\/2023\/10\/20210922_091249-768x576.jpg 768w, https:\/\/flexpictureebook.eu\/wp-content\/uploads\/2023\/10\/20210922_091249-1536x1152.jpg 1536w, https:\/\/flexpictureebook.eu\/wp-content\/uploads\/2023\/10\/20210922_091249-2048x1536.jpg 2048w, https:\/\/flexpictureebook.eu\/wp-content\/uploads\/2023\/10\/20210922_091249-200x150.jpg 200w\" sizes=\"auto, (max-width: 300px) 100vw, 300px\" \/><\/p>\n<p>&nbsp;<\/p>\n<h4>Ludosens<\/h4>\n<p><span style=\"font-weight: 400;\">Unsere Ambition ist es, den Blick auf unsichtbare Unterschiede zu ver\u00e4ndern und jungen Menschen mit atypischen Profilen den Zugang zur sozialen und beruflichen Welt zu erleichtern. Wir setzen innovative und skalierbare L\u00f6sungen f\u00fcr Menschen mit diagnostizierten Behinderungen um. Wir f\u00f6rdern einen Paradigmenwechsel im Denken \u00fcber Unterschiede. Lange Zeit unter dem Blickwinkel der Pathologie betrachtet, sehen wir unsichtbare Behinderungen (wie Autismus, ADHS, LRS, etc.) als Einladung, eine andere Art von Gesellschaft zu gestalten.<\/span><\/p>\n<p>&nbsp;<\/p>\n<p>Dieses Projekt wurde in enger Zusammenarbeit mit Ludovic Bal von R\u00e9seau Canop\u00e9, Hauts-de-France (Frankreich), dem IT-Entwickler der epub3-Datei, die w\u00e4hrend der gesamten Entwicklung von Flex Picture Ebook als Vorlage diente, realisiert.<\/p>\n<h3><a id=\"autriche\"><\/a>\u00d6sterreich<\/h3>\n<h4>Johannes-Kepler-Universit<span class=\"mw-page-title-main\">\u00e4<\/span>t Linz de Linz (JKU)<\/h4>\n<p><span style=\"font-weight: 400;\">Die JKU ist eine regionale Universit\u00e4t mit einer starken Tradition und internationalem Fokus. Mit \u00fcber 23.000 eingeschriebenen Studierenden und 175 Professoren umfasst sie vier Fakult\u00e4ten und bietet \u00fcber 1.000 Kurse an. Das Institut f\u00fcr Integriertes Studieren (IIS) ist ein Studentenunterst\u00fctzungs- und Forschungsinstitut, das sich auf soziale Integration, E-Barrierefreiheit und inklusive Bildung konzentriert. Es unterst\u00fctzt \u00fcber 100 Studierende mit Behinderungen und f\u00fchrt Forschungsprojekte auf lokaler und internationaler Ebene durch. Das IIS ist auch der Hauptveranstalter der Internationalen Konferenz \u00fcber Computerunterst\u00fctzung f\u00fcr Menschen mit Behinderungen (ICCHP), die weltweit f\u00fchrend auf dem Gebiet der digitalen Inklusion ist.<\/span><\/p>\n<p><a href=\"https:\/\/www.jku.at\/institut-integriert-studieren\/forschung\/projekte\/laufende-projekte\/flex-picture-ebook\/\">https:\/\/www.jku.at\/institut-integriert-studieren\/forschung\/projekte\/laufende-projekte\/flex-picture-ebook\/<\/a><br \/>\n(+43) 732 2468 3764<br \/>\nValentin Salinas-L\u00f3pez MSc.<br \/>\nvalentin.salinas_lopez@jku.at<\/p>\n<h3><a id=\"italie\"><\/a>Italien<\/h3>\n<h4>Robert-Hollman-Stiftung<\/h4>\n<p><span style=\"font-weight: 400;\">Eine niederl\u00e4ndische private Organisation, die kostenlos Beratung und Entwicklungsf\u00f6rderung f\u00fcr sehbehinderte Kinder und ihre Familien bietet und mit lokalen Fachleuten, medizinischen, wissenschaftlichen und sozialen Gemeinschaften zusammenarbeitet, um gemeinsam die klinische Praxis und Forschung, Schulung und kulturelle F\u00f6rderung zu verbessern.<\/span><\/p>\n<p><a href=\"https:\/\/fondazioneroberthollman.it\/\">https:\/\/fondazioneroberthollman.it\/<\/a><br \/>\n(+39) 328 3912562<br \/>\nEnrica Polato<br \/>\ne.polato@fondazioneroberthollman.it<\/p>\n<p><img loading=\"lazy\" decoding=\"async\" class=\"alignnone size-medium wp-image-6828\" src=\"https:\/\/flexpictureebook.eu\/wp-content\/uploads\/2023\/11\/FondationRobertHollman-300x199.jpg\" alt=\"&quot;In the picture appears on the right the outline of a child's face looking spellbound at the beam of bright coloured fibre optics that the therapist holds in front of her eyes. The Robert Hollman Foundation has chosen to present itself through one of the many moments of work done with children in one of its two Centres (Padua and Cannero Riviera), where rehabilitation is achieved through relationships, play and sometimes amazement&quot;.\" width=\"300\" height=\"199\" srcset=\"https:\/\/flexpictureebook.eu\/wp-content\/uploads\/2023\/11\/FondationRobertHollman-300x199.jpg 300w, https:\/\/flexpictureebook.eu\/wp-content\/uploads\/2023\/11\/FondationRobertHollman-1024x680.jpg 1024w, https:\/\/flexpictureebook.eu\/wp-content\/uploads\/2023\/11\/FondationRobertHollman-768x510.jpg 768w, https:\/\/flexpictureebook.eu\/wp-content\/uploads\/2023\/11\/FondationRobertHollman-226x150.jpg 226w, https:\/\/flexpictureebook.eu\/wp-content\/uploads\/2023\/11\/FondationRobertHollman.jpg 1317w\" sizes=\"auto, (max-width: 300px) 100vw, 300px\" \/><\/p>\n<h4>AbilNova<\/h4>\n<p><span style=\"font-weight: 400;\">Einrichtungen f\u00fcr Menschen mit Seh- und H\u00f6rbehinderungen, die eine Reihe von pers\u00f6nlichen Dienstleistungen sowie Informations- und Sensibilisierungsaktivit\u00e4ten f\u00fcr die Allgemeinheit anbieten, mit dem Ziel, eine wirklich inklusive Gesellschaft in Bezug auf sensorische, visuelle und H\u00f6rbehinderungen aufzubauen.<\/span><\/p>\n<p><a href=\"https:\/\/www.abilnova.it\/\"> https:\/\/www.abilnova.it\/<\/a><br \/>\nRoberta Zumiani<\/p>\n<p><img loading=\"lazy\" decoding=\"async\" class=\"alignnone size-medium wp-image-7005\" src=\"https:\/\/flexpictureebook.eu\/wp-content\/uploads\/2023\/11\/abilnova-300x297.jpg\" alt=\"The picture shows an AbilNova rehabilitator working with a blind child on the development of tactile skills, necessary for harmonious development. The skills the child learns at AbilNova are then transferred to the kindergarten with the help of the specialised AbilNova educator, who is present at the school. The child and the rehabilitator are in the AbilNova gymnasium, there are materials for psychomotricity and a small table, suitable for kindergarten children. The girl and the rehabilitator are using wooden geometric shape games, made by AbilNova, to stimulate tactile recognition of shapes, size and thickness. The wooden toys have saturated colours, which also facilitate visual recognition by visually impaired children. \" width=\"300\" height=\"297\" srcset=\"https:\/\/flexpictureebook.eu\/wp-content\/uploads\/2023\/11\/abilnova-300x297.jpg 300w, https:\/\/flexpictureebook.eu\/wp-content\/uploads\/2023\/11\/abilnova-1024x1015.jpg 1024w, https:\/\/flexpictureebook.eu\/wp-content\/uploads\/2023\/11\/abilnova-150x150.jpg 150w, https:\/\/flexpictureebook.eu\/wp-content\/uploads\/2023\/11\/abilnova-768x762.jpg 768w, https:\/\/flexpictureebook.eu\/wp-content\/uploads\/2023\/11\/abilnova-1536x1523.jpg 1536w, https:\/\/flexpictureebook.eu\/wp-content\/uploads\/2023\/11\/abilnova-2048x2031.jpg 2048w, https:\/\/flexpictureebook.eu\/wp-content\/uploads\/2023\/11\/abilnova-60x60.jpg 60w, https:\/\/flexpictureebook.eu\/wp-content\/uploads\/2023\/11\/abilnova-151x150.jpg 151w\" sizes=\"auto, (max-width: 300px) 100vw, 300px\" \/><\/p>\n<h3><a id=\"lituanie\"><\/a>Litauen<\/h3>\n<p><span style=\"font-weight: 400;\">LASUC (Litauisches Bildungszentrum f\u00fcr Blinde und Sehbehinderte) ist eine staatliche Schule, an der Kinder mit Sehbehinderungen und anderen komplexen Behinderungen studieren. Ihre Aufgabe ist es, allgemeinbildenden Schulen des Landes bei der Umsetzung inklusiver Bildung zu unterst\u00fctzen und Kinder zu entwickeln, die kreativ, offen f\u00fcr die Gemeinschaft, verantwortlich f\u00fcr ihre eigene Reife und bereit sind, ein unabh\u00e4ngiges Leben zu f\u00fchren.<\/span><\/p>\n<p><span style=\"font-weight: 400;\"><img loading=\"lazy\" decoding=\"async\" class=\"alignnone size-medium wp-image-6823\" src=\"https:\/\/flexpictureebook.eu\/wp-content\/uploads\/2023\/11\/Lasuc-300x200.jpg\" alt=\" Front entrance of the Lithuanian Blind and Visually Impaired Education Center\" width=\"300\" height=\"200\" srcset=\"https:\/\/flexpictureebook.eu\/wp-content\/uploads\/2023\/11\/Lasuc-300x200.jpg 300w, https:\/\/flexpictureebook.eu\/wp-content\/uploads\/2023\/11\/Lasuc-1024x683.jpg 1024w, https:\/\/flexpictureebook.eu\/wp-content\/uploads\/2023\/11\/Lasuc-768x512.jpg 768w, https:\/\/flexpictureebook.eu\/wp-content\/uploads\/2023\/11\/Lasuc-1536x1024.jpg 1536w, https:\/\/flexpictureebook.eu\/wp-content\/uploads\/2023\/11\/Lasuc-2048x1365.jpg 2048w, https:\/\/flexpictureebook.eu\/wp-content\/uploads\/2023\/11\/Lasuc-225x150.jpg 225w\" sizes=\"auto, (max-width: 300px) 100vw, 300px\" \/><br \/>\n<\/span><span style=\"font-weight: 400;\">\u00a0<\/span><\/p>\n","protected":false},"excerpt":{"rendered":"<p>Ein europaweites projekt Das Flex Picture Ebook-Projekt ist ein Erasmus+-Projekt, das 7 Strukturen aus 4 europ\u00e4ischen L\u00e4ndern zusammenbringt : Frankreich Les Doigts Qui R\u00eavent der Verein hinter dem Projekt. Ein gemeinn\u00fctziger Verlag, der vor 30 Jahren gegr\u00fcndet wurde, mit dem Ziel, sicherzustellen, dass alle sehbehinderten Kinder Zugang zu B\u00fcchern und Lesematerial haben, in Frankreich und [&hellip;]<\/p>\n","protected":false},"author":1,"featured_media":0,"parent":0,"menu_order":35,"comment_status":"closed","ping_status":"closed","template":"","meta":{"_acf_changed":false,"footnotes":""},"class_list":["post-6735","page","type-page","status-publish","hentry","clearfix"],"acf":[],"yoast_head":"<!-- This site is optimized with the Yoast SEO plugin v27.3 - https:\/\/yoast.com\/product\/yoast-seo-wordpress\/ -->\n<title>Partner - Flex Picture Ebook<\/title>\n<meta name=\"description\" content=\"Depuis plus de 20 ans, le concours international de livres tactiles illustr\u00e9s, Typho&amp;Tactus fait d\u00e9couvrir des maquettes tactiles du monde entier et est un lieu d&#039;\u00e9changes et de partage incroyable. D\u00e9j\u00e0 21 pays participants! Artistes, enseignants, associations, rejoignez-nous !\" \/>\n<meta name=\"robots\" content=\"index, follow, max-snippet:-1, max-image-preview:large, max-video-preview:-1\" \/>\n<link rel=\"canonical\" href=\"https:\/\/flexpictureebook.eu\/de\/partenaires\/\" \/>\n<meta property=\"og:locale\" content=\"de_DE\" \/>\n<meta property=\"og:type\" content=\"article\" \/>\n<meta property=\"og:title\" content=\"Partner - Flex Picture Ebook\" \/>\n<meta property=\"og:description\" content=\"Depuis plus de 20 ans, le concours international de livres tactiles illustr\u00e9s, Typho&amp;Tactus fait d\u00e9couvrir des maquettes tactiles du monde entier et est un lieu d&#039;\u00e9changes et de partage incroyable. D\u00e9j\u00e0 21 pays participants! Artistes, enseignants, associations, rejoignez-nous !\" \/>\n<meta property=\"og:url\" content=\"https:\/\/flexpictureebook.eu\/de\/partenaires\/\" \/>\n<meta property=\"og:site_name\" content=\"Flex Picture Ebook\" \/>\n<meta property=\"article:publisher\" content=\"https:\/\/www.facebook.com\/lesdoigtsquirevent\/\" \/>\n<meta property=\"article:modified_time\" content=\"2025-06-04T08:27:15+00:00\" \/>\n<meta property=\"og:image\" content=\"https:\/\/flexpictureebook.eu\/wp-content\/uploads\/2023\/10\/20210922_091249-scaled.jpg\" \/>\n\t<meta property=\"og:image:width\" content=\"2560\" \/>\n\t<meta property=\"og:image:height\" content=\"1920\" \/>\n\t<meta property=\"og:image:type\" content=\"image\/jpeg\" \/>\n<meta name=\"twitter:card\" content=\"summary_large_image\" \/>\n<meta name=\"twitter:site\" content=\"@EditionsLDQR\" \/>\n<meta name=\"twitter:label1\" content=\"Gesch\u00e4tzte Lesezeit\" \/>\n\t<meta name=\"twitter:data1\" content=\"3\u00a0Minuten\" \/>\n<script type=\"application\/ld+json\" class=\"yoast-schema-graph\">{\"@context\":\"https:\\\/\\\/schema.org\",\"@graph\":[{\"@type\":\"WebPage\",\"@id\":\"https:\\\/\\\/flexpictureebook.eu\\\/de\\\/partenaires\\\/\",\"url\":\"https:\\\/\\\/flexpictureebook.eu\\\/de\\\/partenaires\\\/\",\"name\":\"Partner - Flex Picture Ebook\",\"isPartOf\":{\"@id\":\"https:\\\/\\\/flexpictureebook.eu\\\/#website\"},\"primaryImageOfPage\":{\"@id\":\"https:\\\/\\\/flexpictureebook.eu\\\/de\\\/partenaires\\\/#primaryimage\"},\"image\":{\"@id\":\"https:\\\/\\\/flexpictureebook.eu\\\/de\\\/partenaires\\\/#primaryimage\"},\"thumbnailUrl\":\"https:\\\/\\\/flexpictureebook.eu\\\/wp-content\\\/uploads\\\/2023\\\/10\\\/20210922_091249-300x225.jpg\",\"datePublished\":\"2023-07-03T08:11:04+00:00\",\"dateModified\":\"2025-06-04T08:27:15+00:00\",\"description\":\"Depuis plus de 20 ans, le concours international de livres tactiles illustr\u00e9s, Typho&Tactus fait d\u00e9couvrir des maquettes tactiles du monde entier et est un lieu d'\u00e9changes et de partage incroyable. D\u00e9j\u00e0 21 pays participants! Artistes, enseignants, associations, rejoignez-nous !\",\"breadcrumb\":{\"@id\":\"https:\\\/\\\/flexpictureebook.eu\\\/de\\\/partenaires\\\/#breadcrumb\"},\"inLanguage\":\"de\",\"potentialAction\":[{\"@type\":\"ReadAction\",\"target\":[\"https:\\\/\\\/flexpictureebook.eu\\\/de\\\/partenaires\\\/\"]}]},{\"@type\":\"ImageObject\",\"inLanguage\":\"de\",\"@id\":\"https:\\\/\\\/flexpictureebook.eu\\\/de\\\/partenaires\\\/#primaryimage\",\"url\":\"https:\\\/\\\/flexpictureebook.eu\\\/wp-content\\\/uploads\\\/2023\\\/10\\\/20210922_091249-300x225.jpg\",\"contentUrl\":\"https:\\\/\\\/flexpictureebook.eu\\\/wp-content\\\/uploads\\\/2023\\\/10\\\/20210922_091249-300x225.jpg\"},{\"@type\":\"BreadcrumbList\",\"@id\":\"https:\\\/\\\/flexpictureebook.eu\\\/de\\\/partenaires\\\/#breadcrumb\",\"itemListElement\":[{\"@type\":\"ListItem\",\"position\":1,\"name\":\"Accueil\",\"item\":\"https:\\\/\\\/flexpictureebook.eu\\\/de\\\/\"},{\"@type\":\"ListItem\",\"position\":2,\"name\":\"Partner\"}]},{\"@type\":\"WebSite\",\"@id\":\"https:\\\/\\\/flexpictureebook.eu\\\/#website\",\"url\":\"https:\\\/\\\/flexpictureebook.eu\\\/\",\"name\":\"Flex Picture Ebook\",\"description\":\"Un livre num\u00e9rique pour un apprentissage inclusif\",\"publisher\":{\"@id\":\"https:\\\/\\\/flexpictureebook.eu\\\/#organization\"},\"potentialAction\":[{\"@type\":\"SearchAction\",\"target\":{\"@type\":\"EntryPoint\",\"urlTemplate\":\"https:\\\/\\\/flexpictureebook.eu\\\/?s={search_term_string}\"},\"query-input\":{\"@type\":\"PropertyValueSpecification\",\"valueRequired\":true,\"valueName\":\"search_term_string\"}}],\"inLanguage\":\"de\"},{\"@type\":\"Organization\",\"@id\":\"https:\\\/\\\/flexpictureebook.eu\\\/#organization\",\"name\":\"Flex Picture Ebook\",\"url\":\"https:\\\/\\\/flexpictureebook.eu\\\/\",\"logo\":{\"@type\":\"ImageObject\",\"inLanguage\":\"de\",\"@id\":\"https:\\\/\\\/flexpictureebook.eu\\\/#\\\/schema\\\/logo\\\/image\\\/\",\"url\":\"https:\\\/\\\/flexpictureebook.eu\\\/wp-content\\\/uploads\\\/2023\\\/06\\\/cropped-cropped-logo-ebook-512.png\",\"contentUrl\":\"https:\\\/\\\/flexpictureebook.eu\\\/wp-content\\\/uploads\\\/2023\\\/06\\\/cropped-cropped-logo-ebook-512.png\",\"width\":512,\"height\":282,\"caption\":\"Flex Picture Ebook\"},\"image\":{\"@id\":\"https:\\\/\\\/flexpictureebook.eu\\\/#\\\/schema\\\/logo\\\/image\\\/\"},\"sameAs\":[\"https:\\\/\\\/www.facebook.com\\\/lesdoigtsquirevent\\\/\",\"https:\\\/\\\/x.com\\\/EditionsLDQR\"]}]}<\/script>\n<!-- \/ Yoast SEO plugin. -->","yoast_head_json":{"title":"Partner - Flex Picture Ebook","description":"Depuis plus de 20 ans, le concours international de livres tactiles illustr\u00e9s, Typho&Tactus fait d\u00e9couvrir des maquettes tactiles du monde entier et est un lieu d'\u00e9changes et de partage incroyable. D\u00e9j\u00e0 21 pays participants! Artistes, enseignants, associations, rejoignez-nous !","robots":{"index":"index","follow":"follow","max-snippet":"max-snippet:-1","max-image-preview":"max-image-preview:large","max-video-preview":"max-video-preview:-1"},"canonical":"https:\/\/flexpictureebook.eu\/de\/partenaires\/","og_locale":"de_DE","og_type":"article","og_title":"Partner - Flex Picture Ebook","og_description":"Depuis plus de 20 ans, le concours international de livres tactiles illustr\u00e9s, Typho&Tactus fait d\u00e9couvrir des maquettes tactiles du monde entier et est un lieu d'\u00e9changes et de partage incroyable. D\u00e9j\u00e0 21 pays participants! Artistes, enseignants, associations, rejoignez-nous !","og_url":"https:\/\/flexpictureebook.eu\/de\/partenaires\/","og_site_name":"Flex Picture Ebook","article_publisher":"https:\/\/www.facebook.com\/lesdoigtsquirevent\/","article_modified_time":"2025-06-04T08:27:15+00:00","og_image":[{"width":2560,"height":1920,"url":"https:\/\/flexpictureebook.eu\/wp-content\/uploads\/2023\/10\/20210922_091249-scaled.jpg","type":"image\/jpeg"}],"twitter_card":"summary_large_image","twitter_site":"@EditionsLDQR","twitter_misc":{"Gesch\u00e4tzte Lesezeit":"3\u00a0Minuten"},"schema":{"@context":"https:\/\/schema.org","@graph":[{"@type":"WebPage","@id":"https:\/\/flexpictureebook.eu\/de\/partenaires\/","url":"https:\/\/flexpictureebook.eu\/de\/partenaires\/","name":"Partner - Flex Picture Ebook","isPartOf":{"@id":"https:\/\/flexpictureebook.eu\/#website"},"primaryImageOfPage":{"@id":"https:\/\/flexpictureebook.eu\/de\/partenaires\/#primaryimage"},"image":{"@id":"https:\/\/flexpictureebook.eu\/de\/partenaires\/#primaryimage"},"thumbnailUrl":"https:\/\/flexpictureebook.eu\/wp-content\/uploads\/2023\/10\/20210922_091249-300x225.jpg","datePublished":"2023-07-03T08:11:04+00:00","dateModified":"2025-06-04T08:27:15+00:00","description":"Depuis plus de 20 ans, le concours international de livres tactiles illustr\u00e9s, Typho&Tactus fait d\u00e9couvrir des maquettes tactiles du monde entier et est un lieu d'\u00e9changes et de partage incroyable. D\u00e9j\u00e0 21 pays participants! Artistes, enseignants, associations, rejoignez-nous !","breadcrumb":{"@id":"https:\/\/flexpictureebook.eu\/de\/partenaires\/#breadcrumb"},"inLanguage":"de","potentialAction":[{"@type":"ReadAction","target":["https:\/\/flexpictureebook.eu\/de\/partenaires\/"]}]},{"@type":"ImageObject","inLanguage":"de","@id":"https:\/\/flexpictureebook.eu\/de\/partenaires\/#primaryimage","url":"https:\/\/flexpictureebook.eu\/wp-content\/uploads\/2023\/10\/20210922_091249-300x225.jpg","contentUrl":"https:\/\/flexpictureebook.eu\/wp-content\/uploads\/2023\/10\/20210922_091249-300x225.jpg"},{"@type":"BreadcrumbList","@id":"https:\/\/flexpictureebook.eu\/de\/partenaires\/#breadcrumb","itemListElement":[{"@type":"ListItem","position":1,"name":"Accueil","item":"https:\/\/flexpictureebook.eu\/de\/"},{"@type":"ListItem","position":2,"name":"Partner"}]},{"@type":"WebSite","@id":"https:\/\/flexpictureebook.eu\/#website","url":"https:\/\/flexpictureebook.eu\/","name":"Flex Picture Ebook","description":"Un livre num\u00e9rique pour un apprentissage inclusif","publisher":{"@id":"https:\/\/flexpictureebook.eu\/#organization"},"potentialAction":[{"@type":"SearchAction","target":{"@type":"EntryPoint","urlTemplate":"https:\/\/flexpictureebook.eu\/?s={search_term_string}"},"query-input":{"@type":"PropertyValueSpecification","valueRequired":true,"valueName":"search_term_string"}}],"inLanguage":"de"},{"@type":"Organization","@id":"https:\/\/flexpictureebook.eu\/#organization","name":"Flex Picture Ebook","url":"https:\/\/flexpictureebook.eu\/","logo":{"@type":"ImageObject","inLanguage":"de","@id":"https:\/\/flexpictureebook.eu\/#\/schema\/logo\/image\/","url":"https:\/\/flexpictureebook.eu\/wp-content\/uploads\/2023\/06\/cropped-cropped-logo-ebook-512.png","contentUrl":"https:\/\/flexpictureebook.eu\/wp-content\/uploads\/2023\/06\/cropped-cropped-logo-ebook-512.png","width":512,"height":282,"caption":"Flex Picture Ebook"},"image":{"@id":"https:\/\/flexpictureebook.eu\/#\/schema\/logo\/image\/"},"sameAs":["https:\/\/www.facebook.com\/lesdoigtsquirevent\/","https:\/\/x.com\/EditionsLDQR"]}]}},"_links":{"self":[{"href":"https:\/\/flexpictureebook.eu\/de\/wp-json\/wp\/v2\/pages\/6735","targetHints":{"allow":["GET"]}}],"collection":[{"href":"https:\/\/flexpictureebook.eu\/de\/wp-json\/wp\/v2\/pages"}],"about":[{"href":"https:\/\/flexpictureebook.eu\/de\/wp-json\/wp\/v2\/types\/page"}],"author":[{"embeddable":true,"href":"https:\/\/flexpictureebook.eu\/de\/wp-json\/wp\/v2\/users\/1"}],"replies":[{"embeddable":true,"href":"https:\/\/flexpictureebook.eu\/de\/wp-json\/wp\/v2\/comments?post=6735"}],"version-history":[{"count":10,"href":"https:\/\/flexpictureebook.eu\/de\/wp-json\/wp\/v2\/pages\/6735\/revisions"}],"predecessor-version":[{"id":9315,"href":"https:\/\/flexpictureebook.eu\/de\/wp-json\/wp\/v2\/pages\/6735\/revisions\/9315"}],"wp:attachment":[{"href":"https:\/\/flexpictureebook.eu\/de\/wp-json\/wp\/v2\/media?parent=6735"}],"curies":[{"name":"wp","href":"https:\/\/api.w.org\/{rel}","templated":true}]}}