{"id":6731,"date":"2023-07-03T10:08:13","date_gmt":"2023-07-03T08:08:13","guid":{"rendered":"https:\/\/flexpictureebook.eu\/?page_id=6731"},"modified":"2025-12-19T14:58:25","modified_gmt":"2025-12-19T13:58:25","slug":"le-projet","status":"publish","type":"page","link":"https:\/\/flexpictureebook.eu\/de\/ueber\/le-projet\/","title":{"rendered":"Das Projekt"},"content":{"rendered":"<h2>Ein digitales Buch f\u00fcr integratives Lernen<\/h2>\n<h3>Das ziel des projekts<\/h3>\n<p>Das europ\u00e4ische Flex Picture Ebook-Projekt ist das Ergebnis der Zusammenarbeit von 7 europ\u00e4ischen Organisationen, die sich auf Seh-, H\u00f6r- und kognitive Beeintr\u00e4chtigungen sowie auf digitale Barrierefreiheit und Fachverlag spezialisiert haben. Alle diese <a href=\"https:\/\/flexpictureebook.eu\/partenaires\/\">Partner<\/a>\u00a0haben sich zusammengeschlossen, um ein gemeinsames Ziel zu verfolgen: illustrierte B\u00fccher f\u00fcr Kinder mit Behinderungen zug\u00e4nglich zu machen, indem sie sie in eine verbesserte digitale Version im Standardformat EPUB3 umwandeln. Dies dient dazu, die Ungleichheit beim Zugang zur Lesefreude, sei es unabh\u00e4ngig oder geteilt, zu korrigieren und ihre Integration in die Bildung zu st\u00e4rken.<\/p>\n<p>Die j\u00fcngsten Entwicklungen in der barrierefreien digitalen Ver\u00f6ffentlichung konzentrierten sich haupts\u00e4chlich auf den Zugang zum Text. Das Flex Picture Ebook-Projekt erm\u00f6glicht auch den Zugriff auf Illustrationen, die so wichtig sind, um einen Text f\u00fcr Kinder attraktiv zu gestalten, aber auch, um ihnen beim Verst\u00e4ndnis und Erinnern zu helfen. Das Ziel ist es, das Lesen zug\u00e4nglicher zu gestalten und die kognitive Belastung zu reduzieren, damit alle Kinder das Lesen einfach genie\u00dfen k\u00f6nnen.<\/p>\n<p>Dieses Gesamtziel kann in 4 Teilziele unterteilt werden :<\/p>\n<ul>\n<li>Allen Kindern mit besonderem Bildungsbedarf erm\u00f6glichen, dasselbe Buch zur gleichen Zeit wie die anderen Kinder in einer Klasse unabh\u00e4ngig zu lesen.<\/li>\n<li>Zur F\u00f6rderung einer gerechteren Bildung und einer gemeinsamen Kultur f\u00fcr alle Kinder.<\/li>\n<li>Helfen Sie Betreuern und nicht spezialisierten Lehrern, ein besseres Verst\u00e4ndnis f\u00fcr Behinderung und digitale Barrierefreiheit zu entwickeln, damit sie besser verstehen k\u00f6nnen, was ihre Kinder\/Sch\u00fcler sehen (Lesbarkeit, Verst\u00e4ndnis) und die spezifischen Bed\u00fcrfnisse, die sich daraus ergeben.<\/li>\n<li>Anreiz zur Weiterentwicklung von Verlagspraktiken, um eine echte Auswahl an barrierefreien illustrierten B\u00fcchern, sowohl in quantitativer als auch qualitativer Hinsicht, in Europa und anderswo zu schaffen.<\/li>\n<\/ul>\n<h3>5 ebenen der lesbarkeit f<span class=\"mw-page-title-main\">\u00fc<\/span>r illustrationen<\/h3>\n<p>Eine echte Innovation, das Konzept des digitalen illustrierten Buches Flex Picture Ebook kann vollst\u00e4ndig von Kindern angepasst werden.<\/p>\n<p>Jede Illustration wurde in 5 Lesbarkeitsstufen \u00fcberarbeitet, vom detailliertesten bis zum reduziertesten, wobei darauf geachtet wurde, die f\u00fcr das Verst\u00e4ndnis notwendigen Elemente beizubehalten :<\/p>\n<ol>\n<li>so nah wie m\u00f6glich am Original, wobei darauf geachtet wurde, Kontraste zu verst\u00e4rken<\/li>\n<li>entfernen von Elementen, die nicht im Text vorhanden sind,<\/li>\n<li>Vereinfachung der Figuren und Entfernung der Perspektive<\/li>\n<li>Entfernen von festen Elementen, um nur die Figuren zu behalten,<\/li>\n<li>simplification du personnage principal Vereinfachung der Hauptfigur.<\/li>\n<\/ol>\n<p>Die Einstellungen der Illustrationen werden durch visuelle und akustische Animationen zur Unterst\u00fctzung des Verst\u00e4ndnisses erg\u00e4nzt.<\/p>\n<p>Schlie\u00dflich k\u00f6nnen Kinder alle diese Funktionen intuitiv ausl\u00f6sen und anpassen.<\/p>\n<p>Der Prototyp wurde in Frankreich von der Vereinigung Les Doigts Qui R\u00eavent mit Unterst\u00fctzung des franz\u00f6sischen Bildungsministeriums und der Region Burgund-Franche-Comt\u00e9 und unter der wissenschaftlichen Verantwortung von Dannyelle Valente mit Anna Rita Galiano und Maureen Cosnard vom Laboratoire DIPHE (D\u00e9veloppement, Individuum, Processus, Handicap et \u00c9ducation) der Universit\u00e4t Lumi\u00e8re Lyon 2 und \u00c9douard Gentaz, Lola Chennaz und Alexandre Kalonji vom Laboratoire SMAS (D\u00e9veloppement sensori-moteur affectif et social) der Universit\u00e4t Genf entwickelt. Der erste Titel aus diesem Projekt lautet &#8222;\u00c9mile veut une chauve-souris&#8220; (Text von Vincent Cuvellier und Illustrationen von Ronan Badel). Wir m\u00f6chten dem franz\u00f6sischen Verlag Gallimard jeunesse f\u00fcr die Genehmigung danken, diesen Text in die Sprache jedes Projektpartners zu \u00fcbersetzen.<\/p>\n<h3>Einzelheiten der projektstadien<\/h3>\n<p>Das Projekt umfasst 4 Hauptkomponenten :<\/p>\n<ol>\n<li>Prototyp <em>Flex Picture Ebook<\/em> &#8222;\u00c9mile veut une chauve-souris&#8220; (Text von V. Cuvellier und Illustrationen von R. Badel) in 5 Sprachen :\n<ul>\n<li>Englisch<\/li>\n<li>Franz\u00f6sisch<\/li>\n<li>Deutsch<\/li>\n<li>Italienisch<\/li>\n<li>Litauisch<\/li>\n<\/ul>\n<\/li>\n<li>Getestete p\u00e4dagogische Szenarien zur Verwendung des <em>Flex Picture Ebook<\/em>-Prototyps im Unterricht :\n<ul>\n<li>Um Lehrern zu erm\u00f6glichen, Kinderliteratur im Unterricht zu verwenden, um gemeinsame Bildungsziele f\u00fcr alle Sch\u00fcler gleichzeitig zu erreichen,<\/li>\n<li>um das Wissen und die Verwendung von nicht spezialisierten Lehrern im Zusammenhang mit Behinderung und digitaler Barrierefreiheit zu entwickeln.<\/li>\n<\/ul>\n<\/li>\n<li>Tools und Richtlinien zur Verbesserung der Erstellung von B\u00fcchern auf der Grundlage des <em>Flex Picture Ebook<\/em>-Konzepts :\n<ul>\n<li>Richtlinien zur Anpassung von Illustrationen f\u00fcr Kinder mit schweren Sehbehinderungen und Lernschwierigkeiten,<\/li>\n<li>Spezifikation der Methodik und Softwaretools zur Anpassung von B\u00fcchern<\/li>\n<li>Schulungsmaterial zur Anpassung von E-Books.<\/li>\n<\/ul>\n<\/li>\n<li>Schulungen f\u00fcr Inhalteproduzenten zur F\u00f6rderung der Ver\u00f6ffentlichung von B\u00fcchern auf der Grundlage des <em>Flex Picture Ebook<\/em>-Konzepts :\n<ul>\n<li>Informieren von Lehrern, Verlagen, Transkribenten, Eltern und Bibliothekaren \u00fcber die Existenz von zug\u00e4nglichen illustrierten digitalen Ressourcen f\u00fcr qualitativ hochwertiges und inklusives Bildungslernen.<\/li>\n<li>\u00dcberzeugung von Lehrern, Verlagen und Transkribenten, unsere Methode und praxiserprobten Arbeitsmittel zu verwenden.<\/li>\n<li>Schulung von Lehrern, Verlagen und Transkribenten in unserer Methode und unseren Arbeitswerkzeugen.<\/li>\n<\/ul>\n<\/li>\n<\/ol>\n<p>Dieses Projekt wurde in enger Zusammenarbeit mit Ludovic Bal von R\u00e9seau Canop\u00e9, Hauts-de-France (Frankreich), dem IT-Entwickler der epub3-Datei, die w\u00e4hrend der gesamten Entwicklung von Flex Picture Ebook als Vorlage diente, realisiert.<\/p>\n<h3 data-start=\"0\" data-end=\"21\"><strong data-start=\"0\" data-end=\"21\">Projektergebnisse<\/strong><\/h3>\n<p data-start=\"23\" data-end=\"370\">Wir freuen uns, Ihnen mitteilen zu k\u00f6nnen, dass unser europ\u00e4isches Projekt <em data-start=\"98\" data-end=\"118\">Flex Picture Ebook<\/em> von der Erasmus+-Agentur gem\u00e4\u00df den von der Europ\u00e4ischen Kommission festgelegten Kriterien bewertet wurde, insbesondere in Bezug auf Relevanz, Qualit\u00e4t, Wirkung und Verbreitung der Ergebnisse. Das Projekt erhielt eine Bewertung von sehr hoher Qualit\u00e4t.<\/p>\n<p data-start=\"372\" data-end=\"572\" data-is-last-node=\"\" data-is-only-node=\"\">In Anerkennung der Umsetzung des Projekts und seiner Ergebnisse wurde uns das <strong data-start=\"450\" data-end=\"475\">\u201eGood-Practice\u201c-Label<\/strong> verliehen, das unser Engagement sowie die institutionelle Anerkennung dieses Projekts best\u00e4tigt.<\/p>\n<p data-start=\"372\" data-end=\"572\" data-is-last-node=\"\" data-is-only-node=\"\"><img loading=\"lazy\" decoding=\"async\" class=\"alignnone size-medium wp-image-9894\" src=\"https:\/\/flexpictureebook.eu\/wp-content\/uploads\/2025\/12\/grand_logo_bonne_pratique_1690791518-300x286.png\" alt=\"Bonne pratique Erasmus +\" width=\"300\" height=\"286\" srcset=\"https:\/\/flexpictureebook.eu\/wp-content\/uploads\/2025\/12\/grand_logo_bonne_pratique_1690791518-300x286.png 300w, https:\/\/flexpictureebook.eu\/wp-content\/uploads\/2025\/12\/grand_logo_bonne_pratique_1690791518-1024x976.png 1024w, https:\/\/flexpictureebook.eu\/wp-content\/uploads\/2025\/12\/grand_logo_bonne_pratique_1690791518-768x732.png 768w, https:\/\/flexpictureebook.eu\/wp-content\/uploads\/2025\/12\/grand_logo_bonne_pratique_1690791518-1536x1464.png 1536w, https:\/\/flexpictureebook.eu\/wp-content\/uploads\/2025\/12\/grand_logo_bonne_pratique_1690791518-2048x1951.png 2048w, https:\/\/flexpictureebook.eu\/wp-content\/uploads\/2025\/12\/grand_logo_bonne_pratique_1690791518-157x150.png 157w\" sizes=\"auto, (max-width: 300px) 100vw, 300px\" \/><\/p>\n","protected":false},"excerpt":{"rendered":"<p>Ein digitales Buch f\u00fcr integratives Lernen Das ziel des projekts Das europ\u00e4ische Flex Picture Ebook-Projekt ist das Ergebnis der Zusammenarbeit von 7 europ\u00e4ischen Organisationen, die sich auf Seh-, H\u00f6r- und kognitive Beeintr\u00e4chtigungen sowie auf digitale Barrierefreiheit und Fachverlag spezialisiert haben. Alle diese Partner\u00a0haben sich zusammengeschlossen, um ein gemeinsames Ziel zu verfolgen: illustrierte B\u00fccher f\u00fcr Kinder [&hellip;]<\/p>\n","protected":false},"author":1,"featured_media":7067,"parent":6729,"menu_order":24,"comment_status":"closed","ping_status":"closed","template":"","meta":{"_acf_changed":false,"footnotes":""},"class_list":["post-6731","page","type-page","status-publish","has-post-thumbnail","hentry","clearfix"],"acf":[],"yoast_head":"<!-- This site is optimized with the Yoast SEO plugin v27.4 - https:\/\/yoast.com\/product\/yoast-seo-wordpress\/ -->\n<title>Das Projekt - Flex Picture Ebook<\/title>\n<meta name=\"description\" content=\"Depuis plus de 20 ans, le concours international de livres tactiles illustr\u00e9s, Typho&amp;Tactus fait d\u00e9couvrir des maquettes tactiles du monde entier et est un lieu d&#039;\u00e9changes et de partage incroyable. D\u00e9j\u00e0 21 pays participants! Artistes, enseignants, associations, rejoignez-nous !\" \/>\n<meta name=\"robots\" content=\"index, follow, max-snippet:-1, max-image-preview:large, max-video-preview:-1\" \/>\n<link rel=\"canonical\" href=\"https:\/\/flexpictureebook.eu\/de\/ueber\/le-projet\/\" \/>\n<meta property=\"og:locale\" content=\"de_DE\" \/>\n<meta property=\"og:type\" content=\"article\" \/>\n<meta property=\"og:title\" content=\"Das Projekt - Flex Picture Ebook\" \/>\n<meta property=\"og:description\" content=\"Depuis plus de 20 ans, le concours international de livres tactiles illustr\u00e9s, Typho&amp;Tactus fait d\u00e9couvrir des maquettes tactiles du monde entier et est un lieu d&#039;\u00e9changes et de partage incroyable. D\u00e9j\u00e0 21 pays participants! Artistes, enseignants, associations, rejoignez-nous !\" \/>\n<meta property=\"og:url\" content=\"https:\/\/flexpictureebook.eu\/de\/ueber\/le-projet\/\" \/>\n<meta property=\"og:site_name\" content=\"Flex Picture Ebook\" \/>\n<meta property=\"article:publisher\" content=\"https:\/\/www.facebook.com\/lesdoigtsquirevent\/\" \/>\n<meta property=\"article:modified_time\" content=\"2025-12-19T13:58:25+00:00\" \/>\n<meta property=\"og:image\" content=\"https:\/\/flexpictureebook.eu\/wp-content\/uploads\/2023\/05\/pexels-julia-m-cameron-4145077-scaled.jpg\" \/>\n\t<meta property=\"og:image:width\" content=\"2560\" \/>\n\t<meta property=\"og:image:height\" content=\"1708\" \/>\n\t<meta property=\"og:image:type\" content=\"image\/jpeg\" \/>\n<meta name=\"twitter:card\" content=\"summary_large_image\" \/>\n<meta name=\"twitter:site\" content=\"@EditionsLDQR\" \/>\n<meta name=\"twitter:label1\" content=\"Gesch\u00e4tzte Lesezeit\" \/>\n\t<meta name=\"twitter:data1\" content=\"4\u00a0Minuten\" \/>\n<script type=\"application\/ld+json\" class=\"yoast-schema-graph\">{\"@context\":\"https:\\\/\\\/schema.org\",\"@graph\":[{\"@type\":\"WebPage\",\"@id\":\"https:\\\/\\\/flexpictureebook.eu\\\/de\\\/ueber\\\/le-projet\\\/\",\"url\":\"https:\\\/\\\/flexpictureebook.eu\\\/de\\\/ueber\\\/le-projet\\\/\",\"name\":\"Das Projekt - Flex Picture Ebook\",\"isPartOf\":{\"@id\":\"https:\\\/\\\/flexpictureebook.eu\\\/#website\"},\"primaryImageOfPage\":{\"@id\":\"https:\\\/\\\/flexpictureebook.eu\\\/de\\\/ueber\\\/le-projet\\\/#primaryimage\"},\"image\":{\"@id\":\"https:\\\/\\\/flexpictureebook.eu\\\/de\\\/ueber\\\/le-projet\\\/#primaryimage\"},\"thumbnailUrl\":\"https:\\\/\\\/flexpictureebook.eu\\\/wp-content\\\/uploads\\\/2023\\\/05\\\/pexels-julia-m-cameron-4145077-scaled.jpg\",\"datePublished\":\"2023-07-03T08:08:13+00:00\",\"dateModified\":\"2025-12-19T13:58:25+00:00\",\"description\":\"Depuis plus de 20 ans, le concours international de livres tactiles illustr\u00e9s, Typho&Tactus fait d\u00e9couvrir des maquettes tactiles du monde entier et est un lieu d'\u00e9changes et de partage incroyable. D\u00e9j\u00e0 21 pays participants! Artistes, enseignants, associations, rejoignez-nous !\",\"breadcrumb\":{\"@id\":\"https:\\\/\\\/flexpictureebook.eu\\\/de\\\/ueber\\\/le-projet\\\/#breadcrumb\"},\"inLanguage\":\"de\",\"potentialAction\":[{\"@type\":\"ReadAction\",\"target\":[\"https:\\\/\\\/flexpictureebook.eu\\\/de\\\/ueber\\\/le-projet\\\/\"]}]},{\"@type\":\"ImageObject\",\"inLanguage\":\"de\",\"@id\":\"https:\\\/\\\/flexpictureebook.eu\\\/de\\\/ueber\\\/le-projet\\\/#primaryimage\",\"url\":\"https:\\\/\\\/flexpictureebook.eu\\\/wp-content\\\/uploads\\\/2023\\\/05\\\/pexels-julia-m-cameron-4145077-scaled.jpg\",\"contentUrl\":\"https:\\\/\\\/flexpictureebook.eu\\\/wp-content\\\/uploads\\\/2023\\\/05\\\/pexels-julia-m-cameron-4145077-scaled.jpg\",\"width\":2560,\"height\":1708},{\"@type\":\"BreadcrumbList\",\"@id\":\"https:\\\/\\\/flexpictureebook.eu\\\/de\\\/ueber\\\/le-projet\\\/#breadcrumb\",\"itemListElement\":[{\"@type\":\"ListItem\",\"position\":1,\"name\":\"Accueil\",\"item\":\"https:\\\/\\\/flexpictureebook.eu\\\/de\\\/\"},{\"@type\":\"ListItem\",\"position\":2,\"name\":\"\u00dcber\",\"item\":\"https:\\\/\\\/flexpictureebook.eu\\\/de\\\/ueber\\\/\"},{\"@type\":\"ListItem\",\"position\":3,\"name\":\"Das Projekt\"}]},{\"@type\":\"WebSite\",\"@id\":\"https:\\\/\\\/flexpictureebook.eu\\\/#website\",\"url\":\"https:\\\/\\\/flexpictureebook.eu\\\/\",\"name\":\"Flex Picture Ebook\",\"description\":\"Un livre num\u00e9rique pour un apprentissage inclusif\",\"publisher\":{\"@id\":\"https:\\\/\\\/flexpictureebook.eu\\\/#organization\"},\"potentialAction\":[{\"@type\":\"SearchAction\",\"target\":{\"@type\":\"EntryPoint\",\"urlTemplate\":\"https:\\\/\\\/flexpictureebook.eu\\\/?s={search_term_string}\"},\"query-input\":{\"@type\":\"PropertyValueSpecification\",\"valueRequired\":true,\"valueName\":\"search_term_string\"}}],\"inLanguage\":\"de\"},{\"@type\":\"Organization\",\"@id\":\"https:\\\/\\\/flexpictureebook.eu\\\/#organization\",\"name\":\"Flex Picture Ebook\",\"url\":\"https:\\\/\\\/flexpictureebook.eu\\\/\",\"logo\":{\"@type\":\"ImageObject\",\"inLanguage\":\"de\",\"@id\":\"https:\\\/\\\/flexpictureebook.eu\\\/#\\\/schema\\\/logo\\\/image\\\/\",\"url\":\"https:\\\/\\\/flexpictureebook.eu\\\/wp-content\\\/uploads\\\/2023\\\/06\\\/cropped-cropped-logo-ebook-512.png\",\"contentUrl\":\"https:\\\/\\\/flexpictureebook.eu\\\/wp-content\\\/uploads\\\/2023\\\/06\\\/cropped-cropped-logo-ebook-512.png\",\"width\":512,\"height\":282,\"caption\":\"Flex Picture Ebook\"},\"image\":{\"@id\":\"https:\\\/\\\/flexpictureebook.eu\\\/#\\\/schema\\\/logo\\\/image\\\/\"},\"sameAs\":[\"https:\\\/\\\/www.facebook.com\\\/lesdoigtsquirevent\\\/\",\"https:\\\/\\\/x.com\\\/EditionsLDQR\"]}]}<\/script>\n<!-- \/ Yoast SEO plugin. -->","yoast_head_json":{"title":"Das Projekt - Flex Picture Ebook","description":"Depuis plus de 20 ans, le concours international de livres tactiles illustr\u00e9s, Typho&Tactus fait d\u00e9couvrir des maquettes tactiles du monde entier et est un lieu d'\u00e9changes et de partage incroyable. D\u00e9j\u00e0 21 pays participants! Artistes, enseignants, associations, rejoignez-nous !","robots":{"index":"index","follow":"follow","max-snippet":"max-snippet:-1","max-image-preview":"max-image-preview:large","max-video-preview":"max-video-preview:-1"},"canonical":"https:\/\/flexpictureebook.eu\/de\/ueber\/le-projet\/","og_locale":"de_DE","og_type":"article","og_title":"Das Projekt - Flex Picture Ebook","og_description":"Depuis plus de 20 ans, le concours international de livres tactiles illustr\u00e9s, Typho&Tactus fait d\u00e9couvrir des maquettes tactiles du monde entier et est un lieu d'\u00e9changes et de partage incroyable. D\u00e9j\u00e0 21 pays participants! Artistes, enseignants, associations, rejoignez-nous !","og_url":"https:\/\/flexpictureebook.eu\/de\/ueber\/le-projet\/","og_site_name":"Flex Picture Ebook","article_publisher":"https:\/\/www.facebook.com\/lesdoigtsquirevent\/","article_modified_time":"2025-12-19T13:58:25+00:00","og_image":[{"width":2560,"height":1708,"url":"https:\/\/flexpictureebook.eu\/wp-content\/uploads\/2023\/05\/pexels-julia-m-cameron-4145077-scaled.jpg","type":"image\/jpeg"}],"twitter_card":"summary_large_image","twitter_site":"@EditionsLDQR","twitter_misc":{"Gesch\u00e4tzte Lesezeit":"4\u00a0Minuten"},"schema":{"@context":"https:\/\/schema.org","@graph":[{"@type":"WebPage","@id":"https:\/\/flexpictureebook.eu\/de\/ueber\/le-projet\/","url":"https:\/\/flexpictureebook.eu\/de\/ueber\/le-projet\/","name":"Das Projekt - Flex Picture Ebook","isPartOf":{"@id":"https:\/\/flexpictureebook.eu\/#website"},"primaryImageOfPage":{"@id":"https:\/\/flexpictureebook.eu\/de\/ueber\/le-projet\/#primaryimage"},"image":{"@id":"https:\/\/flexpictureebook.eu\/de\/ueber\/le-projet\/#primaryimage"},"thumbnailUrl":"https:\/\/flexpictureebook.eu\/wp-content\/uploads\/2023\/05\/pexels-julia-m-cameron-4145077-scaled.jpg","datePublished":"2023-07-03T08:08:13+00:00","dateModified":"2025-12-19T13:58:25+00:00","description":"Depuis plus de 20 ans, le concours international de livres tactiles illustr\u00e9s, Typho&Tactus fait d\u00e9couvrir des maquettes tactiles du monde entier et est un lieu d'\u00e9changes et de partage incroyable. D\u00e9j\u00e0 21 pays participants! Artistes, enseignants, associations, rejoignez-nous !","breadcrumb":{"@id":"https:\/\/flexpictureebook.eu\/de\/ueber\/le-projet\/#breadcrumb"},"inLanguage":"de","potentialAction":[{"@type":"ReadAction","target":["https:\/\/flexpictureebook.eu\/de\/ueber\/le-projet\/"]}]},{"@type":"ImageObject","inLanguage":"de","@id":"https:\/\/flexpictureebook.eu\/de\/ueber\/le-projet\/#primaryimage","url":"https:\/\/flexpictureebook.eu\/wp-content\/uploads\/2023\/05\/pexels-julia-m-cameron-4145077-scaled.jpg","contentUrl":"https:\/\/flexpictureebook.eu\/wp-content\/uploads\/2023\/05\/pexels-julia-m-cameron-4145077-scaled.jpg","width":2560,"height":1708},{"@type":"BreadcrumbList","@id":"https:\/\/flexpictureebook.eu\/de\/ueber\/le-projet\/#breadcrumb","itemListElement":[{"@type":"ListItem","position":1,"name":"Accueil","item":"https:\/\/flexpictureebook.eu\/de\/"},{"@type":"ListItem","position":2,"name":"\u00dcber","item":"https:\/\/flexpictureebook.eu\/de\/ueber\/"},{"@type":"ListItem","position":3,"name":"Das Projekt"}]},{"@type":"WebSite","@id":"https:\/\/flexpictureebook.eu\/#website","url":"https:\/\/flexpictureebook.eu\/","name":"Flex Picture Ebook","description":"Un livre num\u00e9rique pour un apprentissage inclusif","publisher":{"@id":"https:\/\/flexpictureebook.eu\/#organization"},"potentialAction":[{"@type":"SearchAction","target":{"@type":"EntryPoint","urlTemplate":"https:\/\/flexpictureebook.eu\/?s={search_term_string}"},"query-input":{"@type":"PropertyValueSpecification","valueRequired":true,"valueName":"search_term_string"}}],"inLanguage":"de"},{"@type":"Organization","@id":"https:\/\/flexpictureebook.eu\/#organization","name":"Flex Picture Ebook","url":"https:\/\/flexpictureebook.eu\/","logo":{"@type":"ImageObject","inLanguage":"de","@id":"https:\/\/flexpictureebook.eu\/#\/schema\/logo\/image\/","url":"https:\/\/flexpictureebook.eu\/wp-content\/uploads\/2023\/06\/cropped-cropped-logo-ebook-512.png","contentUrl":"https:\/\/flexpictureebook.eu\/wp-content\/uploads\/2023\/06\/cropped-cropped-logo-ebook-512.png","width":512,"height":282,"caption":"Flex Picture Ebook"},"image":{"@id":"https:\/\/flexpictureebook.eu\/#\/schema\/logo\/image\/"},"sameAs":["https:\/\/www.facebook.com\/lesdoigtsquirevent\/","https:\/\/x.com\/EditionsLDQR"]}]}},"_links":{"self":[{"href":"https:\/\/flexpictureebook.eu\/de\/wp-json\/wp\/v2\/pages\/6731","targetHints":{"allow":["GET"]}}],"collection":[{"href":"https:\/\/flexpictureebook.eu\/de\/wp-json\/wp\/v2\/pages"}],"about":[{"href":"https:\/\/flexpictureebook.eu\/de\/wp-json\/wp\/v2\/types\/page"}],"author":[{"embeddable":true,"href":"https:\/\/flexpictureebook.eu\/de\/wp-json\/wp\/v2\/users\/1"}],"replies":[{"embeddable":true,"href":"https:\/\/flexpictureebook.eu\/de\/wp-json\/wp\/v2\/comments?post=6731"}],"version-history":[{"count":9,"href":"https:\/\/flexpictureebook.eu\/de\/wp-json\/wp\/v2\/pages\/6731\/revisions"}],"predecessor-version":[{"id":9901,"href":"https:\/\/flexpictureebook.eu\/de\/wp-json\/wp\/v2\/pages\/6731\/revisions\/9901"}],"up":[{"embeddable":true,"href":"https:\/\/flexpictureebook.eu\/de\/wp-json\/wp\/v2\/pages\/6729"}],"wp:featuredmedia":[{"embeddable":true,"href":"https:\/\/flexpictureebook.eu\/de\/wp-json\/wp\/v2\/media\/7067"}],"wp:attachment":[{"href":"https:\/\/flexpictureebook.eu\/de\/wp-json\/wp\/v2\/media?parent=6731"}],"curies":[{"name":"wp","href":"https:\/\/api.w.org\/{rel}","templated":true}]}}